{"id":6165,"date":"2025-05-30T13:11:24","date_gmt":"2025-05-30T11:11:24","guid":{"rendered":"https:\/\/fengchashop.com\/it\/product\/erba-dorzo-compresse-bio-125-g\/"},"modified":"2025-09-24T10:05:19","modified_gmt":"2025-09-24T08:05:19","slug":"erba-dorzo-compresse-bio","status":"publish","type":"product","link":"https:\/\/fengchashop.com\/it\/product\/erba-dorzo-compresse-bio\/","title":{"rendered":"Erba d&#8217;orzo compresse BIO 125 g"},"content":{"rendered":"<h2><span style=\"color: #000000;\">Compresse di erba d&#8217;orzo BIO<\/span><\/h2>\n<p><span style=\"color: #000000;\">Le potenti civilt\u00e0 degli Egizi, dei Romani e dei Vichinghi conoscevano gi\u00e0 i benefici dell&#8217;erba d&#8217;orzo. Originaria dell&#8217;Europa, il corpo umano pu\u00f2 metabolizzarla facilmente e utilizzare i micronutrienti per tutte le sue esigenze. La sua digestione \u00e8 estremamente rapida e i nutrienti vengono assorbiti molto velocemente dopo l&#8217;ingestione. \u00c8 inoltre ricca di <strong>sostanze fitochimiche<\/strong> che proteggono l&#8217;organismo dall&#8217;inquinamento e dalle radiazioni.<\/span><\/p>\n<p><span style=\"color: #000000;\">La nostra erba d&#8217;orzo \u00e8<strong> prodotta con metodo biologico.<\/strong><\/span><\/p>\n<h2><span style=\"color: #000000;\">Quali sono gli effetti dell&#8217;assunzione di erba d&#8217;orzo?<\/span><\/h2>\n<p><strong><span style=\"color: #000000;\">L&#8217;erba d&#8217;orzo contiene numerosi principi attivi e ha quindi un effetto benefico su:<\/span><\/strong><\/p>\n<p><span style=\"color: #000000;\"> \ud83d\udc9a pulire e disintossicare l&#8217;organismo umano,<\/span><br \/>\n<span style=\"color: #000000;\"> \ud83d\udc9a migliorare le condizioni della pelle,<\/span><br \/>\n<span style=\"color: #000000;\"> \ud83d\udc9a la perdita di peso,<\/span><br \/>\n<span style=\"color: #000000;\"> \ud83d\udc9a riduzione della stanchezza,<\/span><br \/>\n<span style=\"color: #000000;\"> \ud83d\udc9a migliorare e regolare la digestione,<\/span><br \/>\n<span style=\"color: #000000;\"> \ud83d\udc9a riduzione dell&#8217;infiammazione,<\/span><br \/>\n<span style=\"color: #000000;\"> \ud83d\udc9a migliorare i problemi di anemia,<\/span><br \/>\n<span style=\"color: #000000;\"> \ud83d\udc9a regolazione del calcio nel sangue e dissoluzione dei depositi di calcio sulle ossa.<\/span><\/p>\n<p><span style=\"color: #000000;\">L&#8217;erba d&#8217;orzo \u00e8 un <strong>tesoro di vitamine, minerali e altri importanti nutrienti.<\/strong> Ha un forte effetto alcalino sull&#8217;organismo, che provoca una sensazione di benessere generale. Un consumo regolare pu\u00f2 ridurre i livelli di colesterolo e di radicali liberi nel sangue.<\/span><\/p>\n<p><span style=\"color: #000000;\">L&#8217;erba d&#8217;orzo \u00e8 <strong>estremamente ricca di clorofilla,<\/strong> importante per le piante come il sangue per gli animali. Ha inoltre una struttura molecolare simile a quella dell&#8217;emoglobina, quindi ripristina e purifica il sangue e l&#8217;organismo in generale. Contiene 11 volte pi\u00f9 calcio e 30 volte pi\u00f9 vitamina B1 del latte vaccino, 5 volte pi\u00f9 ferro e 7 volte pi\u00f9 caroteni degli spinaci e 7 volte pi\u00f9 vitamina C delle arance. Contiene inoltre 80 microgrammi di vitamina B12, di cui sempre pi\u00f9 persone sono carenti.<\/span><\/p>\n<p><span style=\"color: #000000;\">Oltre alle vitamine e a molti minerali, l&#8217;erba d&#8217;orzo contiene anche <strong>aminoacidi essenziali<\/strong>, che sono i mattoni di base delle proteine. Contiene anche il <strong>polisaccaride \u00df-glucano<\/strong>, che abbassa i livelli di colesterolo cattivo e rafforza il meccanismo di difesa del sistema immunitario.<strong> Agisce come antiossidante<\/strong> e combatte con successo i pericolosi radicali liberi nell&#8217;organismo. Anche gli<strong> enzimi<\/strong> presenti nell&#8217;erba d&#8217;orzo contribuiscono all&#8217;utilizzo di tutti i nutrienti, per cui \u00e8 molto importante che la polvere di erba d&#8217;orzo non venga essiccata a temperature superiori ai 40\u00b0C.<\/span><\/p>\n<h2><span style=\"color: #000000;\">Conservazione e avvertenze<\/span><\/h2>\n<p><span style=\"color: #000000;\">Conservare in un luogo fresco e asciutto a una temperatura massima di 25 \u00b0C. Tenere l&#8217;integratore alimentare fuori dalla portata dei bambini!<\/span><\/p>\n<p><span style=\"color: #000000;\">Ricordare l&#8217;importanza di una dieta varia e di uno stile di vita sano; un integratore alimentare non sostituisce quindi una dieta equilibrata e varia. Non superare la quantit\u00e0 o la dose giornaliera raccomandata. Alle donne in gravidanza e in allattamento si consiglia sempre di consultare un medico prima dell&#8217;uso.<\/span><\/p>\n<h2><span style=\"color: #000000;\">Confezione<\/span><\/h2>\n<p><span style=\"color: #000000;\">Sacchetto non permeabile con chiusura a zip, in cui il prodotto conserva tutta la sua freschezza e il suo aroma. La confezione protegge il prodotto dalla luce e dall&#8217;aria, essendo composta da diversi strati di protezione per preservare le propriet\u00e0 del contenuto.<\/span><\/p>\n<p><span style=\"color: #000000;\">La confezione \u00e8 molto pratica e riciclabile.<\/span><\/p>\n<p><span style=\"color: #000000;\">Buono a sapersi<\/span><br \/>\n<span style=\"color: #000000;\">Il prodotto \u00e8 adatto anche agli animali. \u00c8 un&#8217;ottima fonte di vitamine, minerali e altri nutrienti. Prima dell&#8217;uso, si consiglia di consultare il veterinario sull&#8217;opportunit\u00e0 di assumerlo e sulla quantit\u00e0 giornaliera raccomandata.<\/span><\/p>\n<h2><span style=\"color: #000000;\">Origine<\/span><\/h2>\n<p><span style=\"color: #000000;\">UE (Germania o Paesi Bassi)<\/span><\/p>\n","protected":false},"excerpt":{"rendered":"<p align=\"JUSTIFY\">Le potenti civilt\u00e0 degli Egizi, dei Romani e dei Vichinghi conoscevano gi\u00e0 i benefici dell&#8217;erba d&#8217;orzo. Originaria dell&#8217;Europa, \u00e8 facilmente metabolizzabile dal corpo umano e utilizzata come micronutriente per tutte le sue esigenze. La sua digestione \u00e8 estremamente rapida e i nutrienti vengono assorbiti molto velocemente dopo l&#8217;ingestione. \u00c8 inoltre ricco di sostanze fitochimiche che proteggono l&#8217;organismo dall&#8217;inquinamento e dalle radiazioni.<\/p>\n<p align=\"JUSTIFY\"><span style=\"color: #000000;\"> \ud83d\udc9a Pulisce e disintossica<strong>.<\/strong><\/span><br \/>\n<span style=\"color: #000000;\"> \ud83d\udc9a Migliora i problemi di anemia.<\/span><br \/>\n<span style=\"color: #000000;\">\ud83d\udc9a Aiuta a perdere peso.<\/span><br \/>\n<span style=\"color: #000000;\">\ud83d\udc9a \u00c8 una ricca fonte di <strong>clorofilla.<\/strong><\/span><\/p>\n<p align=\"JUSTIFY\">\n","protected":false},"featured_media":6166,"comment_status":"open","ping_status":"closed","template":"","meta":{"_acf_changed":false},"product_brand":[],"product_cat":[222,195,15],"product_tag":[],"class_list":{"0":"post-6165","1":"product","2":"type-product","3":"status-publish","4":"has-post-thumbnail","6":"product_cat-alghe-e-erbe","7":"product_cat-superfood","8":"product_cat-uncategorized","10":"first","11":"instock","12":"sale","13":"taxable","14":"shipping-taxable","15":"purchasable","16":"product-type-simple"},"acf":[],"_links":{"self":[{"href":"https:\/\/fengchashop.com\/it\/wp-json\/wp\/v2\/product\/6165","targetHints":{"allow":["GET"]}}],"collection":[{"href":"https:\/\/fengchashop.com\/it\/wp-json\/wp\/v2\/product"}],"about":[{"href":"https:\/\/fengchashop.com\/it\/wp-json\/wp\/v2\/types\/product"}],"replies":[{"embeddable":true,"href":"https:\/\/fengchashop.com\/it\/wp-json\/wp\/v2\/comments?post=6165"}],"wp:featuredmedia":[{"embeddable":true,"href":"https:\/\/fengchashop.com\/it\/wp-json\/wp\/v2\/media\/6166"}],"wp:attachment":[{"href":"https:\/\/fengchashop.com\/it\/wp-json\/wp\/v2\/media?parent=6165"}],"wp:term":[{"taxonomy":"product_brand","embeddable":true,"href":"https:\/\/fengchashop.com\/it\/wp-json\/wp\/v2\/product_brand?post=6165"},{"taxonomy":"product_cat","embeddable":true,"href":"https:\/\/fengchashop.com\/it\/wp-json\/wp\/v2\/product_cat?post=6165"},{"taxonomy":"product_tag","embeddable":true,"href":"https:\/\/fengchashop.com\/it\/wp-json\/wp\/v2\/product_tag?post=6165"}],"curies":[{"name":"wp","href":"https:\/\/api.w.org\/{rel}","templated":true}]}}