{"id":6156,"date":"2022-03-03T21:49:08","date_gmt":"2022-03-03T20:49:08","guid":{"rendered":"https:\/\/fengchashop.com\/it\/product\/erba-di-grano-in-polvere-bio-250-g\/"},"modified":"2026-05-07T06:05:21","modified_gmt":"2026-05-07T04:05:21","slug":"erba-di-grano-in-polvere-bio","status":"publish","type":"product","link":"https:\/\/fengchashop.com\/it\/product\/erba-di-grano-in-polvere-bio\/","title":{"rendered":"Erba di grano in polvere BIO 250 g"},"content":{"rendered":"<h2><span style=\"color: #000000\">Erba di grano in polvere BIO<\/span><\/h2>\n<p><span style=\"color: #000000\">L&#8217;erba di grano \u00e8 in realt\u00e0 la <strong>balla del grano giovane.<\/strong> In quanto tale, non contiene glutine, che si trova nella spiga di grano, pi\u00f9 precisamente nel chicco di grano. L&#8217;erba germogliata viene solitamente raccolta e spremuta poco pi\u00f9 di una settimana dopo la germinazione. La polvere di erba di grano \u00e8 molto pi\u00f9 facile da usare. \u00c8 adatta<strong> per la disintossicazione e la depurazione.<\/strong> \u00c8 ricca di <strong>vitamine, minerali, aminoacidi, enzimi, clorofilla, fibre, proteine e fitonutrienti.<\/strong><\/span><\/p>\n<p><span style=\"color: #000000\">Originario del Medio Oriente, il grano si \u00e8 diffuso in breve tempo in tutto il mondo e l&#8217;erba di grano ha dimostrato di essere<strong> un efficace agente di pulizia e disintossicazione per l&#8217;organismo umano.<\/strong> Per questo motivo \u00e8 estremamente popolare come alimento salutare.<\/span><\/p>\n<p><span style=\"color: #000000\">La nostra erba di grano \u00e8 <strong>coltivata biologicamente.<\/strong><\/span><\/p>\n<h2><span style=\"color: #000000\">Quali sono gli effetti dell&#8217;assunzione di erba di grano?<\/span><\/h2>\n<p><strong><span style=\"color: #000000\">L&#8217;erba di grano contiene molti nutrienti e principi attivi:<\/span><\/strong><\/p>\n<p><span style=\"color: #000000\"> \ud83d\udc9a purifica e migliora la composizione del sangue,<\/span><br \/>\n<span style=\"color: #000000\"> \ud83d\udc9a mantiene il colon sano e disintossica il fegato,<\/span><br \/>\n<span style=\"color: #000000\"> \ud83d\udc9a promuove il corretto funzionamento del cuore,<\/span><br \/>\n<span style=\"color: #000000\">\ud83d\udc9a stimola la ghiandola tiroidea,<\/span><br \/>\n<span style=\"color: #000000\"> \ud83d\udc9a i suoi numerosi antiossidanti combattono i radicali liberi e prevengono le malattie e l&#8217;invecchiamento precoce,<\/span><br \/>\n<span style=\"color: #000000\"> \ud83d\udc9a \u00e8 una delle fonti pi\u00f9 ricche di clorofilla, che favorisce la guarigione dei tessuti e lega a s\u00e9 le tossine impedendone l&#8217;assorbimento,<\/span><br \/>\n<span style=\"color: #000000\"> \ud83d\udc9a la clorofilla calma le infiammazioni del cavo orale e pulisce e nutre la pelle,<\/span><br \/>\n<span style=\"color: #000000\"> \ud83d\udc9a allevia lo stress grazie alle vitamine del gruppo B, <\/span><br \/>\n<span style=\"color: #000000\"> \ud83d\udc9a la clorofilla protegge anche dalle radiazioni degli apparecchi elettronici,<\/span><br \/>\n<span style=\"color: #000000\"> \ud83d\udc9a contiene tutti gli aminoacidi necessari al corpo umano.<\/span><\/p>\n<p><span style=\"color: #000000\">L&#8217;erba di grano contiene una <strong>grande quantit\u00e0 di clorofilla<\/strong>, che ha un effetto depurativo e disintossicante sul corpo umano. Ha propriet\u00e0 quasi miracolose per la rigenerazione dell&#8217;organismo. Inoltre, contiene numerosi nutrienti, <strong>vitamine<\/strong> (C, E, A, B1, B2, B3, B6, K),<strong> minerali<\/strong> (ferro, potassio, calcio, zinco, selenio, fosforo, boro, cloruro, cromo, cobalto, rame, iodio, ferro, magnesio, manganese, nichel), <strong>enzimi,<\/strong> <strong>aminoacidi, sostanze fitochimiche e acidi linoleico e linolenico.<\/strong> L&#8217;erba di grano<strong> rafforza il sistema immunitario, inibisce i radicali liberi, stimola la produzione dell&#8217;ormone della crescita<\/strong> e quindi contribuisce alla rigenerazione dei tessuti. Inoltre, <strong>regola il colesterolo nel sangue e previene infiammazioni e infezioni<\/strong>. L&#8217;applicazione sulla pelle aiuta ad alleviare i problemi di pelle problematica, acne ed eczema, in quanto \u00e8 antimicrobica e guarisce pi\u00f9 velocemente le ferite. Aiuta anche in caso di prurito e punture di insetti.<\/span><\/p>\n<h2><span style=\"color: #000000\">Conservazione e avvertenze<\/span><\/h2>\n<p><span style=\"color: #000000\">Conservare in un luogo fresco e asciutto a una temperatura massima di 25 \u00b0C. Tenere l&#8217;integratore alimentare fuori dalla portata dei bambini!<\/span><\/p>\n<p><span style=\"color: #000000\">Ricordare l&#8217;importanza di una dieta varia e di uno stile di vita sano; un integratore alimentare non sostituisce quindi una dieta equilibrata e varia. Non superare la quantit\u00e0 o la dose giornaliera raccomandata. Se ne sconsiglia il consumo alle donne in gravidanza e alle madri che allattano.<\/span><\/p>\n<h2><span style=\"color: #000000\">Confezione<\/span><\/h2>\n<p><span style=\"color: #000000\">Sacchetto non permeabile con chiusura a zip, in cui il prodotto conserva tutta la sua freschezza e il suo aroma. La confezione protegge il prodotto dalla luce e dall&#8217;aria, essendo composta da diversi strati di protezione per preservare le propriet\u00e0 del contenuto.<\/span><\/p>\n<p><span style=\"color: #000000\">La confezione \u00e8 molto pratica e riciclabile.<\/span><\/p>\n<h2><span style=\"color: #000000\">Origine<\/span><\/h2>\n<p><span style=\"color: #000000\">UE (Germania o Paesi Bassi)<\/span><\/p>\n","protected":false},"excerpt":{"rendered":"<p align=\"JUSTIFY\">L&#8217;erba di grano \u00e8 in realt\u00e0 il<strong> chicco di grano giovane<\/strong>. In quanto tale, non contiene glutine, che si trova nella spiga di grano, pi\u00f9 precisamente nel chicco di grano. \u00c8 adatta per la <strong>disintossicazione e la depurazione<\/strong>. \u00c8 ricco di vitamine, minerali, aminoacidi, enzimi, clorofilla, fibre, proteine e fitonutrienti.<\/p>\n<p align=\"JUSTIFY\"><span style=\"color: #000000\">\ud83d\udc9a Purifica e migliora la composizione <strong>del sangue.<\/strong><\/span><br \/>\n<span style=\"color: #000000\"> \ud83d\udc9a Favorisce la <strong>salute del colon<\/strong> e <strong>disintossica il fegato.<\/strong><\/span><br \/>\n<span style=\"color: #000000\"> \ud83d\udc9a Ha un alto contenuto di antiossidanti.<\/span><br \/>\n<span style=\"color: #000000\">\ud83d\udc9a \u00c8 una ricca fonte di <strong>clorofilla.<\/strong><\/span><\/p>\n<p align=\"JUSTIFY\">\n","protected":false},"featured_media":6157,"comment_status":"open","ping_status":"closed","template":"","meta":{"_acf_changed":false},"product_brand":[],"product_cat":[222,195,15],"product_tag":[],"class_list":{"0":"post-6156","1":"product","2":"type-product","3":"status-publish","4":"has-post-thumbnail","6":"product_cat-alghe-e-erbe","7":"product_cat-superfood","8":"product_cat-uncategorized","10":"first","11":"instock","12":"sale","13":"taxable","14":"shipping-taxable","15":"purchasable","16":"product-type-simple"},"acf":[],"_links":{"self":[{"href":"https:\/\/fengchashop.com\/it\/wp-json\/wp\/v2\/product\/6156","targetHints":{"allow":["GET"]}}],"collection":[{"href":"https:\/\/fengchashop.com\/it\/wp-json\/wp\/v2\/product"}],"about":[{"href":"https:\/\/fengchashop.com\/it\/wp-json\/wp\/v2\/types\/product"}],"replies":[{"embeddable":true,"href":"https:\/\/fengchashop.com\/it\/wp-json\/wp\/v2\/comments?post=6156"}],"wp:featuredmedia":[{"embeddable":true,"href":"https:\/\/fengchashop.com\/it\/wp-json\/wp\/v2\/media\/6157"}],"wp:attachment":[{"href":"https:\/\/fengchashop.com\/it\/wp-json\/wp\/v2\/media?parent=6156"}],"wp:term":[{"taxonomy":"product_brand","embeddable":true,"href":"https:\/\/fengchashop.com\/it\/wp-json\/wp\/v2\/product_brand?post=6156"},{"taxonomy":"product_cat","embeddable":true,"href":"https:\/\/fengchashop.com\/it\/wp-json\/wp\/v2\/product_cat?post=6156"},{"taxonomy":"product_tag","embeddable":true,"href":"https:\/\/fengchashop.com\/it\/wp-json\/wp\/v2\/product_tag?post=6156"}],"curies":[{"name":"wp","href":"https:\/\/api.w.org\/{rel}","templated":true}]}}