{"id":6153,"date":"2022-03-03T21:15:49","date_gmt":"2022-03-03T20:15:49","guid":{"rendered":"https:\/\/fengchashop.com\/it\/product\/kelp-bio-250-g\/"},"modified":"2026-05-09T16:07:21","modified_gmt":"2026-05-09T14:07:21","slug":"kelp-bio","status":"publish","type":"product","link":"https:\/\/fengchashop.com\/it\/product\/kelp-bio\/","title":{"rendered":"Kelp BIO 250 g"},"content":{"rendered":"<h2><span style=\"color: #000000\">Polvere di kelp BIO<\/span><\/h2>\n<p><span style=\"color: #000000\">Un&#8217;<strong> alga bruna<\/strong> chiamata kelp prospera nei mari pi\u00f9 freddi del mondo. \u00c8 particolarmente ricca di minerali, che assorbe dall&#8217;acqua pulita del mare norvegese pi\u00f9 freddo. Questi minerali sono estremamente importanti per il nostro organismo ed \u00e8 stato pi\u00f9 volte dimostrato che senza una quantit\u00e0 sufficiente di essi, il nostro corpo non funziona come dovrebbe, causando varie malattie, sia fisiche che mentali.<\/span><\/p>\n<p><span style=\"color: #000000\">Il kelp \u00e8 un tesoro di questi minerali, nutrienti e sostanze attive, che hanno un effetto positivo sul nostro organismo, in quanto:<\/span><\/p>\n<p><span style=\"color: #000000\"> \ud83d\udc9a elimina dal corpo, attraverso sostanze fitochimiche, <strong>gli elementi radioattivi e i metalli nocivi<\/strong>, che costituiscono un problema crescente nell&#8217;ambiente inquinato in cui viviamo;<\/span><br \/>\n<span style=\"color: #000000\"> \ud83d\udc9a \u00e8 una delle<strong> fonti<\/strong> pi\u00f9 ricche<strong> di iodio, che regola la tiroide,<\/strong> migliora il metabolismo e aiuta a combattere l&#8217;eccesso di peso;<\/span><br \/>\n<span style=\"color: #000000\"> \ud83d\udc9a i minerali contenuti nell&#8217;alga<strong> migliorano la funzionalit\u00e0 degli organi, in<\/strong> particolare l&#8217;effetto benefico del mix di minerali dell&#8217;alga sul sistema cardiovascolare;<\/span><br \/>\n<span style=\"color: #000000\"> \ud83d\udc9a \u00e8 un eccellente <strong>prebiotico,<\/strong> alimento per i nostri batteri intestinali benefici;<\/span><br \/>\n<span style=\"color: #000000\"> \ud83d\udc9a il suo polisaccaride xilosio <strong>neutralizza batteri e funghi;<\/strong><\/span><br \/>\n<span style=\"color: #000000\"> \ud83d\udc9a la sua alcalinit\u00e0 lo rende molto utile per il comune problema dell&#8217;<strong>acidit\u00e0,<\/strong> che porta a un malessere generale;<\/span><br \/>\n<span style=\"color: #000000\"> \ud83d\udc9a \u00e8 un <strong>potente antiossidante;<\/strong><\/span><br \/>\n<span style=\"color: #000000\"> \ud83d\udc9a il galattosio \u00e8 ottimo per la <strong>memoria<\/strong> e la<strong> guarigione<\/strong> delle ferite, nonch\u00e9 per le ossa grazie al migliore assorbimento del calcio.<\/span><\/p>\n<h2><span style=\"color: #000000\">Cosa contiene effettivamente l&#8217;alga che ha un effetto cos\u00ec positivo su diversi sistemi del nostro corpo?<\/span><\/h2>\n<p><span style=\"color: #000000\">L&#8217;alga kelp \u00e8 un&#8217;alga bruna tradizionalmente utilizzata per scopi alimentari in alcuni luoghi, ma ha trovato posto anche in molti manuali di salute grazie al fatto che \u00e8 molto<strong> ricca di minerali, aminoacidi, nutrienti e sostanze attive<\/strong>. Tra i minerali spiccano sicuramente il calcio e il magnesio, ma l&#8217;alga contiene anche potassio, iodio, ferro, riboflavina, vitamina B6 e molte fibre, in tutto 46 minerali diversi, 16 aminoacidi e 11 vitamine. Non c&#8217;\u00e8 quindi da stupirsi che le alghe, compresa l&#8217;alga kelp, siano state oggetto di molte ricerche scientifiche negli ultimi decenni. Il kelp contiene anche<strong> acido glutammico, che<\/strong> ammorbidisce gli alimenti ricchi di fibre e migliora il sapore dei cibi che mangiamo. Le<strong> sostanze fitochimiche<\/strong> aiutano a eliminare le sostanze radioattive e i metalli pesanti<strong>,<\/strong> motivo per cui il consumo di kelp \u00e8 consigliato dopo la radioterapia e la chemioterapia. I fitochimici non sono in realt\u00e0 minerali o aminoacidi, ma sostanze attive che prevengono le malattie: un esempio ben noto di tale sostanza attiva \u00e8 l&#8217;allicina dell&#8217;aglio, che come sappiamo \u00e8 considerata un antibiotico naturale. Anche le alghe brune contengono due importanti sostanze, il <strong>fucoidano e la fucoxantina.<\/strong> La prima \u00e8 considerata una buona misura preventiva nella lotta contro il cancro, la seconda nella lotta contro il sovrappeso e per migliorare il metabolismo e la combustione dei grassi.<\/span><\/p>\n<p><span style=\"color: #000000\">Il minerale meglio rappresentato nell&#8217;alga \u00e8 lo<strong> iodio<\/strong>, un minerale di cui molte donne (soprattutto) soffrono di carenza. Lo iodio regola il metabolismo e la funzione tiroidea, quindi ci aiuter\u00e0 a migliorare il nostro metabolismo e a controllare il peso, soprattutto quello causato da problemi alla tiroide. Non dimentichiamo che la tiroide secerne ormoni che controllano il ritmo dei processi metabolici e influenza indirettamente quasi tutte le funzioni corporee. Di conseguenza, \u00e8 uno degli organi pi\u00f9 importanti del nostro corpo, per cui \u00e8 essenziale prendersi cura del suo normale e corretto funzionamento. A volte \u00e8 sufficiente un apporto sufficiente di iodio, che si pu\u00f2 ottenere consumando regolarmente un integratore alimentare naturale &#8211; il kelp. Se avete problemi alla tiroide, consultate il vostro medico prima di assumere l&#8217;alga. Il kelp, ricco di minerali, influisce anche sul funzionamento di altri organi interni, fondamentali per combattere efficacemente le tossine e i radicali liberi, e quindi ha anche un effetto ringiovanente.<\/span><\/p>\n<h2>Conservazione e avvertenze<\/h2>\n<p>Conservare in un luogo fresco e asciutto a una temperatura massima di 25 \u00b0C. Tenere l&#8217;integratore alimentare fuori dalla portata dei bambini!<\/p>\n<p>Ricordare l&#8217;importanza di una dieta varia e di uno stile di vita sano; un integratore alimentare non sostituisce quindi una dieta equilibrata e varia. Non superare la quantit\u00e0 o la dose giornaliera raccomandata. Alle donne in gravidanza e in allattamento si consiglia sempre di consultare un medico prima dell&#8217;uso.<\/p>\n<h2><span style=\"color: #000000\">Confezione<\/span><\/h2>\n<p><span style=\"color: #000000\">Sacchetto non permeabile con chiusura a zip, in cui il prodotto conserva tutta la sua freschezza e il suo aroma. La confezione protegge il prodotto dalla luce e dall&#8217;aria, essendo composta da diversi strati di protezione per preservare le propriet\u00e0 del contenuto.<\/span><\/p>\n<p><span style=\"color: #000000\">La confezione \u00e8 molto pratica e riciclabile.<\/span><\/p>\n<h2><span style=\"color: #000000\">Origine<\/span><\/h2>\n<p><span style=\"color: #000000\">Norvegia o Canada<\/span><\/p>\n","protected":false},"excerpt":{"rendered":"<p align=\"JUSTIFY\">Un&#8217;<strong>alga bruna<\/strong> chiamata <strong>kelp<\/strong> prospera nei mari pi\u00f9 freddi del mondo. \u00c8 particolarmente ricca di minerali, che assorbe dall&#8217;acqua pulita del mare norvegese pi\u00f9 freddo. Questi minerali sono estremamente importanti per il nostro organismo ed \u00e8 stato pi\u00f9 volte dimostrato che senza una quantit\u00e0 sufficiente di essi, il nostro corpo non funziona come dovrebbe e, di conseguenza, si manifestano diverse malattie, sia fisiche che mentali.<\/p>\n<p align=\"JUSTIFY\"><span style=\"color: #000000\">\ud83d\udc9a Rimuove gli <strong>elementi radioattivi<\/strong> e i<strong> metalli nocivi<\/strong> dal corpo con l&#8217;aiuto di sostanze fitochimiche<strong>.<\/strong><\/span><br \/>\n<span style=\"color: #000000\">\ud83d\udc9a \u00c8 una delle <strong>fonti<\/strong> pi\u00f9 ricche <strong>di iodio<\/strong>, che <strong>regola la tiroide.<\/strong><\/span><br \/>\n<span style=\"color: #000000\"> \ud83d\udc9a \u00c8 un eccellente <strong>prebiotico<\/strong>, alimento per i nostri batteri intestinali benefici.<\/span><br \/>\n<span style=\"color: #000000\">\ud83d\udc9a \u00c8 una ricca fonte di proteine vegetali.<\/span><\/p>\n<p align=\"JUSTIFY\">\n","protected":false},"featured_media":6154,"comment_status":"open","ping_status":"closed","template":"","meta":{"_acf_changed":false},"product_brand":[],"product_cat":[222,217,195,224,15],"product_tag":[],"class_list":{"0":"post-6153","1":"product","2":"type-product","3":"status-publish","4":"has-post-thumbnail","6":"product_cat-alghe-e-erbe","7":"product_cat-offerta","8":"product_cat-superfood","9":"product_cat-tutti-gli-articoli","10":"product_cat-uncategorized","12":"first","13":"instock","14":"sale","15":"taxable","16":"shipping-taxable","17":"purchasable","18":"product-type-simple"},"acf":[],"_links":{"self":[{"href":"https:\/\/fengchashop.com\/it\/wp-json\/wp\/v2\/product\/6153","targetHints":{"allow":["GET"]}}],"collection":[{"href":"https:\/\/fengchashop.com\/it\/wp-json\/wp\/v2\/product"}],"about":[{"href":"https:\/\/fengchashop.com\/it\/wp-json\/wp\/v2\/types\/product"}],"replies":[{"embeddable":true,"href":"https:\/\/fengchashop.com\/it\/wp-json\/wp\/v2\/comments?post=6153"}],"wp:featuredmedia":[{"embeddable":true,"href":"https:\/\/fengchashop.com\/it\/wp-json\/wp\/v2\/media\/6154"}],"wp:attachment":[{"href":"https:\/\/fengchashop.com\/it\/wp-json\/wp\/v2\/media?parent=6153"}],"wp:term":[{"taxonomy":"product_brand","embeddable":true,"href":"https:\/\/fengchashop.com\/it\/wp-json\/wp\/v2\/product_brand?post=6153"},{"taxonomy":"product_cat","embeddable":true,"href":"https:\/\/fengchashop.com\/it\/wp-json\/wp\/v2\/product_cat?post=6153"},{"taxonomy":"product_tag","embeddable":true,"href":"https:\/\/fengchashop.com\/it\/wp-json\/wp\/v2\/product_tag?post=6153"}],"curies":[{"name":"wp","href":"https:\/\/api.w.org\/{rel}","templated":true}]}}