{"id":6148,"date":"2022-03-03T20:45:27","date_gmt":"2022-03-03T19:45:27","guid":{"rendered":"https:\/\/fengchashop.com\/it\/product\/klorela-tablete-bio-250-g\/"},"modified":"2026-05-06T17:40:28","modified_gmt":"2026-05-06T15:40:28","slug":"chlorella-compresse-bio-250-g","status":"publish","type":"product","link":"https:\/\/fengchashop.com\/it\/product\/chlorella-compresse-bio-250-g\/","title":{"rendered":"Chlorella compresse BIO 250 g"},"content":{"rendered":"<h2><span style=\"color: #000000\">Compresse di clorella BIO<\/span><\/h2>\n<p><span style=\"color: #000000\">La pianta pi\u00f9 ricca di clorofilla che prospera nelle acque dolci di tutto il mondo si chiama clorella. La clorella ha molti benefici per la salute. Ha un caratteristico colore verde brillante e molti benefici per la salute. \u00c8 conosciuta soprattutto come un&#8217;alga<strong> estremamente proteica<\/strong> e con una struttura ideale ricca e soprattutto equilibrata. \u00c8 anche considerata un <strong>eccellente disintossicante<\/strong> grazie al suo contenuto di betacarotene <strong>.<\/strong> <strong>Ci ripulisce dalle sostanze nocive derivanti dall&#8217;ambiente inquinato e dal cibo<\/strong> che mangiamo (pesticidi, erbicidi, metalli pesanti).<\/span><\/p>\n<p><span style=\"color: #000000\">Si tratta di un&#8217;alga verde microscopicamente piccola, con una struttura equilibrata e quindi diversi benefici:<\/span><\/p>\n<p><span style=\"color: #000000\"> \ud83d\udc9a L&#8217;<strong> elevata quantit\u00e0 di clorofilla<\/strong> svolge un ruolo importante nella disintossicazione dell&#8217;organismo,<\/span><br \/>\n<span style=\"color: #000000\"> \ud83d\udc9a produce<strong> la proteina interferone, importante per il funzionamento ottimale del sistema immunitario,<\/strong><\/span><br \/>\n<span style=\"color: #000000\"> <strong>\ud83d\udc9a ha un elevato contenuto di proteine,<\/strong> circa il 55%,<\/span><br \/>\n<span style=\"color: #000000\">\ud83d\udc9a contiene <strong>carboidrati, proteine, enzimi, minerali e vitamine<\/strong> essenziali <strong>.<\/strong><\/span><\/p>\n<p><span style=\"color: #000000\">La clorella e le altre alghe sono pi\u00f9 comunemente consumate in polvere. Tuttavia, offriamo anche la clorella in compresse.<\/span><\/p>\n<p><span style=\"color: #000000\">La nostra clorella \u00e8 coltivata biologicamente.<\/span><\/p>\n<h2><span style=\"color: #000000\">Perch\u00e9 la clorella fa cos\u00ec bene al corpo umano?<\/span><\/h2>\n<p><span style=\"color: #000000\">La clorella \u00e8 ricca<strong> di antiossidanti e clorofilla, che<\/strong> legano le tossine nell&#8217;organismo e svolgono un ruolo estremamente depurativo e disintossicante nel corpo umano. Depura il sangue, il fegato e l&#8217;intero apparato digerente. Migliora anche la digestione ed \u00e8 favorita dall&#8217;<strong> enzima<\/strong> digestivo<strong> pepsina,<\/strong> prodotto dalla clorella e coinvolto nel sistema digestivo. La clorella contiene 18 aminoacidi, di cui 8 essenziali, il che significa che ha una composizione proteica ideale. \u00c8 inoltre ricca di vitamine e minerali come le vitamine del gruppo B, le vitamine C, E e K, oltre a ferro, calcio, magnesio, fosforo e, naturalmente, iodio.<\/span><\/p>\n<p><span style=\"color: #000000\">\u00c8 anche nota come alga <strong>digestiva<\/strong>, in quanto aiuta a promuovere la crescita di batteri buoni nell&#8217;intestino e di una buona flora intestinale. Grazie al suo elevato contenuto di clorofilla,<strong> depura l&#8217;intestino, il fegato e il sangue.<\/strong> Inoltre, disintossica l&#8217;intero organismo e aiuta a combattere la stitichezza. Un sangue pulito e una buona digestione hanno un effetto positivo anche sull&#8217;aspetto e sulla salute della pelle, il nostro organo pi\u00f9 importante. La clorella pu\u00f2 anche aiutare a combattere la<strong> candida.<\/strong><\/span><\/p>\n<p><span style=\"color: #000000\">La clorella contiene <strong>molto ferro, che<\/strong> viene assorbito rapidamente dall&#8217;organismo e utilizzato per i globuli rossi. In questo modo, ha un effetto positivo sui problemi di anemia, stanchezza, sovraccarico di lavoro e malessere. \u00c8 utile anche per le persone che si stanno riprendendo da malattie di lunga durata.<\/span><\/p>\n<p><span style=\"color: #000000\">Il fattore di crescita della clorella<strong> favorisce la rigenerazione cellulare<\/strong>, per cui le ferite guariscono pi\u00f9 velocemente, si \u00e8 pi\u00f9 resistenti alle infezioni e si ha pi\u00f9 energia.<\/span><\/p>\n<h2><span style=\"color: #000000\">Per chi \u00e8 indicata la clorella?<\/span><\/h2>\n<p><span style=\"color: #000000\">Come la spirulina, la clorella \u00e8 un ottimo integratore alimentare per tutti, ma \u00e8 particolarmente utile per chi non mangia carne o prodotti a base di carne, per i malnutriti, per gli anziani e per i malati. \u00c8 adatta anche a chi non consuma abbastanza verdure verdi fresche di alta qualit\u00e0. \u00c8 adatto anche alle donne in gravidanza e alle madri che allattano, che spesso hanno un sangue povero o bassi livelli di ferro nel sangue. \u00c8 adatto anche agli atleti, perch\u00e9 facilita l&#8217;assorbimento dei nutrienti.<\/span><\/p>\n<p><span style=\"color: #000000\">\u00c8 adatto anche a chi \u00e8 esposto a uno stress eccessivo e quindi ha difficolt\u00e0 a concentrarsi.<\/span><\/p>\n<p><span style=\"color: #000000\">\u00c8 adatta a chi vuole mantenere il proprio peso o dimagrire, e la clorella \u00e8 un&#8217;ottima compagna di varie diete (dimagranti). Regola la digestione e ci <strong>rifornisce di importanti sostanze nutritive.<\/strong><\/span><\/p>\n<h2><span style=\"color: #000000\">Conservazione e avvertenze<\/span><\/h2>\n<p><span style=\"color: #000000\">Conservare in un luogo fresco e asciutto a una temperatura massima di 25 \u00b0C. Tenere l&#8217;integratore alimentare fuori dalla portata dei bambini!<\/span><\/p>\n<p><span style=\"color: #000000\">Ricordare l&#8217;importanza di una dieta varia e di uno stile di vita sano; un integratore alimentare non sostituisce quindi una dieta equilibrata e varia. Non superare la quantit\u00e0 o la dose giornaliera raccomandata. Alle donne in gravidanza e in allattamento si consiglia sempre di consultare un medico prima dell&#8217;uso.<\/span><\/p>\n<p><span style=\"color: #000000\">La clorella pu\u00f2 contenere solfiti, naturalmente presenti nelle alghe.<\/span><\/p>\n<h2><span style=\"color: #000000\">Confezione<\/span><\/h2>\n<p><span style=\"color: #000000\">Sacchetto non permeabile con chiusura a zip in cui il prodotto conserva tutta la sua freschezza e il suo aroma. La confezione protegge dalla luce e dall&#8217;aria, essendo composta da diversi strati di protezione per preservare le propriet\u00e0 del contenuto.<\/span><\/p>\n<p><span style=\"color: #000000\">La confezione \u00e8 molto pratica e riciclabile.<\/span><\/p>\n<h2><span style=\"color: #000000\">Origine<\/span><\/h2>\n<p><span style=\"color: #000000\">Cina.<\/span><\/p>\n<p><span style=\"color: #000000\">Abbiamo fornitori molto affidabili che ci inviano un&#8217;analisi chimica dettagliata degli alimenti per ogni lotto. In pi\u00f9 di dieci anni, non abbiamo avuto alcun richiamo o altri problemi con questo prodotto, n\u00e9 con altri prodotti dello stesso fornitore.<\/span><\/p>\n<p><span style=\"color: #000000\">L&#8217;articolo \u00e8 certificato biologico al 100%.<\/span><\/p>\n","protected":false},"excerpt":{"rendered":"<p align=\"JUSTIFY\">La pianta pi\u00f9 ricca di clorofilla che prospera nelle acque dolci di tutto il mondo si chiama clorella. La clorella ha molti benefici per la salute. \u00c8 conosciuta soprattutto come un&#8217;alga estremamente ricca di proteine e con una struttura ideale ricca e soprattutto equilibrata. \u00c8 anche considerata un eccellente disintossicante grazie al suo contenuto di betacarotene. Ci ripulisce dalle sostanze nocive derivanti dall&#8217;ambiente inquinato e dal cibo che mangiamo (pesticidi, erbicidi, metalli pesanti).<\/p>\n<p align=\"JUSTIFY\"><span style=\"color: #000000\">\ud83d\udc9a Aiuta a disintossicare l&#8217;organismo.<\/span><br \/>\n<span style=\"color: #000000\">\ud83d\udc9a Ha un alto contenuto di antiossidanti e clorofilla.<\/span><br \/>\n<span style=\"color: #000000\"> \ud83d\udc9a Depura l&#8217;intestino, il fegato e il sangue.<\/span><br \/>\n<span style=\"color: #000000\">\ud83d\udc9a \u00c8 una ricca fonte di proteine vegetali.<\/span><\/p>\n<p align=\"JUSTIFY\">\n","protected":false},"featured_media":6149,"comment_status":"open","ping_status":"closed","template":"","meta":{"_acf_changed":false},"product_brand":[],"product_cat":[222,247,217,195,224,15],"product_tag":[],"class_list":{"0":"post-6148","1":"product","2":"type-product","3":"status-publish","4":"has-post-thumbnail","6":"product_cat-alghe-e-erbe","7":"product_cat-buone-offerte","8":"product_cat-offerta","9":"product_cat-superfood","10":"product_cat-tutti-gli-articoli","11":"product_cat-uncategorized","13":"first","14":"instock","15":"sale","16":"taxable","17":"shipping-taxable","18":"purchasable","19":"product-type-simple"},"acf":[],"_links":{"self":[{"href":"https:\/\/fengchashop.com\/it\/wp-json\/wp\/v2\/product\/6148","targetHints":{"allow":["GET"]}}],"collection":[{"href":"https:\/\/fengchashop.com\/it\/wp-json\/wp\/v2\/product"}],"about":[{"href":"https:\/\/fengchashop.com\/it\/wp-json\/wp\/v2\/types\/product"}],"replies":[{"embeddable":true,"href":"https:\/\/fengchashop.com\/it\/wp-json\/wp\/v2\/comments?post=6148"}],"wp:featuredmedia":[{"embeddable":true,"href":"https:\/\/fengchashop.com\/it\/wp-json\/wp\/v2\/media\/6149"}],"wp:attachment":[{"href":"https:\/\/fengchashop.com\/it\/wp-json\/wp\/v2\/media?parent=6148"}],"wp:term":[{"taxonomy":"product_brand","embeddable":true,"href":"https:\/\/fengchashop.com\/it\/wp-json\/wp\/v2\/product_brand?post=6148"},{"taxonomy":"product_cat","embeddable":true,"href":"https:\/\/fengchashop.com\/it\/wp-json\/wp\/v2\/product_cat?post=6148"},{"taxonomy":"product_tag","embeddable":true,"href":"https:\/\/fengchashop.com\/it\/wp-json\/wp\/v2\/product_tag?post=6148"}],"curies":[{"name":"wp","href":"https:\/\/api.w.org\/{rel}","templated":true}]}}