{"id":6142,"date":"2022-03-03T20:05:37","date_gmt":"2022-03-03T19:05:37","guid":{"rendered":"https:\/\/fengchashop.com\/it\/product\/maca-in-polvere-bio-500-g\/"},"modified":"2026-04-28T20:41:26","modified_gmt":"2026-04-28T18:41:26","slug":"mac-in-polvere-bio","status":"publish","type":"product","link":"https:\/\/fengchashop.com\/it\/product\/mac-in-polvere-bio\/","title":{"rendered":"Maca in polvere BIO 500 g"},"content":{"rendered":"<h2><span style=\"color: #000000\">Maca in polvere BIO<\/span><\/h2>\n<p><span style=\"color: #000000\">La maca \u00e8 una pianta a radice che cresce sugli altopiani peruviani e andini, esposti a condizioni climatiche estreme e a forti escursioni termiche tra il giorno e la notte. Viene anche chiamata <strong>ginseng peruviano<\/strong>. Poich\u00e9 \u00e8 praticamente invincibile in termini di sopravvivenza, gli antichi Inca ne hanno sfruttato i principi attivi, che sono particolarmente indicati per la potenza sessuale maschile e hanno un effetto benefico sulla salute generale. Per quest&#8217;ultimo motivo \u00e8 considerato un superfood estremamente prezioso.<\/span><\/p>\n<p><span style=\"color: #000000\">La parte medicinale del macis \u00e8 il tubero, che<strong> contiene molte vitamine, minerali e aminoacidi.<\/strong> Grazie alle sue propriet\u00e0 ormonali, regola i livelli di estrogeni e progesterone, o di testosterone, che hanno un effetto benefico sul nostro benessere e ci danno forza e resistenza. Il suo contenuto di vitamine importanti come la vitamina B1, B12, C ed E, nonch\u00e9 di acidi grassi, minerali e aminoacidi (tra cui 7 essenziali, quelli di cui il nostro corpo ha bisogno), rende la maca uno dei superalimenti naturali pi\u00f9 efficaci, desiderabili e consigliati, con una tradizione millenaria.<\/span><\/p>\n<p><span style=\"color: #000000\">\u00c8 un&#8217;<strong> erba adattogena<\/strong> che <strong>aumenta l&#8217;energia, la resistenza, la vitalit\u00e0 e la forza fisica.<\/strong> \u00c8 pi\u00f9 abbondante nelle Ande del Per\u00f9 centrale, in condizioni difficili e ad altitudini molto elevate, oltre i 4000 metri. \u00c8 una verdura crucifera come i broccoli, i cavolfiori, le rape, i cavoli, il cavolo e i ravanelli. La parte pi\u00f9 commestibile della pianta \u00e8 la radice o tubero. \u00c8 disponibile in diversi colori, dal bianco al nero. I colori pi\u00f9 popolari sono il <strong>giallo, il rosso e il nero.<\/strong> La maca gialla normale \u00e8 utilizzata per il consumo quotidiano e a lungo termine. La maca rossa e quella nera sono considerate variet\u00e0 sacre e vengono utilizzate per problemi terapeutici cronici.<\/span><\/p>\n<p><span style=\"color: #000000\">Ha un sapore molto dolce e un&#8217;ampia gamma di usi.<\/span><\/p>\n<p><span style=\"color: #000000\">La nostra maca \u00e8<strong> 100% biologica.<\/strong><\/span><\/p>\n<h2><span style=\"color: #000000\">Quali sono le propriet\u00e0 principali che la maca ci offre?<\/span><\/h2>\n<p><strong><span style=\"color: #000000\">\u00c8 altamente nutritiva<\/span><\/strong><\/p>\n<p><span style=\"color: #000000\">La maca \u00e8 un&#8217;ottima fonte di diverse vitamine e minerali importanti come la vitamina C, A, E, B2, B6, B12, rame, magnesio, selenio, calcio, potassio, sodio, fosforo, manganese e ferro. \u00c8 una buona fonte di carboidrati, aminoacidi, grassi e contiene una quantit\u00e0 significativa di fibre e altri fitonutrienti. Contiene anche diversi composti vegetali come i glucosinolati, i polifenoli e i fitosteroli, che inibiscono l&#8217;assorbimento del colesterolo e possono addirittura abbassarne il livello nel sangue.<\/span><\/p>\n<p><strong><span style=\"color: #000000\">Aumenta la libido<\/span><\/strong><\/p>\n<p><span style=\"color: #000000\">Aumenta il desiderio sessuale sia negli uomini che nelle donne. \u00c8 un afrodisiaco naturale. Elimina la disfunzione erettile. La maca \u00e8 efficace nel migliorare il desiderio sessuale e questa affermazione \u00e8 supportata da diversi studi. Uno studio del 2010, che ha coinvolto quattro studi clinici per un totale di 131 partecipanti, ha dimostrato che la maca migliora il desiderio sessuale dopo almeno sei settimane di consumo. Un altro studio ha dimostrato che la maca riduce le disfunzioni sessuali causate dai farmaci utilizzati per il trattamento della depressione.<\/span><\/p>\n<p><strong><span style=\"color: #000000\">Aumenta la fertilit\u00e0<\/span><\/strong><\/p>\n<p><span style=\"color: #000000\">La maca aumenta la fertilit\u00e0 sia negli uomini che nelle donne. Una revisione di cinque piccoli studi ha dimostrato che la maca aumenta la produzione di sperma e migliora la qualit\u00e0 dello sperma in uomini infertili ma altrimenti sani. Dopo quattro mesi di consumo di maca, il volume, il numero e il movimento degli spermatozoi sono aumentati. Nelle donne, regola il ciclo mestruale e allevia i sintomi della sindrome premestruale e dei dolori mestruali.<\/span><\/p>\n<p><strong><span style=\"color: #000000\">Riduce le dimensioni della prostata<\/span><\/strong><\/p>\n<p><span style=\"color: #000000\">Alcuni studi hanno dimostrato che la maca rossa riduce le dimensioni della prostata perch\u00e9 contiene un&#8217;elevata quantit\u00e0 di glucosinolati. Sono inoltre associati a un minor rischio di cancro alla prostata e a una prostata pi\u00f9 sana.<\/span><\/p>\n<p><strong><span style=\"color: #000000\">Equilibrio ormonale<\/span><\/strong><\/p>\n<p><span style=\"color: #000000\">Supporta il sistema endocrino, che, tra l&#8217;altro, trasporta l&#8217;ossigeno nel corpo. Stimola il corretto funzionamento delle ghiandole (ipotalamo, ipofisi, ghiandola surrenale, tiroide) e quindi stimola la produzione di ormoni (progesterone, testosterone, DHEA) e regola il funzionamento dell&#8217;intero sistema ormonale. Il corretto funzionamento del sistema endocrino \u00e8 legato anche al corretto funzionamento del sistema immunitario. Se l&#8217;equilibrio del sistema endocrino \u00e8 alterato, la capacit\u00e0 del nostro meccanismo di difesa si riduce.<\/span><\/p>\n<p><strong><span style=\"color: #000000\">Allevia i sintomi della menopausa e dell&#8217;andropausa (menopausa maschile)<\/span><\/strong><\/p>\n<p><span style=\"color: #000000\">Il naturale calo di estrogeni che si verifica durante la menopausa pu\u00f2 causare una serie di sintomi spiacevoli come vampate di calore, secchezza vaginale, sbalzi d&#8217;umore, problemi di sonno e irritabilit\u00e0. Uno studio condotto su donne in menopausa ha rilevato che la maca ha contribuito ad alleviare i sintomi della menopausa, comprese le vampate di calore e i problemi di sonno. La maca aiuta anche a proteggere la salute delle ossa e riduce il rischio di osteoporosi. Rallenta il processo di invecchiamento.<\/span><\/p>\n<p><strong><span style=\"color: #000000\">Migliora l&#8217;umore<\/span><\/strong><\/p>\n<p><span style=\"color: #000000\">Diversi studi hanno gi\u00e0 dimostrato che la maca pu\u00f2 migliorare l&#8217;umore e il benessere mentale, poich\u00e9 contiene flavonidi. Riduce inoltre l&#8217;ansia e i sintomi della depressione, soprattutto nelle donne in menopausa. Aiuta a ridurre lo stress e la tensione nervosa aumentando la quantit\u00e0 di ossigeno nel sangue.<\/span><\/p>\n<p><strong><span style=\"color: #000000\">Aumenta l&#8217;energia e le prestazioni sportive<\/span><\/strong><\/p>\n<p><span style=\"color: #000000\">La maca \u00e8 utilizzata anche dagli atleti. Ci aiuta a guadagnare massa muscolare, ad aumentare la forza, l&#8217;energia, la resistenza e a migliorare le prestazioni sportive. Il consumo di maca pu\u00f2 migliorare le prestazioni sportive, soprattutto durante gli allenamenti di resistenza. Aiuta a contrastare la stanchezza cronica. Aumenta la vitalit\u00e0 dell&#8217;organismo e l&#8217;energia fisica e mentale.<\/span><\/p>\n<p><strong><span style=\"color: #000000\">Ha un buon effetto sull&#8217;apprendimento e sulla memoria<\/span><\/strong><\/p>\n<p><span style=\"color: #000000\">La maca pu\u00f2 migliorare le funzioni cerebrali e ha un effetto benefico sull&#8217;apprendimento, la concentrazione e la memoria. Tradizionalmente \u00e8 stata utilizzata dalle popolazioni indigene del Per\u00f9 per migliorare il rendimento scolastico dei bambini. In questo caso, la maca nera si \u00e8 dimostrata la pi\u00f9 efficace.<\/span><\/p>\n<h2><span style=\"color: #000000\">Per quali problemi \u00e8 utile o a chi \u00e8 consigliata?<\/span><\/h2>\n<p><span style=\"color: #000000\">La maca \u00e8 una pianta adattogena, il che significa che si adatta alle esigenze dell&#8217;individuo. Gli adattogeni rafforzano i sistemi degli organi (respiratorio, digestivo, urinario, ecc.), ma non stimolano eccessivamente n\u00e9 interferiscono con le loro funzioni. Gli adattogeni sono consigliati alle persone che hanno bisogno di aiuto per:<\/span><\/p>\n<p><span style=\"color: #000000\"> \ud83d\udc9a superare problemi di <strong>sbalzi d&#8217;umore,<\/strong><\/span><br \/>\n<span style=\"color: #000000\"> \ud83d\udc9a infertilit\u00e0 e problemi di<strong> menopausa,<\/strong><\/span><br \/>\n<span style=\"color: #000000\"> \ud83d\udc9a ottenere maggiori <strong>prestazioni mentali e fisiche,<\/strong><\/span><br \/>\n<span style=\"color: #000000\">\ud83d\udc9a aumentare la <strong>potenza sessuale,<\/strong><\/span><br \/>\n<span style=\"color: #000000\">\ud83d\udc9a molti altri problemi di salute.<\/span><\/p>\n<p>&nbsp;<\/p>\n<h2><span style=\"color: #000000\">Perch\u00e9 ordinare la nostra maca?<\/span><\/h2>\n<p><span style=\"color: #000000\">La nostra polvere di maca proviene da una <strong>produzione biologica controllata,<\/strong> accuratamente essiccata e macinata in una polvere simile alla farina. Inoltre, ci assicuriamo regolarmente che le nostre forniture di maca siano sempre <strong>fresche!<\/strong> \u00c8 anche per questo che prepariamo con cura la miscela, perch\u00e9 \u00e8 l&#8217;unico modo per garantirne l&#8217;integrit\u00e0 con ingredienti freschi e nelle giuste proporzioni.<\/span><\/p>\n<p><span style=\"color: #000000\">La maca proviene da<strong> fattorie biologiche<\/strong> di alta montagna del Per\u00f9<strong> e<\/strong> abbiamo analizzato e convalidato ogni lotto.<\/span><\/p>\n<p>&nbsp;<\/p>\n<h2><span style=\"color: #000000\">Valori nutrizionali<\/span><\/h2>\n<p><span style=\"color: #000000\">Valori nutrizionali medi per 100 g di maca: energia: 1431 kJ\/342 kcal; grassi: 1 g, di cui saturi: 1 g; carboidrati: 69,8 g, di cui zuccheri: 30 g; proteine: 13,72 g e sali: &lt;0,1 g.<\/span><\/p>\n<h2><span style=\"color: #000000\">Conservazione e avvertenze<\/span><\/h2>\n<p><span style=\"color: #000000\">Conservare in un luogo fresco e asciutto a una temperatura massima di 25 \u00b0C. Tenere l&#8217;integratore alimentare fuori dalla portata dei bambini!<\/span><\/p>\n<p><span style=\"color: #000000\">Ricordare l&#8217;importanza di una dieta varia e di uno stile di vita sano; un integratore alimentare non sostituisce quindi una dieta equilibrata e varia. Non superare la quantit\u00e0 o la dose giornaliera raccomandata. Alle donne in gravidanza e in allattamento si consiglia sempre di consultare un medico prima dell&#8217;uso.<\/span><\/p>\n<h2><span style=\"color: #000000\">Confezione<\/span><\/h2>\n<p><span style=\"color: #000000\">Sacchetto non permeabile con chiusura a zip in cui il prodotto conserva tutta la sua freschezza e il suo aroma. La confezione protegge il prodotto dalla luce e dall&#8217;aria, essendo costituita da diversi strati di protezione per preservare le propriet\u00e0 del contenuto.<\/span><\/p>\n<p><span style=\"color: #000000\">La confezione \u00e8 molto pratica e riciclabile.<\/span><\/p>\n<h2><span style=\"color: #000000\">Origine<\/span><\/h2>\n<p><span style=\"color: #000000\">Per\u00f9<\/span><\/p>\n","protected":false},"excerpt":{"rendered":"<p align=\"JUSTIFY\">La maca \u00e8 una pianta a radice che cresce sugli altopiani andini del Per\u00f9, esposti a<strong> condizioni climatiche estreme<\/strong> e a forti escursioni termiche tra il giorno e la notte. La parte medicinale della maca \u00e8 il tubero, che contiene molte<strong> vitamine, minerali e aminoacidi<\/strong>. Contenendo vitamine importanti come la vitamina B1, B12, C ed E, oltre ad acidi grassi, minerali e aminoacidi, la maca \u00e8 uno dei superalimenti naturali pi\u00f9 efficaci, desiderabili e consigliati, con una tradizione millenaria.<\/p>\n<p align=\"JUSTIFY\"><span style=\"color: #000000\">\ud83d\udc9a <\/span>Aumenta la libido.<br \/>\n<span style=\"color: #000000\">\ud83d\udc9a <\/span>Allevia i sintomi della menopausa e dell&#8217;andropausa.<br \/>\n<span style=\"color: #000000\">\ud83d\udc9a <\/span>Migliora l&#8217;umore, allontana lo stress e l&#8217;ansia.<br \/>\n<span style=\"color: #000000\">\ud83d\udc9a <\/span>Aumenta l&#8217;energia.<\/p>\n","protected":false},"featured_media":6143,"comment_status":"open","ping_status":"closed","template":"","meta":{"_acf_changed":false},"product_brand":[],"product_cat":[217,195,224,15],"product_tag":[],"class_list":{"0":"post-6142","1":"product","2":"type-product","3":"status-publish","4":"has-post-thumbnail","6":"product_cat-offerta","7":"product_cat-superfood","8":"product_cat-tutti-gli-articoli","9":"product_cat-uncategorized","11":"first","12":"instock","13":"sale","14":"taxable","15":"shipping-taxable","16":"purchasable","17":"product-type-simple"},"acf":[],"_links":{"self":[{"href":"https:\/\/fengchashop.com\/it\/wp-json\/wp\/v2\/product\/6142","targetHints":{"allow":["GET"]}}],"collection":[{"href":"https:\/\/fengchashop.com\/it\/wp-json\/wp\/v2\/product"}],"about":[{"href":"https:\/\/fengchashop.com\/it\/wp-json\/wp\/v2\/types\/product"}],"replies":[{"embeddable":true,"href":"https:\/\/fengchashop.com\/it\/wp-json\/wp\/v2\/comments?post=6142"}],"wp:featuredmedia":[{"embeddable":true,"href":"https:\/\/fengchashop.com\/it\/wp-json\/wp\/v2\/media\/6143"}],"wp:attachment":[{"href":"https:\/\/fengchashop.com\/it\/wp-json\/wp\/v2\/media?parent=6142"}],"wp:term":[{"taxonomy":"product_brand","embeddable":true,"href":"https:\/\/fengchashop.com\/it\/wp-json\/wp\/v2\/product_brand?post=6142"},{"taxonomy":"product_cat","embeddable":true,"href":"https:\/\/fengchashop.com\/it\/wp-json\/wp\/v2\/product_cat?post=6142"},{"taxonomy":"product_tag","embeddable":true,"href":"https:\/\/fengchashop.com\/it\/wp-json\/wp\/v2\/product_tag?post=6142"}],"curies":[{"name":"wp","href":"https:\/\/api.w.org\/{rel}","templated":true}]}}