{"id":6136,"date":"2022-03-03T19:31:11","date_gmt":"2022-03-03T18:31:11","guid":{"rendered":"https:\/\/fengchashop.com\/it\/product\/spirulina-in-polvere-bio-250-g\/"},"modified":"2026-04-18T19:02:16","modified_gmt":"2026-04-18T17:02:16","slug":"spirulina-in-polvere-bio","status":"publish","type":"product","link":"https:\/\/fengchashop.com\/it\/product\/spirulina-in-polvere-bio\/","title":{"rendered":"Spirulina in polvere BIO 250 g"},"content":{"rendered":"<h2><span style=\"color: #000000\">Spirulina in polvere BIO<\/span><\/h2>\n<p><span style=\"color: #000000\">La spirulina, nota come superfood naturale, prospera al meglio nelle acque ricche di minerali del caldo mare tropicale. Chiamata cos\u00ec per la sua forma a spirale, \u00e8 considerata una delle prime forme di vita sulla Terra.<strong> Era gi\u00e0<\/strong> estremamente popolare e<strong> apprezzata dagli Aztechi.<\/strong> Tradizionalmente, veniva utilizzata per preparare stufati e dolci vari e veniva consumata per ottenere forza e resistenza. Negli ultimi anni, tuttavia, la spirulina ha riacquistato popolarit\u00e0. Da qualche anno \u00e8 uno dei migliori e pi\u00f9 popolari superalimenti. \u00c8 stata approvata anche dalla FDA e dall&#8217;OMS e si dice che venga consumata dagli astronauti in missione. La spirulina \u00e8 ricca di minerali e sali provenienti dal mare, dagli oceani. Questi contengono gli stessi minerali del sangue umano. Le alghe contengono quindi <strong>vitamine e minerali<\/strong> naturali che vengono<strong> facilmente digeriti<\/strong> dall&#8217;organismo<strong>.<\/strong><\/span><\/p>\n<p><span style=\"color: #000000\">La spirulina e le altre alghe sono pi\u00f9 comunemente consumate in polvere. Tuttavia, offriamo anche la spirulina in compresse.<\/span><\/p>\n<p><span style=\"color: #000000\">La nostra spirulina \u00e8 prodotta biologicamente.<\/span><\/p>\n<h2><span style=\"color: #000000\">Quali sono i benefici della spirulina?<\/span><\/h2>\n<p><span style=\"color: #000000\">Contiene <strong>clorofilla,<\/strong> un&#8217;alta percentuale di proteine, tutti gli <strong>aminoacidi essenziali<\/strong> e solo una piccola percentuale di grassi prevalentemente insaturi. La clorofilla \u00e8 talvolta chiamata &#8220;sangue verde&#8221; perch\u00e9 la sua composizione molecolare \u00e8 estremamente simile a quella dell&#8217;emoglobina e quindi \u00e8 adatta a noi &#8211; migliora l&#8217;emocromo. La spirulina \u00e8 anche altamente digeribile grazie alla sua parete cellulare, composta da mucopolisaccaridi digeribili (anzich\u00e9 da cellulosa come in altre piante). Tra gli aminoacidi, il pi\u00f9 importante \u00e8 l&#8217;<strong>acido gamma-linolenico<\/strong> (GLA), che si trova solo nel latte materno, nell&#8217;olio di cartamo, nei semi di canapa e in alcune altre alghe. \u00c8 antinfiammatorio, aiuta ad abbassare la pressione sanguigna e a migliorare la funzione nervosa, e contrasta le allergie promuovendo una risposta sana agli allergeni. Contiene inoltre<strong> ficocianina, che<\/strong> stimola la produzione di cellule staminali.<\/span><\/p>\n<p><span style=\"color: #000000\">Ha anche un effetto benefico sulla digestione, stimolando la crescita di batteri buoni nell&#8217;intestino e migliorando la flora intestinale. La spirulina \u00e8 un ottimo supporto per un&#8217;alimentazione sana e per varie diete (per la perdita di peso).<\/span><\/p>\n<p><span style=\"color: #000000\">La spirulina \u00e8 una ricca fonte naturale di potassio, oltre che di ferro, calcio, zinco, sodio, manganese, magnesio, selenio, iodio, cromo e persino zolfo. Contiene anche betacarotene ed elettroliti. Le vitamine pi\u00f9 importanti sono A1, B1, B2, B3, B6, B9, B12, C, D ed E.<\/span><\/p>\n<p><span style=\"color: #000000\">Oltre a quanto sopra, la spirulina fa bene anche ai capelli e alla pelle. Previene l&#8217;eccessiva caduta dei capelli, li rafforza ed elimina la forfora. Lenisce la pelle, ripristina l&#8217;elasticit\u00e0 e rallenta l&#8217;invecchiamento. Con un quarto di cucchiaino di spirulina e qualche goccia d&#8217;acqua, si pu\u00f2 preparare una maschera per il viso da applicare sulla pelle pulita del viso e lasciare in posa per 20 minuti. Quindi risciacquare bene e idratare con una crema. Potete ripetere il procedimento 2-3 volte alla settimana.<\/span><\/p>\n<h2><span style=\"color: #000000\">Perch\u00e9 la spirulina \u00e8 chiamata superfood e perch\u00e9 fa bene?<\/span><\/h2>\n<p><span style=\"color: #000000\">La spirulina ha una composizione unica che comprende un&#8217;elevata quantit\u00e0 di proteine vegetali (tra cui proteine e aminoacidi essenziali), vitamine, minerali e altri importanti principi attivi. La sua composizione unica nutre completamente le cellule dell&#8217;organismo umano. Inoltre, favorisce il rafforzamento del sistema immunitario, allevia i sintomi delle allergie riducendo la secrezione di istamina, protegge dalle infezioni di un&#8217;ampia variet\u00e0 di microbi e ha propriet\u00e0 probiotiche. Elimina i metalli pesanti dal corpo e quindi disintossica.<\/span><\/p>\n<p><span style=\"color: #000000\">Viene anche definita un superalimento perch\u00e9 ha un elevato rapporto di efficienza proteica, in quanto le proteine della spirulina sono facilmente digeribili e possono essere utilizzate in modo efficiente dall&#8217;organismo nei suoi processi.<\/span><\/p>\n<p><span style=\"color: #000000\">La spirulina \u00e8 una piccola pianta microscopica di colore blu-verde che \u00e8 bene consumare perch\u00e9:<\/span><\/p>\n<p><span style=\"color: #000000\"> \ud83d\udc9a contiene uno spettro completo di micronutrienti che nutrono il corpo e la mente,<\/span><br \/>\n<span style=\"color: #000000\"><strong> \ud83d\udc9a rafforza il sistema immunitario<\/strong> perch\u00e9 \u00e8 un potente antiossidante,<\/span><br \/>\n<span style=\"color: #000000\"><strong>\ud83d\udc9a disintossica l&#8217;organismo<\/strong> legando le tossine,<\/span><br \/>\n<span style=\"color: #000000\">\ud83d\udc9a controlla l&#8217;appetito e aiuta a controllare il peso,<\/span><br \/>\n<span style=\"color: #000000\">\ud83d\udc9a \u00e8 una<strong> ricca fonte di proteine vegetali<\/strong>, che rappresentano il 60-70% delle proteine della dieta.<\/span><\/p>\n<h2><span style=\"color: #000000\">Conservazione e avvertenze<\/span><\/h2>\n<p><span style=\"color: #000000\">Conservare in un luogo fresco e asciutto a una temperatura massima di 25 \u00b0C. Tenere l&#8217;integratore alimentare fuori dalla portata dei bambini!<\/span><\/p>\n<p><span style=\"color: #000000\">Ricordare l&#8217;importanza di una dieta varia e di uno stile di vita sano; un integratore alimentare non sostituisce quindi una dieta equilibrata e varia. Non superare la quantit\u00e0 o la dose giornaliera raccomandata. Alle donne in gravidanza e in allattamento si consiglia sempre di consultare un medico prima dell&#8217;uso.<\/span><\/p>\n<p><span style=\"color: #000000\">La spirulina pu\u00f2 contenere solfiti, naturalmente presenti nelle alghe.<\/span><\/p>\n<h2><span style=\"color: #000000\">Confezione<\/span><\/h2>\n<p><span style=\"color: #000000\">Sacchetto non permeabile con chiusura a zip, in cui il prodotto conserva tutta la sua freschezza e il suo aroma. La confezione protegge dalla luce e dall&#8217;aria, essendo composta da diversi strati di protezione che preservano le propriet\u00e0 del contenuto.<\/span><\/p>\n<p><span style=\"color: #000000\">La confezione \u00e8 molto pratica e riciclabile.<\/span><\/p>\n<h2><span style=\"color: #000000\">Origine<\/span><\/h2>\n<p><span style=\"color: #000000\">Cina.<\/span><\/p>\n<p><span style=\"color: #000000\">Abbiamo fornitori molto affidabili che ci inviano un&#8217;analisi chimica dettagliata degli alimenti per ogni lotto. In pi\u00f9 di dieci anni, non abbiamo avuto alcun richiamo o altro problema con questo articolo, n\u00e9 con altri articoli dello stesso fornitore.<\/span><\/p>\n<p><span style=\"color: #000000\">L&#8217;articolo \u00e8 certificato biologico al 100%.<\/span><\/p>\n","protected":false},"excerpt":{"rendered":"<p align=\"JUSTIFY\">La spirulina, nota come superalimento naturale, prospera al meglio nelle acque ricche di minerali del caldo mare tropicale. La spirulina \u00e8 ricca di minerali e sali provenienti dal mare, dall&#8217;oceano. E contiene gli stessi minerali del sangue umano. Le alghe contengono quindi vitamine e minerali naturali che vengono facilmente digeriti dall&#8217;organismo.<\/p>\n<p align=\"JUSTIFY\"><span style=\"color: #000000\">\ud83d\udc9a Rafforzano il sistema immunitario perch\u00e9 sono un potente antiossidante.<\/span><br \/>\n<span style=\"color: #000000\">\ud83d\udc9a Disintossica l&#8217;organismo legando le tossine.<\/span><br \/>\n<span style=\"color: #000000\">\ud83d\udc9a Controlla l&#8217;appetito e aiuta a controllare il peso.<\/span><br \/>\n<span style=\"color: #000000\">\ud83d\udc9a \u00c8 una ricca fonte di proteine vegetali.<\/span><\/p>\n<p align=\"JUSTIFY\">\n","protected":false},"featured_media":6137,"comment_status":"open","ping_status":"closed","template":"","meta":{"_acf_changed":false},"product_brand":[],"product_cat":[222,247,217,195,224,15],"product_tag":[],"class_list":{"0":"post-6136","1":"product","2":"type-product","3":"status-publish","4":"has-post-thumbnail","6":"product_cat-alghe-e-erbe","7":"product_cat-buone-offerte","8":"product_cat-offerta","9":"product_cat-superfood","10":"product_cat-tutti-gli-articoli","11":"product_cat-uncategorized","13":"first","14":"instock","15":"sale","16":"taxable","17":"shipping-taxable","18":"purchasable","19":"product-type-simple"},"acf":[],"_links":{"self":[{"href":"https:\/\/fengchashop.com\/it\/wp-json\/wp\/v2\/product\/6136","targetHints":{"allow":["GET"]}}],"collection":[{"href":"https:\/\/fengchashop.com\/it\/wp-json\/wp\/v2\/product"}],"about":[{"href":"https:\/\/fengchashop.com\/it\/wp-json\/wp\/v2\/types\/product"}],"replies":[{"embeddable":true,"href":"https:\/\/fengchashop.com\/it\/wp-json\/wp\/v2\/comments?post=6136"}],"wp:featuredmedia":[{"embeddable":true,"href":"https:\/\/fengchashop.com\/it\/wp-json\/wp\/v2\/media\/6137"}],"wp:attachment":[{"href":"https:\/\/fengchashop.com\/it\/wp-json\/wp\/v2\/media?parent=6136"}],"wp:term":[{"taxonomy":"product_brand","embeddable":true,"href":"https:\/\/fengchashop.com\/it\/wp-json\/wp\/v2\/product_brand?post=6136"},{"taxonomy":"product_cat","embeddable":true,"href":"https:\/\/fengchashop.com\/it\/wp-json\/wp\/v2\/product_cat?post=6136"},{"taxonomy":"product_tag","embeddable":true,"href":"https:\/\/fengchashop.com\/it\/wp-json\/wp\/v2\/product_tag?post=6136"}],"curies":[{"name":"wp","href":"https:\/\/api.w.org\/{rel}","templated":true}]}}