{"id":6127,"date":"2022-03-03T10:14:54","date_gmt":"2022-03-03T09:14:54","guid":{"rendered":"https:\/\/fengchashop.com\/it\/product\/cardo-mariano-biologico-in-polvere-250-g\/"},"modified":"2026-04-29T12:14:07","modified_gmt":"2026-04-29T10:14:07","slug":"cardo-mariano-biologico-in-polvere","status":"publish","type":"product","link":"https:\/\/fengchashop.com\/it\/product\/cardo-mariano-biologico-in-polvere\/","title":{"rendered":"Cardo mariano biologico in polvere 250 g"},"content":{"rendered":"<h2><span style=\"color: #000000\">Cardo mariano BIO in polvere<\/span><\/h2>\n<p><span style=\"color: #000000\">Il cardo mariano in polvere (Silybum marianum) \u00e8 prodotto biologicamente e di qualit\u00e0 superiore.<\/span><\/p>\n<p><span style=\"color: #000000\">Talvolta chiamato anche cardo di Santa Maria, \u00e8 l&#8217;erba pi\u00f9 conosciuta<strong> per il trattamento delle malattie del fegato.<\/strong> \u00c8 stata coltivata fin dall&#8217;antica Grecia e Roma. Cresce in molte parti dell&#8217;Europa e dell&#8217;Asia.<\/span><\/p>\n<p><span style=\"color: #000000\">Il cardo mariano pu\u00f2 essere consumato da chiunque voglia proteggere il proprio fegato, abbia una dieta poco sana, bruciori di stomaco, altri problemi digestivi o sia costantemente stressato. Ricordiamo che tutto ci\u00f2 che mangiamo e beviamo passa anche attraverso il fegato. Come un filtro, rimuove le sostanze tossiche dall&#8217;organismo.<\/span><\/p>\n<p><span style=\"color: #000000\">L&#8217;alcefalo, in particolare, protegge il fegato dalle tossine e <strong>aiuta la disintossicazione.<\/strong> Aiuta anche a contrastare i danni al fegato causati dal trattamento del cancro. La sostanza chiave \u00e8 la <strong>silimarina.<\/strong> Questa protegge la parete cellulare impedendo l&#8217;ingresso di sostanze nocive. La silimarina rigenera e stimola le cellule epatiche. Agisce sui danni al fegato e sulle infiammazioni epatiche e aiuta anche in caso di cirrosi ed epatite.<\/span><\/p>\n<p><span style=\"color: #000000\">Aiuta anche in caso di <strong>indigestione, spasmi degli organi interni, previene i calcoli biliari e favorisce il flusso della bile.<\/strong><\/span><\/p>\n<h2><span style=\"color: #000000\">Come funziona il cardo mariano?<\/span><\/h2>\n<p><span style=\"color: #000000\">Il fegato \u00e8 l&#8217;organo pi\u00f9 importante per la pulizia e la disintossicazione dell&#8217;organismo. Nel mondo moderno &#8211; pieno di cibi elaborati e di stress &#8211; il fegato \u00e8 spesso eccessivamente intasato, con effetti negativi, tra l&#8217;altro, sulla nostra salute. Il fegato non riesce a fare il suo lavoro, o lo fa solo con difficolt\u00e0. Ne consegue una <strong>sensazione di malessere, gonfiore e stanchezza.<\/strong> Spesso si nota anche un accumulo eccessivo di grasso intorno alla vita e un eccesso di peso. In caso contrario, la condizione pu\u00f2 progredire senza sintomi evidenti, ma pu\u00f2 portare a problemi e malattie gravi.<\/span><\/p>\n<p><span style=\"color: #000000\">\u00c8 stato dimostrato che l&#8217;ape maculata aiuta a proteggere il fegato e a disintossicare l&#8217;organismo.<\/span><\/p>\n<p><span style=\"color: #000000\">Grazie al suo principio attivo centrale (la silimarina), si ritiene che il cardo mariano abbia anche <strong>un effetto sulla riduzione dei processi ossidativi<\/strong>, aumentando le sostanze protettive naturali e eliminando i radicali liberi grazie alla sua azione antiossidante.<\/span><\/p>\n<h2><span style=\"color: #000000\">A chi \u00e8 consigliata l&#8217;assunzione di polvere di cardo mariano?<\/span><\/h2>\n<p><span style=\"color: #000000\">Il cardo mariano \u00e8 consigliato soprattutto a chi soffre di problemi epatici, con fegato grasso, gonfiore e bruciore nella zona delle costole. L&#8217;assunzione di cardo mariano \u00e8 anche un&#8217;ottima cura disintossicante. L&#8217;<strong> inquinamento ambientale, il sovrappeso<\/strong> o l&#8217;obesit\u00e0, il <strong>consumo di cibi elaborati e grassi e di alcol, uno stile di vita eccessivamente sedentario<\/strong> possono portare al fegato grasso. Poich\u00e9 la condizione si manifesta raramente con sintomi o diventa evidente quando la malattia \u00e8 gi\u00e0 avanzata, \u00e8 importante adottare<strong> misure preventive.<\/strong><\/span><\/p>\n<h2><span style=\"color: #000000\">Conservazione e avvertenze<\/span><\/h2>\n<p><span style=\"color: #000000\">Conservare in un luogo fresco e asciutto a una temperatura massima di 25 \u00b0C. Tenere l&#8217;integratore alimentare fuori dalla portata dei bambini!<\/span><\/p>\n<p><span style=\"color: #000000\">Ricordare l&#8217;importanza di una dieta varia e di uno stile di vita sano; un integratore alimentare non sostituisce quindi una dieta equilibrata e varia. Non superare la quantit\u00e0 o la dose giornaliera raccomandata. Se ne sconsiglia l&#8217;uso alle donne in gravidanza e alle madri che allattano. Si raccomanda inoltre cautela in caso di assunzione di alcuni farmaci per il diabete.<\/span><\/p>\n<h2><span style=\"color: #000000\">Confezione<\/span><\/h2>\n<p><span style=\"color: #000000\">Sacchetto non permeabile con chiusura a zip, in cui il prodotto conserva tutta la sua freschezza e il suo aroma. La confezione protegge il prodotto dalla luce e dall&#8217;aria, essendo composta da diversi strati di protezione per preservare le propriet\u00e0 del contenuto.<\/span><\/p>\n<p><span style=\"color: #000000\">La confezione \u00e8 molto pratica e riciclabile.<\/span><\/p>\n<h2><span style=\"color: #000000\">Origine<\/span><\/h2>\n<p><span style=\"color: #000000\">India<\/span><\/p>\n","protected":false},"excerpt":{"rendered":"<p align=\"JUSTIFY\">Talvolta chiamato anche cardo di Santa Maria, il pungitopo \u00e8 l&#8217;erba pi\u00f9 conosciuta per il trattamento delle malattie del fegato, in quanto:<\/p>\n<p align=\"JUSTIFY\"><span style=\"color: #000000\"> \ud83d\udc9a protegge il fegato dalle tossine,<\/span><br \/>\n<span style=\"color: #000000\"> \ud83d\udc9a aiuta la disintossicazione,<\/span><br \/>\n<span style=\"color: #000000\"> \ud83d\udc9a ha propriet\u00e0 antiossidanti,<\/span><br \/>\n<span style=\"color: #000000\">\ud83d\udc9a allevia le malattie del fegato.<\/span><\/p>\n<p align=\"JUSTIFY\">\n","protected":false},"featured_media":6128,"comment_status":"open","ping_status":"closed","template":"","meta":{"_acf_changed":false},"product_brand":[],"product_cat":[194,217,195,224,15],"product_tag":[],"class_list":{"0":"post-6127","1":"product","2":"type-product","3":"status-publish","4":"has-post-thumbnail","6":"product_cat-ayurveda","7":"product_cat-offerta","8":"product_cat-superfood","9":"product_cat-tutti-gli-articoli","10":"product_cat-uncategorized","12":"first","13":"instock","14":"taxable","15":"shipping-taxable","16":"purchasable","17":"product-type-simple"},"acf":[],"_links":{"self":[{"href":"https:\/\/fengchashop.com\/it\/wp-json\/wp\/v2\/product\/6127","targetHints":{"allow":["GET"]}}],"collection":[{"href":"https:\/\/fengchashop.com\/it\/wp-json\/wp\/v2\/product"}],"about":[{"href":"https:\/\/fengchashop.com\/it\/wp-json\/wp\/v2\/types\/product"}],"replies":[{"embeddable":true,"href":"https:\/\/fengchashop.com\/it\/wp-json\/wp\/v2\/comments?post=6127"}],"wp:featuredmedia":[{"embeddable":true,"href":"https:\/\/fengchashop.com\/it\/wp-json\/wp\/v2\/media\/6128"}],"wp:attachment":[{"href":"https:\/\/fengchashop.com\/it\/wp-json\/wp\/v2\/media?parent=6127"}],"wp:term":[{"taxonomy":"product_brand","embeddable":true,"href":"https:\/\/fengchashop.com\/it\/wp-json\/wp\/v2\/product_brand?post=6127"},{"taxonomy":"product_cat","embeddable":true,"href":"https:\/\/fengchashop.com\/it\/wp-json\/wp\/v2\/product_cat?post=6127"},{"taxonomy":"product_tag","embeddable":true,"href":"https:\/\/fengchashop.com\/it\/wp-json\/wp\/v2\/product_tag?post=6127"}],"curies":[{"name":"wp","href":"https:\/\/api.w.org\/{rel}","templated":true}]}}