{"id":6125,"date":"2022-03-03T09:56:17","date_gmt":"2022-03-03T08:56:17","guid":{"rendered":"https:\/\/fengchashop.com\/it\/product\/amla-in-polvere-bio-250-g\/"},"modified":"2026-05-05T10:33:20","modified_gmt":"2026-05-05T08:33:20","slug":"amla-in-polvere-bio","status":"publish","type":"product","link":"https:\/\/fengchashop.com\/it\/product\/amla-in-polvere-bio\/","title":{"rendered":"Amla in polvere BIO 250 g"},"content":{"rendered":"<h2><span style=\"color: #000000\">Amla in polvere BIO<\/span><\/h2>\n<p><span style=\"color: #000000\">L&#8217;amla \u00e8 nota anche come<strong> amalaki o uva spina indiana.<\/strong> L&#8217;amla \u00e8 un frutto verde simile all&#8217;uva spina con un interessante sapore agrodolce. In Ayurveda \u00e8 considerato il <strong>frutto della giovinezza e della bellezza.<\/strong> In Oriente, l&#8217;amla \u00e8 celebrata come dono di Dio all&#8217;umanit\u00e0. Si trova nelle zone di bassa montagna del subcontinente indiano. Il frutto dell&#8217;amla viene semplicemente essiccato e macinato delicatamente in una polvere fine. Secondo l&#8217;Ayurveda, l&#8217;amla bilancia le tre energie vitali (vata, pitta e kapha).<\/span><\/p>\n<p><span style=\"color: #000000\">L&#8217;amla \u00e8 estremamente <strong>ricca di vitamina C<\/strong> (circa 4 g per 100 g di polvere) e contiene anche molti <strong>antiossidanti, tannini, flavonoidi, lipidi, vitamine e minerali e altri oli essenziali<\/strong>.<\/span><\/p>\n<p><span style=\"color: #000000\">Effetti:<\/span><\/p>\n<p><span style=\"color: #000000\"> \ud83d\udc9a migliora il <strong>sistema immunitario<\/strong>,<\/span><br \/>\n<span style=\"color: #000000\"> \ud83d\udc9a <strong>ringiovanisce<\/strong> (effetto anti-et\u00e0),<\/span><br \/>\n<span style=\"color: #000000\">\ud83d\udc9a rafforza il <strong>sistema cardiovascolare<\/strong><\/span><br \/>\n<span style=\"color: #000000\">\ud83d\udc9a stimola la<strong> crescita dei capelli,<\/strong><\/span><br \/>\n<span style=\"color: #000000\">\ud83d\udc9a pulisce e <strong>idrata la pelle,<\/strong><\/span><br \/>\n<span style=\"color: #000000\"><strong> \ud83d\udc9a migliora la digestione<\/strong> e agisce come leggero diuretico,<\/span><br \/>\n<span style=\"color: #000000\">\ud83d\udc9a azione<strong> antivirale e antibatterica<\/strong>,<\/span><br \/>\n<span style=\"color: #000000\"> <strong> \ud83d\udc9a distrugge i radicali liberi.<\/strong><\/span><\/p>\n<p><span style=\"color: #000000\">\u00c8 anche tradizionalmente usato per rimediare ai<strong>problemi del cuoio capelluto e alla pelle impura<\/strong>. Si pu\u00f2 fare una pasta per il cuoio capelluto o una maschera per il viso.<\/span><br \/>\n<span style=\"color: #000000\">Agisce <strong>contro la caduta dei capelli, rafforza il cuoio capelluto e, con un uso regolare, pu\u00f2 ridare colore ai capelli ingrigiti.<\/strong> Si mescola bene con altre tinte naturali per capelli.<\/span><\/p>\n<p><span style=\"color: #000000\">Agisce anche sull&#8217;<strong>elasticit\u00e0 della pelle, la pulisce e previene le rughe.<\/strong><\/span><\/p>\n<h2><span style=\"color: #000000\">Conservazione e avvertenze<\/span><\/h2>\n<p><span style=\"color: #000000\">Conservare in luogo fresco e asciutto. Tenere l&#8217;integratore alimentare fuori dalla portata dei bambini!<\/span><\/p>\n<p><span style=\"color: #000000\">Ricordare l&#8217;importanza di una dieta varia e di uno stile di vita sano; un integratore alimentare non sostituisce quindi una dieta equilibrata e varia. Non superare la quantit\u00e0 o la dose giornaliera raccomandata. Alle donne in gravidanza e in allattamento si consiglia sempre di consultare un medico prima dell&#8217;uso.<\/span><\/p>\n<h2><span style=\"color: #000000\">Confezione<\/span><\/h2>\n<p><span style=\"color: #000000\">Sacchetto non permeabile con chiusura a zip in cui il prodotto conserva tutta la sua freschezza e il suo aroma. La confezione protegge il prodotto dalla luce e dall&#8217;aria, essendo composta da diversi strati di protezione per preservare le propriet\u00e0 del contenuto.<\/span><\/p>\n<p><span style=\"color: #000000\">La confezione \u00e8 molto pratica e riciclabile.<\/span><\/p>\n<h2><span style=\"color: #000000\">Origine<\/span><\/h2>\n<p><span style=\"color: #000000\">India<\/span><\/p>\n","protected":false},"excerpt":{"rendered":"<p align=\"JUSTIFY\"><span style=\"color: #000000\">L&#8217;amla \u00e8 nota anche come amalaki o uva spina indiana. L&#8217;amla \u00e8 un frutto verde simile all&#8217;uva spina con un interessante sapore agrodolce. In Ayurveda \u00e8 considerato il frutto della giovinezza e della bellezza. In Oriente, l&#8217;amla \u00e8 celebrata come dono di Dio all&#8217;umanit\u00e0 perch\u00e9:<\/span><\/p>\n<p align=\"JUSTIFY\"><span style=\"color: #000000\"> \ud83d\udc9a stimola la crescita dei capelli,<\/span><br \/>\n<span style=\"color: #000000\"> \ud83d\udc9a pulisce e idrata la pelle,<\/span><br \/>\n<span style=\"color: #000000\">\ud83d\udc9a rafforza il sistema immunitario,<\/span><br \/>\n<span style=\"color: #000000\">\ud83d\udc9a ringiovanisce.<\/span><\/p>\n<p align=\"JUSTIFY\">\n","protected":false},"featured_media":6126,"comment_status":"open","ping_status":"closed","template":"","meta":{"_acf_changed":false},"product_brand":[],"product_cat":[194,217,195,224,15],"product_tag":[],"class_list":{"0":"post-6125","1":"product","2":"type-product","3":"status-publish","4":"has-post-thumbnail","6":"product_cat-ayurveda","7":"product_cat-offerta","8":"product_cat-superfood","9":"product_cat-tutti-gli-articoli","10":"product_cat-uncategorized","12":"first","13":"instock","14":"sale","15":"taxable","16":"shipping-taxable","17":"purchasable","18":"product-type-simple"},"acf":[],"_links":{"self":[{"href":"https:\/\/fengchashop.com\/it\/wp-json\/wp\/v2\/product\/6125","targetHints":{"allow":["GET"]}}],"collection":[{"href":"https:\/\/fengchashop.com\/it\/wp-json\/wp\/v2\/product"}],"about":[{"href":"https:\/\/fengchashop.com\/it\/wp-json\/wp\/v2\/types\/product"}],"replies":[{"embeddable":true,"href":"https:\/\/fengchashop.com\/it\/wp-json\/wp\/v2\/comments?post=6125"}],"wp:featuredmedia":[{"embeddable":true,"href":"https:\/\/fengchashop.com\/it\/wp-json\/wp\/v2\/media\/6126"}],"wp:attachment":[{"href":"https:\/\/fengchashop.com\/it\/wp-json\/wp\/v2\/media?parent=6125"}],"wp:term":[{"taxonomy":"product_brand","embeddable":true,"href":"https:\/\/fengchashop.com\/it\/wp-json\/wp\/v2\/product_brand?post=6125"},{"taxonomy":"product_cat","embeddable":true,"href":"https:\/\/fengchashop.com\/it\/wp-json\/wp\/v2\/product_cat?post=6125"},{"taxonomy":"product_tag","embeddable":true,"href":"https:\/\/fengchashop.com\/it\/wp-json\/wp\/v2\/product_tag?post=6125"}],"curies":[{"name":"wp","href":"https:\/\/api.w.org\/{rel}","templated":true}]}}