{"id":6123,"date":"2022-03-03T09:39:04","date_gmt":"2022-03-03T08:39:04","guid":{"rendered":"https:\/\/fengchashop.com\/it\/product\/tribulus-terrestris-bio-250-g\/"},"modified":"2026-04-29T22:23:51","modified_gmt":"2026-04-29T20:23:51","slug":"tribulus-terrestris-bio","status":"publish","type":"product","link":"https:\/\/fengchashop.com\/it\/product\/tribulus-terrestris-bio\/","title":{"rendered":"Tribulus terrestris BIO 250 g"},"content":{"rendered":"<h2><span style=\"color: #000000\">Tribulus terrestris BIO in polvere<\/span><\/h2>\n<p><span style=\"color: #000000\">Il tribulus terrestris (anche <strong>gokshura<\/strong>) \u00e8 una pianta che cresce nel nostro Paese, anche se si vede pi\u00f9 raramente. \u00c8 nota come <strong>erba dei denti.<\/strong> Essendo un&#8217;erba piuttosto diffusa nel mondo, a volte viene considerata un&#8217;erbaccia. Nel nostro Paese cresce pi\u00f9 spesso lungo i bordi delle strade o dei binari ferroviari. \u00c8 una pianta a bassa crescita con piccoli fiori gialli. I suoi frutti, estremamente duri e pungenti, vengono utilizzati per produrre una serie di integratori alimentari che<strong> migliorano la potenza sessuale e aumentano i livelli di testosterone nell&#8217;organismo.<\/strong> Per questo motivo occupa un posto speciale nella medicina tradizionale cinese e nell&#8217;Ayurveda, in quanto \u00e8 considerata un <strong>afrodisiaco naturale.<\/strong> Inoltre, ha altri benefici che agiscono principalmente sugli uomini. <strong>Viene utilizzato per i disturbi sessuali, tra cui la disfunzione erettile.<\/strong><\/span><\/p>\n<p><span style=\"color: #000000\">Poich\u00e9 il cardo mariano aumenta il livello dell&#8217;ormone testosterone, viene spesso utilizzato anche da chi vuole aumentare il proprio tono muscolare, come culturisti e atleti. Gli atleti sono convinti che il cardo mariano abbia un&#8217;azione anabolizzante. Infatti, alti livelli di testosterone stimolano la sintesi proteica. Questo aumenta la massa muscolare negli atleti, e di conseguenza la resistenza, l&#8217;energia e la forza.<\/span><\/p>\n<h2><span style=\"color: #000000\">Chi pu\u00f2 trarre beneficio dall&#8217;assunzione del tribulus terrestris?<\/span><\/h2>\n<p><span style=\"color: #000000\">I principi attivi presenti nel tribulus terrestris comprendono<strong> saponine, flavonoidi, alcaloidi, glicosidi e ammidi di lignina.<\/strong> Il tribolo contiene l&#8217;<strong>ormone luteinizzante,<\/strong> che si ritiene stimoli i testicoli a produrre l&#8217;ormone testosterone. Questo regola la funzione dei testicoli negli uomini e delle ovaie nelle donne. Svolge quindi un ruolo importante nel ciclo mestruale delle donne.<\/span><\/p>\n<p><span style=\"color: #000000\">Gli uomini di mezza et\u00e0 subiscono cambiamenti ormonali simili a quelli delle donne in menopausa. Il calo dei livelli di testosterone altera l&#8217;equilibrio degli ormoni sessuali, causando negli uomini problemi simili a quelli delle donne in menopausa. Questo fenomeno \u00e8 chiamato <strong>andropausa<\/strong> o menopausa maschile. I bassi livelli di testosterone possono causare un calo di energia, un aumento del colesterolo e della glicemia, una diminuzione della memoria e della concentrazione, sonno agitato, pressione alta e altri problemi simili, come irritabilit\u00e0, irrequietezza e un aumento dell&#8217;accumulo di cuscinetti di grasso intorno alla vita. Livelli normali, cio\u00e8 pi\u00f9 elevati, di testosterone negli uomini sono importanti anche per la salute del cuore e dei vasi sanguigni.<\/span><\/p>\n<p><span style=\"color: #000000\">L&#8217;assunzione di tribulus terrestris \u00e8 quindi utile in diversi ambiti della salute e del benessere maschile. Tuttavia, \u00e8 particolarmente indicato per le persone di mezza et\u00e0 e anziane che stanno gi\u00e0 sperimentando gli effetti del calo della potenza sessuale e del desiderio sessuale. Sebbene sia destinato soprattutto agli uomini, in quanto aumenta i livelli dell&#8217;ormone sessuale maschile testosterone,<strong> pu\u00f2 essere utilizzato anche dalle donne<\/strong> come afrodisiaco naturale. Pu\u00f2 anche aumentare la fertilit\u00e0 femminile, aiutare a risolvere i problemi mestruali e quelli legati alla menopausa. Poich\u00e9 pu\u00f2 favorire il naturale equilibrio dell&#8217;ormone femminile, ha anche un effetto positivo sul nostro benessere mentale.<\/span><\/p>\n<h2><span style=\"color: #000000\">Conservazione e avvertenze<\/span><\/h2>\n<p><span style=\"color: #000000\">Conservare in un luogo fresco e asciutto. Tenere l&#8217;integratore alimentare fuori dalla portata dei bambini!<\/span><\/p>\n<p><span style=\"color: #000000\">Ricordare l&#8217;importanza di una dieta varia e di uno stile di vita sano; un integratore alimentare non sostituisce quindi una dieta equilibrata e varia. Non superare la quantit\u00e0 o la dose giornaliera raccomandata. Non \u00e8 adatto ai bambini, alle donne in gravidanza e alle madri che allattano.<\/span><\/p>\n<p><span style=\"color: #000000\">Poich\u00e9 pu\u00f2 aumentare le dimensioni della ghiandola prostatica, se ne sconsiglia l&#8217;uso agli uomini con prostata ingrossata. \u00c8 sconsigliato anche alle donne che hanno avuto un tumore al seno o all&#8217;utero.<\/span><\/p>\n<h2><span style=\"color: #000000\">Confezione<\/span><\/h2>\n<p><span style=\"color: #000000\">Sacchetto non permeabile con chiusura a zip in cui il prodotto conserva tutta la freschezza e l&#8217;aroma. La confezione protegge il prodotto dalla luce e dall&#8217;aria, essendo composta da diversi strati di protezione per preservare le propriet\u00e0 del contenuto.<\/span><\/p>\n<p><span style=\"color: #000000\">La confezione \u00e8 molto pratica e riciclabile.<\/span><\/p>\n<h2><span style=\"color: #000000\">Origine<\/span><\/h2>\n<p><span style=\"color: #000000\">India<\/span><\/p>\n","protected":false},"excerpt":{"rendered":"<p align=\"JUSTIFY\"><span style=\"color: #000000\">Tribulus terrestris (anche <strong><em>gokshura<\/em><\/strong>) \u00e8 una pianta che cresce anche qui, anche se si vede pi\u00f9 raramente. \u00c8 nota come<strong> erba dentaria comune<\/strong>. Nel nostro Paese cresce soprattutto lungo i bordi delle strade o dei binari ferroviari. \u00c8 una pianta a bassa crescita con piccoli fiori gialli. I frutti estremamente duri e pungenti della pianta sono utilizzati per produrre una serie di integratori alimentari e stimolanti per la sessualit\u00e0:<\/span><\/p>\n<p align=\"JUSTIFY\"><span style=\"color: #000000\"> \ud83d\udc9a \u00e8 un afrodisiaco naturale,<\/span><br \/>\n<span style=\"color: #000000\"> \ud83d\udc9a aumenta i livelli di testosterone nel corpo,<\/span><br \/>\n<span style=\"color: #000000\">\ud83d\udc9a allevia i sintomi dell&#8217;andropausa,<\/span><br \/>\n<span style=\"color: #000000\">\ud83d\udc9a riduce i problemi associati alle disfunzioni sessuali.<\/span><\/p>\n","protected":false},"featured_media":6124,"comment_status":"open","ping_status":"closed","template":"","meta":{"_acf_changed":false},"product_brand":[],"product_cat":[225,217,195,224,15],"product_tag":[],"class_list":{"0":"post-6123","1":"product","2":"type-product","3":"status-publish","4":"has-post-thumbnail","6":"product_cat-i-piu-venduti","7":"product_cat-offerta","8":"product_cat-superfood","9":"product_cat-tutti-gli-articoli","10":"product_cat-uncategorized","12":"first","13":"instock","14":"sale","15":"taxable","16":"shipping-taxable","17":"purchasable","18":"product-type-simple"},"acf":[],"_links":{"self":[{"href":"https:\/\/fengchashop.com\/it\/wp-json\/wp\/v2\/product\/6123","targetHints":{"allow":["GET"]}}],"collection":[{"href":"https:\/\/fengchashop.com\/it\/wp-json\/wp\/v2\/product"}],"about":[{"href":"https:\/\/fengchashop.com\/it\/wp-json\/wp\/v2\/types\/product"}],"replies":[{"embeddable":true,"href":"https:\/\/fengchashop.com\/it\/wp-json\/wp\/v2\/comments?post=6123"}],"wp:featuredmedia":[{"embeddable":true,"href":"https:\/\/fengchashop.com\/it\/wp-json\/wp\/v2\/media\/6124"}],"wp:attachment":[{"href":"https:\/\/fengchashop.com\/it\/wp-json\/wp\/v2\/media?parent=6123"}],"wp:term":[{"taxonomy":"product_brand","embeddable":true,"href":"https:\/\/fengchashop.com\/it\/wp-json\/wp\/v2\/product_brand?post=6123"},{"taxonomy":"product_cat","embeddable":true,"href":"https:\/\/fengchashop.com\/it\/wp-json\/wp\/v2\/product_cat?post=6123"},{"taxonomy":"product_tag","embeddable":true,"href":"https:\/\/fengchashop.com\/it\/wp-json\/wp\/v2\/product_tag?post=6123"}],"curies":[{"name":"wp","href":"https:\/\/api.w.org\/{rel}","templated":true}]}}