{"id":6102,"date":"2022-02-22T18:24:09","date_gmt":"2022-02-22T17:24:09","guid":{"rendered":"https:\/\/fengchashop.com\/it\/product\/msm-500-g\/"},"modified":"2026-05-09T00:31:18","modified_gmt":"2026-05-08T22:31:18","slug":"msm","status":"publish","type":"product","link":"https:\/\/fengchashop.com\/it\/product\/msm\/","title":{"rendered":"MSM 500 g"},"content":{"rendered":"<div class=\"wpb-content-wrapper\"><p>[vc_row][vc_column][vc_column_text css=&#8221;&#8221;]<\/p>\n<h2><span style=\"color: #000000\">MSM in polvere<\/span><\/h2>\n<p><span style=\"color: #000000\">L&#8217;MSM \u00e8 metilsulfonilmetano, o<strong> zolfo organico<\/strong> nella sua forma alimentare, che si trova come elemento costitutivo delle cellule del corpo umano. L&#8217;MSM \u00e8 prodotto dalla morte e dalla decomposizione del fitoplancton negli oceani, evapora nell&#8217;atmosfera e si deposita nelle nuvole. Torna poi sulla terra sotto forma di precipitazioni e diventa cibo per tutti gli organismi terrestri. L&#8217;MSM \u00e8 particolarmente concentrato nelle piante esposte a forti precipitazioni.<\/span><\/p>\n<p><span style=\"color: #000000\">Un altro fatto importante \u00e8 che l&#8217;MSM \u00e8 il quarto elemento pi\u00f9 necessario nella dieta umana, insieme all&#8217;ossigeno, all&#8217;acqua e al sale, poich\u00e9 lo zolfo \u00e8 essenziale per la rigenerazione e il nutrimento delle cellule sane.<\/span><\/p>\n<p><span style=\"color: #000000\">L&#8217;MSM \u00e8 anche conosciuto come il minerale della bellezza perch\u00e9 ha un effetto benefico su:<\/span><\/p>\n<p><span style=\"color: #000000\"><strong> \ud83d\udc9a rigenerare e promuovere l&#8217;elasticit\u00e0 delle cellule<\/strong>, facilitando il metabolismo cellulare,<\/span><br \/>\n<span style=\"color: #000000\"> \ud83d\udc9a <strong>rigenerare le cellule e i tessuti danneggiati<\/strong>,<\/span><br \/>\n<span style=\"color: #000000\"> \ud83d\udc9a ripristinare il corretto<strong> ph della pelle,<\/strong><\/span><br \/>\n<span style=\"color: #000000\">\ud83d\udc9a alleviare<strong> gonfiori, crampi e dolori<\/strong>.<\/span><\/p>\n<p><span style=\"color: #000000\">L&#8217;MSM \u00e8 un elemento costitutivo essenziale delle cellule dell&#8217;organismo, che diventa carente con l&#8217;et\u00e0.<\/span><\/p>\n<p><span style=\"color: #000000\">Lo zolfo organico \u00e8 presente in tutti gli esseri viventi sulla terra. \u00c8 un componente importante della cheratina, del collagene, dell&#8217;elastina e della cartilagine e partecipa alla formazione dei globuli rossi, dei muscoli, della pelle e dei capelli. Poich\u00e9 influisce sull&#8217;aspetto della pelle, dei capelli e delle unghie, \u00e8 stato definito il minerale della bellezza. L&#8217;MSM \u00e8 uno dei principali componenti degli aminoacidi che costituiscono le proteine e quindi influisce su molti processi del corpo umano: dalla funzione <strong>enzimatica, all&#8217;equilibrio immunitario e ormonale, alla salute di legamenti, tendini e articolazioni.<\/strong><\/span><\/p>\n<p><span style=\"color: #000000\">La<strong>pelle \u00e8 il nostro organo pi\u00f9 grande<\/strong> e riflette in gran parte il nostro stile di vita. Possiamo fare molto per la nostra pelle, che di fatto ci protegge dal mondo esterno, con una dieta corretta e la giusta scelta di integratori alimentari. La CSM vi aiuter\u00e0 a ripristinare la pelle, i capelli, le ossa, le articolazioni e i muscoli.<\/span><\/p>\n<p><span style=\"color: #000000\">Se volete<strong> rinnovare il vostro corpo<\/strong>, ripristinare l&#8217;equilibrio e ringiovanire il vostro aspetto, l&#8217;MSM \u00e8 la scelta giusta. L&#8217;MSM render\u00e0 le vostre cellule di nuovo <strong>brillanti, ringiovanite e piene<\/strong>.<\/span><\/p>\n<p><span style=\"color: #000000\">Poich\u00e9 con l&#8217;avanzare dell&#8217;et\u00e0 la carenza di MSM \u00e8 sempre maggiore e l&#8217;MSM \u00e8 un componente importante, in particolare di cheratina, collagene, elastina e cartilagine, ed \u00e8 coinvolto nella formazione di<strong> globuli rossi, muscoli, pelle e capelli<\/strong>, \u00e8 ragionevole pensare di integrare l&#8217;MSM sotto forma di integratore alimentare.<\/span><\/p>\n<p><span style=\"color: #000000\"><strong>Il nostro MSM \u00e8 ricavato dai pini<\/strong>.<\/span><\/p>\n<p><span style=\"color: #000000\">Il processo di estrazione prevede una <strong>doppia centrifugazione<\/strong> e infine l&#8217;<strong>essiccazione sotto vuoto<\/strong>. Nessun processo di distillazione.<\/span><\/p>\n<p><span style=\"color: #000000\"><strong>La purezza del nostro MSM \u00e8 del 99,00%.<\/strong><\/span><\/p>\n<h2><span style=\"color: #000000\">Conservazione e avvertenze<\/span><\/h2>\n<p><span style=\"color: #000000\">Conservare in un luogo fresco e asciutto a una temperatura massima di 25 \u00b0C. Tenere l&#8217;integratore alimentare fuori dalla portata dei bambini!<\/span><\/p>\n<p><span style=\"color: #000000\">Ricordare l&#8217;importanza di una dieta varia e di uno stile di vita sano; un integratore alimentare non sostituisce quindi una dieta equilibrata e varia. Non superare la quantit\u00e0 o la dose giornaliera raccomandata. Alle donne in gravidanza e in allattamento si consiglia sempre di consultare un medico prima dell&#8217;uso. Si raccomanda cautela in caso di assunzione di farmaci, soprattutto anticoagulanti, poich\u00e9 la MSM fluidifica il sangue.<\/span><\/p>\n<h2><span style=\"color: #000000\">Confezione<\/span><\/h2>\n<p><span style=\"color: #000000\">Sacchetto non permeabile con chiusura a zip, in cui il prodotto conserva tutta la sua freschezza e il suo aroma. La confezione protegge dalla luce e dall&#8217;aria, essendo composta da diversi strati di protezione per preservare le propriet\u00e0 del contenuto.<\/span><\/p>\n<p><span style=\"color: #000000\">La confezione \u00e8 molto pratica e riciclabile.<\/span><\/p>\n<h2><span style=\"color: #000000\">Buono a sapersi<\/span><\/h2>\n<p><span style=\"color: #000000\">Il prodotto \u00e8 adatto anche agli animali. L&#8217;effetto dell&#8217;MSM \u00e8 simile a quello sull&#8217;uomo. Prima dell&#8217;uso, si consiglia di consultare il veterinario sull&#8217;opportunit\u00e0 di assumerlo e sulla quantit\u00e0 giornaliera raccomandata.<\/span><\/p>\n<h2><span style=\"color: #000000\">Origine<\/span><\/h2>\n<p>Fuori dall&#8217;UE[\/vc_column_text][\/vc_column][\/vc_row]<\/p>\n<\/div>","protected":false},"excerpt":{"rendered":"<p align=\"JUSTIFY\">L&#8217;MSM \u00e8 metil-solfinil-metano, o zolfo organico nella sua forma alimentare, che si trova come elemento costitutivo delle cellule ovunque nel corpo umano. Il nostro MSM viene <strong>estratto dai pini<\/strong>. Il processo di estrazione prevede una <strong>doppia centrifugazione e infine l&#8217;essiccazione sotto vuoto<\/strong>. Nessun processo di distillazione. La <strong>purezza<\/strong> garantita <strong>del nostro MSM \u00e8 del 99,00%<\/strong>.<\/p>\n<p align=\"JUSTIFY\"><span style=\"color: #000000\">\ud83d\udc9a <\/span>Ripristina e promuove l&#8217;elasticit\u00e0 delle cellule, facilitando il metabolismo cellulare.<br \/>\n<span style=\"color: #000000\">\ud83d\udc9a <\/span>Aiuta a rigenerare le cellule e i tessuti danneggiati.<br \/>\n<span style=\"color: #000000\">\ud83d\udc9a <\/span>Allevia i dolori articolari e muscolari.<br \/>\n<span style=\"color: #000000\">\ud83d\udc9a <\/span>Aiuta le ferite a guarire pi\u00f9 velocemente e riduce le cicatrici.<\/p>\n","protected":false},"featured_media":6103,"comment_status":"open","ping_status":"closed","template":"","meta":{"_acf_changed":false},"product_brand":[],"product_cat":[203,195,15],"product_tag":[],"class_list":{"0":"post-6102","1":"product","2":"type-product","3":"status-publish","4":"has-post-thumbnail","6":"product_cat-minerali-e-vitamine","7":"product_cat-superfood","8":"product_cat-uncategorized","10":"first","11":"instock","12":"sale","13":"taxable","14":"shipping-taxable","15":"purchasable","16":"product-type-simple"},"acf":[],"_links":{"self":[{"href":"https:\/\/fengchashop.com\/it\/wp-json\/wp\/v2\/product\/6102","targetHints":{"allow":["GET"]}}],"collection":[{"href":"https:\/\/fengchashop.com\/it\/wp-json\/wp\/v2\/product"}],"about":[{"href":"https:\/\/fengchashop.com\/it\/wp-json\/wp\/v2\/types\/product"}],"replies":[{"embeddable":true,"href":"https:\/\/fengchashop.com\/it\/wp-json\/wp\/v2\/comments?post=6102"}],"wp:featuredmedia":[{"embeddable":true,"href":"https:\/\/fengchashop.com\/it\/wp-json\/wp\/v2\/media\/6103"}],"wp:attachment":[{"href":"https:\/\/fengchashop.com\/it\/wp-json\/wp\/v2\/media?parent=6102"}],"wp:term":[{"taxonomy":"product_brand","embeddable":true,"href":"https:\/\/fengchashop.com\/it\/wp-json\/wp\/v2\/product_brand?post=6102"},{"taxonomy":"product_cat","embeddable":true,"href":"https:\/\/fengchashop.com\/it\/wp-json\/wp\/v2\/product_cat?post=6102"},{"taxonomy":"product_tag","embeddable":true,"href":"https:\/\/fengchashop.com\/it\/wp-json\/wp\/v2\/product_tag?post=6102"}],"curies":[{"name":"wp","href":"https:\/\/api.w.org\/{rel}","templated":true}]}}