{"id":6096,"date":"2022-02-22T16:08:43","date_gmt":"2022-02-22T15:08:43","guid":{"rendered":"https:\/\/fengchashop.com\/it\/product\/maca-rossa-in-polvere-bio-250-g\/"},"modified":"2026-05-09T17:30:39","modified_gmt":"2026-05-09T15:30:39","slug":"mac-rossa-in-polvere-bio","status":"publish","type":"product","link":"https:\/\/fengchashop.com\/it\/product\/mac-rossa-in-polvere-bio\/","title":{"rendered":"Maca rossa in polvere BIO 250 g"},"content":{"rendered":"<h2><span style=\"color: #000000\">Maca rossa in polvere BIO<\/span><\/h2>\n<p><span style=\"color: #000000\">La maca \u00e8 una pianta radicata che cresce sugli altopiani peruviani e andini, esposta a condizioni climatiche estreme e a forti escursioni termiche tra il giorno e la notte. Viene anche chiamata <strong>ginseng peruviano<\/strong>. Poich\u00e9 \u00e8 praticamente invincibile in termini di sopravvivenza, gli antichi Inca ne hanno sfruttato le propriet\u00e0 attive, che sono particolarmente buone per la <strong>potenza sessuale maschile<\/strong> e hanno un effetto benefico sulla salute generale. Per quest&#8217;ultimo motivo \u00e8 considerato un superfood estremamente prezioso.<\/span><\/p>\n<p><span style=\"color: #000000\">La parte medicinale del macis \u00e8 il tubero, che contiene<strong>molte vitamine, minerali e aminoacidi<\/strong>. Grazie alle sue propriet\u00e0 ormonali, regola i livelli di estrogeni e progesterone, o di testosterone, che hanno un effetto benefico sul nostro benessere e ci danno forza e resistenza. Il suo contenuto di vitamine importanti come la vitamina B1, B12, C ed E, nonch\u00e9 di acidi grassi, minerali e aminoacidi (tra cui 7 essenziali, quelli di cui il nostro corpo ha bisogno), rende la maca uno dei superalimenti naturali pi\u00f9 efficaci, desiderabili e consigliati, con una tradizione millenaria.<\/span><\/p>\n<p><span style=\"color: #000000\">\u00c8 un&#8217;<strong>erba adattogena<\/strong> che <strong>aumenta l&#8217;energia, la resistenza, la vitalit\u00e0 e la forza fisica<\/strong>. Si sviluppa soprattutto sulle Ande del Per\u00f9 centrale, in condizioni difficili e ad altitudini molto elevate, oltre i 4000 metri. \u00c8 una verdura crucifera come i broccoli, i cavolfiori, le rape, i cavoli, il cavolo e i ravanelli. La parte pi\u00f9 commestibile della pianta \u00e8 la radice o tubero. \u00c8 disponibile in diversi colori, dal bianco al nero. I colori pi\u00f9 popolari sono il<strong> giallo, il rosso e il nero<\/strong>. La maca gialla normale \u00e8 utilizzata per il consumo quotidiano e a lungo termine. La maca rossa e quella nera sono considerate variet\u00e0 sacre e vengono utilizzate per problemi terapeutici cronici. La maca gialla \u00e8 neutra. Il<strong> rosso<\/strong> \u00e8 considerato per l&#8217;<strong>energia femminile interiore.<\/strong> Il nero \u00e8 considerato l&#8217;energia maschile esterna. Gli sciamani locali sono molto esigenti riguardo al tipo o al rapporto di maca che una persona con problemi dovrebbe consumare.<\/span><\/p>\n<p><span style=\"color: #000000\">Ha un sapore molto dolce e un&#8217;ampia gamma di usi.<\/span><\/p>\n<p><span style=\"color: #000000\">La maca rossa \u00e8<strong> biologica<\/strong> al 100%. Proviene da<strong> fattorie biologiche peruviane di alta montagna<\/strong> e disponiamo di analisi e di un certificato valido per ogni lotto.<\/span><\/p>\n<h2><span style=\"color: #000000\">Perch\u00e9 scegliere la maca rossa?<\/span><\/h2>\n<p><span style=\"color: #000000\">Si dice che la maca rossa abbia il pi\u00f9 alto <strong>potere antiossidante<\/strong>. Alcuni studi hanno confermato che la maca rossa pu\u00f2 aiutare a combattere il cancro alla prostata e a prevenire la perdita di massa ossea. Inoltre, la maca rossa \u00e8 utile per<strong> regolare gli ormoni, aumentare la forza e la resistenza<\/strong>. Aiuta anche a combattere la <strong>depressione e a gestire lo stress<\/strong>. \u00c8 stato anche dimostrato che ha un effetto sui sintomi<strong> della sindrome premestruale<\/strong> e della <strong>menopausa, sulla libido femminile e sulla prevenzione della stanchezza generale.<\/strong><\/span><\/p>\n<h2><span style=\"color: #000000\">Perch\u00e9 ordinare la nostra maca?<\/span><\/h2>\n<p><span style=\"color: #000000\">La nostra polvere di maca proviene da una <strong>produzione biologica controllata<\/strong>, accuratamente essiccata e macinata in una polvere simile alla farina. Inoltre, ci assicuriamo regolarmente che le nostre scorte di matzo siano sempre<strong> fresche<\/strong>! \u00c8 anche per questo che prepariamo con cura l&#8217;impasto, perch\u00e9 \u00e8 l&#8217;unico modo per garantirne l&#8217;integrit\u00e0 con ingredienti freschi e nelle giuste proporzioni.<\/span><\/p>\n<p><span style=\"color: #000000\">La maca proviene da fattorie biologiche di alta montagna del Per\u00f9 e abbiamo analizzato e convalidato ogni lotto.<\/span><\/p>\n<h2><span style=\"color: #000000\">Valori nutrizionali<\/span><\/h2>\n<p><span style=\"color: #000000\">Valori nutrizionali medi per 100 g di polvere di maca rossa: energia: 1448 kJ\/342 kcal; grassi: 0,6 g, di cui saturi: 0,2 g; carboidrati: 67 g, di cui zuccheri: 24 g; proteine: 12 g; fibre: 10 g e sale: 0,53 g.<\/span><\/p>\n<h2><span style=\"color: #000000\">Conservazione e avvertenze<\/span><\/h2>\n<p><span style=\"color: #000000\">Conservare in un luogo fresco e asciutto a una temperatura massima di 25 \u00b0C. Tenere l&#8217;integratore alimentare fuori dalla portata dei bambini!<\/span><\/p>\n<p><span style=\"color: #000000\">Ricordare l&#8217;importanza di una dieta varia e di uno stile di vita sano; un integratore alimentare non sostituisce quindi una dieta equilibrata e varia. Non superare la quantit\u00e0 o la dose giornaliera raccomandata. Alle donne in gravidanza e in allattamento si consiglia sempre di consultare un medico prima dell&#8217;uso.<\/span><\/p>\n<h2><span style=\"color: #000000\">Confezione<\/span><\/h2>\n<p><span style=\"color: #000000\">Sacchetto non permeabile con chiusura a zip in cui il prodotto conserva tutta la sua freschezza e il suo aroma. La confezione protegge il prodotto dalla luce e dall&#8217;aria, essendo costituita da diversi strati di protezione per preservare le propriet\u00e0 del contenuto.<\/span><\/p>\n<p><span style=\"color: #000000\">La confezione \u00e8 molto pratica e riciclabile.<\/span><\/p>\n<h2><span style=\"color: #000000\">Origine<\/span><\/h2>\n<p><span style=\"color: #000000\">Per\u00f9<\/span><\/p>\n","protected":false},"excerpt":{"rendered":"<p align=\"JUSTIFY\">La maca \u00e8 una pianta a radice che cresce sugli altopiani andini del Per\u00f9, esposti a<strong> condizioni climatiche estreme<\/strong> e a forti escursioni termiche tra il giorno e la notte. La parte medicinale della maca \u00e8 il tubero, che contiene molte<strong> vitamine, minerali e aminoacidi<\/strong>. Contenendo vitamine importanti come la vitamina B1, B12, C ed E, oltre ad acidi grassi, minerali e aminoacidi, la maca \u00e8 uno dei superalimenti naturali pi\u00f9 efficaci, desiderabili e consigliati, con una tradizione millenaria.<\/p>\n<p align=\"JUSTIFY\">\ud83d\udc9a Per l&#8217;energia femminile interiore.<br \/>\n\ud83d\udc9a Per la donna interiore Aiuta la depressione, la stanchezza e la gestione dello stress.<br \/>\n\ud83d\udc9a Aumenta la libido femminile.<br \/>\n\ud83d\udc9a Aiuta a regolare gli ormoni e riduce i sintomi della sindrome premestruale e della menopausa.<\/p>\n","protected":false},"featured_media":6097,"comment_status":"open","ping_status":"closed","template":"","meta":{"_acf_changed":false},"product_brand":[],"product_cat":[195,15],"product_tag":[],"class_list":{"0":"post-6096","1":"product","2":"type-product","3":"status-publish","4":"has-post-thumbnail","6":"product_cat-superfood","7":"product_cat-uncategorized","9":"first","10":"instock","11":"sale","12":"taxable","13":"shipping-taxable","14":"purchasable","15":"product-type-simple"},"acf":[],"_links":{"self":[{"href":"https:\/\/fengchashop.com\/it\/wp-json\/wp\/v2\/product\/6096","targetHints":{"allow":["GET"]}}],"collection":[{"href":"https:\/\/fengchashop.com\/it\/wp-json\/wp\/v2\/product"}],"about":[{"href":"https:\/\/fengchashop.com\/it\/wp-json\/wp\/v2\/types\/product"}],"replies":[{"embeddable":true,"href":"https:\/\/fengchashop.com\/it\/wp-json\/wp\/v2\/comments?post=6096"}],"wp:featuredmedia":[{"embeddable":true,"href":"https:\/\/fengchashop.com\/it\/wp-json\/wp\/v2\/media\/6097"}],"wp:attachment":[{"href":"https:\/\/fengchashop.com\/it\/wp-json\/wp\/v2\/media?parent=6096"}],"wp:term":[{"taxonomy":"product_brand","embeddable":true,"href":"https:\/\/fengchashop.com\/it\/wp-json\/wp\/v2\/product_brand?post=6096"},{"taxonomy":"product_cat","embeddable":true,"href":"https:\/\/fengchashop.com\/it\/wp-json\/wp\/v2\/product_cat?post=6096"},{"taxonomy":"product_tag","embeddable":true,"href":"https:\/\/fengchashop.com\/it\/wp-json\/wp\/v2\/product_tag?post=6096"}],"curies":[{"name":"wp","href":"https:\/\/api.w.org\/{rel}","templated":true}]}}