{"id":6091,"date":"2022-02-22T11:26:11","date_gmt":"2022-02-22T10:26:11","guid":{"rendered":"https:\/\/fengchashop.com\/it\/product\/maca-crna-v-prahu-bio-250-g\/"},"modified":"2026-04-18T13:25:46","modified_gmt":"2026-04-18T11:25:46","slug":"mac-nera-in-polvere-bio","status":"publish","type":"product","link":"https:\/\/fengchashop.com\/it\/product\/mac-nera-in-polvere-bio\/","title":{"rendered":"Maca nera in polvere BIO 250 g"},"content":{"rendered":"<h2><span style=\"color: #000000\">Maca nera in polvere BIO<\/span><\/h2>\n<p><span style=\"color: #000000\">La maca \u00e8 una pianta radicata che cresce sugli altopiani peruviani e andini, esposta a condizioni climatiche estreme e a forti escursioni termiche tra il giorno e la notte. Viene anche chiamata <strong>ginseng peruviano.<\/strong> Poich\u00e9 \u00e8 praticamente invincibile in termini di sopravvivenza, gli antichi Inca ne hanno sfruttato le propriet\u00e0 attive, che sono particolarmente buone per la <strong>potenza sessuale maschile<\/strong> e hanno un effetto benefico sulla salute generale. Per quest&#8217;ultimo motivo \u00e8 considerato un superfood estremamente prezioso.<\/span><\/p>\n<p><span style=\"color: #000000\">La parte medicinale del macis \u00e8 il tubero, che contiene molte <strong>vitamine, minerali e aminoacidi.<\/strong> Grazie alle sue propriet\u00e0 ormonali, regola i livelli di estrogeni e progesterone, o di testosterone, che hanno un effetto benefico sul nostro benessere e ci danno forza e resistenza. Il suo contenuto di vitamine importanti come la vitamina B1, B12, C ed E, nonch\u00e9 di acidi grassi, minerali e aminoacidi (tra cui 7 essenziali, quelli di cui il nostro corpo ha bisogno), rende la maca uno dei superalimenti naturali pi\u00f9 efficaci, desiderabili e consigliati, con una tradizione millenaria.<\/span><\/p>\n<p><span style=\"color: #000000\">\u00c8 un&#8217;<strong> erba adattogena che<\/strong> <strong>aumenta l&#8217;energia, la resistenza, la vitalit\u00e0 e la forza fisica.<\/strong> \u00c8 pi\u00f9 abbondante nelle Ande del Per\u00f9 centrale, in condizioni difficili e ad altitudini molto elevate, oltre i 4000 metri. \u00c8 una verdura crucifera come i broccoli, i cavolfiori, le rape, i cavoli, il cavolo e i ravanelli. La parte pi\u00f9 commestibile della pianta \u00e8 la radice o tubero. \u00c8 disponibile in diversi colori, dal bianco al nero. I colori pi\u00f9 popolari sono il <strong>giallo, il rosso e il nero.<\/strong> La maca gialla normale \u00e8 utilizzata per il consumo quotidiano e a lungo termine. La maca rossa e quella nera sono considerate variet\u00e0 sacre e vengono utilizzate per problemi terapeutici cronici. La maca gialla \u00e8 neutra. Il rosso \u00e8 considerato per l&#8217;energia femminile interiore. Il nero \u00e8 considerato l&#8217;<strong>energia maschile esterna.<\/strong> Gli sciamani locali sono molto esigenti riguardo al tipo o al rapporto di maca che una persona con problemi dovrebbe consumare.<\/span><\/p>\n<p><span style=\"color: #000000\">Ha un sapore molto dolce e un&#8217;ampia gamma di usi.<\/span><\/p>\n<p><span style=\"color: #000000\">La maca nera rappresenta solo il 10% circa della produzione mondiale di tutti i tipi di maca. \u00c8 molto apprezzata anche per i suoi usi medicinali.<\/span><\/p>\n<h2><span style=\"color: #000000\">Perch\u00e9 scegliere la maca nera?<\/span><\/h2>\n<p><span style=\"color: #000000\">La maca nera \u00e8 considerata un viagra naturale. Ha un effetto significativo sul numero e sulla motilit\u00e0 degli spermatozoi. \u00c8 quindi particolarmente apprezzata dalle coppie che non riescono a concepire. Inoltre, dona forza, migliora l&#8217;umore, allontana lo stress e l&#8217;ansia, migliora la memoria e la concentrazione, agisce come antidepressivo naturale e migliora il sonno.<\/span><\/p>\n<p><span style=\"color: #000000\">La nostra maca proviene da fattorie biologiche di alta montagna del Per\u00f9 ed \u00e8 <strong>biologica<\/strong> al 100% <strong>.<\/strong> Ogni lotto viene analizzato e certificato.<\/span><\/p>\n<p>&nbsp;<\/p>\n<h2><span style=\"color: #000000\">Perch\u00e9 ordinare la nostra maca?<\/span><\/h2>\n<p><span style=\"color: #000000\">La nostra polvere di maca proviene da una <strong>produzione biologica controllata,<\/strong> accuratamente essiccata e macinata in una polvere simile alla farina. Inoltre, ci assicuriamo regolarmente che le nostre scorte di matzo siano sempre <strong>fresche<\/strong>! \u00c8 anche per questo che prepariamo con cura l&#8217;impasto, perch\u00e9 \u00e8 l&#8217;unico modo per garantirne l&#8217;integrit\u00e0 con ingredienti freschi e nelle giuste proporzioni.<\/span><\/p>\n<p><span style=\"color: #000000\">La maca proviene da fattorie biologiche di alta montagna del Per\u00f9 e abbiamo analizzato e convalidato ogni lotto.<\/span><\/p>\n<p>&nbsp;<\/p>\n<h2><span style=\"color: #000000\">Valori nutrizionali<\/span><\/h2>\n<p><span style=\"color: #000000\">Valori nutrizionali medi per 100 g di maca nera: energia: 1448 kJ\/342 kcal; grassi: 0,6 g, di cui saturi: 0,2 g; carboidrati: 67 g, di cui zuccheri: 24 g; proteine: 13 g; fibre: 10 g e sale: 0,53 g.<\/span><\/p>\n<h2><span style=\"color: #000000\">Conservazione e avvertenze<\/span><\/h2>\n<p><span style=\"color: #000000\">Conservare in un luogo fresco e asciutto a una temperatura massima di 25 \u00b0C. Tenere l&#8217;integratore alimentare fuori dalla portata dei bambini!<\/span><\/p>\n<p><span style=\"color: #000000\">Ricordare l&#8217;importanza di una dieta varia e di uno stile di vita sano; un integratore alimentare non sostituisce quindi una dieta equilibrata e varia. Non superare la quantit\u00e0 o la dose giornaliera raccomandata. Alle donne in gravidanza e in allattamento si consiglia sempre di consultare un medico prima dell&#8217;uso.<\/span><\/p>\n<h2><span style=\"color: #000000\">Confezione<\/span><\/h2>\n<p><span style=\"color: #000000\">Sacchetto non permeabile con chiusura a zip in cui il prodotto conserva tutta la sua freschezza e il suo aroma. La confezione protegge il prodotto dalla luce e dall&#8217;aria, essendo composta da diversi strati di protezione per preservare le propriet\u00e0 del contenuto.<\/span><\/p>\n<p><span style=\"color: #000000\">La confezione \u00e8 molto pratica e riciclabile.<\/span><\/p>\n<h2><span style=\"color: #000000\">Origine<\/span><\/h2>\n<p><span style=\"color: #000000\">Per\u00f9<\/span><\/p>\n","protected":false},"excerpt":{"rendered":"<p align=\"JUSTIFY\">La maca \u00e8 una pianta a radice che cresce sugli altopiani andini del Per\u00f9, esposti a<strong> condizioni climatiche estreme<\/strong> e a forti escursioni termiche tra il giorno e la notte. La parte medicinale della maca \u00e8 il tubero, che contiene molte<strong> vitamine, minerali e aminoacidi<\/strong>. Contenendo vitamine importanti come la vitamina B1, B12, C ed E, oltre ad acidi grassi, minerali e aminoacidi, la maca \u00e8 uno dei superalimenti naturali pi\u00f9 efficaci, desiderabili e consigliati, con una tradizione millenaria.<\/p>\n<p align=\"JUSTIFY\">\ud83d\udc9a Per l&#8217;energia esterna maschile.<br \/>\n\ud83d\udc9a Per il massimo della salute e della vitalit\u00e0.<br \/>\n\ud83d\udc9a Migliora l&#8217;umore, allontana lo stress e l&#8217;ansia.<br \/>\n\ud83d\udc9a Aumenta la vitalit\u00e0 e la forza.<\/p>\n","protected":false},"featured_media":6092,"comment_status":"open","ping_status":"closed","template":"","meta":{"_acf_changed":false},"product_brand":[],"product_cat":[195,15],"product_tag":[],"class_list":{"0":"post-6091","1":"product","2":"type-product","3":"status-publish","4":"has-post-thumbnail","6":"product_cat-superfood","7":"product_cat-uncategorized","9":"first","10":"instock","11":"sale","12":"taxable","13":"shipping-taxable","14":"purchasable","15":"product-type-simple"},"acf":[],"_links":{"self":[{"href":"https:\/\/fengchashop.com\/it\/wp-json\/wp\/v2\/product\/6091","targetHints":{"allow":["GET"]}}],"collection":[{"href":"https:\/\/fengchashop.com\/it\/wp-json\/wp\/v2\/product"}],"about":[{"href":"https:\/\/fengchashop.com\/it\/wp-json\/wp\/v2\/types\/product"}],"replies":[{"embeddable":true,"href":"https:\/\/fengchashop.com\/it\/wp-json\/wp\/v2\/comments?post=6091"}],"wp:featuredmedia":[{"embeddable":true,"href":"https:\/\/fengchashop.com\/it\/wp-json\/wp\/v2\/media\/6092"}],"wp:attachment":[{"href":"https:\/\/fengchashop.com\/it\/wp-json\/wp\/v2\/media?parent=6091"}],"wp:term":[{"taxonomy":"product_brand","embeddable":true,"href":"https:\/\/fengchashop.com\/it\/wp-json\/wp\/v2\/product_brand?post=6091"},{"taxonomy":"product_cat","embeddable":true,"href":"https:\/\/fengchashop.com\/it\/wp-json\/wp\/v2\/product_cat?post=6091"},{"taxonomy":"product_tag","embeddable":true,"href":"https:\/\/fengchashop.com\/it\/wp-json\/wp\/v2\/product_tag?post=6091"}],"curies":[{"name":"wp","href":"https:\/\/api.w.org\/{rel}","templated":true}]}}