{"id":6084,"date":"2022-02-22T10:17:16","date_gmt":"2022-02-22T09:17:16","guid":{"rendered":"https:\/\/fengchashop.com\/it\/product\/polyporus-umbellatus-bio-125-g\/"},"modified":"2026-04-15T16:39:04","modified_gmt":"2026-04-15T14:39:04","slug":"polyporus-umbellatus-bio","status":"publish","type":"product","link":"https:\/\/fengchashop.com\/it\/product\/polyporus-umbellatus-bio\/","title":{"rendered":"Polyporus umbellatus BIO 125 g"},"content":{"rendered":"<h2><span style=\"color: #000000\">Polvere di Polyporus umbellatus BIO<\/span><\/h2>\n<p><span style=\"color: #000000\">Il Polyporus umbellatus \u00e8 un fungo commestibile ma protetto, dall&#8217;aspetto simile al cavolfiore. Mentre la parte fuori terra (trosnjake) \u00e8 utilizzata in ambito culinario, la parte sotterranea (sclerotium) \u00e8 medicinale. \u00c8 un fungo medicinale molto studiato, in quanto contiene molti<strong> composti bioattivi<\/strong> che hanno dimostrato un&#8217;attivit\u00e0 antitumorale e anticancro. Per questo motivo \u00e8 spesso presente come ingrediente in vari farmaci e integratori alimentari. Il cestino ramificato \u00e8 anche un&#8217;<strong> eccellente fonte di antiossidanti<\/strong>, che eliminano i radicali liberi, <strong>migliorando<\/strong> cos\u00ec <strong>il sistema immunitario<\/strong> e avendo<strong> propriet\u00e0 antimicrobiche<\/strong>. Viene utilizzato a scopo medicinale, soprattutto nella Medicina Tradizionale Cinese, come diuretico per prevenire o trattare i problemi legati all&#8217;insufficienza renale ed epatica, alla ritenzione idrica, al gonfiore, nonch\u00e9 per la diarrea, l&#8217;ittero e per trattare le perdite vaginali e la minzione dolorosa. Nella MTC \u00e8 considerata anche un antibiotico naturale. Il suo effetto diuretico e i suoi effetti benefici sui reni e sul fegato sono stati confermati anche dagli scienziati. Stimola inoltre il sistema immunitario ed \u00e8 un ottimo supporto per la chemioterapia nel trattamento del cancro.<\/span><\/p>\n<p><span style=\"color: #000000\">La produzione del nostro fungo Polyporus umbellatus \u00e8 rigorosamente controllata, senza l&#8217;uso di sostanze chimiche o pesticidi e <strong>100% biologica<\/strong>.<\/span><\/p>\n<h2><span style=\"color: #000000\">Cosa contiene e a chi \u00e8 destinato?<\/span><\/h2>\n<p><span style=\"color: #000000\">Oltre ai tipici polisaccaridi, vitamine, sali minerali e altri antiossidanti, il fungo ramificato contiene anche fitosteroli, titerpenoidi, mannitolo e sostanze farmacologicamente attive simili, che conferiscono al fungo i suoi straordinari effetti curativi senza effetti collaterali indesiderati.<\/span><\/p>\n<p><span style=\"color: #000000\"><strong>Il Polyporus umbellatus pu\u00f2:<\/strong><\/span><\/p>\n<p><span style=\"color: #000000\"> \ud83d\udc9a aiutare in caso di problemi ai reni e al fegato,<\/span><br \/>\n<span style=\"color: #000000\"> \ud83d\udc9a aiutare in caso di perdite vaginali,<\/span><br \/>\n<span style=\"color: #000000\"> \ud83d\udc9a antitumorale,<\/span><br \/>\n<span style=\"color: #000000\"> \ud83d\udc9a stimola e rafforza il sistema immunitario,<\/span><br \/>\n<span style=\"color: #000000\"> \ud83d\udc9a attenua gli effetti della chemioterapia e quindi migliora la vita dei pazienti oncologici.<\/span><\/p>\n<p><span style=\"color: #000000\">Tutti gli elementi del fungo sono presenti in grandi quantit\u00e0 e hanno un effetto molto positivo sul nostro organismo.<\/span><\/p>\n<p><span style=\"color: #000000\">E ci\u00f2 che \u00e8 estremamente importante \u00e8 che il Polyporus umbellatus \u00e8 un<strong> prodotto naturale al 100%<\/strong> che pu\u00f2 aiutarci in modo naturale. Migliora i sintomi dei nostri problemi e ha un effetto positivo sul nostro benessere generale.<\/span><\/p>\n<h2><span style=\"color: #000000\">Perch\u00e9 i funghi?<\/span><\/h2>\n<p><span style=\"color: #000000\">I funghi sono molto interessanti. Non sono n\u00e9 piante n\u00e9 animali, ma quello che sono, sono sicuramente organismi sorprendenti che sono riusciti a sopravvivere quasi dall&#8217;inizio del mondo. Hanno sviluppato una speciale strategia di sopravvivenza che li ha sostenuti fino ad oggi. Anche noi umani possiamo beneficiare di questi vantaggi consumando funghi medicinali. Ci portano equilibrio a livello fisico e ci proteggono da molte malattie. Possono essere un<strong> trattamento<\/strong><strong> preventivo<\/strong> o<strong> curativo di supporto<\/strong> per molte malattie (moderne), sia convenzionali che non convenzionali. Tradizionalmente, ai funghi sono stati attribuiti i loro effetti in caso di cancro, malattie autoimmuni e allergie. Sono anche utili per una risposta sana e forte del sistema immunitario. Tuttavia, le ricerche mediche condotte negli ultimi decenni, quando i funghi sono diventati di interesse per il mondo occidentale, hanno confermato molti dei loro effetti terapeutici.<\/span><\/p>\n<p><span style=\"color: #000000\">Poich\u00e9 alcuni principi attivi naturali sono indigesti o difficili da digerire per noi, \u00e8 molto importante consumare solo le migliori polveri di funghi. I funghi devono essere coltivati, essiccati e preparati correttamente. Devono essere macinati in una polvere fine senza pezzi. Il colore della polvere \u00e8 pi\u00f9 chiaro, ma per il resto dipende anche dal tipo di fungo consumato. Poich\u00e9 i funghi sono cos\u00ec efficaci proprio perch\u00e9 hanno la capacit\u00e0 di assorbire tutto ci\u00f2 che di buono e di cattivo c&#8217;\u00e8 nell&#8217;ambiente, \u00e8 importante utilizzare quelli coltivati biologicamente.<\/span><\/p>\n<h2><span style=\"color: #000000\">Confezione<\/span><\/h2>\n<p><span style=\"color: #000000\">Sacchetto non permeabile con chiusura a zip, in cui il prodotto conserva tutta la sua freschezza e il suo aroma. La confezione protegge il prodotto dalla luce e dall&#8217;aria, essendo composta da diversi strati di protezione che preservano le propriet\u00e0 del contenuto.<\/span><\/p>\n<p><span style=\"color: #000000\">La confezione \u00e8 molto pratica e riciclabile.<\/span><\/p>\n<h2><span style=\"color: #000000\">Conservazione e avvertenze<\/span><\/h2>\n<p><span style=\"color: #000000\">Conservare in un luogo fresco e asciutto. Tenere l&#8217;integratore alimentare fuori dalla portata dei bambini!<\/span><\/p>\n<p><span style=\"color: #000000\">Ricordare l&#8217;importanza di una dieta varia e di uno stile di vita sano; un integratore alimentare non sostituisce quindi una dieta equilibrata e varia. Non superare la quantit\u00e0 o la dose giornaliera raccomandata. Alle donne in gravidanza e in allattamento si consiglia sempre di consultare un medico prima dell&#8217;uso.<\/span><\/p>\n<h2><span style=\"color: #000000\">Buono a sapersi<\/span><\/h2>\n<p><span style=\"color: #000000\">Il prodotto \u00e8 adatto anche agli animali. Nella maggior parte dei casi, i funghi medicinali si rivelano estremamente efficaci per rafforzare il sistema immunitario, eliminare le allergie e i disturbi della pelle, nonch\u00e9 le infezioni virali e batteriche. Prima dell&#8217;uso, si consiglia di consultare il veterinario sull&#8217;opportunit\u00e0 dell&#8217;assunzione e sulla quantit\u00e0 giornaliera raccomandata.<\/span><\/p>\n<h2><span style=\"color: #000000\">Origine<\/span><\/h2>\n<p><span style=\"color: #000000\">Slovenia<\/span><\/p>\n","protected":false},"excerpt":{"rendered":"<p align=\"JUSTIFY\">Il Polyporus umbellatus \u00e8 un fungo commestibile ma protetto, dall&#8217;aspetto simile al cavolfiore. Mentre la parte fuori terra (trosnjake) \u00e8 utilizzata in ambito culinario, la parte sotterranea (sclerotium) \u00e8 medicinale. \u00c8 un fungo medicinale molto studiato in quanto contiene molti <strong>composti bioattivi<\/strong> che hanno dimostrato un&#8217;attivit\u00e0 antitumorale e anticancro.<\/p>\n<p><span style=\"color: #000000\"> \ud83d\udc9a \u00c8 un&#8217;eccellente fonte di antiossidanti.<br \/>\n\ud83d\udc9a Stimola e rafforza il sistema immunitario.<br \/>\n\ud83d\udc9a Aiuta a risolvere problemi renali ed epatici.<br \/>\n\ud83d\udc9a Ha propriet\u00e0 antitumorali.<\/span><\/p>\n","protected":false},"featured_media":6085,"comment_status":"open","ping_status":"closed","template":"","meta":{"_acf_changed":false},"product_brand":[],"product_cat":[198,217,224,15],"product_tag":[],"class_list":{"0":"post-6084","1":"product","2":"type-product","3":"status-publish","4":"has-post-thumbnail","6":"product_cat-funghi-medicinali","7":"product_cat-offerta","8":"product_cat-tutti-gli-articoli","9":"product_cat-uncategorized","11":"first","12":"instock","13":"taxable","14":"shipping-taxable","15":"purchasable","16":"product-type-simple"},"acf":[],"_links":{"self":[{"href":"https:\/\/fengchashop.com\/it\/wp-json\/wp\/v2\/product\/6084","targetHints":{"allow":["GET"]}}],"collection":[{"href":"https:\/\/fengchashop.com\/it\/wp-json\/wp\/v2\/product"}],"about":[{"href":"https:\/\/fengchashop.com\/it\/wp-json\/wp\/v2\/types\/product"}],"replies":[{"embeddable":true,"href":"https:\/\/fengchashop.com\/it\/wp-json\/wp\/v2\/comments?post=6084"}],"wp:featuredmedia":[{"embeddable":true,"href":"https:\/\/fengchashop.com\/it\/wp-json\/wp\/v2\/media\/6085"}],"wp:attachment":[{"href":"https:\/\/fengchashop.com\/it\/wp-json\/wp\/v2\/media?parent=6084"}],"wp:term":[{"taxonomy":"product_brand","embeddable":true,"href":"https:\/\/fengchashop.com\/it\/wp-json\/wp\/v2\/product_brand?post=6084"},{"taxonomy":"product_cat","embeddable":true,"href":"https:\/\/fengchashop.com\/it\/wp-json\/wp\/v2\/product_cat?post=6084"},{"taxonomy":"product_tag","embeddable":true,"href":"https:\/\/fengchashop.com\/it\/wp-json\/wp\/v2\/product_tag?post=6084"}],"curies":[{"name":"wp","href":"https:\/\/api.w.org\/{rel}","templated":true}]}}