{"id":6081,"date":"2022-02-22T09:57:12","date_gmt":"2022-02-22T08:57:12","guid":{"rendered":"https:\/\/fengchashop.com\/it\/product\/agaricus-blazei-bio-125-g\/"},"modified":"2026-04-29T17:07:24","modified_gmt":"2026-04-29T15:07:24","slug":"agaricus-blazei-bio","status":"publish","type":"product","link":"https:\/\/fengchashop.com\/it\/product\/agaricus-blazei-bio\/","title":{"rendered":"Agaricus blazei BIO 125 g"},"content":{"rendered":"<h2><span style=\"color: #000000\">Agaricus blazei BIO<\/span><\/h2>\n<p><span style=\"color: #000000\">L&#8217;Agaricus blazei \u00e8 una delle pi\u00f9 <strong>recenti scoperte nel campo dei funghi medicinali e sta guadagnando sempre pi\u00f9 popolarit\u00e0 in tutto il mondo<\/strong>. Il fungo \u00e8 originario del Brasile e per questo viene spesso chiamato kukmak brasiliano. Viene utilizzato anche in Giappone e in altri Paesi asiatici, dove i funghi medicinali sono utilizzati a scopo terapeutico da migliaia di anni. In sloveno \u00e8 chiamato <strong>mandljev kukmak<\/strong>.<\/span><\/p>\n<p><span style=\"color: #000000\">In polvere, l&#8217;Agaricus blazei contiene molti nutrienti e i suoi effetti positivi sono stati scientificamente provati. Studi condotti in vari Paesi del mondo hanno individuato una serie di effetti benefici associati al consumo regolare di questo fungo. In particolare, <strong>rafforza il sistema immunitario e ha propriet\u00e0 preventive, antinfiammatorie e antivirali.<\/strong><\/span><\/p>\n<p><span style=\"color: #000000\">\u00c8 un po&#8217; meno conosciuto e uno dei funghi pi\u00f9 recenti nella gamma dei funghi medicinali, ma sta rapidamente guadagnando popolarit\u00e0 grazie alle sue numerose propriet\u00e0 medicinali.<\/span><\/p>\n<p><span style=\"color: #000000\">La produzione dei nostri funghi Agaricus blazei \u00e8 rigorosamente controllata, senza l&#8217;uso di sostanze chimiche o pesticidi e<strong> 100% biologica.<\/strong> La qualit\u00e0 dei funghi viene regolarmente monitorata da laboratori indipendenti in Slovenia e negli Stati Uniti.<\/span><\/p>\n<h2><span style=\"color: #000000\">Cosa contiene e a chi \u00e8 destinato?<\/span><\/h2>\n<p><span style=\"color: #000000\">L&#8217;Agaricus blazei \u00e8 composto da una variet\u00e0 di <strong>polisaccaridi, vitamine, sali minerali e altri antiossidanti.<\/strong> Tutti gli elementi del fungo sono presenti in grandi quantit\u00e0 e hanno un effetto molto positivo sul nostro organismo.<\/span><\/p>\n<p><span style=\"color: #000000\"><strong>Gli effetti curativi positivi selezionati che si possono ottenere assumendo la polvere di fungo Agaricus blazei sono i seguenti:<\/strong><\/span><\/p>\n<p><span style=\"color: #000000\"> \ud83d\udc9a \u00e8 antitumorale e immunostimolante ed \u00e8 quindi utilizzato come terapia di supporto nel trattamento convenzionale del cancro,<\/span><br \/>\n<span style=\"color: #000000\"> \ud83d\udc9a ha propriet\u00e0 antivirali e antinfiammatorie,<\/span><br \/>\n<span style=\"color: #000000\"> \ud83d\udc9a ha un effetto benefico sul fegato,<\/span><br \/>\n<span style=\"color: #000000\"> \ud83d\udc9a aiuta a guarire i problemi della pelle,<\/span><br \/>\n<span style=\"color: #000000\"> \ud83d\udc9a migliora la funzione intestinale,<\/span><br \/>\n<span style=\"color: #000000\"> \ud83d\udc9a agisce contro il diabete, l&#8217;arteriosclerosi, il colesterolo alto e le allergie,<\/span><br \/>\n<span style=\"color: #000000\"> \ud83d\udc9a si usa per ridurre lo stress,<\/span><br \/>\n<span style=\"color: #000000\"> \ud83d\udc9a per trattare epatiti, dermatiti, osteoporosi, malattie cardiovascolari, malattie gastrointestinali, ecc.<\/span><\/p>\n<p><span style=\"color: #000000\">L&#8217;Agaricus blazei \u00e8 spesso incluso nell&#8217;elenco dei funghi consigliati per il consumo<strong> durante il trattamento convenzionale del cancro<\/strong>, in quanto allevia gli effetti collaterali della chemioterapia e della radioterapia. Inoltre, pu\u00f2 essere esso stesso anticancro e antitumorale. Migliora la vita dei pazienti oncologici.<\/span><\/p>\n<p><span style=\"color: #000000\">Ci\u00f2 che \u00e8 estremamente importante \u00e8 che l&#8217;Agaricus blazei \u00e8 un <strong>prodotto naturale al 100%<\/strong> che pu\u00f2 aiutarci in modo naturale. Migliora i sintomi dei nostri problemi e ha un effetto positivo sul nostro benessere generale.<\/span><\/p>\n<h2><span style=\"color: #000000\">Perch\u00e9 i funghi?<\/span><\/h2>\n<p><span style=\"color: #000000\">I funghi sono molto interessanti. Non sono n\u00e9 piante n\u00e9 animali, ma quello che sono, sono sicuramente organismi sorprendenti che sono riusciti a sopravvivere quasi dall&#8217;inizio del mondo. Hanno sviluppato una speciale strategia di sopravvivenza che li ha sostenuti fino ad oggi. Anche noi umani possiamo beneficiare di questi vantaggi consumando funghi medicinali. Ci portano equilibrio a livello fisico e ci proteggono da molte malattie. Possono essere un<strong> trattamento<\/strong><strong> preventivo<\/strong> o<strong> curativo di supporto<\/strong> per molte malattie (moderne), sia convenzionali che non convenzionali. Tradizionalmente, ai funghi sono stati attribuiti i loro effetti in caso di cancro, malattie autoimmuni e allergie. Sono anche utili per una risposta sana e forte del sistema immunitario. Tuttavia, le ricerche mediche condotte negli ultimi decenni, quando i funghi sono diventati di interesse per il mondo occidentale, hanno confermato molti dei loro effetti terapeutici.<\/span><\/p>\n<p><span style=\"color: #000000\">Poich\u00e9 alcuni principi attivi naturali sono indigesti o difficili da digerire per noi, \u00e8 molto importante consumare solo le migliori polveri di funghi. I funghi devono essere coltivati, essiccati e preparati correttamente. Devono essere macinati in una polvere fine senza pezzi. Il colore della polvere \u00e8 pi\u00f9 chiaro, ma per il resto dipende anche dal tipo di fungo consumato. Poich\u00e9 i funghi sono cos\u00ec efficaci proprio perch\u00e9 hanno la capacit\u00e0 di assorbire tutto ci\u00f2 che di buono e di cattivo c&#8217;\u00e8 nell&#8217;ambiente, \u00e8 importante utilizzare quelli coltivati biologicamente.<\/span><\/p>\n<h2><span style=\"color: #000000\">Confezione<\/span><\/h2>\n<p><span style=\"color: #000000\">Sacchetto non permeabile con chiusura a zip in cui il prodotto conserva tutta la sua freschezza e il suo aroma. La confezione protegge dalla luce e dall&#8217;aria, essendo composta da diversi strati di protezione che preservano le propriet\u00e0 del contenuto.<\/span><\/p>\n<p><span style=\"color: #000000\">La confezione \u00e8 molto pratica e riciclabile.<\/span><\/p>\n<h2><span style=\"color: #000000\">Conservazione e avvertenze<\/span><\/h2>\n<p><span style=\"color: #000000\">Conservare in un luogo fresco e asciutto. Tenere l&#8217;integratore alimentare fuori dalla portata dei bambini!<\/span><\/p>\n<p><span style=\"color: #000000\">Ricordare l&#8217;importanza di una dieta varia e di uno stile di vita sano; un integratore alimentare non sostituisce quindi una dieta equilibrata e varia. Non superare la quantit\u00e0 o la dose giornaliera raccomandata. Alle donne in gravidanza e in allattamento si consiglia sempre di consultare un medico prima dell&#8217;uso.<\/span><\/p>\n<h2><span style=\"color: #000000\">Buono a sapersi<\/span><\/h2>\n<p><span style=\"color: #000000\">Il prodotto \u00e8 adatto anche agli animali. Nella maggior parte dei casi, i funghi medicinali si rivelano estremamente efficaci per rafforzare il sistema immunitario, eliminare le allergie e i disturbi della pelle, nonch\u00e9 le infezioni virali e batteriche. Prima dell&#8217;uso, si consiglia di consultare il veterinario sull&#8217;opportunit\u00e0 dell&#8217;assunzione e sulla quantit\u00e0 giornaliera raccomandata.<\/span><\/p>\n<h2><span style=\"color: #000000\">Origine<\/span><\/h2>\n<p><span style=\"color: #000000\">Slovenia<\/span><\/p>\n","protected":false},"excerpt":{"rendered":"<p align=\"JUSTIFY\">L&#8217;Agaricus blazei \u00e8 una delle <strong>scoperte pi\u00f9 recenti nel campo dei funghi medicinali e sta acquisendo sempre pi\u00f9 importanza in tutto il mondo<\/strong>. Il fungo \u00e8 originario del Brasile e per questo viene spesso chiamato kukmak brasiliano. Viene utilizzato anche in Giappone e in altri Paesi asiatici, dove i funghi medicinali sono utilizzati a scopo terapeutico da millenni, fin da quando:<\/p>\n<p><span style=\"color: #000000\"> \ud83d\udc9a antitumorale e immunostimolante,<br \/>\n\ud83d\udc9a ha un effetto benefico sul fegato,<br \/>\n\ud83d\udc9a ha propriet\u00e0 antivirali e antinfiammatorie,<br \/>\n\ud83d\udc9a regola i livelli di zucchero nel sangue.<\/span><\/p>\n","protected":false},"featured_media":6082,"comment_status":"open","ping_status":"closed","template":"","meta":{"_acf_changed":false},"product_brand":[],"product_cat":[198,217,224,15],"product_tag":[],"class_list":{"0":"post-6081","1":"product","2":"type-product","3":"status-publish","4":"has-post-thumbnail","6":"product_cat-funghi-medicinali","7":"product_cat-offerta","8":"product_cat-tutti-gli-articoli","9":"product_cat-uncategorized","11":"first","12":"instock","13":"taxable","14":"shipping-taxable","15":"purchasable","16":"product-type-simple"},"acf":[],"_links":{"self":[{"href":"https:\/\/fengchashop.com\/it\/wp-json\/wp\/v2\/product\/6081","targetHints":{"allow":["GET"]}}],"collection":[{"href":"https:\/\/fengchashop.com\/it\/wp-json\/wp\/v2\/product"}],"about":[{"href":"https:\/\/fengchashop.com\/it\/wp-json\/wp\/v2\/types\/product"}],"replies":[{"embeddable":true,"href":"https:\/\/fengchashop.com\/it\/wp-json\/wp\/v2\/comments?post=6081"}],"wp:featuredmedia":[{"embeddable":true,"href":"https:\/\/fengchashop.com\/it\/wp-json\/wp\/v2\/media\/6082"}],"wp:attachment":[{"href":"https:\/\/fengchashop.com\/it\/wp-json\/wp\/v2\/media?parent=6081"}],"wp:term":[{"taxonomy":"product_brand","embeddable":true,"href":"https:\/\/fengchashop.com\/it\/wp-json\/wp\/v2\/product_brand?post=6081"},{"taxonomy":"product_cat","embeddable":true,"href":"https:\/\/fengchashop.com\/it\/wp-json\/wp\/v2\/product_cat?post=6081"},{"taxonomy":"product_tag","embeddable":true,"href":"https:\/\/fengchashop.com\/it\/wp-json\/wp\/v2\/product_tag?post=6081"}],"curies":[{"name":"wp","href":"https:\/\/api.w.org\/{rel}","templated":true}]}}