{"id":6078,"date":"2022-02-22T09:44:00","date_gmt":"2022-02-22T08:44:00","guid":{"rendered":"https:\/\/fengchashop.com\/it\/product\/onca-mix-bio-125-g\/"},"modified":"2026-05-05T13:09:19","modified_gmt":"2026-05-05T11:09:19","slug":"onca-mix-bio","status":"publish","type":"product","link":"https:\/\/fengchashop.com\/it\/product\/onca-mix-bio\/","title":{"rendered":"Onca mix BIO 125 g"},"content":{"rendered":"<h2><span style=\"color: #000000\">Polvere di funghi medicinali Onca mix BIO<\/span><\/h2>\n<p><span style=\"color: #000000\">La miscela di funghi medicinali Onca mix \u00e8 destinata a supportare i <strong>trattamenti e le procedure convenzionali aggressive e ad aiutare le condizioni croniche pi\u00f9 gravi.<\/strong> Onca mix offre il pi\u00f9 ampio spettro d&#8217;azione equilibrato grazie alle centinaia di componenti attivi diversi che contiene. Onca mix \u00e8 composto da quattro specie di funghi: Ganoderma lucidum (Reishi), Lentinula edodes (Shiitake), Coriolus e Agaricus blazei.<\/span><\/p>\n<p><span style=\"color: #000000\">Questo ampio spettro di specie di funghi consente di ottenere un&#8217;azione ad ampio spettro e di accelerare l&#8217;azione preventiva contro la debilitazione generale.<\/span><\/p>\n<p><span style=\"color: #000000\">L&#8217;uso del prodotto \u00e8 piuttosto semplice e non richiede alcuna preparazione o abilit\u00e0. I funghi vengono macinati in una polvere fine che non contiene particelle. Il prodotto \u00e8 quindi pronto all&#8217;uso. Basta versare direttamente dalla confezione nella bevanda preferita, mescolare e consumare.<\/span><\/p>\n<h2><span style=\"color: #000000\">Perch\u00e9 usare il nostro mix Onca?<\/span><\/h2>\n<p><span style=\"color: #000000\">Il mix \u00e8 stato accuratamente formulato sulla base delle osservazioni e delle scoperte degli utilizzatori del mix e dei funghi medicinali in generale. Sebbene i funghi medicinali abbiano meccanismi d&#8217;azione molto complessi che la scienza non \u00e8 ancora riuscita a spiegare, sappiamo che hanno un <strong>effetto benefico sul nostro sistema immunitario, sul nostro benessere e sui processi naturali che si svolgono quotidianamente nel nostro organismo.<\/strong> Il sistema immunitario ha il compito di combattere i corpi estranei presenti nel nostro corpo. Che si tratti di un semplice virus che causa un raffreddore o di un insieme di cellule che rappresentano un cancro. Ecco perch\u00e9 un sistema immunitario sano e forte \u00e8 cos\u00ec importante. Altrettanto importanti sono gli antiossidanti che ci proteggono dallo stress ossidativo che causa molte malattie e l&#8217;invecchiamento precoce.<\/span><\/p>\n<p><span style=\"color: #000000\">La produzione dei nostri funghi medicinali \u00e8 rigorosamente controllata, senza l&#8217;uso di sostanze chimiche o pesticidi e <strong>100% biologica<\/strong>. Tutti i funghi sono coltivati in Slovenia.<\/span><\/p>\n<h2><span style=\"color: #000000\">A chi \u00e8 destinato Onca mix e quali sono i suoi effetti?<\/span><\/h2>\n<p><span style=\"color: #000000\">Onca mix \u00e8 destinato principalmente a una terapia di supporto per i pazienti cronici che vengono trattati secondo il metodo della medicina tradizionale. \u00c8 destinato ai pazienti che sono in cura per malattie pi\u00f9 gravi e il cui percorso terapeutico \u00e8 aggressivo. Si rivolge anche a coloro che vogliono provare l&#8217;azione dei funghi medicinali e sostenere la guarigione in modo naturale. \u00c8 anche un eccellente integratore alimentare naturale, poich\u00e9 i funghi hanno un alto valore nutrizionale &#8211; preziosi nutrienti, oligominerali, vitamine, macro minerali, fibre e proteine. I funghi medicinali hanno una ricca storia nella medicina cinese e nella guarigione, e l&#8217;uomo si sta sempre pi\u00f9 rivolgendo alla natura per la salute. \u00c8 sempre consigliabile consultare uno specialista o un medico generico prima di consumare funghi medicinali nel corso di un trattamento.<\/span><\/p>\n<h2><span style=\"color: #000000\">Confezione<\/span><\/h2>\n<p><span style=\"color: #000000\">Sacchetto non permeabile con chiusura a zip in cui il prodotto conserva tutta la sua freschezza e il suo aroma. La confezione protegge dalla luce e dall&#8217;aria, essendo composta da diversi strati di protezione che preservano le propriet\u00e0 del contenuto.<\/span><\/p>\n<p><span style=\"color: #000000\">La confezione \u00e8 molto pratica e riciclabile.<\/span><\/p>\n<h2><span style=\"color: #000000\">Conservazione e avvertenze<\/span><\/h2>\n<p><span style=\"color: #000000\">Conservare in un luogo fresco e asciutto. Tenere l&#8217;integratore alimentare fuori dalla portata dei bambini!<\/span><\/p>\n<p><span style=\"color: #000000\">Ricordare l&#8217;importanza di una dieta varia e di uno stile di vita sano; un integratore alimentare non sostituisce quindi una dieta equilibrata e varia. Non superare la quantit\u00e0 o la dose giornaliera raccomandata. Alle donne in gravidanza e in allattamento si consiglia sempre di consultare un medico prima dell&#8217;uso.<\/span><\/p>\n<h2><span style=\"color: #000000\">Buono a sapersi<\/span><\/h2>\n<p><span style=\"color: #000000\">Il prodotto \u00e8 adatto anche agli animali. Nella maggior parte dei casi, i funghi medicinali si rivelano estremamente efficaci per rafforzare il sistema immunitario, eliminare le allergie e i disturbi della pelle, nonch\u00e9 le infezioni virali e batteriche. Prima dell&#8217;uso, si consiglia di consultare il veterinario sull&#8217;opportunit\u00e0 dell&#8217;assunzione e sulla quantit\u00e0 giornaliera raccomandata.<\/span><\/p>\n<h2><span style=\"color: #000000\">Origine<\/span><\/h2>\n<p><span style=\"color: #000000\">Slovenia<\/span><\/p>\n","protected":false},"excerpt":{"rendered":"<p align=\"JUSTIFY\">Il mix di funghi medicinali Onca \u00e8 destinato a supportare i trattamenti e le procedure convenzionali aggressive e ad aiutare le patologie croniche pi\u00f9 gravi. La miscela Onca offre il pi\u00f9 ampio spettro d&#8217;azione equilibrato grazie alle centinaia di componenti attivi diversi che contiene.<\/p>\n<p>\ud83d\udc9a Rafforza il sistema immunitario.<br \/>\n\ud83d\udc9a Ha un effetto benefico sul nostro benessere.<br \/>\n\ud83d\udc9a \u00c8 antinfiammatorio.<br \/>\n\ud83d\udc9a Antiossidante.<\/p>\n","protected":false},"featured_media":6079,"comment_status":"open","ping_status":"closed","template":"","meta":{"_acf_changed":false},"product_brand":[],"product_cat":[198,217,224,15],"product_tag":[],"class_list":{"0":"post-6078","1":"product","2":"type-product","3":"status-publish","4":"has-post-thumbnail","6":"product_cat-funghi-medicinali","7":"product_cat-offerta","8":"product_cat-tutti-gli-articoli","9":"product_cat-uncategorized","11":"first","12":"instock","13":"sale","14":"taxable","15":"shipping-taxable","16":"purchasable","17":"product-type-simple"},"acf":[],"_links":{"self":[{"href":"https:\/\/fengchashop.com\/it\/wp-json\/wp\/v2\/product\/6078","targetHints":{"allow":["GET"]}}],"collection":[{"href":"https:\/\/fengchashop.com\/it\/wp-json\/wp\/v2\/product"}],"about":[{"href":"https:\/\/fengchashop.com\/it\/wp-json\/wp\/v2\/types\/product"}],"replies":[{"embeddable":true,"href":"https:\/\/fengchashop.com\/it\/wp-json\/wp\/v2\/comments?post=6078"}],"wp:featuredmedia":[{"embeddable":true,"href":"https:\/\/fengchashop.com\/it\/wp-json\/wp\/v2\/media\/6079"}],"wp:attachment":[{"href":"https:\/\/fengchashop.com\/it\/wp-json\/wp\/v2\/media?parent=6078"}],"wp:term":[{"taxonomy":"product_brand","embeddable":true,"href":"https:\/\/fengchashop.com\/it\/wp-json\/wp\/v2\/product_brand?post=6078"},{"taxonomy":"product_cat","embeddable":true,"href":"https:\/\/fengchashop.com\/it\/wp-json\/wp\/v2\/product_cat?post=6078"},{"taxonomy":"product_tag","embeddable":true,"href":"https:\/\/fengchashop.com\/it\/wp-json\/wp\/v2\/product_tag?post=6078"}],"curies":[{"name":"wp","href":"https:\/\/api.w.org\/{rel}","templated":true}]}}