{"id":6069,"date":"2022-02-22T08:17:03","date_gmt":"2022-02-22T07:17:03","guid":{"rendered":"https:\/\/fengchashop.com\/it\/product\/pleurotus-ostreatus-oyster-mushroom-bio-125-g\/"},"modified":"2026-05-07T10:17:58","modified_gmt":"2026-05-07T08:17:58","slug":"pleurotus-ostreatus-oyster-mushroom-bio","status":"publish","type":"product","link":"https:\/\/fengchashop.com\/it\/product\/pleurotus-ostreatus-oyster-mushroom-bio\/","title":{"rendered":"Pleurotus ostreatus (Oyster Mushroom) BIO 125 g"},"content":{"rendered":"<h2><span style=\"color: #000000\">Pleurotus ostreatus (Oyster Mushroom) BIO in polvere<\/span><\/h2>\n<p><span style=\"color: #000000\">Il Pleurotus ostreatus (Oyster Mushroom) \u00e8 un fungo medicinale ben studiato. Conosciuto anche come<strong> fungo ostrica di faggio<\/strong>, \u00e8 un fungo commestibile culinario che cresce nel nostro Paese. Infatti, insieme al Ganoderma lucidum e al Cordyceps, \u00e8 uno <strong>dei 6 funghi medicinali pi\u00f9 conosciuti nel nostro Paese<\/strong>.<\/span><\/p>\n<p><span style=\"color: #000000\">Dai tricomi e dal micelio si possono estrarre molti nutrienti. Le ricerche hanno anche dimostrato un&#8217;attivit\u00e0 antimicrobica contro i batteri Gram-positivi e Gram-negativi e un&#8217;attivit\u00e0 antifungina contro diversi tipi di funghi.<\/span><\/p>\n<p><span style=\"color: #000000\">Essendo una ricca <strong>fonte di antiossidanti<\/strong> e di altre sostanze attive, il loro potenziale antitumorale, immunomodulante, genoprotettivo, antinfiammatorio, antivirale, antiplacca, ipocolesterolemizzante, antipertensivo e antiiperglicemico \u00e8 pi\u00f9 che assicurato. Recentemente, la ricerca ha dimostrato che i funghi ostrica di faggio hanno un <strong>effetto bifidogenico<\/strong>, ovvero possono stimolare la crescita di Bifidobacterium bifidum, B. breve, B. animalis e B. longum. Si tratta quindi anche di un <strong>prebiotico che<\/strong> migliora il microbiota intestinale a vantaggio della salute dell&#8217;ospite umano. Un rapporto sano di microrganismi nell&#8217;intestino aiuta a estrarre meglio e pi\u00f9 facilmente i nutrienti dal cibo che mangiamo e a regolare l&#8217;energia. I microrganismi svolgono un ruolo importante per la salute dell&#8217;apparato digerente, ma influenzano anche il sistema immunitario &#8211; la parte pi\u00f9 complessa del sistema immunitario si trova nell&#8217;intestino, motivo per cui spesso si sente dire che la salute dell&#8217;intestino \u00e8 cos\u00ec importante per garantire una buona risposta immunitaria e quindi la salute generale.<\/span><\/p>\n<p><span style=\"color: #000000\">Il fungo medicinale \u00e8 ampiamente utilizzato nella medicina tradizionale cinese per trattare un&#8217;ampia gamma di disturbi.<\/span><\/p>\n<p><span style=\"color: #000000\">La produzione del nostro Pleurotus ostreatus \u00e8 rigorosamente controllata, senza l&#8217;uso di sostanze chimiche o pesticidi e<strong> 100% biologica.<\/strong> La qualit\u00e0 dei funghi viene regolarmente monitorata da laboratori indipendenti in Slovenia e negli Stati Uniti.<\/span><\/p>\n<h2><span style=\"color: #000000\">Cosa contiene e a chi \u00e8 destinato?<\/span><\/h2>\n<p><span style=\"color: #000000\">Il Pleurotus ostreatus \u00e8 composto da una variet\u00e0 di sostanze nutritive come<strong> polisaccaridi, proteine, flavonoidi, fenoli, beta-glucani<\/strong>, ecc. L&#8217;ostrica di faggio, che di solito cresce sul legno di faggio, \u00e8 anche una ricca fonte di vitamine B, C e D, sali minerali, antiossidanti e selenio.<\/span><\/p>\n<p><span style=\"color: #000000\">La<strong> lovastatina<\/strong>, un principio attivo chiave nell&#8217;inibire la sintesi del colesterolo endogeno, ha un effetto benefico sulla regolazione dei livelli di colesterolo totale nel sangue.<\/span><\/p>\n<p><span style=\"color: #000000\">L&#8217;ostrica di faggio \u00e8 povera di grassi (soprattutto acidi grassi insaturi) e di vitamina D2, ricca di fibre alimentari e buona fonte di proteine e aminoacidi essenziali. Inoltre, contiene sostanze farmacologicamente attive che possono aiutare:<\/span><\/p>\n<p><span style=\"color: #000000\"> \ud83d\udc9a regolare i livelli di colesterolo totale (aumenta il colesterolo buono HDL e riduce quello cattivo LDL), la pressione arteriosa e la glicemia,<\/span><br \/>\n<span style=\"color: #000000\"> \ud83d\udc9a prevenire i coaguli di sangue,<\/span><br \/>\n<span style=\"color: #000000\"> \ud83d\udc9a proteggere dai radicali liberi<\/span><br \/>\n<span style=\"color: #000000\"> \ud83d\udc9a curare e inibire le infiammazioni,<\/span><br \/>\n<span style=\"color: #000000\"> \ud83d\udc9a aumentare l&#8217;immunit\u00e0 rafforzando il sistema immunitario,<\/span><br \/>\n<span style=\"color: #000000\"> \ud83d\udc9a prevenire le malattie legate all&#8217;et\u00e0,<\/span><br \/>\n<span style=\"color: #000000\"> \ud83d\udc9a proteggere dalle infezioni delle vie respiratorie,<\/span><br \/>\n<span style=\"color: #000000\"> \ud83d\udc9a prevenire l&#8217;invecchiamento,<\/span><br \/>\n<span style=\"color: #000000\"> \ud83d\udc9a prevenire i tumori.<\/span><\/p>\n<p><span style=\"color: #000000\">Tutti gli elementi presenti nei funghi sono presenti in grandi quantit\u00e0 e hanno un effetto molto positivo sul nostro organismo.<\/span><\/p>\n<p><span style=\"color: #000000\">L&#8217;aspetto estremamente importante \u00e8 che il Pleurotus ostreatus \u00e8 un prodotto naturale al 100% che pu\u00f2 aiutarci in modo naturale. Migliora i sintomi dei nostri problemi e ha un effetto positivo sul nostro benessere generale.<\/span><\/p>\n<h2><span style=\"color: #000000\">Perch\u00e9 i funghi?<\/span><\/h2>\n<p><span style=\"color: #000000\">I funghi sono molto interessanti. Non sono n\u00e9 piante n\u00e9 animali, ma quello che sono, sono sicuramente organismi sorprendenti che sono riusciti a sopravvivere quasi dall&#8217;inizio del mondo. Hanno sviluppato una speciale strategia di sopravvivenza che li ha sostenuti fino ad oggi. Anche noi umani possiamo beneficiare di questi vantaggi consumando funghi medicinali. Ci portano equilibrio a livello fisico e ci proteggono da molte malattie. Possono essere un <strong>trattamento<\/strong> <strong>preventivo<\/strong> o <strong>curativo di supporto<\/strong> per molte malattie (moderne), sia convenzionali che non convenzionali. Tradizionalmente, ai funghi sono stati attribuiti i loro effetti in caso di cancro, malattie autoimmuni e allergie. Sono anche utili per una risposta sana e forte del sistema immunitario. Tuttavia, le ricerche sulla salute condotte negli ultimi decenni, quando i funghi sono diventati di interesse per il mondo occidentale, hanno confermato molti dei loro effetti terapeutici.<\/span><\/p>\n<p><span style=\"color: #000000\">Poich\u00e9 alcuni principi attivi naturali sono indigesti o difficili da digerire per noi, \u00e8 molto importante consumare solo le migliori polveri di funghi. I funghi devono essere coltivati, essiccati e preparati correttamente. Devono essere macinati in una polvere fine senza pezzi. Il colore della polvere \u00e8 pi\u00f9 chiaro, ma per il resto dipende anche dal tipo di fungo consumato. Poich\u00e9 i funghi sono cos\u00ec efficaci proprio perch\u00e9 hanno la capacit\u00e0 di assorbire tutto ci\u00f2 che di buono e di cattivo c&#8217;\u00e8 nell&#8217;ambiente, \u00e8 importante utilizzare quelli coltivati biologicamente.<\/span><\/p>\n<h2><span style=\"color: #000000\">Confezione<\/span><\/h2>\n<p><span style=\"color: #000000\">Sacchetto non permeabile con chiusura a zip, in cui il prodotto conserva tutta la sua freschezza e il suo aroma. La confezione protegge il prodotto dalla luce e dall&#8217;aria, essendo composta da diversi strati di protezione che preservano le propriet\u00e0 del contenuto.<\/span><\/p>\n<p><span style=\"color: #000000\">La confezione \u00e8 molto pratica e riciclabile.<\/span><\/p>\n<h2><span style=\"color: #000000\">Conservazione e avvertenze<\/span><\/h2>\n<p><span style=\"color: #000000\">Conservare in un luogo fresco e asciutto. Tenere l&#8217;integratore alimentare fuori dalla portata dei bambini!<\/span><\/p>\n<p><span style=\"color: #000000\">Ricordare l&#8217;importanza di una dieta varia e di uno stile di vita sano; un integratore alimentare non sostituisce quindi una dieta equilibrata e varia. Non superare la quantit\u00e0 o la dose giornaliera raccomandata. Alle donne in gravidanza e in allattamento si consiglia sempre di consultare un medico prima dell&#8217;uso.<\/span><\/p>\n<h2><span style=\"color: #000000\">Buono a sapersi<\/span><\/h2>\n<p><span style=\"color: #000000\">Il prodotto \u00e8 adatto anche agli animali. Nella maggior parte dei casi, i funghi medicinali si rivelano estremamente efficaci per rafforzare il sistema immunitario, eliminare le allergie e i disturbi della pelle, nonch\u00e9 le infezioni virali e batteriche. Prima dell&#8217;uso, si consiglia di consultare il veterinario sull&#8217;opportunit\u00e0 dell&#8217;assunzione e sulla quantit\u00e0 giornaliera raccomandata.<\/span><\/p>\n<h2><span style=\"color: #000000\">Origine<\/span><\/h2>\n<p><span style=\"color: #000000\">Slovenia<\/span><\/p>\n","protected":false},"excerpt":{"rendered":"<p align=\"JUSTIFY\"><span style=\"color: #000000\">Il Pleurotus ostreatus (Oyster Mushroom) \u00e8 un fungo medicinale ben studiato. Conosciuto anche come fungo ostrica di faggio, \u00e8 un fungo commestibile culinario che cresce qui. Infatti, insieme al Ganoderma lucidum e al Cordyceps, \u00e8 uno dei 6 funghi medicinali pi\u00f9 conosciuti, in quanto aiuta:<\/span><\/p>\n<p><span style=\"color: #000000\"> \ud83d\udc9a regolare il colesterolo totale (aumenta il colesterolo buono HDL e riduce il colesterolo cattivo LDL), la pressione sanguigna e la glicemia,<br \/>\n\ud83d\udc9a proteggere dai radicali liberi,<br \/>\n\ud83d\udc9a guarisce e inibisce le infiammazioni,<br \/>\n\ud83d\udc9a aumenta l&#8217;immunit\u00e0 rafforzando il sistema immunitario.<\/span><\/p>\n","protected":false},"featured_media":6070,"comment_status":"open","ping_status":"closed","template":"","meta":{"_acf_changed":false},"product_brand":[],"product_cat":[198,217,224,15],"product_tag":[],"class_list":{"0":"post-6069","1":"product","2":"type-product","3":"status-publish","4":"has-post-thumbnail","6":"product_cat-funghi-medicinali","7":"product_cat-offerta","8":"product_cat-tutti-gli-articoli","9":"product_cat-uncategorized","11":"first","12":"instock","13":"taxable","14":"shipping-taxable","15":"purchasable","16":"product-type-simple"},"acf":[],"_links":{"self":[{"href":"https:\/\/fengchashop.com\/it\/wp-json\/wp\/v2\/product\/6069","targetHints":{"allow":["GET"]}}],"collection":[{"href":"https:\/\/fengchashop.com\/it\/wp-json\/wp\/v2\/product"}],"about":[{"href":"https:\/\/fengchashop.com\/it\/wp-json\/wp\/v2\/types\/product"}],"replies":[{"embeddable":true,"href":"https:\/\/fengchashop.com\/it\/wp-json\/wp\/v2\/comments?post=6069"}],"wp:featuredmedia":[{"embeddable":true,"href":"https:\/\/fengchashop.com\/it\/wp-json\/wp\/v2\/media\/6070"}],"wp:attachment":[{"href":"https:\/\/fengchashop.com\/it\/wp-json\/wp\/v2\/media?parent=6069"}],"wp:term":[{"taxonomy":"product_brand","embeddable":true,"href":"https:\/\/fengchashop.com\/it\/wp-json\/wp\/v2\/product_brand?post=6069"},{"taxonomy":"product_cat","embeddable":true,"href":"https:\/\/fengchashop.com\/it\/wp-json\/wp\/v2\/product_cat?post=6069"},{"taxonomy":"product_tag","embeddable":true,"href":"https:\/\/fengchashop.com\/it\/wp-json\/wp\/v2\/product_tag?post=6069"}],"curies":[{"name":"wp","href":"https:\/\/api.w.org\/{rel}","templated":true}]}}