{"id":6066,"date":"2022-02-22T07:42:04","date_gmt":"2022-02-22T06:42:04","guid":{"rendered":"https:\/\/fengchashop.com\/it\/product\/poria-cocos-bio-125-g\/"},"modified":"2026-05-06T17:03:02","modified_gmt":"2026-05-06T15:03:02","slug":"poria-cocos-bio","status":"publish","type":"product","link":"https:\/\/fengchashop.com\/it\/product\/poria-cocos-bio\/","title":{"rendered":"Poria cocos BIO 125 g"},"content":{"rendered":"<h2><span style=\"color: #000000\">Poria cocos BIO in polvere<\/span><\/h2>\n<p><span style=\"color: #000000\">Il Poria cocos \u00e8 un<strong> fungo medicinale estremamente popolare<\/strong> nella medicina tradizionale cinese e in Giappone. \u00c8 chiamato anche Wolfiporia extensa, matsuhodo o fico d&#8217;India cinese. Cresce sottoterra e prende il nome dalla sua somiglianza con la noce di cocco. Nella medicina cinese viene utilizzata soprattutto<strong> per rafforzare la milza e per la salute generale.<\/strong><\/span><\/p>\n<p><span style=\"color: #000000\">La produzione del nostro Poria cocos \u00e8 rigorosamente controllata, senza l&#8217;uso di sostanze chimiche o pesticidi e 100% <strong>biologica.<\/strong> La qualit\u00e0 dei funghi viene regolarmente monitorata da laboratori indipendenti in Slovenia e negli Stati Uniti.<\/span><\/p>\n<h2><span style=\"color: #000000\">Cosa contiene e a chi \u00e8 destinato?<\/span><\/h2>\n<p><span style=\"color: #000000\">I componenti attivi del Poria cocos comprendono<strong> polisaccaridi, triterpeni, steroli, ergosteroli, acidi, colina, fosforo e minerali<\/strong> (calcio, rame, ferro, magnesio, manganese, potassio, sodio e zinco). Di particolare importanza \u00e8 la sostanza poriyatina, a cui molti studi hanno collegato gli effetti benefici del consumo di Poria cocos.<\/span><\/p>\n<p><span style=\"color: #000000\">In polvere, il Poria cocos contiene molti nutrienti e i suoi effetti benefici sono stati scientificamente provati. Studi condotti in vari paesi del mondo hanno individuato una serie di effetti benefici associati al consumo regolare di Poria cocos:<\/span><\/p>\n<p><span style=\"color: #000000\"> \ud83d\udc9a aumenta l&#8217;<strong> energia e la vitalit\u00e0,<\/strong><\/span><br \/>\n<span style=\"color: #000000\"> \ud83d\udc9a migliora il <strong>sistema immunitario,<\/strong><\/span><br \/>\n<span style=\"color: #000000\"> \ud83d\udc9a a<strong>ntinfiammatorio,<\/strong><\/span><br \/>\n<span style=\"color: #000000\"> \ud83d\udc9a abbassa gli <strong>zuccheri nel sangue,<\/strong><\/span><br \/>\n<span style=\"color: #000000\"> \ud83d\udc9a ha un <strong>effetto calmante,<\/strong><\/span><br \/>\n<span style=\"color: #000000\"> \ud83d\udc9a \u00e8 un<strong> diuretico,<\/strong><\/span><br \/>\n<span style=\"color: #000000\"> \ud83d\udc9a migliora la funzione dello stomaco,<\/span><br \/>\n<span style=\"color: #000000\"> \ud83d\udc9a ha un&#8217;azione antitumorale e antibatterica.<\/span><\/p>\n<p><span style=\"color: #000000\">Tutti gli elementi del fungo sono presenti in grandi quantit\u00e0 e hanno un effetto molto positivo sul nostro organismo.<\/span><\/p>\n<p><span style=\"color: #000000\">E ci\u00f2 che \u00e8 estremamente importante \u00e8 che il Poria cocos \u00e8 un prodotto naturale al 100% che pu\u00f2 aiutarci in modo naturale. Migliora i sintomi dei nostri problemi e ha un effetto positivo sul nostro benessere generale.<\/span><\/p>\n<h2><span style=\"color: #000000\">Perch\u00e9 i funghi?<\/span><\/h2>\n<p><span style=\"color: #000000\">I funghi sono molto interessanti. Non sono n\u00e9 piante n\u00e9 animali, ma quello che sono, sono sicuramente organismi incredibili che sono riusciti a sopravvivere, di fatto, quasi dall&#8217;inizio del mondo. Hanno sviluppato una speciale strategia di sopravvivenza che li ha sostenuti fino ad oggi. Anche noi umani possiamo beneficiare di questi vantaggi consumando funghi medicinali. Ci portano equilibrio a livello fisico e ci proteggono da molte malattie. Possono essere un<strong> trattamento<\/strong><strong> preventivo<\/strong> o<strong> curativo di supporto<\/strong> per molte malattie (moderne), sia convenzionali che non convenzionali. Tradizionalmente, ai funghi sono stati attribuiti i loro effetti in caso di cancro, malattie autoimmuni e allergie. Sono anche utili per una risposta sana e forte del sistema immunitario. Tuttavia, le ricerche mediche condotte negli ultimi decenni, quando i funghi sono diventati di interesse per il mondo occidentale, hanno confermato molti dei loro effetti terapeutici.<\/span><\/p>\n<p><span style=\"color: #000000\">Poich\u00e9 alcuni principi attivi naturali sono indigesti o difficili da digerire per noi, \u00e8 molto importante consumare solo le migliori polveri di funghi. I funghi devono essere coltivati, essiccati e preparati correttamente. Devono essere macinati in una polvere fine senza pezzi. Il colore della polvere \u00e8 pi\u00f9 chiaro, ma per il resto dipende anche dal tipo di fungo consumato. Poich\u00e9 i funghi sono cos\u00ec efficaci proprio perch\u00e9 hanno la capacit\u00e0 di assorbire tutto ci\u00f2 che di buono e di cattivo c&#8217;\u00e8 nell&#8217;ambiente, \u00e8 importante utilizzare quelli coltivati biologicamente.<\/span><\/p>\n<h2><span style=\"color: #000000\">Confezione<\/span><\/h2>\n<p><span style=\"color: #000000\">Sacchetto non permeabile con chiusura a zip in cui il prodotto conserva tutta la sua freschezza e il suo aroma. La confezione protegge il prodotto dalla luce e dall&#8217;aria, essendo composta da diversi strati di protezione che preservano le propriet\u00e0 del contenuto.<\/span><\/p>\n<p><span style=\"color: #000000\">La confezione \u00e8 molto pratica e riciclabile.<\/span><\/p>\n<h2><span style=\"color: #000000\">Conservazione e avvertenze<\/span><\/h2>\n<p><span style=\"color: #000000\">Conservare in un luogo fresco e asciutto. Tenere l&#8217;integratore alimentare fuori dalla portata dei bambini!<\/span><\/p>\n<p><span style=\"color: #000000\">Ricordare l&#8217;importanza di una dieta varia e di uno stile di vita sano; un integratore alimentare non sostituisce quindi una dieta equilibrata e varia. Non superare la quantit\u00e0 o la dose giornaliera raccomandata. Alle donne in gravidanza e in allattamento si consiglia sempre di consultare un medico prima dell&#8217;uso.<\/span><\/p>\n<h2><span style=\"color: #000000\">Buono a sapersi<\/span><\/h2>\n<p><span style=\"color: #000000\">Il prodotto \u00e8 adatto anche agli animali. Nella maggior parte dei casi, i funghi medicinali si rivelano estremamente efficaci per rafforzare il sistema immunitario, eliminare le allergie e i disturbi della pelle, nonch\u00e9 le infezioni virali e batteriche. Prima dell&#8217;uso, si consiglia di consultare il veterinario sull&#8217;opportunit\u00e0 dell&#8217;assunzione e sulla quantit\u00e0 giornaliera raccomandata.<\/span><\/p>\n<h2><span style=\"color: #000000\">Origine<\/span><\/h2>\n<p><span style=\"color: #000000\">Slovenia<\/span><\/p>\n","protected":false},"excerpt":{"rendered":"<p align=\"JUSTIFY\">Il Poria cocos \u00e8 un fungo medicinale estremamente popolare nella medicina tradizionale cinese e in Giappone. \u00c8 chiamato anche Wolfiporia extensa, matsuhodo o fico d&#8217;India cinese. Nella medicina cinese viene utilizzato principalmente per rafforzare la milza e per la salute generale.<\/p>\n<p>\ud83d\udc9a Aumenta l&#8217;energia e la vitalit\u00e0.<br \/>\n\ud83d\udc9a Migliora il sistema immunitario.<br \/>\n\ud83d\udc9a \u00c8 antinfiammatorio.<br \/>\n\ud83d\udc9a Abbassa gli zuccheri nel sangue.<\/p>\n","protected":false},"featured_media":6067,"comment_status":"open","ping_status":"closed","template":"","meta":{"_acf_changed":false},"product_brand":[],"product_cat":[198,217,224,15],"product_tag":[],"class_list":{"0":"post-6066","1":"product","2":"type-product","3":"status-publish","4":"has-post-thumbnail","6":"product_cat-funghi-medicinali","7":"product_cat-offerta","8":"product_cat-tutti-gli-articoli","9":"product_cat-uncategorized","11":"first","12":"outofstock","13":"taxable","14":"shipping-taxable","15":"purchasable","16":"product-type-simple"},"acf":[],"_links":{"self":[{"href":"https:\/\/fengchashop.com\/it\/wp-json\/wp\/v2\/product\/6066","targetHints":{"allow":["GET"]}}],"collection":[{"href":"https:\/\/fengchashop.com\/it\/wp-json\/wp\/v2\/product"}],"about":[{"href":"https:\/\/fengchashop.com\/it\/wp-json\/wp\/v2\/types\/product"}],"replies":[{"embeddable":true,"href":"https:\/\/fengchashop.com\/it\/wp-json\/wp\/v2\/comments?post=6066"}],"wp:featuredmedia":[{"embeddable":true,"href":"https:\/\/fengchashop.com\/it\/wp-json\/wp\/v2\/media\/6067"}],"wp:attachment":[{"href":"https:\/\/fengchashop.com\/it\/wp-json\/wp\/v2\/media?parent=6066"}],"wp:term":[{"taxonomy":"product_brand","embeddable":true,"href":"https:\/\/fengchashop.com\/it\/wp-json\/wp\/v2\/product_brand?post=6066"},{"taxonomy":"product_cat","embeddable":true,"href":"https:\/\/fengchashop.com\/it\/wp-json\/wp\/v2\/product_cat?post=6066"},{"taxonomy":"product_tag","embeddable":true,"href":"https:\/\/fengchashop.com\/it\/wp-json\/wp\/v2\/product_tag?post=6066"}],"curies":[{"name":"wp","href":"https:\/\/api.w.org\/{rel}","templated":true}]}}