{"id":6063,"date":"2022-02-22T06:44:59","date_gmt":"2022-02-22T05:44:59","guid":{"rendered":"https:\/\/fengchashop.com\/it\/product\/sitake-lentinula-edodes-bio-125-g\/"},"modified":"2026-05-07T02:14:00","modified_gmt":"2026-05-07T00:14:00","slug":"shiitake-lentinula-edodes-bio-ue-origine","status":"publish","type":"product","link":"https:\/\/fengchashop.com\/it\/product\/shiitake-lentinula-edodes-bio-ue-origine\/","title":{"rendered":"Shiitake (Lentinula edodes) BIO UE origine 125 g"},"content":{"rendered":"<h2><span style=\"color: #000000\">Shiitake (Lentinula edodes) BIO in polvere<\/span><\/h2>\n<p><span style=\"color: #000000\">La Lentinula edodes o shiitake \u00e8 <strong>uno dei funghi medicinali pi\u00f9 importanti della medicina tradizionale cinese<\/strong>. Viene utilizzato da almeno 2000 anni ed \u00e8 spesso definito la<strong>&#8220;regina dei funghi<\/strong>&#8220;. \u00c8 anche ampiamente utilizzato nella cucina asiatica. In sloveno \u00e8 chiamato<strong> nazob\u010danec commestibile.<\/strong><\/span><\/p>\n<p><span style=\"color: #000000\">Nella sua forma in polvere, lo shiitake contiene molti nutrienti e i suoi effetti positivi sono stati scientificamente provati. Studi condotti in vari Paesi del mondo hanno individuato molti effetti benefici associati al consumo regolare di funghi shiitake. In particolare,<strong> rafforza il sistema immunitario e ha un effetto preventivo su diverse malattie degli organi interni.<\/strong><\/span><\/p>\n<p><span style=\"color: #000000\">I funghi shiitake sono spesso oggetto di ricerca per i loro <strong>effetti antivirali, gli effetti positivi sul fegato e l&#8217;abbassamento della glicemia.<\/strong><\/span><\/p>\n<p><span style=\"color: #000000\">La produzione dei nostri Lentinula edodes \u00e8 rigorosamente controllata, senza l&#8217;uso di sostanze chimiche o pesticidi e<strong> 100% biologica<\/strong>. La qualit\u00e0 dei funghi viene regolarmente monitorata da laboratori indipendenti in Slovenia e negli Stati Uniti.<\/span><\/p>\n<h2><span style=\"color: #000000\">Cosa contiene e a chi \u00e8 destinato?<\/span><\/h2>\n<p><span style=\"color: #000000\">I funghi shiitake sono composti da aminoacidi (isoleucina, leucina, lisina, metionina, fenilalanina, treonina e valina), vitamine (B1, B2, B12), sali minerali (potassio, calcio, fosforo, ferro e zinco), polisaccaridi (il pi\u00f9 importante \u00e8 il \u03b2-glucano lentinano) e altri antiossidanti. Per questo motivo, il fungo \u00e8 consigliato anche a vegetariani e vegani, in quanto \u00e8 una ricca fonte di proteine con aminoacidi essenziali, vitamine, minerali, ecc.<\/span><\/p>\n<p><span style=\"color: #000000\">I funghi shiitake sono<strong> caratterizzati dal composto lentinina<\/strong>, ritenuto antivirale e antitumorale. La lentinina \u00e8 un polisaccaride complesso che \u00e8<strong> considerato un immunostimolante<\/strong> ed \u00e8 un componente di diversi integratori naturali per il rafforzamento del sistema immunitario (beta-1,3-glucano).<\/span><\/p>\n<p><span style=\"color: #000000\">Tutti gli elementi del fungo sono presenti in grandi quantit\u00e0 e hanno un effetto molto positivo sul nostro organismo.<\/span><\/p>\n<p><span style=\"color: #000000\">Insieme al colorato fungo piatto (Trametes versicolor), lo shiitake \u00e8 <strong>uno dei funghi pi\u00f9 studiati<\/strong> ed \u00e8 <strong>estremamente popolare<\/strong> grazie alle sue numerose sostanze farmacologicamente attive <strong>.<\/strong> Anche i suoi effetti curativi sono stati scientificamente provati. Viene utilizzato principalmente contro vari tipi di cancro e per il controllo del colesterolo.<\/span><\/p>\n<p><span style=\"color: #000000\">La sua composizione gli conferisce uno spettro incredibilmente ampio di effetti, tra cui:<\/span><\/p>\n<p><span style=\"color: #000000\"> \ud83d\udc9a propriet\u00e0 anticancro e antitumorali,<\/span><br \/>\n<span style=\"color: #000000\"> <strong> \ud83d\udc9a rafforza il sistema immunitario<\/strong>,<\/span><br \/>\n<span style=\"color: #000000\"> <strong> \ud83d\udc9a abbassa la pressione sanguigna, il colesterolo e gli zuccheri,<\/strong><\/span><br \/>\n<span style=\"color: #000000\"> \ud83d\udc9a a<strong>ntiossidante e antinfiammatorio,<\/strong><\/span><br \/>\n<span style=\"color: #000000\"> <strong> \ud83d\udc9a previene la crescita di infezioni batteriche e virali,<\/strong><\/span><br \/>\n<span style=\"color: #000000\"> \ud83d\udc9a aiuta la bronchite e le <strong>allergie,<\/strong><\/span><br \/>\n<span style=\"color: #000000\"> \ud83d\udc9a in combinazione con i trattamenti chemioterapici convenzionali, offre una vita pi\u00f9 lunga e migliore ai pazienti oncologici.<\/span><\/p>\n<p><span style=\"color: #000000\">L&#8217;aspetto estremamente importante \u00e8 che il fungo shiitake \u00e8 un<strong> prodotto naturale al 100%<\/strong> che pu\u00f2 aiutarci in modo naturale. Migliora i sintomi dei nostri problemi e ha un effetto positivo sul nostro benessere generale.<\/span><\/p>\n<h2><span style=\"color: #000000\">Perch\u00e9 i funghi?<\/span><\/h2>\n<p><span style=\"color: #000000\">I funghi sono molto interessanti. Non sono n\u00e9 piante n\u00e9 animali, ma quello che sono, sono sicuramente organismi incredibili che sono riusciti a sopravvivere, di fatto, quasi dall&#8217;inizio del mondo. Hanno sviluppato una speciale strategia di sopravvivenza che li ha sostenuti fino ad oggi. Anche noi umani possiamo beneficiare di questi vantaggi consumando funghi medicinali. Ci portano equilibrio a livello fisico e ci proteggono da molte malattie. Possono essere un<strong> trattamento<\/strong><strong> preventivo<\/strong> o<strong> curativo di supporto<\/strong> per molte malattie (moderne), sia convenzionali che non convenzionali. Tradizionalmente, ai funghi sono stati attribuiti i loro effetti in caso di cancro, malattie autoimmuni e allergie. Sono anche utili per una risposta sana e forte del sistema immunitario. Tuttavia, le ricerche mediche condotte negli ultimi decenni, quando i funghi sono diventati di interesse per il mondo occidentale, hanno confermato molti dei loro effetti terapeutici.<\/span><\/p>\n<p><span style=\"color: #000000\">Poich\u00e9 alcuni principi attivi naturali sono indigesti o difficili da digerire per noi, \u00e8 molto importante consumare solo le migliori polveri di funghi. I funghi devono essere coltivati, essiccati e preparati correttamente. Devono essere macinati in una polvere fine senza pezzi. Il colore della polvere \u00e8 pi\u00f9 chiaro, ma per il resto dipende anche dal tipo di fungo consumato. Poich\u00e9 i funghi sono cos\u00ec efficaci proprio perch\u00e9 hanno la capacit\u00e0 di assorbire tutto ci\u00f2 che di buono e di cattivo c&#8217;\u00e8 nell&#8217;ambiente, \u00e8 importante utilizzare quelli coltivati biologicamente.<\/span><\/p>\n<h2><span style=\"color: #000000\">Confezione<\/span><\/h2>\n<p><span style=\"color: #000000\">Sacchetto non permeabile con chiusura a zip, in cui il prodotto conserva tutta la sua freschezza e il suo aroma. La confezione protegge il prodotto dalla luce e dall&#8217;aria, essendo composta da diversi strati di protezione che preservano le propriet\u00e0 del contenuto.<\/span><\/p>\n<p><span style=\"color: #000000\">La confezione \u00e8 molto pratica e riciclabile.<\/span><\/p>\n<h2><span style=\"color: #000000\">Conservazione e avvertenze<\/span><\/h2>\n<p><span style=\"color: #000000\">Conservare in un luogo fresco e asciutto. Tenere l&#8217;integratore alimentare fuori dalla portata dei bambini!<\/span><\/p>\n<p><span style=\"color: #000000\">Ricordare l&#8217;importanza di una dieta varia e di uno stile di vita sano; un integratore alimentare non sostituisce quindi una dieta equilibrata e varia. Non superare la quantit\u00e0 o la dose giornaliera raccomandata. Alle donne in gravidanza e in allattamento si consiglia sempre di consultare un medico prima dell&#8217;uso.<\/span><\/p>\n<h2><span style=\"color: #000000\">Buono a sapersi<\/span><\/h2>\n<p><span style=\"color: #000000\">Il prodotto \u00e8 adatto anche agli animali. Nella maggior parte dei casi, i funghi medicinali si rivelano estremamente efficaci per rafforzare il sistema immunitario, eliminare le allergie e i disturbi della pelle, nonch\u00e9 le infezioni virali e batteriche. Prima dell&#8217;uso, si consiglia di consultare il veterinario sull&#8217;opportunit\u00e0 dell&#8217;assunzione e sulla quantit\u00e0 giornaliera raccomandata.<\/span><\/p>\n<h2><span style=\"color: #000000\">Origine<\/span><\/h2>\n<p><span style=\"color: #000000\">UE<\/span><\/p>\n","protected":false},"excerpt":{"rendered":"<p align=\"JUSTIFY\">Il Lentinula edodes, o shiitake, \u00e8 uno dei funghi medicinali pi\u00f9 importanti della medicina tradizionale cinese. Viene utilizzato da almeno 2000 anni ed \u00e8 spesso definito la &#8220;regina dei funghi&#8221;:<\/p>\n<p><span style=\"color: #000000\"> \ud83d\udc9a propriet\u00e0 anticancro e antitumorali,<br \/>\n\ud83d\udc9a rafforza il sistema immunitario,<br \/>\n\ud83d\udc9a abbassa la pressione sanguigna, il colesterolo e gli zuccheri,<br \/>\n\ud83d\udc9a antiossidante e antinfiammatorio,<br \/>\n\ud83d\udc9a impedisce la crescita di infezioni batteriche e virali.<\/span><\/p>\n","protected":false},"featured_media":6064,"comment_status":"open","ping_status":"closed","template":"","meta":{"_acf_changed":false},"product_brand":[],"product_cat":[198,217,224,15],"product_tag":[],"class_list":{"0":"post-6063","1":"product","2":"type-product","3":"status-publish","4":"has-post-thumbnail","6":"product_cat-funghi-medicinali","7":"product_cat-offerta","8":"product_cat-tutti-gli-articoli","9":"product_cat-uncategorized","11":"first","12":"instock","13":"taxable","14":"shipping-taxable","15":"purchasable","16":"product-type-simple"},"acf":[],"_links":{"self":[{"href":"https:\/\/fengchashop.com\/it\/wp-json\/wp\/v2\/product\/6063","targetHints":{"allow":["GET"]}}],"collection":[{"href":"https:\/\/fengchashop.com\/it\/wp-json\/wp\/v2\/product"}],"about":[{"href":"https:\/\/fengchashop.com\/it\/wp-json\/wp\/v2\/types\/product"}],"replies":[{"embeddable":true,"href":"https:\/\/fengchashop.com\/it\/wp-json\/wp\/v2\/comments?post=6063"}],"wp:featuredmedia":[{"embeddable":true,"href":"https:\/\/fengchashop.com\/it\/wp-json\/wp\/v2\/media\/6064"}],"wp:attachment":[{"href":"https:\/\/fengchashop.com\/it\/wp-json\/wp\/v2\/media?parent=6063"}],"wp:term":[{"taxonomy":"product_brand","embeddable":true,"href":"https:\/\/fengchashop.com\/it\/wp-json\/wp\/v2\/product_brand?post=6063"},{"taxonomy":"product_cat","embeddable":true,"href":"https:\/\/fengchashop.com\/it\/wp-json\/wp\/v2\/product_cat?post=6063"},{"taxonomy":"product_tag","embeddable":true,"href":"https:\/\/fengchashop.com\/it\/wp-json\/wp\/v2\/product_tag?post=6063"}],"curies":[{"name":"wp","href":"https:\/\/api.w.org\/{rel}","templated":true}]}}