{"id":6060,"date":"2022-02-11T22:23:40","date_gmt":"2022-02-11T21:23:40","guid":{"rendered":"https:\/\/fengchashop.com\/it\/product\/ginseng-siberiano-in-polvere-bio-250-g\/"},"modified":"2026-05-06T16:38:07","modified_gmt":"2026-05-06T14:38:07","slug":"ginseng-siberiano-in-polvere-bio","status":"publish","type":"product","link":"https:\/\/fengchashop.com\/it\/product\/ginseng-siberiano-in-polvere-bio\/","title":{"rendered":"Ginseng siberiano in polvere BIO 250 g"},"content":{"rendered":"<h2><span style=\"color: #000000\">Ginseng siberiano in polvere da produzione biologica<\/span><\/h2>\n<p><span style=\"color: #000000\">Il ginseng siberiano cresce principalmente nella Cina settentrionale e in Siberia (un&#8217;area della Russia), ma si trova anche in Corea e Giappone. \u00c8 un&#8217;erba perenne che cresce solitamente nei climi pi\u00f9 freddi, ha una radice legnosa e cresce nelle zone di alta montagna, ma anche nelle aree protette dal sole a valle. \u00c8 noto anche come ginseng siberiano o eleuterococco (Eleutherococcus senticosus).<\/span><\/p>\n<p><span style=\"color: #000000\">La radice di ginseng \u00e8 una delle<strong> piante pi\u00f9 importanti <\/strong>nell&#8217;erboristeria tradizionale cinese e russa, dove \u00e8 stata utilizzata come integratore alimentare per secoli, se non millenni. In Cina \u00e8 risaputo che il ginseng fa bene alla nostra salute in termini di <strong>longevit\u00e0<\/strong> (inibendo il processo di invecchiamento),<strong> potenziamento del sistema immunitario, anti-fatica, anti-stress e influenza una migliore potenza sessuale<\/strong>.<\/span><\/p>\n<p><span style=\"color: #000000\">I composti attivi del ginseng chiamati elevterosidi (ne contiene 7 diversi) agiscono in modo simile agli steroidi. Il ginseng \u00e8 anche un&#8217;<strong>erba adattogena<\/strong>. Si tratta di piante che aiutano l&#8217;organismo ad adattarsi a vari fattori ambientali negativi. Ha la capacit\u00e0 di regolare e controllare i sistemi ghiandolari e ormonali, il sistema nervoso e cardiovascolare e i muscoli. Gli adattogeni sono efficaci nell&#8217;aiutare l&#8217;organismo a far fronte allo stress fisico, chimico e biologico.<\/span><\/p>\n<p><span style=\"color: #000000\">Il nostro ginseng siberiano <strong>proviene da agricoltura biologica <\/strong>e<strong> non contiene riempitivi o additivi<\/strong>. Dopo la raccolta, le radici del ginseng vengono essiccate e poi macinate in polvere con un processo delicato.<\/span><\/p>\n<p><span style=\"color: #000000\">Il ginseng siberiano (elevoside) non deve essere confuso con il pi\u00f9 noto ginseng asiatico (ginsenoside), anche se hanno propriet\u00e0 adattogene simili.<\/span><\/p>\n<h2><span style=\"color: #000000\">Conservazione e avvertenze<\/span><\/h2>\n<p><span style=\"color: #000000\">Conservare in un luogo fresco e asciutto. Tenere l&#8217;integratore alimentare fuori dalla portata dei bambini!<\/span><\/p>\n<p><span style=\"color: #000000\">Ricordare l&#8217;importanza di una dieta varia e di uno stile di vita sano; un integratore alimentare non sostituisce quindi una dieta equilibrata e varia. La quantit\u00e0 o la dose giornaliera raccomandata non deve essere superata. Alle donne in gravidanza, alle madri che allattano e alle persone che assumono farmaci si consiglia sempre di consultare il medico prima dell&#8217;uso.<\/span><\/p>\n<h2><span style=\"color: #000000\">Confezione<\/span><\/h2>\n<p><span style=\"color: #000000\">Sacchetto non permeabile con chiusura a zip, in cui il prodotto conserva tutta la sua freschezza e il suo aroma. La confezione protegge il prodotto dalla luce e dall&#8217;aria, essendo composta da diversi strati di protezione per preservare le propriet\u00e0 del contenuto.<\/span><\/p>\n<p><span style=\"color: #000000\">La confezione \u00e8 molto pratica e riciclabile.<\/span><\/p>\n<h2><span style=\"color: #000000\">Origine<\/span><\/h2>\n<p><span style=\"color: #000000\">Cina. Abbiamo fornitori molto affidabili che ci inviano un&#8217;analisi chimica dettagliata del prodotto alimentare per ogni lotto. In pi\u00f9 di dieci anni non abbiamo avuto richiami o altri problemi con questo articolo, n\u00e9 con altri articoli dello stesso fornitore. L&#8217;articolo \u00e8 certificato biologico al 100%.<\/span><\/p>\n","protected":false},"excerpt":{"rendered":"<p align=\"JUSTIFY\">La radice di ginseng \u00e8 una delle<strong> piante pi\u00f9 importanti<\/strong> nell&#8217;erboristeria tradizionale cinese e russa, dove viene utilizzata come integratore alimentare da secoli, se non millenni. In Cina \u00e8 risaputo che il ginseng fa bene alla nostra salute nel senso di:<\/p>\n<p align=\"JUSTIFY\">\ud83d\udc9a longevit\u00e0 (inibisce i processi di invecchiamento),<br \/>\n\ud83d\udc9a rafforza il sistema immunitario,<br \/>\n\ud83d\udc9a \u00e8 anti-fatica,<br \/>\n\ud83d\udc9a antistress,<br \/>\n\ud83d\udc9a ha un effetto sulla potenza sessuale.<\/p>\n","protected":false},"featured_media":6061,"comment_status":"open","ping_status":"closed","template":"","meta":{"_acf_changed":false},"product_brand":[],"product_cat":[217,195,224,15],"product_tag":[],"class_list":{"0":"post-6060","1":"product","2":"type-product","3":"status-publish","4":"has-post-thumbnail","6":"product_cat-offerta","7":"product_cat-superfood","8":"product_cat-tutti-gli-articoli","9":"product_cat-uncategorized","11":"first","12":"instock","13":"sale","14":"taxable","15":"shipping-taxable","16":"purchasable","17":"product-type-simple"},"acf":[],"_links":{"self":[{"href":"https:\/\/fengchashop.com\/it\/wp-json\/wp\/v2\/product\/6060","targetHints":{"allow":["GET"]}}],"collection":[{"href":"https:\/\/fengchashop.com\/it\/wp-json\/wp\/v2\/product"}],"about":[{"href":"https:\/\/fengchashop.com\/it\/wp-json\/wp\/v2\/types\/product"}],"replies":[{"embeddable":true,"href":"https:\/\/fengchashop.com\/it\/wp-json\/wp\/v2\/comments?post=6060"}],"wp:featuredmedia":[{"embeddable":true,"href":"https:\/\/fengchashop.com\/it\/wp-json\/wp\/v2\/media\/6061"}],"wp:attachment":[{"href":"https:\/\/fengchashop.com\/it\/wp-json\/wp\/v2\/media?parent=6060"}],"wp:term":[{"taxonomy":"product_brand","embeddable":true,"href":"https:\/\/fengchashop.com\/it\/wp-json\/wp\/v2\/product_brand?post=6060"},{"taxonomy":"product_cat","embeddable":true,"href":"https:\/\/fengchashop.com\/it\/wp-json\/wp\/v2\/product_cat?post=6060"},{"taxonomy":"product_tag","embeddable":true,"href":"https:\/\/fengchashop.com\/it\/wp-json\/wp\/v2\/product_tag?post=6060"}],"curies":[{"name":"wp","href":"https:\/\/api.w.org\/{rel}","templated":true}]}}