{"id":6041,"date":"2022-02-11T21:47:17","date_gmt":"2022-02-11T20:47:17","guid":{"rendered":"https:\/\/fengchashop.com\/it\/product\/ashwagandha-compresse-bio-125-g\/"},"modified":"2026-04-29T12:41:37","modified_gmt":"2026-04-29T10:41:37","slug":"ashwagandha-compresse-bio","status":"publish","type":"product","link":"https:\/\/fengchashop.com\/it\/product\/ashwagandha-compresse-bio\/","title":{"rendered":"Ashwagandha compresse BIO 125 g"},"content":{"rendered":"<h2><span style=\"color: #000000\">Ashwagandha (ashwagandha) in compresse BIO<\/span><\/h2>\n<p><span style=\"color: #000000\">L&#8217;ashwagandha \u00e8 un&#8217;erba essenziale dell&#8217;Ayurveda e una delle piante pi\u00f9 venerate, nota anche come<strong> ginseng indiano,<\/strong> in quanto viene utilizzata nell&#8217;Ayurveda in modo simile al ginseng nella medicina tradizionale cinese. Da migliaia di anni viene utilizzato a scopo medicinale, in quanto ha un<strong> effetto positivo sul benessere generale e ci d\u00e0 energia.<\/strong> \u00c8 considerato un superalimento che ci aiuta a ripristinare l&#8217;equilibrio ormonale. Agisce sia sugli ormoni che sugli organi riproduttivi. Ripristina la ghiandola surrenale e la tiroide. Essendo adattogena, viene utilizzata in Ayurveda per la tiroide iper- e ipoattiva. <\/span><\/p>\n<p><span style=\"color: #000000\">L&#8217;Ashwagandha in compresse \u00e8 coltivata con metodo biologico. Le compresse sono estremamente pratiche da usare e consentono un&#8217;assunzione giornaliera costante.<\/span><\/p>\n<h2><span style=\"color: #000000\">Quali sono i possibili benefici dell&#8217;assunzione di ashwagandha?<\/span><\/h2>\n<p><span style=\"color: #000000\">Si ritiene che l&#8217;ashwagandha abbia un effetto positivo su:<\/span><\/p>\n<p><span style=\"color: #000000\"> \ud83d\udc9a aumento <strong>della potenza cerebrale,<\/strong><\/span><\/p>\n<p><span style=\"color: #000000\"> \ud83d\udc9a aumento dell <strong>&#8216;energia e della resistenza,<\/strong><\/span><\/p>\n<p><span style=\"color: #000000\"> \ud83d\udc9a s <strong>uperare lo stress quotidiano e alleviare i sintomi di ansia e depressione,<\/strong><\/span><\/p>\n<p><span style=\"color: #000000\"> \ud83d\udc9a riduzione dell&#8217;<strong>insonnia,<\/strong><\/span><\/p>\n<p><span style=\"color: #000000\"> <strong> \ud83d\udc9a alleviare il dolore e l&#8217;infiammazione,<\/strong><\/span><\/p>\n<p><span style=\"color: #000000\"> <strong> \ud83d\udc9a aumentare il desiderio sessuale e la fertilit\u00e0<\/strong> in entrambi i sessi,<\/span><\/p>\n<p><span style=\"color: #000000\"> <strong> \ud83d\udc9a rallentare il processo di invecchiamento dell<\/strong> &#8216;organismo.<\/span><\/p>\n<p><span style=\"color: #000000\">La radice della pianta contiene la maggior parte delle sostanze attive che hanno un effetto positivo su vari problemi di salute. Pu\u00f2 essere mangiata o applicata sulla pelle o sulla zona interessata. \u00c8 molto versatile e per questo \u00e8 apprezzata in tre diverse medicine tradizionali.<\/span><\/p>\n<p><span style=\"color: #000000\">\u00c8 noto anche come ginseng indiano perch\u00e9 \u00e8 in grado di aumentare la capacit\u00e0 di pensare o le funzioni cerebrali (simile al ginseng). Ha un ottimo effetto sull&#8217;intero sistema nervoso, quindi viene spesso utilizzato per superare stress, ansia e depressione. Recentemente \u00e8 stato oggetto di numerose ricerche, tra cui quella che lo collega al trattamento del morbo di Alzheimer e della demenza.<\/span><\/p>\n<h2><span style=\"color: #000000\">A chi \u00e8 consigliata l&#8217;assunzione di ashwagandha?<\/span><\/h2>\n<p><span style=\"color: #000000\">Sebbene si ritenga che l&#8217;ashwagandha abbia uno spettro d&#8217;azione molto ampio, se ne consiglia l&#8217;assunzione soprattutto a chi vuole trovare un modo naturale per aiutare in situazioni come lo<strong> stress<\/strong>, la mancanza di desiderio sessuale, i problemi<strong> della menopausa<\/strong>. Pu\u00f2 essere assunto anche per <strong>migliorare la memoria, la concentrazione e le prestazioni<\/strong>, l&#8217;emocromo, oltre che per aiutare la perdita di peso e per aumentare la resistenza a raffreddori e altre infezioni. Si usa anche per alleviare i problemi legati a tutti i tipi di<strong> disturbi reumatici <\/strong>e alle articolazioni infiammate, grazie al suo notevole effetto antinfiammatorio. Aiuta inoltre a mantenere il tono muscolare e la flessibilit\u00e0 delle articolazioni. Sebbene l&#8217;ashwagandha sia un alimento sicuro e venga utilizzato anche come alternativa in caso di condizioni di salute pi\u00f9 gravi, si raccomanda di consultare un medico prima dell&#8217;uso.<\/span><\/p>\n<h2><span style=\"color: #000000\">Conservazione e avvertenze<\/span><\/h2>\n<p><span style=\"color: #000000\">Conservare in un luogo fresco e asciutto a una temperatura massima di 25 \u00b0C. Tenere fuori dalla portata dei bambini!<\/span><\/p>\n<p><span style=\"color: #000000\">Ricordare l&#8217;importanza di una dieta varia e di uno stile di vita sano; un integratore alimentare non sostituisce quindi una dieta equilibrata e varia. Non superare la quantit\u00e0 o la dose giornaliera raccomandata. Si sconsiglia l&#8217;uso alle donne in gravidanza e in allattamento e alle persone con tiroide iperattiva.<\/span><\/p>\n<h2><span style=\"color: #000000\">Confezione<\/span><\/h2>\n<p><span style=\"color: #000000\">Sacchetto non permeabile con chiusura a zip in cui il prodotto conserva tutta la freschezza e l&#8217;aroma. La confezione protegge il prodotto dalla luce e dall&#8217;aria, essendo composta da diversi strati di protezione per preservare le propriet\u00e0 del contenuto.<\/span><\/p>\n<p><span style=\"color: #000000\">La confezione \u00e8 molto pratica e riciclabile.<\/span><\/p>\n<h2><span style=\"color: #000000\">Origine<\/span><\/h2>\n<p><span style=\"color: #000000\">India<\/span><\/p>\n","protected":false},"excerpt":{"rendered":"<p align=\"JUSTIFY\">L&#8217;ashwagandha \u00e8 un&#8217;erba essenziale dell&#8217;Ayurveda e una delle piante pi\u00f9 venerate, nota anche come <b>ginseng indiano,<\/b> in quanto viene utilizzata nell&#8217;Ayurveda in modo simile al ginseng nella medicina tradizionale cinese. \u00c8 stata utilizzata per scopi medicinali per migliaia di anni, in quanto ha un <b>effetto positivo sul benessere generale<\/b> e ci d\u00e0 energia. Si ritiene che l&#8217;Ashwagandha abbia un effetto positivo su:<\/p>\n<p align=\"JUSTIFY\">\ud83d\udc9a aumento della potenza cerebrale,<br \/>\n\ud83d\udc9a aumento dell&#8217;energia e della resistenza,<br \/>\n\ud83d\udc9a superare lo stress quotidiano<br \/>\n\ud83d\udc9a ridurre l&#8217;insonnia.<\/p>\n","protected":false},"featured_media":6042,"comment_status":"open","ping_status":"closed","template":"","meta":{"_acf_changed":false},"product_brand":[],"product_cat":[194,217,195,224,15],"product_tag":[],"class_list":{"0":"post-6041","1":"product","2":"type-product","3":"status-publish","4":"has-post-thumbnail","6":"product_cat-ayurveda","7":"product_cat-offerta","8":"product_cat-superfood","9":"product_cat-tutti-gli-articoli","10":"product_cat-uncategorized","12":"first","13":"instock","14":"sale","15":"taxable","16":"shipping-taxable","17":"purchasable","18":"product-type-simple"},"acf":[],"_links":{"self":[{"href":"https:\/\/fengchashop.com\/it\/wp-json\/wp\/v2\/product\/6041","targetHints":{"allow":["GET"]}}],"collection":[{"href":"https:\/\/fengchashop.com\/it\/wp-json\/wp\/v2\/product"}],"about":[{"href":"https:\/\/fengchashop.com\/it\/wp-json\/wp\/v2\/types\/product"}],"replies":[{"embeddable":true,"href":"https:\/\/fengchashop.com\/it\/wp-json\/wp\/v2\/comments?post=6041"}],"wp:featuredmedia":[{"embeddable":true,"href":"https:\/\/fengchashop.com\/it\/wp-json\/wp\/v2\/media\/6042"}],"wp:attachment":[{"href":"https:\/\/fengchashop.com\/it\/wp-json\/wp\/v2\/media?parent=6041"}],"wp:term":[{"taxonomy":"product_brand","embeddable":true,"href":"https:\/\/fengchashop.com\/it\/wp-json\/wp\/v2\/product_brand?post=6041"},{"taxonomy":"product_cat","embeddable":true,"href":"https:\/\/fengchashop.com\/it\/wp-json\/wp\/v2\/product_cat?post=6041"},{"taxonomy":"product_tag","embeddable":true,"href":"https:\/\/fengchashop.com\/it\/wp-json\/wp\/v2\/product_tag?post=6041"}],"curies":[{"name":"wp","href":"https:\/\/api.w.org\/{rel}","templated":true}]}}