{"id":6020,"date":"2022-02-11T20:48:52","date_gmt":"2022-02-11T19:48:52","guid":{"rendered":"https:\/\/fengchashop.com\/it\/product\/dulse-bio-125-g\/"},"modified":"2026-05-09T19:27:22","modified_gmt":"2026-05-09T17:27:22","slug":"dulse-bio","status":"publish","type":"product","link":"https:\/\/fengchashop.com\/it\/product\/dulse-bio\/","title":{"rendered":"Dulse BIO 125 g"},"content":{"rendered":"<h2><span style=\"color: #000000\">Alga dulse rossa<\/span><\/h2>\n<p><span style=\"color: #000000\">La dulse \u00e8 un&#8217;alga rossa, nota anche come palmaria rossa o Palmaria palmata, e appartiene al gruppo delle alghe rosse o Rodophycophyta. Le alghe rosse comprendono anche l&#8217;alga nori e, probabilmente pi\u00f9 familiare a noi, l&#8217;agar agar, che viene utilizzato anche come gelificante nelle diete vegetariane e vegane.<\/span><\/p>\n<p><span style=\"color: #000000\">Le alghe sono un&#8217;importante <strong>fonte di iodio<\/strong>, che non viene immagazzinato dall&#8217;organismo e deve quindi essere consumato regolarmente (per questo motivo la maggior parte del sale da cucina \u00e8 iodato), in quanto \u00e8 responsabile del corretto funzionamento della ghiandola tiroidea e una sua carenza pu\u00f2 portare a una serie di condizioni (dall&#8217;aumento di peso e dalla stanchezza alla calvizie e all&#8217;ipotiroidismo). Per i problemi alla tiroide e altri, \u00e8 sempre bene consultare un medico prima di assumerle.<\/span><\/p>\n<p><span style=\"color: #000000\">Tradizionalmente, l&#8217;alga dulse rossa \u00e8 stata utilizzata anche per alleviare i problemi di <strong>pressione alta<\/strong>; per aiutare a prevenire i <strong>disturbi visivi<\/strong>, grazie al suo contenuto di vitamina A; per sostenere il<strong> sistema immunitario<\/strong> e per alleviare la scarsa massa ossea e i problemi del tessuto connettivo, grazie al suo contenuto di minerali, come calcio e magnesio. Ha anche propriet\u00e0 antinfiammatorie e antivirali grazie al contenuto di fucoidano, un carboidrato complesso.<\/span><\/p>\n<p><span style=\"color: #000000\">L&#8217;alga viene essiccata e macinata in fiocchi. Sono di qualit\u00e0 eccellente perch\u00e9 sono selvatiche, certificate biologiche e raccolte a mano nell&#8217;Oceano Atlantico.<\/span><\/p>\n<h2><span style=\"color: #000000\">Cosa contiene l&#8217;alga dulse?<\/span><\/h2>\n<p><span style=\"color: #000000\"> Vitamine A, C ed E &#8211; importanti antiossidanti che ci proteggono dai radicali liberi; e vitamine del gruppo B (B1, B2, B3, B6, B12), che hanno dimostrato di alleviare lo stress e mantenere i livelli di energia.<\/span><br \/>\n<span style=\"color: #000000\"> Minerali e oligoelementi: calcio, ferro, manganese, zinco, magnesio, iodio, potassio, fosforo.<\/span><br \/>\n<span style=\"color: #000000\"> \u00c8 inoltre ricco di proteine, aminoacidi e fibre, nonch\u00e9 di acidi grassi insaturi omega-3, che svolgono un ruolo importante per la salute del nostro sistema cardiovascolare e inibiscono le infiammazioni.<\/span><br \/>\n<span style=\"color: #000000\"> In effetti, contiene quasi tutti gli <strong>oligoelementi necessari<\/strong> al corpo umano.<\/span><\/p>\n<h2><span style=\"color: #000000\">Confezione<\/span><\/h2>\n<p><span style=\"color: #000000\">Sacchetto a chiusura lampo non permeabile, in cui il prodotto conserva tutta la sua freschezza e il suo aroma. La confezione protegge dalla luce e dall&#8217;aria, essendo composta da diversi strati di protezione che preservano le propriet\u00e0 del contenuto.<\/span><\/p>\n<p><span style=\"color: #000000\">La confezione \u00e8 molto pratica e riciclabile.<\/span><\/p>\n<h2><span style=\"color: #000000\">Origine<\/span><\/h2>\n<p><span style=\"color: #000000\">Irlanda <\/span><\/p>\n","protected":false},"excerpt":{"rendered":"<p align=\"JUSTIFY\">La dulse \u00e8 un&#8217;alga rossa, nota anche come <strong>palmaria rossa<\/strong> o <strong>Palmaria palmata<\/strong>, e appartiene al gruppo delle alghe rosse o <em>Rodophycophyta<\/em>. Tradizionalmente, l&#8217;alga dulse rossa viene utilizzata per:<\/p>\n<p align=\"JUSTIFY\">\ud83d\udc9a alleviare i problemi di pressione alta,<br \/>\n\ud83d\udc9a anche come supporto nella prevenzione dei disturbi visivi grazie al suo contenuto di vitamina A,<br \/>\n\ud83d\udc9a sostiene il sistema immunitario, e<br \/>\n\ud83d\udc9a grazie al suo contenuto di minerali come calcio e magnesio, aiuta ad alleviare i problemi di scarsa massa ossea e tessuto connettivo.<\/p>\n","protected":false},"featured_media":6021,"comment_status":"open","ping_status":"closed","template":"","meta":{"_acf_changed":false},"product_brand":[],"product_cat":[222,225,217,195,224,15],"product_tag":[],"class_list":{"0":"post-6020","1":"product","2":"type-product","3":"status-publish","4":"has-post-thumbnail","6":"product_cat-alghe-e-erbe","7":"product_cat-i-piu-venduti","8":"product_cat-offerta","9":"product_cat-superfood","10":"product_cat-tutti-gli-articoli","11":"product_cat-uncategorized","13":"first","14":"instock","15":"sale","16":"taxable","17":"shipping-taxable","18":"purchasable","19":"product-type-simple"},"acf":[],"_links":{"self":[{"href":"https:\/\/fengchashop.com\/it\/wp-json\/wp\/v2\/product\/6020","targetHints":{"allow":["GET"]}}],"collection":[{"href":"https:\/\/fengchashop.com\/it\/wp-json\/wp\/v2\/product"}],"about":[{"href":"https:\/\/fengchashop.com\/it\/wp-json\/wp\/v2\/types\/product"}],"replies":[{"embeddable":true,"href":"https:\/\/fengchashop.com\/it\/wp-json\/wp\/v2\/comments?post=6020"}],"wp:featuredmedia":[{"embeddable":true,"href":"https:\/\/fengchashop.com\/it\/wp-json\/wp\/v2\/media\/6021"}],"wp:attachment":[{"href":"https:\/\/fengchashop.com\/it\/wp-json\/wp\/v2\/media?parent=6020"}],"wp:term":[{"taxonomy":"product_brand","embeddable":true,"href":"https:\/\/fengchashop.com\/it\/wp-json\/wp\/v2\/product_brand?post=6020"},{"taxonomy":"product_cat","embeddable":true,"href":"https:\/\/fengchashop.com\/it\/wp-json\/wp\/v2\/product_cat?post=6020"},{"taxonomy":"product_tag","embeddable":true,"href":"https:\/\/fengchashop.com\/it\/wp-json\/wp\/v2\/product_tag?post=6020"}],"curies":[{"name":"wp","href":"https:\/\/api.w.org\/{rel}","templated":true}]}}