{"id":6017,"date":"2022-02-11T20:27:56","date_gmt":"2022-02-11T19:27:56","guid":{"rendered":"https:\/\/fengchashop.com\/it\/product\/magnesio-bisglicinato-250-g\/"},"modified":"2026-05-06T15:40:57","modified_gmt":"2026-05-06T13:40:57","slug":"magnesio-bisglicinato","status":"publish","type":"product","link":"https:\/\/fengchashop.com\/it\/product\/magnesio-bisglicinato\/","title":{"rendered":"Magnesio bisglicinato 250 g"},"content":{"rendered":"<h2><span style=\"color: #000000\">Magnesio bisglicinato<\/span><\/h2>\n<p><span style=\"color: #000000\">Il magnesio \u00e8 un <strong>minerale molto importante,<\/strong> responsabile di oltre 300 reazioni metaboliche nel corpo umano. Gli esperti lo definiscono spesso il &#8220;re dei minerali&#8221;. Svolge un ruolo molto importante nel garantire il corretto funzionamento di ossa, muscoli e sistema nervoso. Viene spesso consumato <strong>per prevenire crampi (nei polpacci), stanchezza, esaurimento e per il normale funzionamento mentale.<\/strong> A causa dello stile di vita moderno &#8211; mancanza di sonno, stress, dieta &#8211; ci rivolgiamo spesso agli integratori di magnesio. Anche se ne troviamo in abbondanza nelle verdure verdi, nel pesce, nei semi di girasole e di zucca, nella frutta e nelle noci, semplicemente ne consumiamo pi\u00f9 di quanto ne mangiamo. Gli atleti e le persone molto attive, le donne in gravidanza e gli anziani hanno un fabbisogno maggiore di magnesio. In natura, il magnesio \u00e8 sempre legato a un altro composto, che gli conferisce propriet\u00e0 specifiche, soprattutto in termini di assorbimento e di effetti aggiuntivi. \u00c8 quindi importante scegliere il magnesio giusto per le nostre esigenze.<\/span><\/p>\n<p><span style=\"color: #000000\">Il magnesio sotto forma di bisglicinato di magnesio \u00e8<strong> una delle forme pi\u00f9 recenti e migliori di magnesio<\/strong> disponibili sul mercato. Esistono pi\u00f9 di una dozzina di forme diverse di magnesio, e alcune forme sono addirittura sconsigliate (ad esempio il magnesio aspartato e il magnesio glutammato). Pertanto, non tutto il magnesio soddisfa le nostre esigenze. Scegliete forme di magnesio di buona qualit\u00e0 e, soprattutto, adatte a voi.<\/span><\/p>\n<p><span style=\"color: #000000\">La carenza di magnesio \u00e8 stata collegata a numerose malattie, tra cui emicrania, stanchezza cronica, pressione alta, ansia e altri disturbi mentali. Il magnesio ripara indirettamente le cellule danneggiate, prevenendo cos\u00ec lo sviluppo di malattie associate a<strong> danni cellulari<\/strong>, come il cancro. Allo stesso tempo, la carenza di magnesio riduce l&#8217;effetto dell&#8217;importante vitamina D.<\/span><\/p>\n<p><span style=\"color: #000000\">Il nostro bisglicinato di magnesio \u00e8 di qualit\u00e0 superiore.<\/span><\/p>\n<h2><span style=\"color: #000000\">Perch\u00e9 scegliere il bisglicinato di magnesio?<\/span><\/h2>\n<p><span style=\"color: #000000\">Il magnesio sotto forma di bisglicinato di magnesio viene<strong> assorbito pi\u00f9 velocemente, pi\u00f9 facilmente e meglio<\/strong> di altre forme di magnesio<strong>.<\/strong> \u00c8 una delle forme pi\u00f9 recenti di magnesio come integratore alimentare, che mira a fornire i migliori benefici possibili senza l&#8217;effetto collaterale di un effetto lassativo. Attualmente \u00e8 uno dei migliori integratori alimentari di magnesio. Si tratta di un vantaggio particolare per le persone la cui digestione \u00e8 sensibile agli integratori di magnesio, ma il cui organismo ne ha invece bisogno.<\/span><\/p>\n<p><span style=\"color: #000000\">Il magnesio bisglicinato consente all <strong>&#8216;organismo di utilizzare al meglio il magnesio, che<\/strong> viene assorbito all&#8217;80% o anche di pi\u00f9. Poich\u00e9 non provoca diarrea n\u00e9 ha un effetto lassativo, questa versione di magnesio \u00e8 pi\u00f9 <strong>adatta per un uso a lungo termine.<\/strong> L&#8217;effetto lassativo non \u00e8 sempre benefico, poich\u00e9 pu\u00f2 compromettere l&#8217;assorbimento di altri nutrienti e irritare il delicato intestino.<\/span><\/p>\n<p><span style=\"color: #000000\">Infatti, il magnesio bisglicinato contiene due aminoacidi glicinati anzich\u00e9 uno, il che significa una maggiore protezione contro i succhi gastrici. Cos\u00ec raggiunge l&#8217;intestino, dove viene effettivamente assorbito nel flusso sanguigno nella forma pi\u00f9 organica possibile.<\/span><\/p>\n<h2><span style=\"color: #000000\">Qual \u00e8 l&#8217;effetto del consumo di magnesio sul nostro organismo?<\/span><\/h2>\n<p><span style=\"color: #000000\">Il consumo di magnesio ha i seguenti effetti positivi, riconosciuti anche dalla professione:<\/span><\/p>\n<p><span style=\"color: #000000\"> \ud83d\udc9a aiuta a <strong>ridurre la stanchezza e l&#8217;affaticamento,<\/strong><\/span><\/p>\n<p><span style=\"color: #000000\"> \ud83d\udc9a favorisce l&#8217;<strong>equilibrio degli elettroliti, di cui abbiamo bisogno soprattutto durante lo sforzo fisico,<\/strong><\/span><\/p>\n<p><span style=\"color: #000000\"> \ud83d\udc9a contribuisce al <strong>rilascio di energia metabolica,<\/strong><\/span><\/p>\n<p><span style=\"color: #000000\"> \ud83d\udc9a ha un <strong>effetto benefico sul sistema nervoso,<\/strong><\/span><\/p>\n<p><span style=\"color: #000000\"> \ud83d\udc9a contribuisce <strong>alla normale funzione muscolare e alle normali funzioni psicologiche,<\/strong><\/span><\/p>\n<p><span style=\"color: #000000\"> \ud83d\udc9a svolge un ruolo <strong>nella sintesi proteica<\/strong><\/span><\/p>\n<p><span style=\"color: #000000\"> \ud83d\udc9a mantiene <strong>ossa e denti sani,<\/strong><\/span><\/p>\n<p><span style=\"color: #000000\"> \ud83d\udc9a svolge <strong>un ruolo nella divisione cellulare.<\/strong><\/span><\/p>\n<p><span style=\"color: #000000\">Gli utenti soddisfatti parlano anche degli altri benefici derivanti dall&#8217;assunzione di magnesio in un integratore di magnesio della migliore qualit\u00e0 e della migliore forma. <\/span><\/p>\n<h2><span style=\"color: #000000\">Confezione<\/span><\/h2>\n<p><span style=\"color: #000000\">Sacchetto a chiusura lampo non permeabile in cui il prodotto conserva tutta la sua freschezza e il suo aroma. La confezione protegge dalla luce e dall&#8217;aria ed \u00e8 composta da diversi strati di protezione per preservare le propriet\u00e0 del contenuto.<\/span><\/p>\n<p><span style=\"color: #000000\">La confezione \u00e8 molto pratica e riciclabile.<\/span><\/p>\n<h2><span style=\"color: #000000\">Conservazione e avvertenze<\/span><\/h2>\n<p><span style=\"color: #000000\">Conservare in un luogo fresco e asciutto a una temperatura massima di 25 \u00b0C. Tenere l&#8217;integratore alimentare fuori dalla portata dei bambini!<\/span><\/p>\n<p><span style=\"color: #000000\">Consultare il medico se si assumono contemporaneamente antibiotici, farmaci per l&#8217;osteoporosi o per l&#8217;ipertensione, poich\u00e9 il magnesio pu\u00f2 influenzare la loro azione.<\/span><\/p>\n<p><span style=\"color: #000000\">Ricordare l&#8217;importanza di una dieta varia e di uno stile di vita sano; un integratore alimentare non sostituisce una dieta equilibrata e varia. La quantit\u00e0 o la dose giornaliera raccomandata non deve essere superata. Alle donne in gravidanza e in allattamento si consiglia sempre di consultare un medico prima dell&#8217;uso. Non adatto ai bambini.<\/span><\/p>\n<h2><span style=\"color: #000000\">Origine<\/span><\/h2>\n<p><span style=\"color: #000000\">Cina. Abbiamo fornitori molto affidabili che ci inviano un&#8217;analisi chimica dettagliata dell&#8217;alimento per ogni lotto. In oltre dieci anni non abbiamo mai avuto richiami o altri problemi con questo prodotto, n\u00e9 con altri prodotti dello stesso fornitore. <\/span><\/p>\n","protected":false},"excerpt":{"rendered":"<p align=\"JUSTIFY\">Il magnesio \u00e8 un <strong>minerale molto importante<\/strong>, responsabile di oltre 300 reazioni metaboliche nel corpo umano. Gli esperti lo definiscono spesso il &#8220;re dei minerali&#8221;. Svolge un ruolo molto importante nel garantire il corretto funzionamento di ossa, muscoli e sistema nervoso.<\/p>\n<p>\ud83d\udc9a Aiuta a ridurre la stanchezza e l&#8217;affaticamento.<br \/>\n\ud83d\udc9a Contribuisce al rilascio di energia nel metabolismo.<br \/>\n\ud83d\udc9a Effetto benefico sul sistema nervoso.<br \/>\n\ud83d\udc9a Contribuisce alla normale funzione muscolare e alle normali funzioni psicologiche.<br \/>\n\ud83d\udc9a Mantiene ossa e denti sani.<\/p>\n","protected":false},"featured_media":6018,"comment_status":"open","ping_status":"closed","template":"","meta":{"_acf_changed":false},"product_brand":[],"product_cat":[225,203,217,224,15],"product_tag":[],"class_list":{"0":"post-6017","1":"product","2":"type-product","3":"status-publish","4":"has-post-thumbnail","6":"product_cat-i-piu-venduti","7":"product_cat-minerali-e-vitamine","8":"product_cat-offerta","9":"product_cat-tutti-gli-articoli","10":"product_cat-uncategorized","12":"first","13":"instock","14":"sale","15":"taxable","16":"shipping-taxable","17":"purchasable","18":"product-type-simple"},"acf":[],"_links":{"self":[{"href":"https:\/\/fengchashop.com\/it\/wp-json\/wp\/v2\/product\/6017","targetHints":{"allow":["GET"]}}],"collection":[{"href":"https:\/\/fengchashop.com\/it\/wp-json\/wp\/v2\/product"}],"about":[{"href":"https:\/\/fengchashop.com\/it\/wp-json\/wp\/v2\/types\/product"}],"replies":[{"embeddable":true,"href":"https:\/\/fengchashop.com\/it\/wp-json\/wp\/v2\/comments?post=6017"}],"wp:featuredmedia":[{"embeddable":true,"href":"https:\/\/fengchashop.com\/it\/wp-json\/wp\/v2\/media\/6018"}],"wp:attachment":[{"href":"https:\/\/fengchashop.com\/it\/wp-json\/wp\/v2\/media?parent=6017"}],"wp:term":[{"taxonomy":"product_brand","embeddable":true,"href":"https:\/\/fengchashop.com\/it\/wp-json\/wp\/v2\/product_brand?post=6017"},{"taxonomy":"product_cat","embeddable":true,"href":"https:\/\/fengchashop.com\/it\/wp-json\/wp\/v2\/product_cat?post=6017"},{"taxonomy":"product_tag","embeddable":true,"href":"https:\/\/fengchashop.com\/it\/wp-json\/wp\/v2\/product_tag?post=6017"}],"curies":[{"name":"wp","href":"https:\/\/api.w.org\/{rel}","templated":true}]}}