{"id":6014,"date":"2022-02-11T20:17:52","date_gmt":"2022-02-11T19:17:52","guid":{"rendered":"https:\/\/fengchashop.com\/it\/product\/calcio-500-g\/"},"modified":"2026-04-29T10:23:11","modified_gmt":"2026-04-29T08:23:11","slug":"calcio","status":"publish","type":"product","link":"https:\/\/fengchashop.com\/it\/product\/calcio\/","title":{"rendered":"Calcio 500 g"},"content":{"rendered":"<h2><span style=\"color: #000000\">Carbonato di calcio <\/span><\/h2>\n<p><span style=\"color: #000000\">Il calcio \u00e8 uno dei<strong> minerali pi\u00f9 abbondanti nel nostro corpo.<\/strong> Sebbene sia associato soprattutto alle ossa, il calcio svolge molte altre importanti funzioni nel corpo umano. Infatti, il calcio \u00e8 un componente del tessuto osseo e di conseguenza influenza la durezza delle ossa. Pertanto, mangiare cibi ricchi di calcio \u00e8 molto importante durante l&#8217;infanzia, quando stiamo crescendo. \u00c8 molto importante anche durante il periodo della menopausa, quando lo squilibrio ormonale che ne consegue spesso influisce sull&#8217;assorbimento del calcio, riducendo cos\u00ec la densit\u00e0 ossea. Lo stesso vale pi\u00f9 o meno per la maggior parte degli anziani. Il calcio svolge un ruolo importante anche in gravidanza.<\/span><\/p>\n<p><span style=\"color: #000000\"><strong>Il calcio influisce sul normale funzionamento delle cellule e dei muscoli, sulla salute delle ossa e dei denti, sul normale funzionamento degli enzimi digestivi, sulla corretta coagulazione del sangue, sulla trasmissione degli impulsi nervosi e sul normale rilascio di energia nel metabolismo.<\/strong> Una<strong>loro carenza<\/strong><strong> porta<\/strong> spesso<strong> all&#8217;osteoporosi<\/strong>, un&#8217;altra malattia estremamente comune dei tempi moderni.<\/span><\/p>\n<p><span style=\"color: #000000\">Il calcio sotto forma di carbonato di calcio \u00e8 una<strong> forma naturale e sicura di calcio<\/strong> come integratore alimentare. \u00c8 ben assorbito e ha un rendimento ottimale.<\/span><\/p>\n<p><span style=\"color: #000000\">Il calcio deve essere assunto regolarmente, soprattutto nei periodi di crescita accelerata e di gravidanza. Il modo migliore per farlo \u00e8 una dieta varia ed equilibrata, naturalmente ricca di calcio. Tuttavia, gli integratori alimentari sono consigliati soprattutto a coloro che consumano pochi o nessun prodotto lattiero-caseario. Sono inoltre consigliati alle donne in menopausa e a tutti gli anziani.<\/span><\/p>\n<p><span style=\"color: #000000\">L&#8217;integratore alimentare \u00e8 di altissima qualit\u00e0 e raggiunge concentrazioni di calcio elementare fino al 40%.<\/span><\/p>\n<h2><span style=\"color: #000000\">Perch\u00e9 scegliere il carbonato di calcio?<\/span><\/h2>\n<p><span style=\"color: #000000\">Esistono diversi tipi o forme di integratori di calcio. Sono chiamati sali di calcio. Ad esempio, il citrato di calcio \u00e8 ottimo per coloro che hanno problemi di acidit\u00e0 di stomaco troppo bassa o che assumono inibitori dell&#8217;acidit\u00e0 di stomaco, in quanto non necessita di acidi per un buon e corretto assorbimento. Il carbonato di calcio, invece, \u00e8 la forma di calcio pi\u00f9 comune negli integratori alimentari e ha dimostrato di essere sicuro e di garantire un buon assorbimento. Si consiglia di assumerlo subito dopo i pasti per gli anziani e un&#8217;ora prima o due ore dopo i pasti per i pi\u00f9 giovani.<\/span><\/p>\n<h2><span style=\"color: #000000\">Qual \u00e8 l&#8217;effetto dell&#8217;assunzione di calcio sull&#8217;organismo?<\/span><\/h2>\n<p><span style=\"color: #000000\">La vitamina D svolge un ruolo importante anche nel corretto assorbimento e nei normali livelli di calcio nel sangue. Il calcio contribuisce quindi a:<\/span><\/p>\n<p><span style=\"color: #000000\"> \ud83d\udc9a mantenere<strong> denti e ossa sani,<\/strong><\/span><\/p>\n<p><span style=\"color: #000000\"> \ud83d\udc9a alla corretta<strong> coagulazione del sangue,<\/strong><\/span><\/p>\n<p><span style=\"color: #000000\"> \ud83d\udc9a <strong>al rilascio di energia per il metabolismo,<\/strong><\/span><\/p>\n<p><span style=\"color: #000000\"> \ud83d\udc9a la normale <strong>trasmissione degli impulsi nervosi e la funzione dei muscoli e degli enzimi digestivi,<\/strong><\/span><\/p>\n<p><span style=\"color: #000000\"> \ud83d\udc9a la <strong>divisione e la specializzazione delle cellule.<\/strong><\/span><\/p>\n<h2><span style=\"color: #000000\">Quali sono i benefici del nostro carbonato di calcio?<\/span><\/h2>\n<p><span style=\"color: #000000\">Il carbonato di calcio in polvere del nostro marchio \u00e8 estratto naturalmente. Contiene una polvere molto pura e un&#8217;alta concentrazione di calcio elementare. Allo stesso tempo, non contiene additivi indesiderati come zucchero, glutine, soia, ecc.<\/span><\/p>\n<h2><span style=\"color: #000000\">Confezionamento<\/span><\/h2>\n<p><span style=\"color: #000000\">Sacchetto a chiusura lampo non permeabile in cui il prodotto conserva tutta la sua freschezza e il suo aroma. La confezione protegge dalla luce e dall&#8217;aria, essendo composta da diversi strati di protezione che preservano le propriet\u00e0 del contenuto.<\/span><\/p>\n<p><span style=\"color: #000000\">La confezione \u00e8 molto pratica e riciclabile.<\/span><\/p>\n<h2><span style=\"color: #000000\">Conservazione e avvertenze<\/span><\/h2>\n<p><span style=\"color: #000000\">Conservare in un luogo fresco e asciutto a una temperatura massima di 25 \u00b0C. Tenere l&#8217;integratore alimentare fuori dalla portata dei bambini!<\/span><\/p>\n<p><span style=\"color: #000000\">Consultare il medico se si assumono contemporaneamente antibiotici o altri farmaci.<\/span><\/p>\n<p><span style=\"color: #000000\">Ricordare l&#8217;importanza di una dieta varia e di uno stile di vita sano; un integratore alimentare non sostituisce una dieta equilibrata e varia. La quantit\u00e0 o la dose giornaliera raccomandata non deve essere superata. Alle donne in gravidanza e in allattamento si consiglia sempre di consultare il medico prima dell&#8217;uso. Non adatto ai bambini.<\/span><\/p>\n<h2><span style=\"color: #000000\">Origine<\/span><\/h2>\n<p><span style=\"color: #000000\">Italia<\/span><\/p>\n","protected":false},"excerpt":{"rendered":"<p align=\"JUSTIFY\">Il calcio \u00e8 uno dei <strong>minerali pi\u00f9 abbondanti nel nostro corpo<\/strong>. Sebbene sia associato soprattutto alle ossa, il calcio ha molte altre funzioni importanti nel corpo umano. Infatti, il calcio \u00e8 un componente del tessuto osseo e di conseguenza influenza la durezza delle ossa. Il calcio contribuisce a:<\/p>\n<p><span style=\"color: #000000\">\ud83d\udc9a <\/span>mantenere denti e ossa sani,<br \/>\n<span style=\"color: #000000\">\ud83d\udc9a <\/span>alla corretta coagulazione del sangue,<br \/>\n<span style=\"color: #000000\">\ud83d\udc9a <\/span>al rilascio di energia per il metabolismo,<br \/>\n<span style=\"color: #000000\">\ud83d\udc9a <\/span>la normale trasmissione degli impulsi nervosi e la funzione dei muscoli e degli enzimi digestivi,<br \/>\n<span style=\"color: #000000\">\ud83d\udc9a <\/span>la divisione e la specializzazione delle cellule.<\/p>\n","protected":false},"featured_media":6015,"comment_status":"open","ping_status":"closed","template":"","meta":{"_acf_changed":false},"product_brand":[],"product_cat":[203,217,224,15],"product_tag":[],"class_list":{"0":"post-6014","1":"product","2":"type-product","3":"status-publish","4":"has-post-thumbnail","6":"product_cat-minerali-e-vitamine","7":"product_cat-offerta","8":"product_cat-tutti-gli-articoli","9":"product_cat-uncategorized","11":"first","12":"instock","13":"sale","14":"taxable","15":"shipping-taxable","16":"purchasable","17":"product-type-simple"},"acf":[],"_links":{"self":[{"href":"https:\/\/fengchashop.com\/it\/wp-json\/wp\/v2\/product\/6014","targetHints":{"allow":["GET"]}}],"collection":[{"href":"https:\/\/fengchashop.com\/it\/wp-json\/wp\/v2\/product"}],"about":[{"href":"https:\/\/fengchashop.com\/it\/wp-json\/wp\/v2\/types\/product"}],"replies":[{"embeddable":true,"href":"https:\/\/fengchashop.com\/it\/wp-json\/wp\/v2\/comments?post=6014"}],"wp:featuredmedia":[{"embeddable":true,"href":"https:\/\/fengchashop.com\/it\/wp-json\/wp\/v2\/media\/6015"}],"wp:attachment":[{"href":"https:\/\/fengchashop.com\/it\/wp-json\/wp\/v2\/media?parent=6014"}],"wp:term":[{"taxonomy":"product_brand","embeddable":true,"href":"https:\/\/fengchashop.com\/it\/wp-json\/wp\/v2\/product_brand?post=6014"},{"taxonomy":"product_cat","embeddable":true,"href":"https:\/\/fengchashop.com\/it\/wp-json\/wp\/v2\/product_cat?post=6014"},{"taxonomy":"product_tag","embeddable":true,"href":"https:\/\/fengchashop.com\/it\/wp-json\/wp\/v2\/product_tag?post=6014"}],"curies":[{"name":"wp","href":"https:\/\/api.w.org\/{rel}","templated":true}]}}