{"id":6011,"date":"2022-02-11T19:51:31","date_gmt":"2022-02-11T18:51:31","guid":{"rendered":"https:\/\/fengchashop.com\/it\/product\/elixir-mix-bio-125-g\/"},"modified":"2026-04-29T01:46:56","modified_gmt":"2026-04-28T23:46:56","slug":"elixir-mix-bio","status":"publish","type":"product","link":"https:\/\/fengchashop.com\/it\/product\/elixir-mix-bio\/","title":{"rendered":"Elixir mix BIO 125 g"},"content":{"rendered":"<h2><span style=\"color: #000000\">Elixir mix polvere di funghi medicinali BIO<\/span><\/h2>\n<p><span style=\"color: #000000\">L&#8217;Elixir mix \u00e8 utilizzato come supporto per la<strong>stimolazione del sistema<\/strong> immunitario<strong>, per la salute del cuore e della circolazione sanguigna, per aumentare l&#8217;energia fisica, contro lo stress, contro le cellule cancerogene e contro l&#8217;invecchiamento.<\/strong> <strong>Per questi effetti cos\u00ec importanti e onnicomprensivi, consigliamo l&#8217;assunzione della miscela esclusivamente a chi vuole soddisfare le condizioni per una vita lunga e sana.<\/strong> La miscela offre il pi\u00f9 ampio spettro d&#8217;azione equilibrato grazie alle centinaia di componenti attivi diversi che contiene. \u00c8 composta da tre specie di funghi, il Ganoderma lucidum, noto anche come Reishi, il Cordyceps e l&#8217;Inonotus obliquus, noto anche come Chaga.<\/span><\/p>\n<p><span style=\"color: #000000\">L&#8217;Elixir Mix offre il pi\u00f9 ampio spettro d&#8217;azione equilibrato grazie alle centinaia di componenti attivi diversi che contiene.<\/span><\/p>\n<p><span style=\"color: #000000\">Questo ampio spettro di specie di funghi si traduce in un&#8217;azione ad ampio spettro e in un&#8217;azione preventiva accelerata contro la debilitazione generale.<\/span><\/p>\n<p><span style=\"color: #000000\">L&#8217;uso del prodotto \u00e8 piuttosto semplice e non richiede alcuna preparazione o abilit\u00e0. I funghi vengono macinati in una polvere fine che non contiene particelle. Il prodotto \u00e8 quindi pronto all&#8217;uso. Basta versare direttamente dalla confezione nella bevanda preferita, mescolare e consumare.<\/span><\/p>\n<h2><span style=\"color: #000000\">Perch\u00e9 usare il nostro mix Elixir?<\/span><\/h2>\n<p><span style=\"color: #000000\">Come suggerisce il nome, la miscela \u00e8 un vero e proprio elisir di salute, giovinezza e benessere. \u00c8 stato accuratamente formulato sulla base delle osservazioni e delle scoperte degli utilizzatori della miscela e dei funghi medicinali in generale. Nella preparazione di questa speciale miscela sono stati presi in considerazione anche i risultati di numerosi studi nazionali e internazionali. Anche se i funghi medicinali hanno meccanismi d&#8217;azione molto complessi che la scienza non \u00e8 ancora riuscita a spiegare, sappiamo che hanno un<strong> effetto<\/strong> benefico<strong> sul nostro sistema immunitario, sul nostro benessere e sui processi naturali che si svolgono quotidianamente nel nostro organismo.<\/strong> Il sistema immunitario ha il compito di combattere i corpi estranei presenti nel nostro corpo. Che si tratti di un semplice virus che causa un raffreddore o di un insieme di cellule che rappresentano un cancro. Ecco perch\u00e9 un sistema immunitario sano e forte \u00e8 cos\u00ec importante. Altrettanto <strong>importanti<\/strong> sono gli <strong>antiossidanti che<\/strong> ci proteggono dallo stress ossidativo, causa di molte malattie e dell&#8217;invecchiamento precoce. La miscela contiene anche il Chaga, considerato <strong>adattogeno<\/strong>. Le piante adattogene adattano i loro principi attivi alle esigenze dell&#8217;organismo. Ci danno energia e riducono lo stress.<\/span><\/p>\n<p><span style=\"color: #000000\">La produzione dei nostri funghi medicinali \u00e8 rigorosamente controllata, senza l&#8217;uso di sostanze chimiche o pesticidi e<strong> 100% biologica.<\/strong> Tutti i funghi sono coltivati in Slovenia. <\/span><\/p>\n<h2><span style=\"color: #000000\">A chi \u00e8 destinata la miscela Elixir e quali sono i suoi effetti?<\/span><\/h2>\n<p><span style=\"color: #000000\">La miscela Elixir \u00e8 destinata a tutti coloro che vogliono<strong> migliorare il proprio benessere generale aumentando la resistenza alle malattie, avendo pi\u00f9 energia fisica, riducendo l&#8217;impatto dello stress e prevenendo l&#8217;invecchiamento precoce del corpo.<\/strong> \u00c8 anche per coloro che vogliono provare l&#8217;azione dei funghi medicinali e rafforzare il proprio corpo in modo naturale. \u00c8 anche un eccellente integratore alimentare naturale, in quanto i funghi hanno un alto valore nutrizionale &#8211; preziosi nutrienti, oligominerali, vitamine, macro minerali, fibre e proteine. I funghi medicinali hanno una ricca storia nella medicina cinese e nella guarigione, e l&#8217;uomo si sta sempre pi\u00f9 rivolgendo alla natura per la salute.<\/span><\/p>\n<p><span style=\"color: #000000\">La nostra miscela Elixir \u00e8 un vero e proprio elisir di salute, benessere e buona energia. I suoi effetti positivi sull&#8217;organismo sono i seguenti:<\/span><\/p>\n<p><span style=\"color: #000000\"> <strong> \ud83d\udc9a Stimola il sistema immunitario,<\/strong><\/span><\/p>\n<p><span style=\"color: #000000\"> \ud83d\udc9a agisce contro le cellule cancerogene, <\/span><\/p>\n<p><span style=\"color: #000000\"> \ud83d\udc9a \u00e8 benefico per la<strong> salute del cuore e del sistema circolatorio,<\/strong><\/span><\/p>\n<p><span style=\"color: #000000\"> \ud83d\udc9a regola la<strong> pressione sanguigna,<\/strong><\/span><\/p>\n<p><span style=\"color: #000000\"> \ud83d\udc9a migliora la<strong> resistenza fisica,<\/strong><\/span><\/p>\n<p><span style=\"color: #000000\"> \ud83d\udc9a aumenta l&#8217;<strong> energia fisica,<\/strong><\/span><\/p>\n<p><span style=\"color: #000000\"> \ud83d\udc9a agisce <strong>contro lo stress,<\/strong><\/span><\/p>\n<p><span style=\"color: #000000\"> \ud83d\udc9a migliora le <strong>capacit\u00e0 mentali,<\/strong><\/span><\/p>\n<p><span style=\"color: #000000\"> \ud83d\udc9a agisce sul corpo per combattere e contrastare l&#8217;invecchiamento,<\/span><\/p>\n<p><span style=\"color: #000000\"> \ud83d\udc9a regola la funzione muscolare e nervosa,<\/span><\/p>\n<p><span style=\"color: #000000\"> \ud83d\udc9a come<strong> potente antiossidante, elimina i radicali liberi.<\/strong><\/span><\/p>\n<h2><span style=\"color: #000000\">Imballaggio<\/span><\/h2>\n<p><span style=\"color: #000000\">Sacchetto non permeabile con chiusura a zip, in cui il prodotto conserva tutta la sua freschezza e il suo aroma. La confezione protegge dalla luce e dall&#8217;aria, essendo composta da diversi strati di protezione che preservano le propriet\u00e0 del contenuto.<\/span><\/p>\n<p><span style=\"color: #000000\">La confezione \u00e8 molto pratica e riciclabile.<\/span><\/p>\n<h2><span style=\"color: #000000\">Conservazione e avvertenze<\/span><\/h2>\n<p><span style=\"color: #000000\">Conservare in un luogo fresco e asciutto. Tenere l&#8217;integratore alimentare fuori dalla portata dei bambini!<\/span><\/p>\n<p><span style=\"color: #000000\">Ricordare l&#8217;importanza di una dieta varia e di uno stile di vita sano; un integratore alimentare non sostituisce quindi una dieta equilibrata e varia. Non superare la quantit\u00e0 o la dose giornaliera raccomandata. Alle donne in gravidanza e in allattamento si consiglia sempre di consultare un medico prima dell&#8217;uso.<\/span><\/p>\n<h2><span style=\"color: #000000\">Buono a sapersi<\/span><\/h2>\n<p><span style=\"color: #000000\">Il prodotto \u00e8 adatto anche agli animali. Nella maggior parte dei casi, i funghi medicinali si rivelano estremamente efficaci per rafforzare il sistema immunitario, eliminare le allergie e le malattie della pelle, nonch\u00e9 le infezioni virali e batteriche. Elixir mix ha anche un impatto sul benessere generale dell&#8217;animale. Prima dell&#8217;uso, consultare il veterinario per conoscere l&#8217;opportunit\u00e0 dell&#8217;assunzione e la quantit\u00e0 giornaliera raccomandata.<\/span><\/p>\n<h2><span style=\"color: #000000\">Origine<\/span><\/h2>\n<p><span style=\"color: #000000\">Slovenia<\/span><\/p>\n","protected":false},"excerpt":{"rendered":"<p align=\"JUSTIFY\">La miscela Elixir \u00e8 in realt\u00e0 destinata a chiunque voglia <strong>migliorare il proprio benessere generale aumentando la resistenza alle malattie, incrementando l&#8217;energia fisica, riducendo l&#8217;impatto dello stress e prevenendo l&#8217;invecchiamento precoce dell&#8217;organismo. <\/strong>\u00c8 anche per coloro che vogliono provare l&#8217;azione dei funghi medicinali e rafforzare il proprio corpo in modo naturale. \u00c8 anche un eccellente <strong>integratore alimentare naturale<\/strong>, in quanto i funghi hanno un alto valore nutrizionale &#8211; preziosi nutrienti, oligominerali, vitamine, macrominerali, fibre e proteine.<\/p>\n<p>\ud83d\udc9a Stimola il sistema immunitario.<br \/>\n\ud83d\udc9a Antitumorale.<br \/>\n\ud83d\udc9a Favoriscono la salute del sistema cardiovascolare.<br \/>\n\ud83d\udc9a Migliora la resistenza fisica.<br \/>\n\ud83d\udc9a Aumenta l&#8217;energia fisica.<br \/>\n\ud83d\udc9a Agisce contro lo stress.<\/p>\n","protected":false},"featured_media":6012,"comment_status":"open","ping_status":"closed","template":"","meta":{"_acf_changed":false},"product_brand":[],"product_cat":[198,15],"product_tag":[],"class_list":{"0":"post-6011","1":"product","2":"type-product","3":"status-publish","4":"has-post-thumbnail","6":"product_cat-funghi-medicinali","7":"product_cat-uncategorized","9":"first","10":"instock","11":"sale","12":"taxable","13":"shipping-taxable","14":"purchasable","15":"product-type-simple"},"acf":[],"_links":{"self":[{"href":"https:\/\/fengchashop.com\/it\/wp-json\/wp\/v2\/product\/6011","targetHints":{"allow":["GET"]}}],"collection":[{"href":"https:\/\/fengchashop.com\/it\/wp-json\/wp\/v2\/product"}],"about":[{"href":"https:\/\/fengchashop.com\/it\/wp-json\/wp\/v2\/types\/product"}],"replies":[{"embeddable":true,"href":"https:\/\/fengchashop.com\/it\/wp-json\/wp\/v2\/comments?post=6011"}],"wp:featuredmedia":[{"embeddable":true,"href":"https:\/\/fengchashop.com\/it\/wp-json\/wp\/v2\/media\/6012"}],"wp:attachment":[{"href":"https:\/\/fengchashop.com\/it\/wp-json\/wp\/v2\/media?parent=6011"}],"wp:term":[{"taxonomy":"product_brand","embeddable":true,"href":"https:\/\/fengchashop.com\/it\/wp-json\/wp\/v2\/product_brand?post=6011"},{"taxonomy":"product_cat","embeddable":true,"href":"https:\/\/fengchashop.com\/it\/wp-json\/wp\/v2\/product_cat?post=6011"},{"taxonomy":"product_tag","embeddable":true,"href":"https:\/\/fengchashop.com\/it\/wp-json\/wp\/v2\/product_tag?post=6011"}],"curies":[{"name":"wp","href":"https:\/\/api.w.org\/{rel}","templated":true}]}}