{"id":5977,"date":"2022-02-11T19:46:11","date_gmt":"2022-02-11T18:46:11","guid":{"rendered":"https:\/\/fengchashop.com\/it\/product\/cardio-mix-bio-125-g\/"},"modified":"2026-05-03T03:41:32","modified_gmt":"2026-05-03T01:41:32","slug":"cardio-mix-bio","status":"publish","type":"product","link":"https:\/\/fengchashop.com\/it\/product\/cardio-mix-bio\/","title":{"rendered":"Cardio mix BIO 125 g"},"content":{"rendered":"<h2><span style=\"color: #000000\">Cardio mix Polvere di funghi medicinali BIO<\/span><\/h2>\n<p><span style=\"color: #000000\">Cardio mix \u00e8 utilizzato come supporto per <strong>migliorare la funzione cardiaca, la circolazione sanguigna e soprattutto i valori del sangue.<\/strong><\/span><\/p>\n<p><span style=\"color: #000000\">Si tratta infatti di una miscela che aiuta o fornisce tutte le condizioni che devono essere soddisfatte per il<strong> funzionamento ideale del sistema cardiaco.<\/strong><\/span><\/p>\n<p><span style=\"color: #000000\">La miscela \u00e8 composta da cinque specie di funghi, ovvero Lentinula edodes, Auricularia auricula, Ganoderma lucidum, Grifola frondosa e Cordyceps. Questi funghi sono tra i pi\u00f9 efficaci nel prevenire lo sviluppo di malattie cardiovascolari, secondo la maggior parte degli studi condotti in tutto il mondo.<\/span><\/p>\n<p><span style=\"color: #000000\">Cardio mix offre il pi\u00f9 ampio spettro d&#8217;azione equilibrato grazie alle centinaia di diversi principi attivi farmacologici che contiene.<\/span><\/p>\n<p><span style=\"color: #000000\">L&#8217;ampio spettro di specie di funghi utilizzati si traduce in un&#8217;azione ad ampio spettro e in un&#8217;azione preventiva accelerata contro la debilitazione generale.<\/span><\/p>\n<p><span style=\"color: #000000\">L&#8217;uso del prodotto \u00e8 piuttosto semplice e non richiede alcuna preparazione o abilit\u00e0. I funghi vengono macinati in una polvere fine che non contiene particelle. Il prodotto \u00e8 quindi pronto all&#8217;uso. Basta versare direttamente dalla confezione nella bevanda preferita, mescolare e consumare.<\/span><\/p>\n<h2><span style=\"color: #000000\">Perch\u00e9 usare il nostro Cardio Mix e quali sono i suoi effetti?<\/span><\/h2>\n<p><span style=\"color: #000000\">La ricetta del mix \u00e8 stata accuratamente preparata sulla base delle osservazioni e dei risultati ottenuti dagli utilizzatori abituali del mix e dei funghi medicinali in generale. Per la preparazione di questa miscela speciale sono stati presi in considerazione i risultati di numerose ricerche nazionali e internazionali. Anche se i funghi medicinali hanno meccanismi d&#8217;azione molto complessi che la scienza non \u00e8 ancora riuscita a spiegare, sappiamo che hanno un effetto benefico sul nostro sistema immunitario e sul nostro organismo. <\/span><\/p>\n<p><span style=\"color: #000000\">Gli effetti positivi del Cardio Mix, che hanno un effetto curativo sul nostro organismo, sono i seguenti:<\/span><\/p>\n<p><span style=\"color: #000000\"> \ud83d\udc9a regola la<strong> pressione sanguigna,<\/strong><\/span><\/p>\n<p><span style=\"color: #000000\"> \ud83d\udc9a abbassa i<strong> livelli di colesterolo,<\/strong><\/span><\/p>\n<p><span style=\"color: #000000\"> \ud83d\udc9a abbassa i<strong> livelli di trigliceridi,<\/strong><\/span><\/p>\n<p><span style=\"color: #000000\"><strong>\ud83d\udc9a previene le malattie coronariche,<\/strong><\/span><\/p>\n<p><span style=\"color: #000000\"> \ud83d\udc9a abbassa la glicemia e previene lo sviluppo del<strong> diabete,<\/strong><\/span><\/p>\n<p><span style=\"color: #000000\"> \ud83d\udc9a previene i<strong> coaguli di sangue,<\/strong><\/span><\/p>\n<p><span style=\"color: #000000\"> \ud83d\udc9a favorisce la <strong>circolazione sanguigna,<\/strong><\/span><\/p>\n<p><span style=\"color: #000000\"> \ud83d\udc9a stimola il<strong> sistema immunitario,<\/strong><\/span><\/p>\n<p><span style=\"color: #000000\"> \ud83d\udc9a agisce contro le cellule cancerogene, <\/span><\/p>\n<p><span style=\"color: #000000\"> \ud83d\udc9a a<strong>ntistress,<\/strong><\/span><\/p>\n<p><span style=\"color: #000000\"> \ud83d\udc9a migliora le <strong>capacit\u00e0 mentali,<\/strong><\/span><\/p>\n<p><span style=\"color: #000000\"> \ud83d\udc9a come<strong> potente antiossidante, elimina i radicali liberi<\/strong> e<strong> previene lo stress ossidativo.<\/strong><\/span><\/p>\n<p><span style=\"color: #000000\">La produzione dei nostri funghi medicinali \u00e8 rigorosamente controllata, senza l&#8217;uso di sostanze chimiche o pesticidi e <strong>100% biologica<\/strong>. Tutti i funghi sono coltivati in Slovenia.<\/span><\/p>\n<h2><span style=\"color: #000000\">Per chi \u00e8 indicato Cardio Mix?<\/span><\/h2>\n<p><span style=\"color: #000000\">Cardio mix \u00e8 in realt\u00e0 per tutti coloro che vogliono dare al proprio sistema<strong> cardiovascolare<\/strong> le migliori condizioni<strong> per una salute cardiovascolare a lungo termine.<\/strong> Di conseguenza, agisce anche sulla salute e sul benessere generale e su un sistema immunitario forte. \u00c8 anche per coloro che vogliono provare l&#8217;azione dei funghi medicinali e rafforzare il proprio corpo in modo naturale. \u00c8 anche un eccellente integratore alimentare naturale, poich\u00e9 i funghi hanno elevati valori nutrizionali &#8211; preziosi valori nutrizionali, oligominerali, vitamine, macro minerali, fibre e proteine. I funghi medicinali hanno una ricca storia nella medicina cinese e nella guarigione, e l&#8217;uomo si sta sempre pi\u00f9 rivolgendo alla natura per la salute.<\/span><\/p>\n<p><span style=\"color: #000000\">A causa del fungo Auricularia auricula contenuto nella miscela, se ne sconsiglia il consumo durante la gravidanza e l&#8217;allattamento.<\/span><\/p>\n<h2><span style=\"color: #000000\">Imballaggio<\/span><\/h2>\n<p><span style=\"color: #000000\">Sacchetto non permeabile con chiusura a zip in cui il prodotto conserva tutta la sua freschezza e il suo aroma. La confezione protegge il prodotto dalla luce e dall&#8217;aria, essendo composta da diversi strati di protezione che preservano le propriet\u00e0 del contenuto.<\/span><\/p>\n<p><span style=\"color: #000000\">La confezione \u00e8 molto pratica e riciclabile.<\/span><\/p>\n<h2><span style=\"color: #000000\">Conservazione e avvertenze<\/span><\/h2>\n<p><span style=\"color: #000000\">Conservare in un luogo fresco e asciutto. Tenere l&#8217;integratore alimentare fuori dalla portata dei bambini!<\/span><\/p>\n<p><span style=\"color: #000000\">Ricordare l&#8217;importanza di una dieta varia e di uno stile di vita sano; un integratore alimentare non sostituisce quindi una dieta equilibrata e varia. La quantit\u00e0 o la dose giornaliera raccomandata non deve essere superata. <\/span><\/p>\n<h2><span style=\"color: #000000\">\u00c8 bene sapere<\/span><\/h2>\n<p><span style=\"color: #000000\">Il prodotto \u00e8 adatto anche agli animali. Nella maggior parte dei casi, i funghi medicinali si rivelano estremamente efficaci per rafforzare il sistema immunitario, eliminare le allergie e le malattie della pelle, nonch\u00e9 le infezioni virali e batteriche. Cardio mix influisce anche sul corretto funzionamento del sistema cardiaco. Prima dell&#8217;uso, si consiglia di consultare il veterinario sull&#8217;opportunit\u00e0 dell&#8217;assunzione e sulla quantit\u00e0 giornaliera raccomandata.<\/span><\/p>\n<h2><span style=\"color: #000000\">Origine<\/span><\/h2>\n<p><span style=\"color: #000000\">Slovenia<\/span><\/p>\n","protected":false},"excerpt":{"rendered":"<p align=\"JUSTIFY\"><i>Cardio<\/i> mix \u00e8 utilizzato come supporto per <b>migliorare la funzione cardiaca<\/b>, la <b>circolazione sanguigna <\/b>e <b>soprattutto i valori del sangue<\/b>. Si tratta infatti di una miscela che aiuta o fornisce tutte le condizioni che devono essere soddisfatte per il funzionamento ideale del <b>sistema cardiaco<\/b>.<\/p>\n<p>\ud83d\udc9a Rafforza il sistema immunitario.<br \/>\n\ud83d\udc9a Regola la pressione sanguigna.<br \/>\n\ud83d\udc9a Abbassa i livelli di colesterolo.<br \/>\n\ud83d\udc9a Riduce i livelli di trigliceridi.<\/p>\n","protected":false},"featured_media":5978,"comment_status":"open","ping_status":"closed","template":"","meta":{"_acf_changed":false},"product_brand":[],"product_cat":[198,217,224,15],"product_tag":[],"class_list":{"0":"post-5977","1":"product","2":"type-product","3":"status-publish","4":"has-post-thumbnail","6":"product_cat-funghi-medicinali","7":"product_cat-offerta","8":"product_cat-tutti-gli-articoli","9":"product_cat-uncategorized","11":"first","12":"instock","13":"sale","14":"taxable","15":"shipping-taxable","16":"purchasable","17":"product-type-simple"},"acf":[],"_links":{"self":[{"href":"https:\/\/fengchashop.com\/it\/wp-json\/wp\/v2\/product\/5977","targetHints":{"allow":["GET"]}}],"collection":[{"href":"https:\/\/fengchashop.com\/it\/wp-json\/wp\/v2\/product"}],"about":[{"href":"https:\/\/fengchashop.com\/it\/wp-json\/wp\/v2\/types\/product"}],"replies":[{"embeddable":true,"href":"https:\/\/fengchashop.com\/it\/wp-json\/wp\/v2\/comments?post=5977"}],"wp:featuredmedia":[{"embeddable":true,"href":"https:\/\/fengchashop.com\/it\/wp-json\/wp\/v2\/media\/5978"}],"wp:attachment":[{"href":"https:\/\/fengchashop.com\/it\/wp-json\/wp\/v2\/media?parent=5977"}],"wp:term":[{"taxonomy":"product_brand","embeddable":true,"href":"https:\/\/fengchashop.com\/it\/wp-json\/wp\/v2\/product_brand?post=5977"},{"taxonomy":"product_cat","embeddable":true,"href":"https:\/\/fengchashop.com\/it\/wp-json\/wp\/v2\/product_cat?post=5977"},{"taxonomy":"product_tag","embeddable":true,"href":"https:\/\/fengchashop.com\/it\/wp-json\/wp\/v2\/product_tag?post=5977"}],"curies":[{"name":"wp","href":"https:\/\/api.w.org\/{rel}","templated":true}]}}