{"id":5838,"date":"2022-01-21T05:20:50","date_gmt":"2022-01-21T04:20:50","guid":{"rendered":"https:\/\/fengchashop.com\/it\/product\/zeolite\/"},"modified":"2026-04-30T07:57:41","modified_gmt":"2026-04-30T05:57:41","slug":"zeolite","status":"publish","type":"product","link":"https:\/\/fengchashop.com\/it\/product\/zeolite\/","title":{"rendered":"Zeolite in polvere (clinoptilolite) 500 g"},"content":{"rendered":"<h2><span style=\"color: #000000\">Zeolite in polvere (clinoptilolite)<\/span><\/h2>\n<p><span style=\"color: #000000\">La roccia vulcanica zeolite \u00e8 uno dei prodotti<strong> detossificanti naturali pi\u00f9 potenti al mondo<\/strong>. La roccia naturale zeolite &#8211; clinoptilolite aiuta a purificare il corpo dai veleni ambientali e alimentari. Consumando la roccia preziosa <strong>otteniamo la forza<\/strong> per svolgere le attivit\u00e0 di ogni giorno, per il lavoro e lo sport.<\/span><\/p>\n<p><span style=\"color: #000000\">\u00c8 stata creata nel periodo delle grandi eruzioni vulcaniche ed ha la capacit\u00e0 di legare i veleni, i resti dei pesticidi e i metalli pesanti nel corpo. Rappresenta un\u2019ottima alternativa ad alcuni medicinali. Esistono diversi tipi di zeoliti, tra i quali la forma cristallina clinoptilolite \u00e8 la pi\u00f9 apprezzata e ricercata. I cristalli contengono minerali vitali come sodio, calcio, potassio, magnesio, ferro e altri elementi.<\/span><\/p>\n<p><span style=\"color: #000000\">Una caratteristica particolare \u00e8 lo<strong> scambio di ioni negativi<\/strong>. Con l\u2019aiuto del minerale vulcanico zeolite <strong>eliminiamo dal corpo i veleni e le sostanze nocive, che ci tolgono l&#8217;energia: piombo, arsenico, cadmio, nichel, urano, mercurio, ammoniaca \u2026 Ma anche i resti di medicinali, i batteri patogeni e i virus<\/strong>. Al contempo possiamo rafforzare il nostro sistema immunitario e migliorare l\u2019energia per il nostro quotidiano e il lavoro.<\/span><\/p>\n<p>&nbsp;<\/p>\n<h2><span style=\"color: #000000\"><img decoding=\"async\" class=\"aligncenter wp-image-7088\" src=\"https:\/\/fengchashop.com\/it\/wp-content\/uploads\/2025\/05\/34.jpg\" alt=\"\" width=\"562\" height=\"471\" \/><\/span><\/h2>\n<p>&nbsp;<\/p>\n<h2><span style=\"color: #000000\">Effetti<\/span><\/h2>\n<p><span style=\"color: #000000\">\ud83d\udc9a Ha una capacit\u00e0 eccezionale di purificare il corpo e instaurare l\u2019equilibrio di tutto l\u2019organismo<\/span><\/p>\n<p><span style=\"color: #000000\">\ud83d\udc9a Aumenta le capacit\u00e0 personali per il lavoro e lo sport<\/span><\/p>\n<p><span style=\"color: #000000\">\ud83d\udc9a Rafforza il sistema immunitario e protegge dai radicali liberi<\/span><\/p>\n<p><span style=\"color: #000000\">\ud83d\udc9a Migliora l\u2019energia ed elimina la stanchezza<\/span><\/p>\n<p><span style=\"color: #000000\">\ud83d\udc9a Influisce positivamente su numerosi problemi di salute<\/span><\/p>\n<p><span style=\"color: #000000\">\ud83d\udc9a Ringiovanisce: si usa per una pelle pi\u00f9 bella e pulita<\/span><\/p>\n<p><span style=\"color: #000000\">\ud83d\udc9a Aiuta con la pressione alta, abbassando il colesterolo e la glicemia alta<\/span><\/p>\n<p><span style=\"color: #000000\">\ud83d\udc9a Aiuta con malattie del fegato, stomaco e intestino<\/span><\/p>\n<p><span style=\"color: #000000\">\ud83d\udc9a Aiuta a guarire ferite e malattie della pelle (herpes)<\/span><\/p>\n<p><span style=\"color: #000000\">\ud83d\udc9a Aiuta con i problemi della menopausa<\/span><\/p>\n<p><span style=\"color: #000000\">\ud83d\udc9a Previene l&#8217;acidit\u00e0 e regola l&#8217;equilibrio tra acidi e basi<\/span><\/p>\n<p><span style=\"color: #000000\">\ud83d\udc9a Aiuta con gli effetti collaterali della chemioterapia<\/span><\/p>\n<p>&nbsp;<\/p>\n<p><img decoding=\"async\" class=\"wp-image-7089  aligncenter\" src=\"https:\/\/fengchashop.com\/it\/wp-content\/uploads\/2025\/05\/36.jpg\" alt=\"\" width=\"605\" height=\"507\" srcset=\"https:\/\/fengchashop.com\/it\/wp-content\/uploads\/2025\/05\/36.jpg 2233w, https:\/\/fengchashop.com\/it\/wp-content\/uploads\/2025\/05\/36-350x293.jpg 350w, https:\/\/fengchashop.com\/it\/wp-content\/uploads\/2025\/05\/36-595x499.jpg 595w, https:\/\/fengchashop.com\/it\/wp-content\/uploads\/2025\/05\/36-150x126.jpg 150w, https:\/\/fengchashop.com\/it\/wp-content\/uploads\/2025\/05\/36-768x644.jpg 768w, https:\/\/fengchashop.com\/it\/wp-content\/uploads\/2025\/05\/36-1536x1288.jpg 1536w, https:\/\/fengchashop.com\/it\/wp-content\/uploads\/2025\/05\/36-2048x1717.jpg 2048w, https:\/\/fengchashop.com\/it\/wp-content\/uploads\/2025\/05\/36-450x377.jpg 450w\" sizes=\"(max-width: 605px) 100vw, 605px\" \/><\/p>\n<h2><\/h2>\n<h2><\/h2>\n<h2><span style=\"color: #000000\">A chi si consiglia di utilizzarla<\/span><\/h2>\n<p><span style=\"color: #000000\">Il minerale vulcanico zeolite si consiglia a tutte le persone che:<\/span><\/p>\n<p><span style=\"color: #000000\">\ud83d\udc9a sono attive al lavoro<\/span><\/p>\n<p><span style=\"color: #000000\">\ud83d\udc9a praticano sport (per ricreazione e professione).<\/span><\/p>\n<p><span style=\"color: #000000\">\ud83d\udc9a vogliono disintossicarsi efficacemente<\/span><\/p>\n<h2><span style=\"color: #000000\">La zeolite \u00e8 attivata<\/span><\/h2>\n<p><span style=\"color: #000000\">La nostra zeolite \u00e8 gi\u00e0 attivata. Ci\u00f2 significa che puoi mescolarla in acqua e berlo subito. La nostra zeolite ha anche uno speciale processo di attivazione. Viene riscaldiata a 250-400 gradi Celsius. Successivamente viene macinata pi\u00f9 volte con mulini a pietra fino alla granulazione desiderata che sono solo 5 \u00b5m. Questo \u00e8 molto meno della maggior parte delle altre zeoliti sul mercato.<\/span><\/p>\n<p>&nbsp;<\/p>\n<h2><img decoding=\"async\" class=\"wp-image-7090  aligncenter\" src=\"https:\/\/fengchashop.com\/it\/wp-content\/uploads\/2025\/05\/35-595x499.jpg\" alt=\"\" width=\"612\" height=\"514\" srcset=\"https:\/\/fengchashop.com\/it\/wp-content\/uploads\/2025\/05\/35-595x499.jpg 595w, https:\/\/fengchashop.com\/it\/wp-content\/uploads\/2025\/05\/35-350x293.jpg 350w, https:\/\/fengchashop.com\/it\/wp-content\/uploads\/2025\/05\/35-150x126.jpg 150w, https:\/\/fengchashop.com\/it\/wp-content\/uploads\/2025\/05\/35-768x644.jpg 768w, https:\/\/fengchashop.com\/it\/wp-content\/uploads\/2025\/05\/35-1536x1288.jpg 1536w, https:\/\/fengchashop.com\/it\/wp-content\/uploads\/2025\/05\/35-2048x1717.jpg 2048w, https:\/\/fengchashop.com\/it\/wp-content\/uploads\/2025\/05\/35-450x377.jpg 450w\" sizes=\"(max-width: 612px) 100vw, 612px\" \/><\/h2>\n<p>&nbsp;<\/p>\n<h2><span style=\"color: #000000\">Perch\u00e9 acquistare la nostra zeolite?<\/span><\/h2>\n<p><span style=\"color: #000000\">1. La nostra zeolite minerale vulcanica \u00e8 <strong>naturale al 100%<\/strong> senza additivi artificiali.<\/span><\/p>\n<p><span style=\"color: #000000\">2. Lo importiamo direttamente da una <strong>miniera selezionata<\/strong>. Conosciamo personalmente il produttore e siamo convinti della qualit\u00e0.<\/span><\/p>\n<p><span style=\"color: #000000\">3. \u00c8 <strong>gi\u00e0 attivata<\/strong> e va semplicemente mescolata in acqua e bevuta.<\/span><\/p>\n<p><span style=\"color: #000000\">4. La granulazione \u00e8 di soli <strong>5 \u00b5m<\/strong><\/span><\/p>\n<p><span style=\"color: #000000\">5. Il percentuale di clinoptilolite<strong> \u00e8 del 94% -96 %<\/strong>. Esistono diversi tipi di zeoliti. La zeolite pi\u00f9 importante e ricercata \u00e8 la clinoptilolite. In nostro caso la percentuale \u00e8 del 93% &#8211; 96%, che significa un percentuale molto alto.<\/span><\/p>\n<p><span style=\"color: #000000\">6. Offriamo la garanzia 100% <strong>soddisfatti o rimborsati.<\/strong><\/span><\/p>\n<p><span style=\"color: #000000\">7. Abbiamo un <strong>ottimo prezzo<\/strong>, soprattutto per grandi confezioni<\/span><\/p>\n<p><span style=\"color: #000000\">8. Ha la<strong> scadenza illimitata<\/strong>.<\/span><\/p>\n<p><img decoding=\"async\" class=\"aligncenter wp-image-7091 size-large\" src=\"https:\/\/fengchashop.com\/it\/wp-content\/uploads\/2025\/05\/33-595x499.jpg\" alt=\"\" width=\"595\" height=\"499\" srcset=\"https:\/\/fengchashop.com\/it\/wp-content\/uploads\/2025\/05\/33-595x499.jpg 595w, https:\/\/fengchashop.com\/it\/wp-content\/uploads\/2025\/05\/33-350x293.jpg 350w, https:\/\/fengchashop.com\/it\/wp-content\/uploads\/2025\/05\/33-150x126.jpg 150w, https:\/\/fengchashop.com\/it\/wp-content\/uploads\/2025\/05\/33-768x644.jpg 768w, https:\/\/fengchashop.com\/it\/wp-content\/uploads\/2025\/05\/33-1536x1288.jpg 1536w, https:\/\/fengchashop.com\/it\/wp-content\/uploads\/2025\/05\/33-2048x1717.jpg 2048w, https:\/\/fengchashop.com\/it\/wp-content\/uploads\/2025\/05\/33-450x377.jpg 450w\" sizes=\"(max-width: 595px) 100vw, 595px\" \/><\/p>\n<h2><span style=\"color: #000000\">Imballaggio<\/span><\/h2>\n<p><span style=\"color: #000000\">Sacchetto con chiusura zip o latta, dove il prodotto mantiene tutta la freschezza e l&#8217;aroma. L&#8217;imballaggio protegge il prodotto dalla luce e dall&#8217;aria. Consiste di pi\u00f9 strati di protezione che conservano le caratteristiche del prodotto.<\/span><\/p>\n<p><span style=\"color: #000000\">L&#8217;imballaggio \u00e8 praticissimo e riciclabile.<\/span><\/p>\n<h2><span style=\"color: #000000\">Origine<\/span><\/h2>\n<p><span style=\"color: #000000\">UE<\/span><\/p>\n<h2><span style=\"color: #000000\">Certificazioni<\/span><\/h2>\n<p><span style=\"color: #000000\">Abbiamo ottenuto analisi su metalli pesanti, analisi della radiazione e altre analisi chimiche necessarie. Il prodotto \u00e8 sicuro secondo tutti questi criteri. La zeolite \u00e8 anche in processo di ottenere la certificazione CE. Forse verr\u00e0 gi\u00e0 quest&#8217;anno.<\/span><\/p>\n<p><img decoding=\"async\" class=\"aligncenter wp-image-7092 \" src=\"https:\/\/fengchashop.com\/it\/wp-content\/uploads\/2025\/05\/32.jpg\" alt=\"\" width=\"583\" height=\"489\" srcset=\"https:\/\/fengchashop.com\/it\/wp-content\/uploads\/2025\/05\/32.jpg 2233w, https:\/\/fengchashop.com\/it\/wp-content\/uploads\/2025\/05\/32-350x293.jpg 350w, https:\/\/fengchashop.com\/it\/wp-content\/uploads\/2025\/05\/32-595x499.jpg 595w, https:\/\/fengchashop.com\/it\/wp-content\/uploads\/2025\/05\/32-150x126.jpg 150w, https:\/\/fengchashop.com\/it\/wp-content\/uploads\/2025\/05\/32-768x644.jpg 768w, https:\/\/fengchashop.com\/it\/wp-content\/uploads\/2025\/05\/32-1536x1288.jpg 1536w, https:\/\/fengchashop.com\/it\/wp-content\/uploads\/2025\/05\/32-2048x1717.jpg 2048w, https:\/\/fengchashop.com\/it\/wp-content\/uploads\/2025\/05\/32-450x377.jpg 450w\" sizes=\"(max-width: 583px) 100vw, 583px\" \/><\/p>\n","protected":false},"excerpt":{"rendered":"<p>La roccia vulcanica zeolite \u00e8 uno dei prodotti <strong>detossificanti naturali pi\u00f9 potenti al mondo<\/strong>. La roccia naturale zeolite &#8211; clinoptilolite aiuta a purificare il corpo dai veleni ambientali e alimentari. Consumando la roccia preziosa<strong> otteniamo la forza<\/strong> per svolgere le attivit\u00e0 di ogni giorno, per il lavoro e lo sport.<\/p>\n<p>\ud83d\udc9a Ha una capacit\u00e0 eccezionale di purificare il corpo e instaurare l\u2019equilibrio di tutto l\u2019organismo.<br \/>\n\ud83d\udc9a Aumenta le capacit\u00e0 personali per il lavoro e lo sport.<br \/>\n\ud83d\udc9a Rafforza il sistema immunitario e protegge dai radicali liberi.<br \/>\n\ud83d\udc9a Migliora l\u2019energia ed elimina la stanchezza.<br \/>\n\ud83d\udc9a Influisce positivamente su numerosi problemi di salute.<\/p>\n","protected":false},"featured_media":4071,"comment_status":"open","ping_status":"closed","template":"","meta":{"_acf_changed":false},"product_brand":[],"product_cat":[15,197],"product_tag":[],"class_list":{"0":"post-5838","1":"product","2":"type-product","3":"status-publish","4":"has-post-thumbnail","6":"product_cat-uncategorized","7":"product_cat-zeolite","9":"first","10":"instock","11":"sale","12":"taxable","13":"shipping-taxable","14":"purchasable","15":"product-type-simple"},"acf":[],"_links":{"self":[{"href":"https:\/\/fengchashop.com\/it\/wp-json\/wp\/v2\/product\/5838","targetHints":{"allow":["GET"]}}],"collection":[{"href":"https:\/\/fengchashop.com\/it\/wp-json\/wp\/v2\/product"}],"about":[{"href":"https:\/\/fengchashop.com\/it\/wp-json\/wp\/v2\/types\/product"}],"replies":[{"embeddable":true,"href":"https:\/\/fengchashop.com\/it\/wp-json\/wp\/v2\/comments?post=5838"}],"wp:featuredmedia":[{"embeddable":true,"href":"https:\/\/fengchashop.com\/it\/wp-json\/wp\/v2\/media\/4071"}],"wp:attachment":[{"href":"https:\/\/fengchashop.com\/it\/wp-json\/wp\/v2\/media?parent=5838"}],"wp:term":[{"taxonomy":"product_brand","embeddable":true,"href":"https:\/\/fengchashop.com\/it\/wp-json\/wp\/v2\/product_brand?post=5838"},{"taxonomy":"product_cat","embeddable":true,"href":"https:\/\/fengchashop.com\/it\/wp-json\/wp\/v2\/product_cat?post=5838"},{"taxonomy":"product_tag","embeddable":true,"href":"https:\/\/fengchashop.com\/it\/wp-json\/wp\/v2\/product_tag?post=5838"}],"curies":[{"name":"wp","href":"https:\/\/api.w.org\/{rel}","templated":true}]}}