{"id":8618,"date":"2026-04-15T04:37:10","date_gmt":"2026-04-15T02:37:10","guid":{"rendered":"https:\/\/fengchashop.com\/hu\/product\/selen-v-tekocini-150-ml\/"},"modified":"2026-04-21T07:58:50","modified_gmt":"2026-04-21T05:58:50","slug":"szelen-folyadekban","status":"publish","type":"product","link":"https:\/\/fengchashop.com\/hu\/product\/szelen-folyadekban\/","title":{"rendered":"Szel\u00e9n folyad\u00e9kban 150 ml"},"content":{"rendered":"<h2><strong>Selen folyad\u00e9k form\u00e1ban<\/strong><\/h2>\n<p><strong>A foly\u00e9kony selen <\/strong>egy modern \u00e9trend-kieg\u00e9sz\u00edt\u0151, amely az immunrendszer, a pajzsmirigy \u00e9s a sejtek v\u00e9delm\u00e9t t\u00e1mogatja. Tartalmazza a szel\u00e9n nev\u0171 esszenci\u00e1lis mikroelemet, amely r\u00e9szt vesz a szervezet fontos folyamataiban \u2013 az immunrendszer m\u0171k\u00f6d\u00e9s\u00e9t\u0151l az oxidat\u00edv stressz elleni v\u00e9delemig.<\/p>\n<p>A szel\u00e9n hozz\u00e1j\u00e1rul a pajzsmirigy norm\u00e1lis m\u0171k\u00f6d\u00e9s\u00e9hez, az eg\u00e9szs\u00e9ges haj \u00e9s k\u00f6r\u00f6m meg\u0151rz\u00e9s\u00e9hez, valamint a sejtek v\u00e9delm\u00e9hez a szabad gy\u00f6k\u00f6k ellen.<\/p>\n<p>A foly\u00e9kony forma k\u00f6nny\u0171 alkalmaz\u00e1st \u00e9s j\u00f3 felsz\u00edv\u00f3d\u00e1st biztos\u00edt, a kellemes mang\u00f3 \u00edz pedig gondoskodik a kellemes napi fogyaszt\u00e1sr\u00f3l.<\/p>\n<h2><strong>Hogyan hat?<\/strong><\/h2>\n<p>A szelen fontos szerepet j\u00e1tszik a szervezet v\u00e9delm\u00e9ben az oxidat\u00edv stressz ellen, \u00e9s t\u00e1mogatja az immunrendszer norm\u00e1lis m\u0171k\u00f6d\u00e9s\u00e9t. Szint\u00e9n r\u00e9szt vesz a pajzsmirigy m\u0171k\u00f6d\u00e9s\u00e9ben, amely sz\u00e1mos folyamatot szab\u00e1lyoz a szervezetben.<\/p>\n<h2><strong>Mit tartalmaz?<\/strong><\/h2>\n<p><strong><span class=\"ml-1\"><span style=\"color: #000000\">\ud83d\udc9a <\/span><\/span>Szel\u00e9n<\/strong><\/p>\n<ul>\n<li>hozz\u00e1j\u00e1rul a <strong>norm\u00e1lis spermatogenezishez<\/strong><\/li>\n<li>hozz\u00e1j\u00e1rul az <strong>eg\u00e9szs\u00e9ges haj meg\u0151rz\u00e9s\u00e9hez<\/strong><\/li>\n<li>hozz\u00e1j\u00e1rul az <strong>eg\u00e9szs\u00e9ges k\u00f6r\u00f6m meg\u0151rz\u00e9s\u00e9hez<\/strong><\/li>\n<li>hozz\u00e1j\u00e1rul az <strong>immunrendszer norm\u00e1lis m\u0171k\u00f6d\u00e9s\u00e9hez<\/strong><\/li>\n<li>hozz\u00e1j\u00e1rul a <strong>pajzsmirigy norm\u00e1lis m\u0171k\u00f6d\u00e9s\u00e9hez<\/strong><\/li>\n<li>hozz\u00e1j\u00e1rul a <strong>sejtek v\u00e9delm\u00e9hez az oxidat\u00edv stressz ellen<\/strong><\/li>\n<\/ul>\n<h2><strong>Mi\u00e9rt v\u00e1lasszon foly\u00e9kony szel\u00e9nt?<\/strong><\/h2>\n<ul>\n<li>hozz\u00e1j\u00e1rul az immunrendszer \u00e9s a pajzsmirigy norm\u00e1lis m\u0171k\u00f6d\u00e9s\u00e9hez<\/li>\n<li>hozz\u00e1j\u00e1rul a sejtek v\u00e9delm\u00e9hez az oxidat\u00edv stressz ellen<\/li>\n<li>hozz\u00e1j\u00e1rul az eg\u00e9szs\u00e9ges haj \u00e9s k\u00f6r\u00f6m meg\u0151rz\u00e9s\u00e9hez<\/li>\n<li>foly\u00e9kony forma az egyszer\u0171 haszn\u00e1lat \u00e9rdek\u00e9ben<\/li>\n<li>kellemes mang\u00f3 \u00edz<\/li>\n<li>veg\u00e1nok sz\u00e1m\u00e1ra is alkalmas<\/li>\n<li>glut\u00e9n-, lakt\u00f3z- \u00e9s GMO-mentes<\/li>\n<\/ul>\n<h2 style=\"text-align: justify\"><span style=\"color: #000000\">T\u00e1rol\u00e1s \u00e9s figyelmeztet\u00e9sek<\/span><\/h2>\n<p>Sz\u00e1raz, s\u00f6t\u00e9t helyen, 25 \u00b0C-n\u00e1l nem magasabb h\u0151m\u00e9rs\u00e9kleten t\u00e1roland\u00f3. Felnyit\u00e1s ut\u00e1n h\u0171t\u0151szekr\u00e9nyben t\u00e1roland\u00f3.<\/p>\n<p>Ne feledkezzen meg a v\u00e1ltozatos \u00e9trend \u00e9s az eg\u00e9szs\u00e9ges \u00e9letm\u00f3d fontoss\u00e1g\u00e1r\u00f3l. Az \u00e9trend-kieg\u00e9sz\u00edt\u0151 nem helyettes\u00edti a kiegyens\u00falyozott \u00e9s v\u00e1ltozatos \u00e9trendet. Az aj\u00e1nlott napi mennyis\u00e9get vagy adagot nem szabad t\u00fall\u00e9pni. Gyermekekt\u0151l elz\u00e1rva t\u00e1roland\u00f3!<\/p>\n<h2><span style=\"color: #000000\">Csomagol\u00e1s<\/span><\/h2>\n<p>A kiv\u00e1l\u00f3 min\u0151s\u00e9g\u0171, s\u00f6t\u00e9t m\u0171anyag palackot \u00fagy tervezt\u00e9k, hogy maxim\u00e1lisan v\u00e9dje a foly\u00e9kony vitaminokat \u00e9s \u00e1sv\u00e1nyi anyagokat. V\u00e9di a tartalm\u00e1t a f\u00e9nyt\u0151l, a leveg\u0151t\u0151l \u00e9s a k\u00fcls\u0151 hat\u00e1sokt\u00f3l, \u00e9s seg\u00edt meg\u0151rizni a frissess\u00e9get, a stabilit\u00e1st \u00e9s a hat\u00e9konys\u00e1got a felhaszn\u00e1l\u00e1s teljes ideje alatt.<\/p>\n<p>A csomagol\u00e1s nagyon praktikus \u00e9s \u00fajrahasznos\u00edthat\u00f3.<\/p>\n<h2>Sz\u00e1rmaz\u00e1si hely<\/h2>\n<p>EU<\/p>\n","protected":false},"excerpt":{"rendered":"<p><strong>Mang\u00f3 \u00edz\u0171 foly\u00e9kony szel\u00e9n<\/strong> egy magas szel\u00e9ntartalm\u00fa (182 % NTV) \u00e9trend-kieg\u00e9sz\u00edt\u0151, amely t\u00e1mogatja a pajzsmirigy, az immunrendszer \u00e9s a sejtek v\u00e9delm\u00e9t.<\/p>\n<p><span class=\"ml-1\"><span style=\"color: #000000\">\ud83d\udc9a <\/span><\/span>hozz\u00e1j\u00e1rul az immunrendszer \u00e9s a pajzsmirigy norm\u00e1lis m\u0171k\u00f6d\u00e9s\u00e9hez<\/p>\n<p><span class=\"ml-1\"><span style=\"color: #000000\">\ud83d\udc9a <\/span><\/span>a sejtek v\u00e9delme az oxidat\u00edv stressz ellen<\/p>\n<p><span class=\"ml-1\"><span style=\"color: #000000\">\ud83d\udc9a <\/span><\/span>hozz\u00e1j\u00e1rul az eg\u00e9szs\u00e9ges haj \u00e9s k\u00f6r\u00f6m fenntart\u00e1s\u00e1hoz, valamint a term\u00e9kenys\u00e9ghez<\/p>\n<p><span class=\"ml-1\"><span style=\"color: #000000\">\ud83d\udc9a <\/span><\/span>foly\u00e9kony form\u00e1ban, k\u00f6nny\u0171 fogyaszt\u00e1s \u00e9s j\u00f3 felsz\u00edv\u00f3d\u00e1s \u00e9rdek\u00e9ben<\/p>\n<p><span class=\"ml-1\"><span style=\"color: #000000\">\ud83d\udc9a <\/span><\/span>kellemes mang\u00f3 \u00edz,<\/p>\n<p><span class=\"ml-1\"><span style=\"color: #000000\">\ud83d\udc9a <\/span><\/span>veg\u00e1nok sz\u00e1m\u00e1ra is alkalmas<\/p>\n<p><span class=\"ml-1\"><span style=\"color: #000000\">\ud83d\udc9a <\/span><\/span>glut\u00e9n-, lakt\u00f3z- \u00e9s GMO-mentes<\/p>\n","protected":false},"featured_media":8617,"comment_status":"open","ping_status":"closed","template":"","meta":{"_acf_changed":false},"product_brand":[],"product_cat":[225,224,203,235],"product_tag":[],"class_list":{"0":"post-8618","1":"product","2":"type-product","3":"status-publish","4":"has-post-thumbnail","6":"product_cat-minden-termek","7":"product_cat-ajanlat","8":"product_cat-asvanyi-anyagok-es-vitaminok","9":"product_cat-uj","11":"first","12":"instock","13":"sale","14":"taxable","15":"shipping-taxable","16":"purchasable","17":"product-type-simple"},"acf":[],"_links":{"self":[{"href":"https:\/\/fengchashop.com\/hu\/wp-json\/wp\/v2\/product\/8618","targetHints":{"allow":["GET"]}}],"collection":[{"href":"https:\/\/fengchashop.com\/hu\/wp-json\/wp\/v2\/product"}],"about":[{"href":"https:\/\/fengchashop.com\/hu\/wp-json\/wp\/v2\/types\/product"}],"replies":[{"embeddable":true,"href":"https:\/\/fengchashop.com\/hu\/wp-json\/wp\/v2\/comments?post=8618"}],"wp:featuredmedia":[{"embeddable":true,"href":"https:\/\/fengchashop.com\/hu\/wp-json\/wp\/v2\/media\/8617"}],"wp:attachment":[{"href":"https:\/\/fengchashop.com\/hu\/wp-json\/wp\/v2\/media?parent=8618"}],"wp:term":[{"taxonomy":"product_brand","embeddable":true,"href":"https:\/\/fengchashop.com\/hu\/wp-json\/wp\/v2\/product_brand?post=8618"},{"taxonomy":"product_cat","embeddable":true,"href":"https:\/\/fengchashop.com\/hu\/wp-json\/wp\/v2\/product_cat?post=8618"},{"taxonomy":"product_tag","embeddable":true,"href":"https:\/\/fengchashop.com\/hu\/wp-json\/wp\/v2\/product_tag?post=8618"}],"curies":[{"name":"wp","href":"https:\/\/api.w.org\/{rel}","templated":true}]}}