{"id":8616,"date":"2026-04-15T04:27:17","date_gmt":"2026-04-15T02:27:17","guid":{"rendered":"https:\/\/fengchashop.com\/hu\/product\/zelezo-v-tekocini-250-ml\/"},"modified":"2026-04-28T15:38:22","modified_gmt":"2026-04-28T13:38:22","slug":"vas-folyekony-formaban","status":"publish","type":"product","link":"https:\/\/fengchashop.com\/hu\/product\/vas-folyekony-formaban\/","title":{"rendered":"Vas foly\u00e9kony form\u00e1ban 250 ml"},"content":{"rendered":"<h2><strong>Foly\u00e9kony vas<\/strong><\/h2>\n<p><strong>A foly\u00e9kony vas <\/strong>egy modern \u00e9trend-kieg\u00e9sz\u00edt\u0151, amelyet az energiaell\u00e1t\u00e1s, a v\u00e9rk\u00e9pz\u00e9s \u00e9s az \u00e1ltal\u00e1nos k\u00f6z\u00e9rzet t\u00e1mogat\u00e1s\u00e1ra fejlesztettek ki. Vasat \u00e9s gondosan kiv\u00e1lasztott vitaminokat tartalmaz, amelyek r\u00e9szt vesznek a szervezet fontos folyamataiban \u2013 a v\u00f6r\u00f6sv\u00e9rsejtek k\u00e9pz\u0151d\u00e9s\u00e9t\u0151l az anyagcsere sor\u00e1n t\u00f6rt\u00e9n\u0151 energiafelszabadul\u00e1sig.<\/p>\n<p>A fejlett formula \u00f6tv\u00f6zi a vasat a C-vitaminnal \u00e9s a B-vitaminokkal (B1, B2, B6 \u00e9s B12), amelyek hozz\u00e1j\u00e1rulnak a vas jobb hasznosul\u00e1s\u00e1hoz, a f\u00e1radts\u00e1g cs\u00f6kkent\u00e9s\u00e9hez \u00e9s az immunrendszer t\u00e1mogat\u00e1s\u00e1hoz.<\/p>\n<p>A foly\u00e9kony forma egyszer\u0171 alkalmaz\u00e1st \u00e9s j\u00f3 felsz\u00edv\u00f3d\u00e1st tesz lehet\u0151v\u00e9, ami k\u00fcl\u00f6n\u00f6sen alkalmas azok sz\u00e1m\u00e1ra, akiknek nehezebb a kapszul\u00e1k vagy tablett\u00e1k szed\u00e9se.<\/p>\n<h2><strong>Hogyan hat?<\/strong><\/h2>\n<p>A vas kulcsfontoss\u00e1g\u00fa szerepet j\u00e1tszik a v\u00f6r\u00f6sv\u00e9rsejtek \u00e9s a hemoglobin k\u00e9pz\u0151d\u00e9s\u00e9ben, amelyek lehet\u0151v\u00e9 teszik az oxig\u00e9n sz\u00e1ll\u00edt\u00e1s\u00e1t a szervezetben. A vitaminokkal egy\u00fctt hozz\u00e1j\u00e1rul az energia felszabadul\u00e1s\u00e1hoz, a f\u00e1radts\u00e1g cs\u00f6kkent\u00e9s\u00e9hez \u00e9s az immunrendszer norm\u00e1lis m\u0171k\u00f6d\u00e9s\u00e9hez.<\/p>\n<h2><strong>Mit tartalmaz?<\/strong><\/h2>\n<p><span class=\"ml-1\"><span style=\"color: #000000\">\ud83d\udc9a <\/span><\/span><strong>Vas<\/strong><\/p>\n<ul>\n<li>hozz\u00e1j\u00e1rul a v\u00f6r\u00f6sv\u00e9rsejtek \u00e9s a hemoglobin k\u00e9pz\u0151d\u00e9s\u00e9hez, valamint a f\u00e1radts\u00e1g cs\u00f6kkent\u00e9s\u00e9hez<\/li>\n<li>szerepet j\u00e1tszik a kognit\u00edv funkci\u00f3kban.<\/li>\n<li>hozz\u00e1j\u00e1rul az energia felszabadul\u00e1s\u00e1hoz az anyagcser\u00e9ben<\/li>\n<li>szerepet j\u00e1tszik a v\u00f6r\u00f6sv\u00e9rsejtek \u00e9s a hemoglobin k\u00e9pz\u0151d\u00e9s\u00e9ben.<\/li>\n<li>szerepet j\u00e1tszik az oxig\u00e9n sz\u00e1ll\u00edt\u00e1s\u00e1ban a szervezetben.<\/li>\n<li>szerepet j\u00e1tszik az immunrendszer m\u0171k\u00f6d\u00e9s\u00e9ben<\/li>\n<li>hozz\u00e1j\u00e1rul a f\u00e1radts\u00e1g \u00e9s a kimer\u00fclts\u00e9g cs\u00f6kkent\u00e9s\u00e9hez, szerepet j\u00e1tszik a sejtoszt\u00f3d\u00e1sban<\/li>\n<\/ul>\n<p><span class=\"ml-1\"><span style=\"color: #000000\">\ud83d\udc9a <\/span><\/span><strong>C-vitamin<\/strong> \u2013 n\u00f6veli a vas felsz\u00edv\u00f3d\u00e1s\u00e1t<\/p>\n<p><span class=\"ml-1\"><span style=\"color: #000000\">\ud83d\udc9a <\/span><\/span><strong>B1-vitamin (tiamin)<\/strong> \u2013 hozz\u00e1j\u00e1rul a norm\u00e1lis anyagcser\u00e9hez az energia el\u0151\u00e1ll\u00edt\u00e1s\u00e1hoz<\/p>\n<p><span class=\"ml-1\"><span style=\"color: #000000\">\ud83d\udc9a <\/span><\/span><strong>B2-vitamin (riboflavin)<\/strong> \u2013 hozz\u00e1j\u00e1rul a sejtek v\u00e9delm\u00e9hez az oxidat\u00edv stressz ellen<\/p>\n<p><span class=\"ml-1\"><span style=\"color: #000000\">\ud83d\udc9a <\/span><\/span><strong>B6-vitamin<\/strong> \u2013 hozz\u00e1j\u00e1rul a v\u00f6r\u00f6sv\u00e9rsejtek k\u00e9pz\u0151d\u00e9s\u00e9hez<\/p>\n<p><span class=\"ml-1\"><span style=\"color: #000000\">\ud83d\udc9a <\/span><\/span><strong>B12-vitamin<\/strong> \u2013 hozz\u00e1j\u00e1rul a f\u00e1radts\u00e1g cs\u00f6kkent\u00e9s\u00e9hez \u00e9s az idegrendszer m\u0171k\u00f6d\u00e9s\u00e9hez<\/p>\n<h2><strong>Mi\u00e9rt v\u00e1lasszon foly\u00e9kony vasat?<\/strong><\/h2>\n<ul>\n<li>hozz\u00e1j\u00e1rul az immunrendszer norm\u00e1lis m\u0171k\u00f6d\u00e9s\u00e9hez<\/li>\n<li>vas \u00e9s vitaminok kombin\u00e1ci\u00f3ja a jobb hasznosul\u00e1s \u00e9rdek\u00e9ben<\/li>\n<li>foly\u00e9kony forma a k\u00f6nnyebb fogyaszt\u00e1s \u00e9rdek\u00e9ben<\/li>\n<li>kellemes alm\u00e1s \u00edz<\/li>\n<li>veg\u00e1nok sz\u00e1m\u00e1ra is alkalmas<\/li>\n<li>glut\u00e9n-, lakt\u00f3z- \u00e9s GMO-mentes<\/li>\n<\/ul>\n<h2 style=\"text-align: justify\"><span style=\"color: #000000\">T\u00e1rol\u00e1s \u00e9s figyelmeztet\u00e9sek<\/span><\/h2>\n<p>Sz\u00e1raz, s\u00f6t\u00e9t helyen, 25 \u00b0C-n\u00e1l nem magasabb h\u0151m\u00e9rs\u00e9kleten t\u00e1roland\u00f3. Felnyit\u00e1s ut\u00e1n h\u0171t\u0151szekr\u00e9nyben t\u00e1roland\u00f3.<\/p>\n<p>Ne feledkezzen meg a v\u00e1ltozatos \u00e9trend \u00e9s az eg\u00e9szs\u00e9ges \u00e9letm\u00f3d fontoss\u00e1g\u00e1r\u00f3l. Az \u00e9trend-kieg\u00e9sz\u00edt\u0151 nem helyettes\u00edti a kiegyens\u00falyozott \u00e9s v\u00e1ltozatos \u00e9trendet. Az aj\u00e1nlott napi mennyis\u00e9get vagy adagot nem szabad t\u00fall\u00e9pni. Gyermekekt\u0151l elz\u00e1rva tartand\u00f3!<\/p>\n<h2><span style=\"color: #000000\">Csomagol\u00e1s<\/span><\/h2>\n<p>A kiv\u00e1l\u00f3 min\u0151s\u00e9g\u0171, s\u00f6t\u00e9t m\u0171anyag palackot \u00fagy tervezt\u00e9k, hogy maxim\u00e1lisan v\u00e9dje a foly\u00e9kony vitaminokat \u00e9s \u00e1sv\u00e1nyi anyagokat. V\u00e9di a tartalm\u00e1t a f\u00e9nyt\u0151l, a leveg\u0151t\u0151l \u00e9s a k\u00fcls\u0151 hat\u00e1sokt\u00f3l, \u00e9s seg\u00edt meg\u0151rizni a frissess\u00e9get, a stabilit\u00e1st \u00e9s a hat\u00e9konys\u00e1got a teljes felhaszn\u00e1l\u00e1s sor\u00e1n.<\/p>\n<p>A csomagol\u00e1s nagyon praktikus \u00e9s \u00fajrahasznos\u00edthat\u00f3.<\/p>\n<h2>Sz\u00e1rmaz\u00e1si hely<\/h2>\n<p>EU<\/p>\n","protected":false},"excerpt":{"rendered":"<p><strong>A foly\u00e9kony vas <\/strong>vitaminokkal a v\u00f6r\u00f6sv\u00e9rsejtek k\u00e9pz\u0151d\u00e9s\u00e9nek, az oxig\u00e9nsz\u00e1ll\u00edt\u00e1snak, valamint a f\u00e1radts\u00e1g \u00e9s a kimer\u00fclts\u00e9g cs\u00f6kkent\u00e9s\u00e9nek t\u00e1mogat\u00e1s\u00e1ra lett kifejlesztve.<\/p>\n<p><span class=\"ml-1\"><span style=\"color: #000000\">\ud83d\udc9a <\/span><\/span>foly\u00e9kony forma az egyszer\u0171 fogyaszt\u00e1s \u00e9rdek\u00e9ben<\/p>\n<p><span class=\"ml-1\"><span style=\"color: #000000\">\ud83d\udc9a <\/span><\/span>j\u00f3 felsz\u00edv\u00f3d\u00e1s \u00e9s t\u00e1panyag-hasznosul\u00e1s<\/p>\n<p><span class=\"ml-1\"><span style=\"color: #000000\">\ud83d\udc9a <\/span><\/span>seg\u00edt cs\u00f6kkenteni a f\u00e1radts\u00e1got \u00e9s a kimer\u00fclts\u00e9get<\/p>\n<p><span class=\"ml-1\"><span style=\"color: #000000\">\ud83d\udc9a<\/span><\/span>hozz\u00e1j\u00e1rul az immunrendszer norm\u00e1lis m\u0171k\u00f6d\u00e9s\u00e9hez<\/p>\n<p><span class=\"ml-1\"><span style=\"color: #000000\">\ud83d\udc9a<\/span><\/span>vas \u00e9s vitaminok kombin\u00e1ci\u00f3ja a jobb hasznosul\u00e1s \u00e9rdek\u00e9ben<\/p>\n<p><span class=\"ml-1\"><span style=\"color: #000000\">\ud83d\udc9a <\/span><\/span>veg\u00e1nok sz\u00e1m\u00e1ra is alkalmas<\/p>\n<p><span class=\"ml-1\"><span style=\"color: #000000\">\ud83d\udc9a <\/span><\/span>glut\u00e9n-, lakt\u00f3z- \u00e9s GMO-mentes<\/p>\n","protected":false},"featured_media":8615,"comment_status":"open","ping_status":"closed","template":"","meta":{"_acf_changed":false},"product_brand":[],"product_cat":[225,224,203,235],"product_tag":[],"class_list":{"0":"post-8616","1":"product","2":"type-product","3":"status-publish","4":"has-post-thumbnail","6":"product_cat-minden-termek","7":"product_cat-ajanlat","8":"product_cat-asvanyi-anyagok-es-vitaminok","9":"product_cat-uj","11":"first","12":"instock","13":"sale","14":"taxable","15":"shipping-taxable","16":"purchasable","17":"product-type-simple"},"acf":[],"_links":{"self":[{"href":"https:\/\/fengchashop.com\/hu\/wp-json\/wp\/v2\/product\/8616","targetHints":{"allow":["GET"]}}],"collection":[{"href":"https:\/\/fengchashop.com\/hu\/wp-json\/wp\/v2\/product"}],"about":[{"href":"https:\/\/fengchashop.com\/hu\/wp-json\/wp\/v2\/types\/product"}],"replies":[{"embeddable":true,"href":"https:\/\/fengchashop.com\/hu\/wp-json\/wp\/v2\/comments?post=8616"}],"wp:featuredmedia":[{"embeddable":true,"href":"https:\/\/fengchashop.com\/hu\/wp-json\/wp\/v2\/media\/8615"}],"wp:attachment":[{"href":"https:\/\/fengchashop.com\/hu\/wp-json\/wp\/v2\/media?parent=8616"}],"wp:term":[{"taxonomy":"product_brand","embeddable":true,"href":"https:\/\/fengchashop.com\/hu\/wp-json\/wp\/v2\/product_brand?post=8616"},{"taxonomy":"product_cat","embeddable":true,"href":"https:\/\/fengchashop.com\/hu\/wp-json\/wp\/v2\/product_cat?post=8616"},{"taxonomy":"product_tag","embeddable":true,"href":"https:\/\/fengchashop.com\/hu\/wp-json\/wp\/v2\/product_tag?post=8616"}],"curies":[{"name":"wp","href":"https:\/\/api.w.org\/{rel}","templated":true}]}}