{"id":8553,"date":"2026-04-07T14:39:59","date_gmt":"2026-04-07T12:39:59","guid":{"rendered":"https:\/\/fengchashop.com\/hu\/?post_type=product&#038;p=8553"},"modified":"2026-04-18T13:49:01","modified_gmt":"2026-04-18T11:49:01","slug":"bio-orolt-ceyloni-fahej","status":"publish","type":"product","link":"https:\/\/fengchashop.com\/hu\/product\/bio-orolt-ceyloni-fahej\/","title":{"rendered":"Bio \u0151r\u00f6lt ceyloni fah\u00e9j 250 g"},"content":{"rendered":"<h2 style=\"text-align: justify;\"><span style=\"color: #000000;\">Bio \u0151r\u00f6lt ceyloni fah\u00e9j<\/span><\/h2>\n<p style=\"text-align: justify;\"><span style=\"color: #000000;\">A ceyloni fah\u00e9j haz\u00e1ja Sr\u00ed Lanka (kor\u00e1bban Ceylon, amelyr\u0151l a fah\u00e9j a nev\u00e9t kapta). Ez az <strong>igazi fah\u00e9j<\/strong> a <strong>k\u00ednai fah\u00e9jjal<\/strong> (kasszi\u00e1val) \u00f6sszehasonl\u00edtva \u2013 amelyet a legt\u00f6bben jobban ismernek, \u00e9s a legt\u00f6bb \u00fczletben kaphat\u00f3 \u2013 ritk\u00e1bb, ez\u00e9rt sokkal \u00e9rt\u00e9kesebb is. Sr\u00ed Lank\u00e1n k\u00fcl\u00f6nb\u00f6z\u0151 min\u0151s\u00e9g\u0171 fah\u00e9jakat termelnek, k\u00f6z\u00fcl\u00fck a mi v\u00e1logatott ceyloni fah\u00e9junkat finom \u00e9s l\u00e1gy illat jellemzi. Enyh\u00e9n \u00e9desk\u00e9s \u00edz\u0171, \u00e9s desszertekhez, komp\u00f3tokhoz, s\u00fctem\u00e9nyekhez, pit\u00e9khez, kekszekhez, puncshoz \u00e9s forralt borhoz haszn\u00e1lj\u00e1k. F\u0171szerezhet\u00fcnk vele m\u00e9zet, csokol\u00e1d\u00e9t, di\u00f3f\u00e9l\u00e9ket, chilit, tejterm\u00e9keket, \u00e1fony\u00e1t, s\u00fclt alm\u00e1t \u00e9s ban\u00e1nt. A fah\u00e9jat megsz\u00f3rhatjuk gy\u00fcm\u00f6lcs\u00f6k\u00f6n (gy\u00fcm\u00f6lcssal\u00e1t\u00e1kon, p\u00e1rolt gy\u00fcm\u00f6lcs\u00f6k\u00f6n) \u00e9s gabonaf\u00e9l\u00e9ken, hozz\u00e1adhatjuk joghurthoz, tejberizshez, t\u00far\u00f3hoz \u00e9s k\u00fcl\u00f6nf\u00e9le tej-gy\u00fcm\u00f6lcs italokhoz. J\u00f3l illik te\u00e1hoz \u00e9s k\u00e1v\u00e9hoz, valamint kaka\u00f3hoz \u00e9s forr\u00f3 csokol\u00e1d\u00e9hoz is. A fah\u00e9j az egyik legkedveltebb kar\u00e1csonyi f\u0171szer. Val\u00f3j\u00e1ban a fah\u00e9j az egyik <strong>legsokoldal\u00fabb f\u0171szer<\/strong>, amely k\u00fcl\u00f6nb\u00f6z\u0151, n\u00e9ha szokatlan kombin\u00e1ci\u00f3kban is meg\u00e1llja a hely\u00e9t, k\u00fcl\u00f6n\u00f6sen a keleti \u00e9s a mexik\u00f3i konyh\u00e1ban (p\u00e9ld\u00e1ul curryben). Hagyom\u00e1nyosan <strong>\u00e9telek \u00edzes\u00edt\u00e9s\u00e9re<\/strong> haszn\u00e1lj\u00e1k.<\/span><\/p>\n<p style=\"text-align: justify;\"><span style=\"color: #000000;\">Fah\u00e9junk \u00f6kol\u00f3giai gazd\u00e1lkod\u00e1sb\u00f3l sz\u00e1rmazik.<\/span><\/p>\n<h2 style=\"text-align: justify;\"><span style=\"color: #000000;\">T\u00e1rol\u00e1s<\/span><\/h2>\n<p style=\"text-align: justify;\"><span style=\"color: #000000;\">Sz\u00e1raz, s\u00f6t\u00e9t \u00e9s h\u0171v\u00f6s helyen t\u00e1roland\u00f3. \u00dcgyeljen arra, hogy a tasak vagy a doboz j\u00f3l z\u00e1rva legyen.<\/span><\/p>\n<h2 style=\"text-align: justify;\"><span style=\"color: #000000;\">Csomagol\u00e1s<\/span><\/h2>\n<p style=\"text-align: justify;\"><span style=\"color: #000000;\">L\u00e9gmentesen z\u00e1r\u00f3d\u00f3, visszaz\u00e1rhat\u00f3 tasak, amely meg\u0151rzi a term\u00e9k frissess\u00e9g\u00e9t \u00e9s arom\u00e1j\u00e1t. A csomagol\u00e1s v\u00e9di a tartalmat a f\u00e9nyt\u0151l \u00e9s a leveg\u0151t\u0151l, mivel t\u00f6bb r\u00e9teg\u0171 v\u00e9delemmel rendelkezik, amely meg\u0151rzi a term\u00e9k tulajdons\u00e1gait.<\/span><\/p>\n<p style=\"text-align: justify;\"><span style=\"color: #000000;\">A csomagol\u00e1s nagyon praktikus \u00e9s \u00fajrahasznos\u00edthat\u00f3.<\/span><\/p>\n<h2><span style=\"color: #000000;\">Sz\u00e1rmaz\u00e1s<\/span><\/h2>\n<p><span style=\"color: #000000;\">Sr\u00ed Lanka<\/span><\/p>\n","protected":false},"excerpt":{"rendered":"<p>A fah\u00e9j j\u00f3l kombin\u00e1lhat\u00f3 van\u00edli\u00e1val, korianderrel \u00e9s szerecsendi\u00f3val, k\u00fcl\u00f6n\u00f6sen \u00edzletes \u00e9s egyben eg\u00e9szs\u00e9g\u00fcnkre is kedvez\u0151 szegf\u0171szeggel vagy kurkum\u00e1val p\u00e1ros\u00edtva. Haszn\u00e1lhat\u00f3 h\u00e1zi kozmetik\u00e1ban \u00e9s \u00e9trend-kieg\u00e9sz\u00edt\u0151k\u00e9nt is, mivel sz\u00e1mos, az emberi szervezet sz\u00e1m\u00e1ra fontos \u00e9s hasznos \u00f6sszetev\u0151t tartalmaz, tov\u00e1bb\u00e1 aromater\u00e1pi\u00e1ban is alkalmazz\u00e1k, valamint helyis\u00e9gek illatos\u00edt\u00e1s\u00e1ra.<\/p>\n<p>Mivel a ceyloni fah\u00e9j tartalmazza a legkevesebb kumarint \u2013 amely k\u00e1ros hat\u00e1ssal lehet a m\u00e1jra \u00e9s v\u00e9rh\u00edg\u00edt\u00f3 hat\u00e1s\u00fa \u2013, ez\u00e9rt sokkal alkalmasabb rendszeres fogyaszt\u00e1sra.<\/p>\n<p>\ud83d\udc9a Er\u0151s antioxid\u00e1ns.<br \/>\n\ud83d\udc9a \u00d6kol\u00f3giai gazd\u00e1lkod\u00e1sb\u00f3l sz\u00e1rmazik.<\/p>\n<p>&nbsp;<\/p>\n","protected":false},"featured_media":6378,"comment_status":"open","ping_status":"closed","template":"","meta":{"_acf_changed":false},"product_brand":[],"product_cat":[224,225,205,235],"product_tag":[],"class_list":{"0":"post-8553","1":"product","2":"type-product","3":"status-publish","4":"has-post-thumbnail","6":"product_cat-ajanlat","7":"product_cat-minden-termek","8":"product_cat-tea-es-etelek-es-fuszerek","9":"product_cat-uj","11":"first","12":"instock","13":"sale","14":"taxable","15":"shipping-taxable","16":"purchasable","17":"product-type-simple"},"acf":[],"_links":{"self":[{"href":"https:\/\/fengchashop.com\/hu\/wp-json\/wp\/v2\/product\/8553","targetHints":{"allow":["GET"]}}],"collection":[{"href":"https:\/\/fengchashop.com\/hu\/wp-json\/wp\/v2\/product"}],"about":[{"href":"https:\/\/fengchashop.com\/hu\/wp-json\/wp\/v2\/types\/product"}],"replies":[{"embeddable":true,"href":"https:\/\/fengchashop.com\/hu\/wp-json\/wp\/v2\/comments?post=8553"}],"wp:featuredmedia":[{"embeddable":true,"href":"https:\/\/fengchashop.com\/hu\/wp-json\/wp\/v2\/media\/6378"}],"wp:attachment":[{"href":"https:\/\/fengchashop.com\/hu\/wp-json\/wp\/v2\/media?parent=8553"}],"wp:term":[{"taxonomy":"product_brand","embeddable":true,"href":"https:\/\/fengchashop.com\/hu\/wp-json\/wp\/v2\/product_brand?post=8553"},{"taxonomy":"product_cat","embeddable":true,"href":"https:\/\/fengchashop.com\/hu\/wp-json\/wp\/v2\/product_cat?post=8553"},{"taxonomy":"product_tag","embeddable":true,"href":"https:\/\/fengchashop.com\/hu\/wp-json\/wp\/v2\/product_tag?post=8553"}],"curies":[{"name":"wp","href":"https:\/\/api.w.org\/{rel}","templated":true}]}}