{"id":7973,"date":"2026-02-02T22:59:32","date_gmt":"2026-02-02T21:59:32","guid":{"rendered":"https:\/\/fengchashop.com\/hu\/?post_type=product&#038;p=7973"},"modified":"2026-04-19T13:20:29","modified_gmt":"2026-04-19T11:20:29","slug":"zapper-tobbfrekvencias-kezi-eszkoz","status":"publish","type":"product","link":"https:\/\/fengchashop.com\/hu\/product\/zapper-tobbfrekvencias-kezi-eszkoz\/","title":{"rendered":"ZAPPER \u2013 t\u00f6bbfrekvenci\u00e1s k\u00e9zi eszk\u00f6z"},"content":{"rendered":"<h2><span style=\"color: #000000\">Megnevez\u00e9s<\/span><\/h2>\n<p style=\"text-align: justify\"><span style=\"color: #000000\">ZAPPER \u2013 t\u00f6bbfrekvenci\u00e1s k\u00e9zi eszk\u00f6z dr. Hulda Clark koncepci\u00f3ja alapj\u00e1n<\/span><\/p>\n<h2><span style=\"color: #000000\">Term\u00e9kle\u00edr\u00e1s<\/span><\/h2>\n<p><span style=\"color: #000000\">A Zapper egy t\u00f6bbfrekvenci\u00e1s k\u00e9zi elektronikus eszk\u00f6z, amely dr. Hulda Clark koncepci\u00f3ja alapj\u00e1n k\u00e9sz\u00fclt, \u00e9s egyszer\u0171, megb\u00edzhat\u00f3 otthoni haszn\u00e1latra szolg\u00e1l. Pulz\u00e1l\u00f3 elektromos jelet bocs\u00e1t ki, \u00e9s automatikusan <strong>26 frekvenci\u00e1t haszn\u00e1l, k\u00f6r\u00fclbel\u00fcl 10\u201341 kHz tartom\u00e1nyban<\/strong>, amelyek m\u0171k\u00f6d\u00e9s k\u00f6zben v\u00e1ltakoznak.<\/span><\/p>\n<p><span style=\"color: #000000\">Egyetlen gombbal vez\u00e9relhet\u0151, \u00e9s <strong>automatikus 7 perces ciklusban<\/strong> m\u0171k\u00f6dik, automatikus kikapcsol\u00e1ssal. A f\u00e9ny- \u00e9s hangjelz\u00e9sek lehet\u0151v\u00e9 teszik a megfelel\u0151 m\u0171k\u00f6d\u00e9s ellen\u0151rz\u00e9s\u00e9t. <strong>Levehet\u0151, pol\u00edrozott s\u00e1rgar\u00e9zb\u0151l k\u00e9sz\u00fclt k\u00e9zielektr\u00f3d\u00e1kkal<\/strong> van felszerelve, \u00e9s lehet\u0151v\u00e9 teszi a kimeneti fesz\u00fclts\u00e9g be\u00e1ll\u00edt\u00e1s\u00e1t.<\/span><\/p>\n<p><span style=\"color: #000000\">A k\u00e9sz\u00fcl\u00e9k szabv\u00e1nyos 9 V-os elemmel m\u0171k\u00f6dik (tartoz\u00e9k), kompakt, hordozhat\u00f3, \u00e9s alkalmas otthoni vagy utaz\u00e1s k\u00f6zbeni haszn\u00e1latra. <strong>GMP \u00e9s ISO szabv\u00e1nyoknak<\/strong> megfelel\u0151en k\u00e9sz\u00fclt, \u00e9s <strong>5 \u00e9v garanci\u00e1val<\/strong> rendelkezik.<\/span><\/p>\n<h2><span style=\"color: #000000\">F\u0151 el\u0151ny\u00f6k<\/span><\/h2>\n<ul>\n<li><span style=\"color: #000000\">T\u00f6bbfrekvenci\u00e1s m\u0171k\u00f6d\u00e9s <strong>26 automatikus frekvenci\u00e1val<\/strong><\/span><\/li>\n<li><span style=\"color: #000000\">Automatikus <strong>7 perces program<\/strong> az egyszer\u0171 \u00e9s biztons\u00e1gos haszn\u00e1lathoz<\/span><\/li>\n<li><span style=\"color: #000000\">\u00c1ll\u00edthat\u00f3 kimeneti fesz\u00fclts\u00e9g (kb. 2%-t\u00f3l 100%-ig)<\/span><\/li>\n<li><span style=\"color: #000000\">Vizu\u00e1lis \u00e9s hangjelz\u00e9ses m\u0171k\u00f6d\u00e9sellen\u0151rz\u00e9s<\/span><\/li>\n<li><span style=\"color: #000000\">Automatikus kikapcsol\u00e1s \u00e9s r\u00f6vidz\u00e1rlat elleni v\u00e9delem<\/span><\/li>\n<li><span style=\"color: #000000\">Levehet\u0151, pol\u00edrozott s\u00e1rgar\u00e9z k\u00e9zielektr\u00f3d\u00e1k<\/span><\/li>\n<li><span style=\"color: #000000\">Kompakt, hordozhat\u00f3 \u00e9s k\u00f6nnyen haszn\u00e1lhat\u00f3<\/span><\/li>\n<li><span style=\"color: #000000\">Szabv\u00e1nyos 9 V-os elemmel m\u0171k\u00f6dik<\/span><\/li>\n<li><span style=\"color: #000000\">Magas gy\u00e1rt\u00e1si min\u0151s\u00e9g, tesztelt m\u0171k\u00f6d\u00e9s<\/span><\/li>\n<li><span style=\"color: #000000\">5 \u00e9v garancia<\/span><\/li>\n<\/ul>\n<h2><span style=\"color: #000000\">Megjelen\u00e9s \u00e9s funkcionalit\u00e1s<\/span><\/h2>\n<p><span style=\"color: #000000\">A Zapper minimalista \u00e9s funkcion\u00e1lis kialak\u00edt\u00e1s\u00fa. A burkolat tart\u00f3s szintetikus m\u0171anyagb\u00f3l k\u00e9sz\u00fclt, amely v\u00e9di az elektronik\u00e1t \u00e9s hossz\u00fa \u00e9lettartamot biztos\u00edt. Kompakt m\u00e9rete megk\u00f6nny\u00edti a t\u00e1rol\u00e1st \u00e9s a sz\u00e1ll\u00edt\u00e1st.<\/span><\/p>\n<p><span style=\"color: #000000\">A pol\u00edrozott s\u00e1rgar\u00e9zb\u0151l k\u00e9sz\u00fclt k\u00e9zielektr\u00f3d\u00e1k ergonomikusak \u00e9s kellemes tapint\u00e1s\u00faak. A term\u00e9szetes anyagtulajdons\u00e1goknak k\u00f6sz\u00f6nhet\u0151en antibakteri\u00e1lis jellemz\u0151kkel is rendelkeznek. Az elektr\u00f3d\u00e1k levehet\u0151k, \u00e9s sz\u00fcks\u00e9g eset\u00e9n tiszt\u00edthat\u00f3k vagy cser\u00e9lhet\u0151k.<\/span><\/p>\n<p><span style=\"color: #000000\">A k\u00e9sz\u00fcl\u00e9k csak akkor kapcsol be automatikusan, ha a felhaszn\u00e1l\u00f3 megfelel\u0151en tartja mindk\u00e9t elektr\u00f3d\u00e1t, ami n\u00f6veli a biztons\u00e1got. Rossz \u00e9rintkez\u00e9s, sz\u00e1raz b\u0151r vagy s\u00e9r\u00fclt k\u00e1bel eset\u00e9n a k\u00e9sz\u00fcl\u00e9k nem indul el, hanem jelz\u00e9ssel figyelmeztet.<\/span><\/p>\n<h2><span style=\"color: #000000\">Fontos figyelmeztet\u00e9s<\/span><\/h2>\n<p><span style=\"color: #000000\">A Zapper nem orvostechnikai eszk\u00f6z, \u00e9s nem szolg\u00e1l betegs\u00e9gek diagnosztiz\u00e1l\u00e1s\u00e1ra, kezel\u00e9s\u00e9re vagy megel\u0151z\u00e9s\u00e9re. Haszn\u00e1lata saj\u00e1t felel\u0151ss\u00e9gre t\u00f6rt\u00e9nik. Terhes n\u0151k, valamint pacemakerrel vagy hasonl\u00f3 eszk\u00f6zzel rendelkez\u0151 szem\u00e9lyek nem haszn\u00e1lhatj\u00e1k a zappert.<\/span><\/p>\n","protected":false},"excerpt":{"rendered":"<p data-start=\"66\" data-end=\"198\"><strong>Az Earth Flow f\u00f6ldel\u0151 lap<\/strong> lehet\u0151v\u00e9 teszi, hogy alv\u00e1s k\u00f6zben \u00fajra kapcsolatba l\u00e9pjen a <strong>F\u00f6ld term\u00e9szetes energi\u00e1j\u00e1val<\/strong><\/p>\n<p>A mai rohan\u00f3 \u00e9letben sajnos nem mindenki engedheti meg mag\u00e1nak, hogy <b>8 \u00f3r\u00e1t mez\u00edtl\u00e1b t\u00f6lts\u00f6n a term\u00e9szetben<\/b> \u00e9s f\u00f6ldelve, ez\u00e9rt az <b>Earthflow f\u00f6ldel\u0151 lap<\/b> egy nagyszer\u0171 alternat\u00edv megold\u00e1s, hogy teste teljes <b>regener\u00e1ci\u00f3t \u00e9s f\u00f6ldel\u00e9st<\/b> kapjon alv\u00e1s k\u00f6zben.<\/p>\n<p>\ud83d\udc9a T\u00f6bb \u00e9letenergia<\/p>\n<p>\ud83d\udc9a Jav\u00edtja az alv\u00e1st<\/p>\n<p>\ud83d\udc9a Negat\u00edv f\u00f6ldionok<\/p>\n<p>\ud83d\udc9a Nyugtatja az agyhull\u00e1mokat<\/p>\n<p>\ud83d\udc9a K\u00f6nnyen haszn\u00e1lhat\u00f3.<\/p>\n","protected":false},"featured_media":7976,"comment_status":"open","ping_status":"closed","template":"","meta":{"_acf_changed":false},"product_brand":[],"product_cat":[224,208,225,235],"product_tag":[],"class_list":{"0":"post-7973","1":"product","2":"type-product","3":"status-publish","4":"has-post-thumbnail","6":"product_cat-ajanlat","7":"product_cat-egyeb","8":"product_cat-minden-termek","9":"product_cat-uj","11":"first","12":"instock","13":"taxable","14":"shipping-taxable","15":"purchasable","16":"product-type-simple"},"acf":[],"_links":{"self":[{"href":"https:\/\/fengchashop.com\/hu\/wp-json\/wp\/v2\/product\/7973","targetHints":{"allow":["GET"]}}],"collection":[{"href":"https:\/\/fengchashop.com\/hu\/wp-json\/wp\/v2\/product"}],"about":[{"href":"https:\/\/fengchashop.com\/hu\/wp-json\/wp\/v2\/types\/product"}],"replies":[{"embeddable":true,"href":"https:\/\/fengchashop.com\/hu\/wp-json\/wp\/v2\/comments?post=7973"}],"wp:featuredmedia":[{"embeddable":true,"href":"https:\/\/fengchashop.com\/hu\/wp-json\/wp\/v2\/media\/7976"}],"wp:attachment":[{"href":"https:\/\/fengchashop.com\/hu\/wp-json\/wp\/v2\/media?parent=7973"}],"wp:term":[{"taxonomy":"product_brand","embeddable":true,"href":"https:\/\/fengchashop.com\/hu\/wp-json\/wp\/v2\/product_brand?post=7973"},{"taxonomy":"product_cat","embeddable":true,"href":"https:\/\/fengchashop.com\/hu\/wp-json\/wp\/v2\/product_cat?post=7973"},{"taxonomy":"product_tag","embeddable":true,"href":"https:\/\/fengchashop.com\/hu\/wp-json\/wp\/v2\/product_tag?post=7973"}],"curies":[{"name":"wp","href":"https:\/\/api.w.org\/{rel}","templated":true}]}}