{"id":7472,"date":"2025-12-09T11:20:23","date_gmt":"2025-12-09T10:20:23","guid":{"rendered":"https:\/\/fengchashop.com\/hu\/?post_type=product&#038;p=7472"},"modified":"2026-04-18T06:38:17","modified_gmt":"2026-04-18T04:38:17","slug":"bach-cseppek-elsosegely","status":"publish","type":"product","link":"https:\/\/fengchashop.com\/hu\/product\/bach-cseppek-elsosegely\/","title":{"rendered":"Bach cseppek Els\u0151seg\u00e9ly"},"content":{"rendered":"<h2 style=\"text-align: justify;\"><span style=\"color: #000000;\">Bach-vir\u00e1gcseppek els\u0151seg\u00e9ly<\/span><\/h2>\n<p>A mindennapi \u00e9letben gyakran tal\u00e1lkozunk <strong>stresszel, fesz\u00fclts\u00e9ggel vagy kellemetlen \u00e9rzelmekkel<\/strong>, amelyeket n\u00e9ha nehezen tudunk kezelni. Lehet sz\u00f3 hirtelen \u00e9letv\u00e1ltoz\u00e1sokr\u00f3l, munkahelyi probl\u00e9m\u00e1kr\u00f3l, p\u00e1rkapcsolati kih\u00edv\u00e1sokr\u00f3l vagy egyszer\u0171en szorong\u00e1s \u00e9s fesz\u00fclts\u00e9g \u00e9rz\u00e9s\u00e9r\u0151l. Ha ezek a helyzetek ism\u00e9tl\u0151dnek vagy tart\u00f3san fenn\u00e1llnak, t\u00falterhel\u0151v\u00e9 v\u00e1lhatnak.<\/p>\n<p>Ilyen pillanatokban a <strong>Bach-vir\u00e1gcseppek<\/strong> val\u00f3di els\u0151seg\u00e9lyt ny\u00fajtanak. <strong>Seg\u00edtenek megnyugtatni a gondolatokat, cs\u00f6kkenteni a stresszt \u00e9s a fesz\u00fclts\u00e9get, valamint k\u00f6nnyebben szab\u00e1lyozni az \u00e9rzelmi reakci\u00f3kat<\/strong>.<\/p>\n<h2>Egy\u00e9nre szabott kever\u00e9k<\/h2>\n<p>A Bach-terapeuta a konzult\u00e1ci\u00f3 ut\u00e1n <strong>friss, egy\u00e9nre szabott vir\u00e1geszencia-kever\u00e9ket<\/strong> k\u00e9sz\u00edt (bele\u00e9rtve a <em>Rescue Remedy<\/em>-t is). Minden kever\u00e9k k\u00f6r\u00fclbel\u00fcl egy h\u00f3napra elegend\u0151, \u00e9s nem tartalmaz tart\u00f3s\u00edt\u00f3szert. A cseppeket k\u00f6zvetlen\u00fcl a nyelv al\u00e1 kell cseppenteni, vagy italban elfogyasztani, ami gyors \u00e9s hat\u00e9kony hat\u00e1st biztos\u00edt.<\/p>\n<h2>Hogyan m\u0171k\u00f6dnek a Bach-vir\u00e1gcseppek?<\/h2>\n<p>A Bach-vir\u00e1gcseppek az \u00e9rzelmi \u00e1llapotra hatnak, \u00e9s seg\u00edtenek harmoniz\u00e1lni a stresszes helyzeteket. Hasznosak az al\u00e1bbi esetekben:<\/p>\n<ul>\n<li>p\u00e1nik- vagy szorong\u00e1s\u00e9rz\u00e9s,<\/li>\n<li>hirtelen aggodalom vagy sokk,<\/li>\n<li>stresszes esem\u00e9nyek kezel\u00e9se (v\u00e1ratlan v\u00e1ltoz\u00e1s, megterhel\u0151 napok, konfliktusok \u2026),<\/li>\n<li>traumatikus \u00e9lm\u00e9nyek (betegs\u00e9g, vesztes\u00e9g, v\u00e1ltoz\u00e1sok, hirtelen \u00e9lethelyzetek \u2026).<\/li>\n<\/ul>\n<p>A kever\u00e9keket az <strong>eredeti Dr. Bach-m\u00f3dszer<\/strong> szerint k\u00e9sz\u00edtj\u00fck, kiz\u00e1r\u00f3lag <strong>eredeti Bach-vir\u00e1geszenci\u00e1k<\/strong> felhaszn\u00e1l\u00e1s\u00e1val. A cseppeknek <strong>nincs mell\u00e9khat\u00e1sa<\/strong>, \u00e9s nem lehet t\u00faladagolni \u0151ket.<\/p>\n<p style=\"text-align: justify;\"><span style=\"color: #000000;\">M\u00e1s gy\u00f3gyszerek hat\u00e1s\u00e1t nem befoly\u00e1solj\u00e1k.<\/span><\/p>\n<h2 style=\"text-align: justify;\"><span style=\"color: #000000;\">T\u00e1rol\u00e1s<\/span><\/h2>\n<p style=\"text-align: justify;\"><span style=\"color: #000000;\">Sz\u00e1raz, s\u00f6t\u00e9t helyen t\u00e1roland\u00f3, legfeljebb +25 \u00b0C h\u0151m\u00e9rs\u00e9kleten.<\/span><\/p>\n<h2 style=\"text-align: justify;\"><span style=\"color: #000000;\">Mennyis\u00e9g<\/span><\/h2>\n<p style=\"text-align: justify;\"><span style=\"color: #000000;\">30 ml (30 nap rendszeres haszn\u00e1latra elegend\u0151)<\/span><\/p>\n<p>&nbsp;<\/p>\n","protected":false},"excerpt":{"rendered":"<p><span style=\"color: #000000;\">A Bach cseppek hat\u00e9konyan hatnak az egy\u00e9n k\u00fcl\u00f6nf\u00e9le \u00e9rzelmi szorong\u00e1saira. Seg\u00edtenek k\u00fcl\u00f6nf\u00e9le kr\u00edzisekben \u00e9s neh\u00e9z \u00e9lethelyzetekben. Seg\u00edtenek megnyugodni is meg\u0151rizni a nyugalmat. Befoly\u00e1solj\u00e1k \u00e9rzelmi \u00e1llapotunkat \u00e9s seg\u00edtik annak harmoniz\u00e1l\u00e1s\u00e1t.<\/span><\/p>\n<p><span style=\"color: #000000;\">\ud83d\udc9a A cseppeket k\u00e9zzel, a sz\u00e1ll\u00edt\u00e1s napj\u00e1n csomagoljuk.<\/span><\/p>\n<p><span style=\"color: #000000;\">\ud83d\udc9a Minden embernek (terhes n\u0151k, id\u0151sek, gyerekek&#8230;) \u00e9s \u00e1llatnak alkalmasak.<\/span><\/p>\n<p><span style=\"color: #000000;\">\ud83d\udc9a Nincsenek mell\u00e9khat\u00e1saik, nem okoznak f\u00fcgg\u0151s\u00e9get \u00e9s nem lehet t\u00faladagolni.<\/span><\/p>\n<p><span style=\"color: #000000;\">\ud83d\udc9a N\u00e9h\u00e1ny nap vagy h\u00e9t ut\u00e1n m\u00e1r \u00e9szre lehet venni az els\u0151 eredm\u00e9nyeket, ez szem\u00e9lyenk\u00e9nt v\u00e1ltoz\u00f3.<\/span><\/p>\n<p><span style=\"color: #000000;\">\ud83d\udc9a M\u00e1s gy\u00f3gyszerekre nincs hat\u00e1ssal.<\/span><\/p>\n","protected":false},"featured_media":6619,"comment_status":"open","ping_status":"closed","template":"","meta":{"_acf_changed":false},"product_brand":[],"product_cat":[224,241,225],"product_tag":[],"class_list":{"0":"post-7472","1":"product","2":"type-product","3":"status-publish","4":"has-post-thumbnail","6":"product_cat-ajanlat","7":"product_cat-bach-cseppek","8":"product_cat-minden-termek","10":"first","11":"instock","12":"sale","13":"taxable","14":"shipping-taxable","15":"purchasable","16":"product-type-simple"},"acf":[],"_links":{"self":[{"href":"https:\/\/fengchashop.com\/hu\/wp-json\/wp\/v2\/product\/7472","targetHints":{"allow":["GET"]}}],"collection":[{"href":"https:\/\/fengchashop.com\/hu\/wp-json\/wp\/v2\/product"}],"about":[{"href":"https:\/\/fengchashop.com\/hu\/wp-json\/wp\/v2\/types\/product"}],"replies":[{"embeddable":true,"href":"https:\/\/fengchashop.com\/hu\/wp-json\/wp\/v2\/comments?post=7472"}],"wp:featuredmedia":[{"embeddable":true,"href":"https:\/\/fengchashop.com\/hu\/wp-json\/wp\/v2\/media\/6619"}],"wp:attachment":[{"href":"https:\/\/fengchashop.com\/hu\/wp-json\/wp\/v2\/media?parent=7472"}],"wp:term":[{"taxonomy":"product_brand","embeddable":true,"href":"https:\/\/fengchashop.com\/hu\/wp-json\/wp\/v2\/product_brand?post=7472"},{"taxonomy":"product_cat","embeddable":true,"href":"https:\/\/fengchashop.com\/hu\/wp-json\/wp\/v2\/product_cat?post=7472"},{"taxonomy":"product_tag","embeddable":true,"href":"https:\/\/fengchashop.com\/hu\/wp-json\/wp\/v2\/product_tag?post=7472"}],"curies":[{"name":"wp","href":"https:\/\/api.w.org\/{rel}","templated":true}]}}