{"id":6808,"date":"2025-07-28T17:31:54","date_gmt":"2025-07-28T15:31:54","guid":{"rendered":"https:\/\/fengchashop.com\/hu\/?post_type=product&#038;p=6808"},"modified":"2025-07-31T08:48:42","modified_gmt":"2025-07-31T06:48:42","slug":"sarkanyver-sangre-de-grado-drago-cseppek","status":"publish","type":"product","link":"https:\/\/fengchashop.com\/hu\/product\/sarkanyver-sangre-de-grado-drago-cseppek\/","title":{"rendered":"S\u00e1rk\u00e1nyv\u00e9r (Sangre de Grado \/ Drago) cseppek 30 ml"},"content":{"rendered":"<h2><strong>Mi az a S\u00e1rk\u00e1nyv\u00e9r?<\/strong><\/h2>\n<p>A S\u00e1rk\u00e1nyv\u00e9r, m\u00e1s n\u00e9ven <strong>Sangre de Grado vagy Drago<\/strong>, egy \u00e9rt\u00e9kes <strong>v\u00f6r\u00f6sesbarna gyanta<\/strong>, amelyet a perui s\u00e1rk\u00e1nyfa (Croton lechleri) k\u00e9rg\u00e9b\u0151l vonnak ki. Rendk\u00edv\u00fcl \u00e9rt\u00e9kes term\u00e9szetes k\u00e9sz\u00edtm\u00e9ny, amelyet \u00e9vsz\u00e1zadok \u00f3ta haszn\u00e1lnak D\u00e9l-Amerika \u0151slakosai sokoldal\u00fa term\u00e9szetes gy\u00f3gym\u00f3dk\u00e9nt sz\u00e1mos &#8211; k\u00fcls\u0151 \u00e9s bels\u0151 &#8211; betegs\u00e9gre. A fa k\u00e9rg\u00e9nek gyeng\u00e9d v\u00e1g\u00e1s\u00e1val nyerik, a n\u00f6v\u00e9ny elpuszt\u00edt\u00e1sa n\u00e9lk\u00fcl.<\/p>\n<p>Term\u00e9k\u00fcnk fenntarthat\u00f3 \u00e9s \u00f6kol\u00f3giailag felel\u0151ss\u00e9gteljes termeszt\u00e9sb\u0151l sz\u00e1rmazik a perui Amazonas es\u0151erd\u0151 sz\u00edv\u00e9ben. A gyant\u00e1t a helyi \u0151slakosok k\u00e9zzel szedik, \u00edgy meg\u0151rzik hagyom\u00e1nyos tud\u00e1sukat, \u00e9s munk\u00e1juk\u00e9rt tisztess\u00e9ges fizet\u00e9st kapnak. A gyant\u00e1t a f\u00e1k elpuszt\u00edt\u00e1sa n\u00e9lk\u00fcl nyerik ki, biztos\u00edtva a term\u00e9szeti k\u00f6rnyezet hossz\u00fa t\u00e1v\u00fa v\u00e9delm\u00e9t.<\/p>\n<p>Az \u00e1ltalunk k\u00edn\u00e1lt S\u00e1rk\u00e1nyv\u00e9r <strong>100%-ban tiszta n\u00f6v\u00e9nyi gyanta \u2013 alkohol, tart\u00f3s\u00edt\u00f3szerek, sz\u00ednez\u00e9kek vagy mesters\u00e9ges adal\u00e9kanyagok n\u00e9lk\u00fcl<\/strong>. Term\u00e9szetes kivonat, k\u00f6zvetlen\u00fcl a n\u00f6v\u00e9nyb\u0151l, amely meg\u0151rzi eredeti tulajdons\u00e1gait \u00e9s ter\u00e1pi\u00e1s potenci\u00e1lj\u00e1t. Intenz\u00edv s\u00f6t\u00e9tv\u00f6r\u00f6s sz\u00edne van, amely a term\u00e9szetes antioxid\u00e1nsok \u00e9s tanninok jelenl\u00e9t\u00e9re jellemz\u0151, ez\u00e9rt haszn\u00e1latkor \u00f3vatosan kell elj\u00e1rni, hogy ne \u00e9rintkezzen a ruh\u00e1zattal, mivel tart\u00f3s foltokat hagyhat.<\/p>\n<h2><strong>A s\u00e1rk\u00e1nyv\u00e9r hat\u00e1sai \u00e9s el\u0151nyei<\/strong><\/h2>\n<p>Egyedi k\u00e9miai \u00f6sszet\u00e9tel\u00e9nek &#8211; magas tannin-, alkaloid- (p\u00e9ld\u00e1ul taspin), fenolos vegy\u00fcletek \u00e9s antioxid\u00e1ns-tartalomnak &#8211; k\u00f6sz\u00f6nhet\u0151en a s\u00e1rk\u00e1nyv\u00e9r sz\u00e1mos bizony\u00edtott hagyom\u00e1nyos hat\u00e1ssal rendelkezik:<\/p>\n<p><strong>\ud83d\udc9a K\u00fcls\u0151leges haszn\u00e1lat &#8211; <em>term\u00e9szetes b\u0151rv\u00e9delem<\/em>:<\/strong><\/p>\n<ul>\n<li><strong>Sebek \u00e9s s\u00e9r\u00fcl\u00e9sek gyors gy\u00f3gyul\u00e1sa<\/strong> &#8211; term\u00e9szetes antiszeptikus \u00e9s v\u00e9rz\u00e9scsillap\u00edt\u00f3 hat\u00e1s\u00fa (el\u00e1ll\u00edtja a v\u00e9rz\u00e9st), el\u0151seg\u00edti a sz\u00f6vetek regener\u00e1l\u00f3d\u00e1s\u00e1t<\/li>\n<li><strong>Cs\u00f6kkenti a gyullad\u00e1st \u00e9s a viszket\u00e9st<\/strong> &#8211; alkalmas pattan\u00e1sok, rovarcs\u00edp\u00e9sek, ekc\u00e9ma, pikkelys\u00f6m\u00f6r \u00e9s egy\u00e9b b\u0151rprobl\u00e9m\u00e1k eset\u00e9n<\/li>\n<li><strong>Hat\u00e9kony a gomb\u00e1s \u00e9s bakteri\u00e1lis fert\u0151z\u00e9sek ellen<\/strong><\/li>\n<li><strong>Nyugtatja az \u00e9g\u00e9si s\u00e9r\u00fcl\u00e9seket, bele\u00e9rtve a le\u00e9g\u00e9st is<\/strong> &#8211; h\u0171s\u00edt\u0151 \u00e9s regener\u00e1l\u00f3 hat\u00e1s\u00fa<\/li>\n<li><strong>Term\u00e9szetes \u201eegy\u00e9b\u201d k\u00f6t\u00e9s<\/strong> \u2013 felvitelkor v\u00e9kony v\u00e9d\u0151r\u00e9teget k\u00e9pez a b\u0151r<\/li>\n<\/ul>\n<p><strong>\ud83d\udc9a Bels\u0151leges haszn\u00e1lat \u2013 <em>\u00f3vatosan \u00e9s megfelel\u0151 tan\u00e1csad\u00e1s mellett<\/em>:<\/strong><\/p>\n<ul>\n<li><strong>T\u00e1mogatja az em\u00e9szt\u0151rendszert<\/strong> \u2013 enyh\u00edti az olyan probl\u00e9m\u00e1kat, mint a gyomorfek\u00e9ly, a ny\u00e1lkah\u00e1rtya gyullad\u00e1sa, a hasmen\u00e9s, az irrit\u00e1bilis b\u00e9l szindr\u00f3ma<\/li>\n<li><strong>Gyullad\u00e1scs\u00f6kkent\u0151 hat\u00e1s<\/strong> \u2013 seg\u00edt a bels\u0151 gyullad\u00e1sok eset\u00e9n, bele\u00e9rtve a sz\u00e1j\u00fcreget \u00e9s a torkot is<\/li>\n<li><strong>Er\u0151s\u00edti az immunrendszert<\/strong> \u2013 seg\u00edti a szervezet v\u00e9dekez\u00e9s\u00e9t a v\u00edrusok \u00e9s bakt\u00e9riumok ellen<\/li>\n<li><strong>Antioxid\u00e1ns hat\u00e1s<\/strong> \u2013 t\u00e1mogatja a sejtek meg\u00fajul\u00e1s\u00e1t \u00e9s a szervezet m\u00e9regtelen\u00edt\u00e9s\u00e9t<\/li>\n<\/ul>\n<h2><strong>Mennyis\u00e9g<\/strong><\/h2>\n<p>30 ml<\/p>\n<h2><strong>Csomagol\u00e1s<\/strong><\/h2>\n<p>\u00dcveg csomagol\u00e1sban, cseppent\u0151vel a k\u00f6nnyebb adagol\u00e1s \u00e9rdek\u00e9ben.<\/p>\n<h2><strong>Figyelmeztet\u00e9sek<\/strong><\/h2>\n<p>Csak k\u00fcls\u0151leges haszn\u00e1latra, kiv\u00e9ve, ha szakember m\u00e1sk\u00e9pp rendeli. Csak bels\u0151leges haszn\u00e1lat enged\u00e9lyezett Orvossal val\u00f3 konzult\u00e1ci\u00f3t k\u00f6vet\u0151en. Ker\u00fclje a szembe \u00e9s a ny\u00e1lkah\u00e1rty\u00e1ra ker\u00fcl\u00e9st. Ne haszn\u00e1lja gyermekeken, terhes vagy szoptat\u00f3 n\u0151k\u00f6n orvosi javaslat n\u00e9lk\u00fcl. Maradand\u00f3 foltokat hagyhat a text\u00edli\u00e1kon. Gyermekekt\u0151l elz\u00e1rva, sz\u00e1raz \u00e9s s\u00f6t\u00e9t helyen tartand\u00f3.<\/p>\n<h2><strong>Sz\u00e1rmaz\u00e1si hely<\/strong><\/h2>\n<p>Ecuador<\/p>\n","protected":false},"excerpt":{"rendered":"<p>A S\u00e1rk\u00e1nyv\u00e9r a Croton lechleri fa term\u00e9szetes gyant\u00e1ja, amely kiv\u00e9teles b\u0151rregener\u00e1l\u00f3 \u00e9s v\u00e9d\u0151 tulajdons\u00e1gair\u00f3l ismert. Magas antioxid\u00e1ns tartalm\u00e1nak k\u00f6sz\u00f6nhet\u0151en v\u00e9di a b\u0151rt a szabad gy\u00f6k\u00f6kt\u0151l \u00e9s a korai \u00f6reged\u00e9st\u0151l. Term\u00e9szetes kezel\u00e9sk\u00e9nt is haszn\u00e1lj\u00e1k pattan\u00e1sok, hegek \u00e9s \u00e9rz\u00e9keny b\u0151r eset\u00e9n.<\/p>\n<p>\ud83d\udc9a term\u00e9szetes antiszeptikum,<br \/>\n\ud83d\udc9a cs\u00f6kkenti a gyullad\u00e1st,<br \/>\n\ud83d\udc9a felgyors\u00edtja a sebgy\u00f3gyul\u00e1st \u00e9s<br \/>\n\ud83d\udc9a csillap\u00edtja az irrit\u00e1ci\u00f3t.<\/p>\n","protected":false},"featured_media":6809,"comment_status":"open","ping_status":"closed","template":"","meta":{"_acf_changed":false},"product_brand":[],"product_cat":[224,225],"product_tag":[],"class_list":{"0":"post-6808","1":"product","2":"type-product","3":"status-publish","4":"has-post-thumbnail","6":"product_cat-ajanlat","7":"product_cat-minden-termek","9":"first","10":"instock","11":"taxable","12":"shipping-taxable","13":"purchasable","14":"product-type-simple"},"acf":[],"_links":{"self":[{"href":"https:\/\/fengchashop.com\/hu\/wp-json\/wp\/v2\/product\/6808","targetHints":{"allow":["GET"]}}],"collection":[{"href":"https:\/\/fengchashop.com\/hu\/wp-json\/wp\/v2\/product"}],"about":[{"href":"https:\/\/fengchashop.com\/hu\/wp-json\/wp\/v2\/types\/product"}],"replies":[{"embeddable":true,"href":"https:\/\/fengchashop.com\/hu\/wp-json\/wp\/v2\/comments?post=6808"}],"wp:featuredmedia":[{"embeddable":true,"href":"https:\/\/fengchashop.com\/hu\/wp-json\/wp\/v2\/media\/6809"}],"wp:attachment":[{"href":"https:\/\/fengchashop.com\/hu\/wp-json\/wp\/v2\/media?parent=6808"}],"wp:term":[{"taxonomy":"product_brand","embeddable":true,"href":"https:\/\/fengchashop.com\/hu\/wp-json\/wp\/v2\/product_brand?post=6808"},{"taxonomy":"product_cat","embeddable":true,"href":"https:\/\/fengchashop.com\/hu\/wp-json\/wp\/v2\/product_cat?post=6808"},{"taxonomy":"product_tag","embeddable":true,"href":"https:\/\/fengchashop.com\/hu\/wp-json\/wp\/v2\/product_tag?post=6808"}],"curies":[{"name":"wp","href":"https:\/\/api.w.org\/{rel}","templated":true}]}}