{"id":6794,"date":"2025-02-25T09:41:56","date_gmt":"2025-02-25T08:41:56","guid":{"rendered":"https:\/\/fengchashop.com\/hu\/?post_type=product&#038;p=6794"},"modified":"2026-05-09T17:04:23","modified_gmt":"2026-05-09T15:04:23","slug":"cistus-creticus-zistrose-bio","status":"publish","type":"product","link":"https:\/\/fengchashop.com\/hu\/product\/cistus-creticus-zistrose-bio\/","title":{"rendered":"Cistus creticus (Zistrose) BIO 100 g"},"content":{"rendered":"<h2><strong>Cistus creticus (Zistrose) BIO<\/strong><\/h2>\n<p><strong>A Cistus creticus vagy zistrose<\/strong> egy arom\u00e1s, cserj\u00e9s n\u00f6v\u00e9ny, amely f\u0151k\u00e9nt a F\u00f6ldk\u00f6zi-tenger t\u00e9rs\u00e9g\u00e9b\u0151l sz\u00e1rmazik &#8211; k\u00fcl\u00f6n\u00f6sen a g\u00f6r\u00f6g Kr\u00e9ta sziget\u00e9r\u0151l, ahol sz\u00e1raz, szikl\u00e1s k\u00f6rnyezetben vir\u00e1gzik. A n\u00f6v\u00e9ny leveleit ragad\u00f3s gyant\u00e1k (labdanum) bor\u00edtj\u00e1k, amelyek magas polifenol-tartalm\u00faak &#8211; term\u00e9szetes antioxid\u00e1nsok.<\/p>\n<p>Teak\u00e9nt haszn\u00e1lj\u00e1k. A Cistus creticus <strong>az immunrendszert<\/strong> t\u00e1mogat\u00f3 term\u00e9szetes gy\u00f3gyn\u00f6v\u00e9nyk\u00e9nt ismert.<\/p>\n<h2><strong>A Cistus creticus te\u00e1t a k\u00f6vetkez\u0151 tulajdons\u00e1gai miatt \u00e9rt\u00e9kelik:<\/strong><\/h2>\n<p><strong>\ud83d\udc9a Er\u0151s antioxid\u00e1ns<\/strong>: Gazdag polifenolforr\u00e1s, amely seg\u00edt megv\u00e9deni a sejteket a szabad gy\u00f6k\u00f6kt\u0151l.<\/p>\n<p><strong>\ud83d\udc9a Immunrendszer t\u00e1mogat\u00e1sa<\/strong>: Term\u00e9szetesen er\u0151s\u00edti a szervezet ellen\u00e1ll\u00f3 k\u00e9pess\u00e9g\u00e9t, k\u00fcl\u00f6n\u00f6sen a megf\u00e1z\u00e1sos \u00e9s influenz\u00e1s id\u0151szakban.<\/p>\n<p><strong>\ud83d\udc9a Antibakteri\u00e1lis \u00e9s v\u00edrusellenes hat\u00e1s<\/strong>: Hagyom\u00e1nyosan a fert\u0151z\u00e9sek elleni v\u00e9delemre haszn\u00e1lj\u00e1k.<\/p>\n<p><strong>\ud83d\udc9a Gyullad\u00e1scs\u00f6kkent\u0151 hat\u00e1s<\/strong>: Seg\u00edt enyh\u00edteni a szervezetben fell\u00e9p\u0151 gyullad\u00e1sokat.<\/p>\n<p><strong>\ud83d\udc9a Hat\u00e1s az em\u00e9szt\u00e9sre<\/strong>: Seg\u00edt enyh\u00edteni az olyan probl\u00e9m\u00e1kat, mint a puffad\u00e1s \u00e9s a gyomorront\u00e1s.<\/p>\n<p><strong>\ud83d\udc9a B\u0151r\u00f6n t\u00f6rt\u00e9n\u0151 alkalmaz\u00e1s<\/strong>: B\u0151rprobl\u00e9m\u00e1k (pl. pattan\u00e1sok, ekc\u00e9ma) eset\u00e9n borogat\u00e1s vagy f\u00fcrd\u0151 form\u00e1j\u00e1ban is haszn\u00e1lj\u00e1k.<\/p>\n<h2><strong>T\u00e1rol\u00e1s \u00e9s figyelmeztet\u00e9sek<\/strong><\/h2>\n<p>Sz\u00e1raz, s\u00f6t\u00e9t \u00e9s h\u0171v\u00f6s helyen t\u00e1roland\u00f3. A sz\u00e1r\u00edtott leveleket felhaszn\u00e1l\u00e1sig l\u00e9gmentesen z\u00e1r\u00f3d\u00f3 zacsk\u00f3ban vagy ed\u00e9nyben kell t\u00e1rolni. \u00cdgy ak\u00e1r 1 \u00e9vig is meg\u0151rzi erej\u00e9t \u00e9s arom\u00e1j\u00e1t. Ne t\u00e1rolja er\u0151s szagok (pl. f\u0171szerek) k\u00f6zel\u00e9ben, mivel a gy\u00f3gyn\u00f6v\u00e9ny idegen szagokat sz\u00edvhat mag\u00e1ba. Felbont\u00e1s ut\u00e1n mindig szorosan z\u00e1rja le a csomagol\u00e1st.<\/p>\n<p>\u00c1ltal\u00e1noss\u00e1gban biztons\u00e1gosan haszn\u00e1lhat\u00f3, m\u00e9g hossz\u00fa t\u00e1v\u00fa haszn\u00e1lat eset\u00e9n is. Ritka esetekben enyhe sz\u00e9kreked\u00e9st vagy gyomorirrit\u00e1ci\u00f3t okozhat. V\u00e1rand\u00f3s \u00e9s szoptat\u00f3 any\u00e1knak haszn\u00e1lat el\u0151tt konzult\u00e1lniuk kell orvosukkal.<\/p>\n<p>Ne feledkezzen meg a v\u00e1ltozatos \u00e9trend \u00e9s az eg\u00e9szs\u00e9ges \u00e9letm\u00f3d fontoss\u00e1g\u00e1r\u00f3l, ez\u00e9rt az \u00e9trend-kieg\u00e9sz\u00edt\u0151 nem helyettes\u00edti a kiegyens\u00falyozott \u00e9s v\u00e1ltozatos \u00e9trendet. Az aj\u00e1nlott napi mennyis\u00e9get vagy adagot nem szabad t\u00fall\u00e9pni.<\/p>\n<h2>Csomagol\u00e1s<\/h2>\n<p>L\u00e9gmentesen z\u00e1r\u00f3d\u00f3 cipz\u00e1ras tasak, amelyben a term\u00e9k meg\u0151rzi frissess\u00e9g\u00e9t \u00e9s arom\u00e1j\u00e1t. A csomagol\u00e1s v\u00e9d a f\u00e9nyt\u0151l \u00e9s a leveg\u0151t\u0151l, mivel t\u00f6bb v\u00e9d\u0151r\u00e9tegb\u0151l \u00e1ll, amelyek meg\u0151rzik a tartalom tulajdons\u00e1gait.<\/p>\n<p>A csomagol\u00e1s nagyon praktikus \u00e9s lehet\u0151v\u00e9 teszi az \u00fajrahasznos\u00edt\u00e1st.<\/p>\n<h2>Sz\u00e1rmaz\u00e1si hely<\/h2>\n<p>G\u00f6r\u00f6gorsz\u00e1g<\/p>\n","protected":false},"excerpt":{"rendered":"<p>A <strong>Cistus creticus<\/strong> term\u00e9szetes gy\u00f3gyn\u00f6v\u00e9nyk\u00e9nt ismert az immunrendszer t\u00e1mogat\u00e1sa \u00e9rdek\u00e9ben, \u00e9s er\u0151s <strong>antivir\u00e1lis, antibakteri\u00e1lis \u00e9s antioxid\u00e1ns hat\u00e1sokkal rendelkezik.<\/strong> Ezenk\u00edv\u00fcl tov\u00e1bbi pozit\u00edv tulajdons\u00e1gokkal is rendelkezik:<\/p>\n<p data-start=\"173\" data-end=\"215\">\ud83d\udc9a Csillap\u00edtja a gyullad\u00e1st (gyullad\u00e1scs\u00f6kkent\u0151 hat\u00e1s)<\/p>\n<p data-start=\"219\" data-end=\"258\">\ud83d\udc9a T\u00e1mogatja az em\u00e9szt\u00e9st \u00e9s a m\u00e9regtelen\u00edt\u00e9st<\/p>\n<p data-start=\"262\" data-end=\"313\">\ud83d\udc9a Seg\u00edt a b\u0151rprobl\u00e9m\u00e1k (pl. akne, ekc\u00e9ma) eset\u00e9n<\/p>\n<p data-start=\"317\" data-end=\"350\">\ud83d\udc9a Cs\u00f6kkenti a l\u00e9g\u00fati fert\u0151z\u00e9sek kock\u00e1zat\u00e1t<\/p>\n","protected":false},"featured_media":6795,"comment_status":"open","ping_status":"closed","template":"","meta":{"_acf_changed":false},"product_brand":[],"product_cat":[224,225,239,205],"product_tag":[],"class_list":{"0":"post-6794","1":"product","2":"type-product","3":"status-publish","4":"has-post-thumbnail","6":"product_cat-ajanlat","7":"product_cat-minden-termek","8":"product_cat-tea","9":"product_cat-tea-es-etelek-es-fuszerek","11":"first","12":"instock","13":"sale","14":"taxable","15":"shipping-taxable","16":"purchasable","17":"product-type-simple"},"acf":[],"_links":{"self":[{"href":"https:\/\/fengchashop.com\/hu\/wp-json\/wp\/v2\/product\/6794","targetHints":{"allow":["GET"]}}],"collection":[{"href":"https:\/\/fengchashop.com\/hu\/wp-json\/wp\/v2\/product"}],"about":[{"href":"https:\/\/fengchashop.com\/hu\/wp-json\/wp\/v2\/types\/product"}],"replies":[{"embeddable":true,"href":"https:\/\/fengchashop.com\/hu\/wp-json\/wp\/v2\/comments?post=6794"}],"wp:featuredmedia":[{"embeddable":true,"href":"https:\/\/fengchashop.com\/hu\/wp-json\/wp\/v2\/media\/6795"}],"wp:attachment":[{"href":"https:\/\/fengchashop.com\/hu\/wp-json\/wp\/v2\/media?parent=6794"}],"wp:term":[{"taxonomy":"product_brand","embeddable":true,"href":"https:\/\/fengchashop.com\/hu\/wp-json\/wp\/v2\/product_brand?post=6794"},{"taxonomy":"product_cat","embeddable":true,"href":"https:\/\/fengchashop.com\/hu\/wp-json\/wp\/v2\/product_cat?post=6794"},{"taxonomy":"product_tag","embeddable":true,"href":"https:\/\/fengchashop.com\/hu\/wp-json\/wp\/v2\/product_tag?post=6794"}],"curies":[{"name":"wp","href":"https:\/\/api.w.org\/{rel}","templated":true}]}}