{"id":6736,"date":"2025-06-09T09:58:05","date_gmt":"2025-06-09T07:58:05","guid":{"rendered":"https:\/\/fengchashop.com\/hu\/product\/chanca-piedra-tea\/"},"modified":"2026-04-16T19:16:50","modified_gmt":"2026-04-16T17:16:50","slug":"chanca-piedra-tea","status":"publish","type":"product","link":"https:\/\/fengchashop.com\/hu\/product\/chanca-piedra-tea\/","title":{"rendered":"Chanca Piedra tea 100g"},"content":{"rendered":"<h2><span style=\"color: #000000\">Chanca Piedra tea<\/span><\/h2>\n<p><span style=\"color: #000000\">A <strong>Chanca Piedra<\/strong> (<em>Phyllanthus niruri<\/em>) egy <strong>tr\u00f3pusi n\u00f6v\u00e9ny<\/strong>, amely <strong>Amazoni\u00e1ban<\/strong> \u00e9s <strong>D\u00e9l-Amerika, India \u00e9s D\u00e9lkelet-\u00c1zsia<\/strong> m\u00e1s r\u00e9szein \u0151shonos. A n\u00e9v sz\u00f3 szerint azt jelenti: <strong>&#8222;k\u0151t\u00f6r\u0151&#8221;<\/strong> \u2013 egy spanyol kifejez\u00e9sb\u0151l sz\u00e1rmazik, amely a <strong>vese- \u00e9s epek\u0151 felt\u00f6r\u00e9s\u00e9ben<\/strong> utal\u00f3 hagyom\u00e1nyos haszn\u00e1lat\u00e1ra utal. A Chanca Piedra <strong>ellen\u0151rz\u00f6tt \u00f6kol\u00f3giai termel\u00e9sb\u0151l<\/strong> sz\u00e1rmazik <strong>erd\u0151kertekben (Chakra)<\/strong>, \u00e9s a bennsz\u00fcl\u00f6tt kichwa n\u00e9pek termesztik az Amazonas es\u0151erd\u0151j\u00e9nek kertj\u00e9ben Ecuadorban.<\/span><\/p>\n<h2><span style=\"color: #000000\"><strong>F\u0151 hat\u00f3anyagok<\/strong><\/span><\/h2>\n<p><span style=\"color: #000000\">A n\u00f6v\u00e9ny sz\u00e1mos <strong>bioakt\u00edv vegy\u00fcletet<\/strong> tartalmaz, amelyek k\u00f6z\u00fcl a legfontosabbak a k\u00f6vetkez\u0151k:<\/span><\/p>\n<ul>\n<li><span style=\"color: #000000\"><strong>Lign\u00e1nok:<\/strong> fillantin, hipofillantin<\/span><\/li>\n<li><span style=\"color: #000000\"><strong>Flavonoidok:<\/strong> kvercetin, rutinsav<\/span><\/li>\n<li><span style=\"color: #000000\"><strong>Triterp\u00e9nek<\/strong><\/span><\/li>\n<li><span style=\"color: #000000\"><strong>Tanninok<\/strong><\/span><\/li>\n<li><span style=\"color: #000000\"><strong>Alkaloidok<\/strong><\/span><\/li>\n<li><span style=\"color: #000000\"><strong>Polifenolok<\/strong><\/span><\/li>\n<\/ul>\n<p><span style=\"color: #000000\">Ezek a vegy\u00fcletek gyullad\u00e1scs\u00f6kkent\u0151, antimikrobi\u00e1lis, antioxid\u00e1ns, v\u00edzhajt\u00f3 \u00e9s m\u00e1jv\u00e9d\u0151 hat\u00e1s\u00faak.<\/span><\/p>\n<h2><span style=\"color: #000000\"><strong>Haszn\u00e1lat \u00e9s aj\u00e1nlott napi mennyis\u00e9g<\/strong><\/span><\/h2>\n<p><span style=\"color: #000000\">A Chanca Piedr\u00e1t term\u00e9szetes hat\u00f3anyagai miatt haszn\u00e1ljuk, amelyek seg\u00edtenek feloldani a vese- \u00e9s epek\u00f6veket, tiszt\u00edtj\u00e1k a h\u00fagyutakat \u00e9s v\u00e9dik a m\u00e1jat. Bioakt\u00edv anyagokat, p\u00e9ld\u00e1ul flavonoidokat, lign\u00e1nokat \u00e9s tanninokat tartalmaz, amelyek gyullad\u00e1scs\u00f6kkent\u0151, v\u00edrusellenes \u00e9s v\u00edzhajt\u00f3 hat\u00e1s\u00faak. Az ebb\u0151l a n\u00f6v\u00e9nyb\u0151l k\u00e9sz\u00fclt tea t\u00e1mogatja a szervezet m\u00e9regtelen\u00edt\u00e9s\u00e9t, enyh\u00edti a gyullad\u00e1sokat, \u00e9s er\u0151s\u00edti a m\u00e1j \u00e9s a ves\u00e9k m\u0171k\u00f6d\u00e9s\u00e9t.<\/span><\/p>\n<p><span style=\"color: #000000\">Naponta <strong>1\u20132 cs\u00e9sz\u00e9vel<\/strong> ihatunk bel\u0151le. K\u00faraszer\u0171en, 2-4 h\u00e9tig aj\u00e1nlott fogyasztani, majd sz\u00fcnetet tartani.<\/span><\/p>\n<p><span style=\"color: #000000\">K\u00e9sz\u00edtm\u00e9ny:<\/span><\/p>\n<ol>\n<li><span style=\"color: #000000\">K\u00f6r\u00fclbel\u00fcl <strong>1 te\u00e1skan\u00e1l<\/strong> <strong>250 ml<\/strong> forr\u00e1sban l\u00e9v\u0151 v\u00edzhez<\/span><\/li>\n<li><span style=\"color: #000000\">F\u0151zz\u00fck lassan egy faz\u00e9kban<strong>10-15 percig (ne \u00e1ztassuk, mint a hagyom\u00e1nyos te\u00e1t).<\/strong><\/span><\/li>\n<li><span style=\"color: #000000\">Sz\u0171rje le \u00e9s igya meg <strong>naponta ak\u00e1r 2-3 alkalommal<\/strong>.<\/span><\/li>\n<\/ol>\n<h2><span style=\"color: #000000\"><strong>A Chanca Piedra hat\u00e1sai \u00e9s el\u0151nyei<\/strong><\/span><\/h2>\n<p><span style=\"color: #000000\"><strong>\ud83d\udc9a Vesek\u00f6vek felold\u00e1sa \u00e9s megel\u0151z\u00e9se:<\/strong>Ismert arr\u00f3l a k\u00e9pess\u00e9g\u00e9r\u0151l, hogy seg\u00edt lebontani a megl\u00e9v\u0151 <strong>vese- \u00e9s epek\u00f6veket<\/strong> \u00e9s cs\u00f6kkenti azok \u00fajb\u00f3li k\u00e9pz\u0151d\u00e9s\u00e9nek es\u00e9ly\u00e9t.<\/span><\/p>\n<p><span style=\"color: #000000\"><strong>\ud83d\udc9a M\u00e1jt\u00e1mogat\u00e1s:<\/strong><strong>M\u00e1jprotekt\u00edv szerk\u00e9nt<\/strong> m\u0171k\u00f6dik (v\u00e9di a m\u00e1jat), k\u00fcl\u00f6n\u00f6sen toxinok, alkohol vagy fert\u0151z\u00e9sek (pl. hepatitis B) okozta probl\u00e9m\u00e1k eset\u00e9n.<\/span><\/p>\n<p><span style=\"color: #000000\"><strong>\ud83d\udc9a Gyullad\u00e1scs\u00f6kkent\u0151 \u00e9s antioxid\u00e1ns aktivit\u00e1s:<\/strong>Bioakt\u00edv anyagokat tartalmaz, amelyek seg\u00edtenek <strong>cs\u00f6kkenteni a gyullad\u00e1st<\/strong> \u00e9s <strong>megv\u00e9deni a sejteket az oxidat\u00edv stresszt\u0151l<\/strong>.<\/span><\/p>\n<p><span style=\"color: #000000\"><strong>\ud83d\udc9a V\u00edzhajt\u00f3 hat\u00e1s:<\/strong>Serkenti a <strong>vizeletkiv\u00e1laszt\u00e1st<\/strong>, ami seg\u00edthet a h\u00fagyutak tiszt\u00edt\u00e1s\u00e1ban \u00e9s a fert\u0151z\u00e9sek vagy a folyad\u00e9kretenci\u00f3 megel\u0151z\u00e9s\u00e9ben.<\/span><\/p>\n<p><span style=\"color: #000000\"><strong>\ud83d\udc9a V\u00edrusellenes aktivit\u00e1s:<\/strong> Egyes tanulm\u00e1nyok kimutatt\u00e1k a <strong>hepatitis B<\/strong> \u00e9s m\u00e1s v\u00edrusok elleni hat\u00e1sokat, b\u00e1r ezt klinikailag m\u00e9g nem er\u0151s\u00edtett\u00e9k meg.<\/span><\/p>\n<p><span style=\"color: #000000\"><strong>\ud83d\udc9a V\u00e9rcukorszint cs\u00f6kkent\u00e9se:<\/strong>Hagyom\u00e1nyosan a <strong>v\u00e9rcukorszint szab\u00e1lyoz\u00e1s\u00e1nak t\u00e1mogat\u00e1s\u00e1ra<\/strong> is haszn\u00e1lj\u00e1k.<\/span><\/p>\n<h2><span style=\"color: #000000\"><strong>T\u00e1rol\u00e1s \u00e9s figyelmeztet\u00e9sek<\/strong><\/span><\/h2>\n<p><span style=\"color: #000000\">Sz\u00e1raz \u00e9s h\u0171v\u00f6s helyen, legfeljebb 25 \u00b0C h\u0151m\u00e9rs\u00e9kleten t\u00e1roland\u00f3. Az \u00e9trend-kieg\u00e9sz\u00edt\u0151t gyermekekt\u0151l elz\u00e1rva tartand\u00f3!<\/span><\/p>\n<p><span style=\"color: #000000\">Nem aj\u00e1nlott v\u00e1rand\u00f3s vagy szoptat\u00f3 any\u00e1knak. Befoly\u00e1solhatja a v\u00e9rnyom\u00e1st vagy a v\u00e9rcukorszintet \u2013 \u00f3vatosan kell elj\u00e1rni sz\u00edv- \u00e9s \u00e9rrendszeri betegs\u00e9gekben vagy cukorbetegs\u00e9gben szenved\u0151kn\u00e9l. Ez befoly\u00e1solhatja egyes gy\u00f3gyszerek, k\u00fcl\u00f6n\u00f6sen a v\u00edzhajt\u00f3k vagy m\u00e1jgy\u00f3gyszerek hat\u00e1s\u00e1t is.<\/span><\/p>\n<p><span style=\"color: #000000\">Aj\u00e1nlott haszn\u00e1lat: r\u00f6vid ideig (pl. 2-4 h\u00e9t), majd sz\u00fcnet.<\/span><\/p>\n<p><span style=\"color: #000000\">Ne feledkezz\u00fcnk meg a v\u00e1ltozatos \u00e9trend \u00e9s az eg\u00e9szs\u00e9ges \u00e9letm\u00f3d fontoss\u00e1g\u00e1r\u00f3l, ez\u00e9rt az \u00e9trend-kieg\u00e9sz\u00edt\u0151 nem helyettes\u00edti a kiegyens\u00falyozott \u00e9s v\u00e1ltozatos \u00e9trendet. Az aj\u00e1nlott napi mennyis\u00e9get vagy adagot nem szabad t\u00fall\u00e9pni.<\/span><\/p>\n<h2><span style=\"color: #000000\">Sz\u00e1rmaz\u00e1si hely<\/span><\/h2>\n<p><span style=\"color: #000000\">Ecuador<\/span><\/p>\n","protected":false},"excerpt":{"rendered":"<p>A Chanca Piedra tea n\u00e9pszer\u0171 a vesek\u00f6vek term\u00e9szetes t\u00e1mogat\u00e1sa, a szervezet m\u00e9regtelen\u00edt\u00e9se \u00e9s a m\u00e1j v\u00e9delme miatt. A legfontosabb hat\u00f3anyagok k\u00f6z\u00e9 tartozik a <strong data-start=\"156\" data-end=\"169\">fillantin<\/strong> \u00e9s a <strong data-start=\"173\" data-end=\"186\">kvercetin<\/strong>, amelyek gyullad\u00e1scs\u00f6kkent\u0151 \u00e9s v\u00edrusellenes hat\u00e1s\u00faak.<\/p>\n<p>A tea n\u00e9pszer\u0171 a k\u00f6vetkez\u0151 hat\u00e1sai miatt:<\/p>\n<p><strong data-start=\"70\" data-end=\"103\">\ud83d\udc9a vesek\u00f6vek felold\u00e1sa<\/strong> \u00e9s<\/p>\n<p><strong data-start=\"107\" data-end=\"125\">\ud83d\udc9a m\u00e1jtiszt\u00edt\u00e1s.<\/strong><\/p>\n","protected":false},"featured_media":6737,"comment_status":"open","ping_status":"closed","template":"","meta":{"_acf_changed":false},"product_brand":[],"product_cat":[224,225,239,205],"product_tag":[],"class_list":{"0":"post-6736","1":"product","2":"type-product","3":"status-publish","4":"has-post-thumbnail","6":"product_cat-ajanlat","7":"product_cat-minden-termek","8":"product_cat-tea","9":"product_cat-tea-es-etelek-es-fuszerek","11":"first","12":"instock","13":"sale","14":"taxable","15":"shipping-taxable","16":"purchasable","17":"product-type-simple"},"acf":[],"_links":{"self":[{"href":"https:\/\/fengchashop.com\/hu\/wp-json\/wp\/v2\/product\/6736","targetHints":{"allow":["GET"]}}],"collection":[{"href":"https:\/\/fengchashop.com\/hu\/wp-json\/wp\/v2\/product"}],"about":[{"href":"https:\/\/fengchashop.com\/hu\/wp-json\/wp\/v2\/types\/product"}],"replies":[{"embeddable":true,"href":"https:\/\/fengchashop.com\/hu\/wp-json\/wp\/v2\/comments?post=6736"}],"wp:featuredmedia":[{"embeddable":true,"href":"https:\/\/fengchashop.com\/hu\/wp-json\/wp\/v2\/media\/6737"}],"wp:attachment":[{"href":"https:\/\/fengchashop.com\/hu\/wp-json\/wp\/v2\/media?parent=6736"}],"wp:term":[{"taxonomy":"product_brand","embeddable":true,"href":"https:\/\/fengchashop.com\/hu\/wp-json\/wp\/v2\/product_brand?post=6736"},{"taxonomy":"product_cat","embeddable":true,"href":"https:\/\/fengchashop.com\/hu\/wp-json\/wp\/v2\/product_cat?post=6736"},{"taxonomy":"product_tag","embeddable":true,"href":"https:\/\/fengchashop.com\/hu\/wp-json\/wp\/v2\/product_tag?post=6736"}],"curies":[{"name":"wp","href":"https:\/\/api.w.org\/{rel}","templated":true}]}}