{"id":6730,"date":"2025-05-30T13:11:43","date_gmt":"2025-05-30T11:11:43","guid":{"rendered":"https:\/\/fengchashop.com\/hu\/product\/elelmiszer-homero\/"},"modified":"2025-06-03T19:56:11","modified_gmt":"2025-06-03T17:56:11","slug":"elelmiszer-homero","status":"publish","type":"product","link":"https:\/\/fengchashop.com\/hu\/product\/elelmiszer-homero\/","title":{"rendered":"\u00c9lelmiszer-h\u0151m\u00e9r\u0151"},"content":{"rendered":"<h2 style=\"text-align: justify;\"><span style=\"color: #000000;\">N\u00e9v<\/span><\/h2>\n<p style=\"text-align: justify;\"><span style=\"color: #000000;\">\u00e9lelmiszer-h\u0151m\u00e9r\u0151<\/span><\/p>\n<h2 style=\"text-align: justify;\"><span style=\"color: #000000;\">Le\u00edr\u00e1s<\/span><\/h2>\n<p style=\"text-align: justify;\"><span style=\"color: #000000;\">Egy ilyen sz\u00e9les m\u00e9r\u00e9si tartom\u00e1nnyal rendelkez\u0151 digit\u00e1lis h\u0151m\u00e9r\u0151 n\u00e9lk\u00fcl\u00f6zhetetlen kieg\u00e9sz\u00edt\u0151 minden otthonban. A h\u0151m\u00e9r\u0151 4 funkci\u00f3gombbal rendelkezik, amelyek teljesen k\u00f6nnyen haszn\u00e1lhat\u00f3k. A h\u0151m\u00e9r\u0151 be- vagy kikapcsol\u00e1s\u00e1hoz haszn\u00e1lja az <strong>\u2460 ON\/OFF<\/strong> gombot. A <strong>\u2461 \u00b0C \/\u00b0F<\/strong> gombbal \u00e1ll\u00edtsa be a m\u00e9rt\u00e9kegys\u00e9get. A <strong>\u2462 HOLD<\/strong> gomb megnyom\u00e1s\u00e1val le\u00e1ll\u00edthatja a m\u00e9r\u00e9st, hogy k\u00f6nnyebben leolvashat\u00f3 legyen a h\u0151m\u00e9rs\u00e9klet. A HOLD gomb \u00fajb\u00f3li megnyom\u00e1s\u00e1val a h\u0151m\u00e9r\u0151 tov\u00e1bbi m\u00e9r\u00e9sre k\u00e9sz. A <strong>\u2463 MAX\/MIN<\/strong> gomb megnyom\u00e1s\u00e1val el\u0151sz\u00f6r a legmagasabb m\u00e9rt h\u0151m\u00e9rs\u00e9klet jelenik meg, \u00fajb\u00f3li megnyom\u00e1s\u00e1val pedig a legalacsonyabb m\u00e9rt h\u0151m\u00e9rs\u00e9klet. Az adatok a MAX\/MIN gomb harmadszori megnyom\u00e1s\u00e1val t\u00f6rl\u0151dnek.<\/span><\/p>\n<p style=\"text-align: justify;\"><span style=\"color: #000000;\">A m\u00e9rt anyag h\u0151m\u00e9rs\u00e9klete <strong>4\u20137 m\u00e1sodpercen bel\u00fcl<\/strong> megjelenik.<\/span><\/p>\n<h2 style=\"text-align: justify;\"><span style=\"color: #000000;\">Haszn\u00e1lat<\/span><\/h2>\n<p style=\"text-align: justify;\"><span style=\"color: #000000;\">Alkalmas <strong>\u00e9telek \u00e9s folyad\u00e9kok h\u0151m\u00e9rs\u00e9klet\u00e9nek pontos m\u00e9r\u00e9s\u00e9re a konyh\u00e1ban \u00e9s otthon<\/strong>.<\/span><\/p>\n<p style=\"text-align: justify;\"><span style=\"color: #000000;\">Hasznos m\u00e9g a b\u00e9bi\u00e9tel h\u0151m\u00e9rs\u00e9klet\u00e9nek m\u00e9r\u00e9s\u00e9re is \u00e9tel behelyez\u00e9sekor, a tej h\u0151m\u00e9rs\u00e9klet\u00e9nek vagy a f\u00fcrd\u0151k\u00e1dban l\u00e9v\u0151 v\u00edz h\u0151m\u00e9rs\u00e9klet\u00e9nek m\u00e9r\u00e9s\u00e9re. Pontosan m\u00e9ri a s\u00fct\u0151olaj, a s\u00fct\u0151ben vagy a grillen s\u00fclt h\u00fas, valamint a csokol\u00e1d\u00e9 h\u0151m\u00e9rs\u00e9klet\u00e9t csokol\u00e1d\u00e9s finoms\u00e1gok k\u00e9sz\u00edt\u00e9sekor, ahol a h\u0151m\u00e9rs\u00e9klet nagyon fontos. Azt is ellen\u0151rizheted vele, hogy az alkoholos ital megfelel\u0151en leh\u0171t\u00f6tt-e fogyaszt\u00e1sra.<\/span><\/p>\n<p style=\"text-align: justify;\"><span style=\"color: #000000;\">Haszn\u00e1lat ut\u00e1n egyszer\u0171en t\u00f6r\u00f6lje \u00e1t a term\u00e9ket egy nedves ruh\u00e1val.<\/span><\/p>\n<h2 style=\"text-align: justify;\"><span style=\"color: #000000;\">El\u0151ny\u00f6k<\/span><\/h2>\n<ul style=\"text-align: justify;\">\n<li><span style=\"color: #000000;\">Gyorsan m\u00e9ri a h\u0151m\u00e9rs\u00e9kletet.<\/span><\/li>\n<li><span style=\"color: #000000;\">Sz\u00e9les m\u00e9r\u00e9si tartom\u00e1nnyal rendelkezik.<\/span><\/li>\n<li><span style=\"color: #000000;\">10 perc haszn\u00e1laton k\u00edv\u00fcli \u00e1llapot ut\u00e1n automatikusan kikapcsol.<\/span><\/li>\n<li><span style=\"color: #000000;\">\u00b0C-ban vagy \u00b0F-ban jelenik meg.<\/span><\/li>\n<li><span style=\"color: #000000;\">Sokoldal\u00fa.<\/span><\/li>\n<li><span style=\"color: #000000;\">K\u00f6nnyen haszn\u00e1lhat\u00f3 \u00e9s karbantarthat\u00f3.<\/span><\/li>\n<li><span style=\"color: #000000;\">K\u00e9nyelmes csomagol\u00e1sban, akaszt\u00f3zsin\u00f3rral.<\/span><\/li>\n<\/ul>\n<h2 style=\"text-align: justify;\"><span style=\"color: #000000;\">Megjelen\u00e9s \u00e9s m\u00e9retek<\/span><\/h2>\n<p style=\"text-align: justify;\"><span style=\"color: #000000;\">A term\u00e9k rozsdamentes ac\u00e9lb\u00f3l (hegy vagy h\u0151m\u00e9rs\u00e9klet-\u00e9rz\u00e9kel\u0151) \u00e9s LCD kijelz\u0151vel ell\u00e1tott m\u0171anyag h\u00e1zb\u00f3l k\u00e9sz\u00fclt. A h\u0151m\u00e9r\u0151 m\u00e9rete 22,7 cm, a m\u00e9r\u0151hegyek pedig 14,8 cm.<\/span><\/p>\n<p style=\"text-align: justify;\"><span style=\"color: #000000;\">A term\u00e9k m\u0171k\u00f6d\u00e9s\u00e9hez RL44 elem sz\u00fcks\u00e9ges, amelyet szinte b\u00e1rmelyik j\u00f3l felszerelt \u00fczletben beszerezhet.<\/span><\/p>\n","protected":false},"excerpt":{"rendered":"<p align=\"JUSTIFY\">Egy ilyen sz\u00e9les m\u00e9r\u00e9si tartom\u00e1nnyal rendelkez\u0151 digit\u00e1lis h\u0151m\u00e9r\u0151 n\u00e9lk\u00fcl\u00f6zhetetlen kieg\u00e9sz\u00edt\u0151 minden otthonban. A h\u0151m\u00e9r\u0151 4 funkci\u00f3gombbal rendelkezik, amelyek teljesen k\u00f6nnyen haszn\u00e1lhat\u00f3k. A m\u00e9rt anyag h\u0151m\u00e9rs\u00e9klete 4\u20137 m\u00e1sodpercen bel\u00fcl megjelenik. Alkalmas **\u00e9telek \u00e9s folyad\u00e9kok h\u0151m\u00e9rs\u00e9klet\u00e9nek pontos m\u00e9r\u00e9s\u00e9re** a konyh\u00e1ban \u00e9s otthon.<\/p>\n<p align=\"JUSTIFY\"><span class=\"jCAhz ChMk0b\"><span class=\"ryNqvb\">&#x1F49A; <\/span><\/span>Gyorsan m\u00e9rd meg a h\u0151m\u00e9rs\u00e9kletet.<\/p>\n<p><span class=\"jCAhz ChMk0b\"><span class=\"ryNqvb\">&#x1F49A; <\/span><\/span>Sz\u00e9les m\u00e9r\u00e9si tartom\u00e1nnyal rendelkezik.<\/p>\n<p><span class=\"jCAhz ChMk0b\"><span class=\"ryNqvb\">&#x1F49A; <\/span><\/span>Automatikusan kikapcsol 10 perc haszn\u00e1laton k\u00edv\u00fcli id\u0151 ut\u00e1n.<\/p>\n<p><span class=\"jCAhz ChMk0b\"><span class=\"ryNqvb\">&#x1F49A; <\/span><\/span>\u00b0C vagy \u00b0F m\u00e9rt\u00e9kegys\u00e9gben jelenik meg.<\/p>\n<p><span class=\"jCAhz ChMk0b\"><span class=\"ryNqvb\">&#x1F49A; <\/span><\/span>Sokoldal\u00fa.<\/p>\n<p><span class=\"jCAhz ChMk0b\"><span class=\"ryNqvb\">&#x1F49A;<\/span><\/span>K\u00f6nnyen haszn\u00e1lhat\u00f3 \u00e9s karbantarthat\u00f3.<\/p>\n<p><span class=\"jCAhz ChMk0b\"><span class=\"ryNqvb\">&#x1F49A; <\/span><\/span>K\u00e9nyelmes csomagol\u00e1sban, akaszt\u00f3zsin\u00f3rral.<\/p>\n","protected":false},"featured_media":6731,"comment_status":"open","ping_status":"open","template":"","meta":{"_acf_changed":false},"product_brand":[],"product_cat":[224,208,225],"product_tag":[],"class_list":{"0":"post-6730","1":"product","2":"type-product","3":"status-publish","4":"has-post-thumbnail","6":"product_cat-ajanlat","7":"product_cat-egyeb","8":"product_cat-minden-termek","10":"first","11":"outofstock","12":"sale","13":"taxable","14":"shipping-taxable","15":"purchasable","16":"product-type-simple"},"acf":[],"_links":{"self":[{"href":"https:\/\/fengchashop.com\/hu\/wp-json\/wp\/v2\/product\/6730","targetHints":{"allow":["GET"]}}],"collection":[{"href":"https:\/\/fengchashop.com\/hu\/wp-json\/wp\/v2\/product"}],"about":[{"href":"https:\/\/fengchashop.com\/hu\/wp-json\/wp\/v2\/types\/product"}],"replies":[{"embeddable":true,"href":"https:\/\/fengchashop.com\/hu\/wp-json\/wp\/v2\/comments?post=6730"}],"wp:featuredmedia":[{"embeddable":true,"href":"https:\/\/fengchashop.com\/hu\/wp-json\/wp\/v2\/media\/6731"}],"wp:attachment":[{"href":"https:\/\/fengchashop.com\/hu\/wp-json\/wp\/v2\/media?parent=6730"}],"wp:term":[{"taxonomy":"product_brand","embeddable":true,"href":"https:\/\/fengchashop.com\/hu\/wp-json\/wp\/v2\/product_brand?post=6730"},{"taxonomy":"product_cat","embeddable":true,"href":"https:\/\/fengchashop.com\/hu\/wp-json\/wp\/v2\/product_cat?post=6730"},{"taxonomy":"product_tag","embeddable":true,"href":"https:\/\/fengchashop.com\/hu\/wp-json\/wp\/v2\/product_tag?post=6730"}],"curies":[{"name":"wp","href":"https:\/\/api.w.org\/{rel}","templated":true}]}}