{"id":6719,"date":"2025-05-30T13:11:34","date_gmt":"2025-05-30T11:11:34","guid":{"rendered":"https:\/\/fengchashop.com\/hu\/product\/mangosztan-liofolialt-por-bio-125-g\/"},"modified":"2026-04-08T12:50:18","modified_gmt":"2026-04-08T10:50:18","slug":"mangosztan-liofolialt-por-bio","status":"publish","type":"product","link":"https:\/\/fengchashop.com\/hu\/product\/mangosztan-liofolialt-por-bio\/","title":{"rendered":"Mangoszt\u00e1n (liofoli\u00e1lt) por BIO 125 g"},"content":{"rendered":"<h2><span style=\"color: #000000;\">Mangoszt\u00e1n (liofoli\u00e1lt) por BIO<\/span><\/h2>\n<div>\n<p><span style=\"color: #000000;\">A mangoszt\u00e1n (Garcinia mangostana), amelyet gyakran lila mangoszt\u00e1nnak neveznek, egy ehet\u0151 gy\u00fcm\u00f6lcsfa, amely D\u00e9lkelet-\u00c1zsia \u00e9s a Csendes-\u00f3ce\u00e1n egyenl\u00edt\u0151i tr\u00f3pusi r\u00e9gi\u00f3iban, az Indiai-\u00f3ce\u00e1n k\u00f6zel\u00e9ben tal\u00e1lhat\u00f3.<\/span><\/p>\n<p><span style=\"color: #000000;\">Miel\u0151tt egy mangoszt\u00e1nf\u00e1nak gy\u00fcm\u00f6lcs\u00f6t hozna, legal\u00e1bb 10 \u00e9vig kell n\u0151nie. A fa 6-25 m\u00e9ter magasra n\u0151. Egyike azon kev\u00e9s n\u00f6v\u00e9nyeknek, amelyeket nem kezelnek peszticidekkel. A mangoszt\u00e1n tr\u00f3pusi gy\u00fcm\u00f6lcs, \u00e9s ugyanabba a csal\u00e1dba tartozik, mint az orb\u00e1ncf\u0171.<\/span><\/p>\n<p><span style=\"color: #000000;\">A mangoszt\u00e1n gy\u00fcm\u00f6lcs\u00e9nek h\u00e9ja s\u00f6t\u00e9tlila, p\u00e9pje h\u00f3feh\u00e9r, l\u00e9d\u00fas \u00e9s \u00edzletes. Illata \u00e9des, finom. A belsej\u00e9ben tal\u00e1lhat\u00f3 gy\u00fcm\u00f6lcs term\u00e9se mandarinra eml\u00e9keztet, \u00e9s \u0151szibarack \u00edz\u0171. D\u00e9lkelet-\u00c1zsi\u00e1ban a mangoszt\u00e1nt kiv\u00e1l\u00f3 \u00edze \u00e9s t\u00e1panyagai miatt a &#8222;tr\u00f3pusi gy\u00fcm\u00f6lcs\u00f6k kir\u00e1lyn\u0151j\u00e9nek&#8221; tartj\u00e1k, a Karib-t\u00e9rs\u00e9gben pedig az &#8222;istenek t\u00e1pl\u00e1l\u00e9k\u00e1nak&#8221; nevezik.<\/span><\/p>\n<h2><span style=\"color: #000000;\">A mangoszt\u00e1n legfontosabb tulajdons\u00e1gai<\/span><\/h2>\n<p><span style=\"color: #000000;\">A mangoszt\u00e1n tartalmazza az eg\u00e9szs\u00e9ges n\u00f6veked\u00e9shez, fejl\u0151d\u00e9shez \u00e9s az \u00e1ltal\u00e1nos t\u00e1pl\u00e1lkoz\u00e1si j\u00f3l\u00e9thez sz\u00fcks\u00e9ges \u00f6sszes kulcsfontoss\u00e1g\u00fa \u00f6sszetev\u0151t. Alacsony kal\u00f3riatartalm\u00fa, \u00e9s nem tartalmaz koleszterint vagy tel\u00edtett zs\u00edrokat. Sok \u00e9lelmi rostot is tartalmaz. A B-komplex vitaminok, k\u00f6zt\u00fck a tiamin, a niacin \u00e9s a folsav mellett a mangoszt\u00e1n a C-vitamin er\u0151s forr\u00e1sa is. A mangoszt\u00e1n \u00e1sv\u00e1nyi anyagokban is gazdag, bele\u00e9rtve a r\u00e9zt, a mang\u00e1nt, a k\u00e1liumot \u00e9s a magn\u00e9ziumot. A polifenolsavak, p\u00e9ld\u00e1ul a xantonok \u00e9s a tanninok a mangoszt\u00e1n h\u00e9j\u00e1ban tal\u00e1lhat\u00f3k, \u00e9s nagyon fontos antioxid\u00e1nsokat, katekineket \u00e9s epikatekineket biztos\u00edtanak. A xantonok gy\u00f3gyszer\u00e9szetileg fontos gyullad\u00e1sg\u00e1tl\u00f3 \u00e9s daganatellenes tulajdons\u00e1gokkal rendelkeznek.<\/span><\/p>\n<p><span style=\"color: #000000;\">A m\u00faltban a hagyom\u00e1nyos orvosl\u00e1sban, k\u00fcl\u00f6n\u00f6sen D\u00e9lkelet-\u00c1zsi\u00e1ban haszn\u00e1lt\u00e1k b\u0151rfert\u0151z\u00e9sek, sebek, hasmen\u00e9s, h\u00fagy\u00fati fert\u0151z\u00e9sek \u00e9s gyomor-b\u00e9lrendszeri betegs\u00e9gek kezel\u00e9s\u00e9re.<\/span><\/p>\n<div>\n<p><span style=\"color: #000000;\"><strong>Eg\u00e9szs\u00e9g\u00fcnkre \u00e9s szervezet\u00fcnkre pozit\u00edv hat\u00e1ssal l\u00e9v\u0151 hat\u00e1sok:<\/strong><\/span><\/p>\n<p><span style=\"color: #000000;\">\ud83d\udc9a Magas gyullad\u00e1sg\u00e1tl\u00f3 \u00e9s antioxid\u00e1ns tulajdons\u00e1gokkal rendelkezik,<\/span><\/p>\n<p><span style=\"color: #000000;\">\ud83d\udc9a serkenti az immunrendszer m\u0171k\u00f6d\u00e9s\u00e9t,<\/span><\/p>\n<p><span style=\"color: #000000;\">\ud83d\udc9a cs\u00f6kkenti a v\u00e9rcukor- \u00e9s koleszterinszintet,<\/span><\/p>\n<p><span style=\"color: #000000;\">\ud83d\udc9a daganatellenes \u00e9s antibakteri\u00e1lis hat\u00e1ssal rendelkezik,<\/span><\/p>\n<p><span style=\"color: #000000;\">\ud83d\udc9a seg\u00edt megsz\u00fcntetni az \u00edz\u00fcleti gyullad\u00e1st,<\/span><\/p>\n<p><span style=\"color: #000000;\">\ud83d\udc9a szab\u00e1lyozza a v\u00e9rnyom\u00e1st,<\/span><\/p>\n<p><span style=\"color: #000000;\">\ud83d\udc9a meg\u0151rzi az eg\u00e9szs\u00e9ges b\u0151rt,<\/span><\/p>\n<p><span style=\"color: #000000;\">\ud83d\udc9a a h\u00fagy\u00fati fert\u0151z\u00e9sek ellen hat,<\/span><\/p>\n<p><span style=\"color: #000000;\">\ud83d\udc9a seg\u00edt menstru\u00e1ci\u00f3s probl\u00e9m\u00e1k eset\u00e9n,<\/span><\/p>\n<p><span style=\"color: #000000;\">\ud83d\udc9a cs\u00f6kkenti az em\u00e9szt\u00e9si zavarokat (hasmen\u00e9s),<\/span><\/p>\n<p><span style=\"color: #000000;\">\ud83d\udc9a enyh\u00edti a gyomorhurut okozta probl\u00e9m\u00e1kat,<\/span><\/p>\n<p><span style=\"color: #000000;\">\ud83d\udc9a megel\u0151zi a tuberkul\u00f3zist,<\/span><\/p>\n<p><span style=\"color: #000000;\">\ud83d\udc9a Enyh\u00edti az allergi\u00e1s t\u00fcneteket,<\/span><\/p>\n<p><span style=\"color: #000000;\">\ud83d\udc9a gombaellenes hat\u00e1s\u00fa, hat\u00e1sos a candida ellen,<\/span><\/p>\n<p><span style=\"color: #000000;\">\ud83d\udc9a el\u0151seg\u00edti a fogy\u00e1st,<\/span><\/p>\n<p><span style=\"color: #000000;\">\ud83d\udc9a Megv\u00e9di a szervezetet sz\u00e1mos betegs\u00e9gt\u0151l.<\/span><\/p>\n<p><span style=\"color: #000000;\">A mangoszt\u00e1nt k\u00fcl\u00f6nf\u00e9le c\u00e9lokra haszn\u00e1lj\u00e1k, az iparilag fontos term\u00e9kekben val\u00f3 felhaszn\u00e1l\u00e1st\u00f3l a fejlett technol\u00f3gi\u00e1kban \u00e9s az orvosbiol\u00f3giai innov\u00e1ci\u00f3kban val\u00f3 felhaszn\u00e1l\u00e1sig.<\/span><\/p>\n<\/div>\n<\/div>\n<h2 style=\"text-align: justify;\"><span style=\"color: #000000;\">T\u00e1rol\u00e1s \u00e9s figyelmeztet\u00e9sek<\/span><\/h2>\n<p><span style=\"color: #000000;\">Sz\u00e1raz \u00e9s h\u0171v\u00f6s helyen, legfeljebb 25 \u00b0C h\u0151m\u00e9rs\u00e9kleten t\u00e1roland\u00f3. Ker\u00fclje az er\u0151s f\u00e9nyt \u00e9s h\u0151t. A t\u00e1pl\u00e1l\u00e9k-kieg\u00e9sz\u00edt\u0151t gyermekekt\u0151l elz\u00e1rva kell tartani!<\/span><\/p>\n<p><span style=\"color: #000000;\">Ne feledkezz\u00fcnk meg a v\u00e1ltozatos \u00e9trend \u00e9s az eg\u00e9szs\u00e9ges \u00e9letm\u00f3d fontoss\u00e1g\u00e1r\u00f3l, a t\u00e1pl\u00e1l\u00e9k-kieg\u00e9sz\u00edt\u0151 teh\u00e1t nem helyettes\u00edti a kiegyens\u00falyozott \u00e9s v\u00e1ltozatos \u00e9trendet. Az aj\u00e1nlott napi mennyis\u00e9get vagy adagot nem szabad t\u00fall\u00e9pni.<\/span><\/p>\n<h2 style=\"text-align: justify;\"><span style=\"color: #000000;\">Csomagol\u00e1s<\/span><\/h2>\n<p style=\"text-align: justify;\"><span style=\"color: #000000;\">L\u00e9gmentesen z\u00e1rhat\u00f3 tasak, amelyben a term\u00e9k meg\u0151rzi minden frissess\u00e9g\u00e9t \u00e9s arom\u00e1j\u00e1t. A csomagol\u00e1s v\u00e9d a f\u00e9nyt\u0151l \u00e9s a leveg\u0151t\u0151l, mivel t\u00f6bb v\u00e9delmi r\u00e9tegb\u0151l \u00e1ll, amelyek meg\u0151rzik a tartalom tulajdons\u00e1gait.<\/span><\/p>\n<p style=\"text-align: justify;\"><span style=\"color: #000000;\">A csomagol\u00e1s nagyon praktikus \u00e9s \u00fajrahasznos\u00edthat\u00f3.<\/span><\/p>\n<h2 style=\"text-align: justify;\"><span style=\"color: #000000;\">Sz\u00e1rmaz\u00e1s<\/span><\/h2>\n<p style=\"text-align: justify;\"><span style=\"color: #000000;\">Thaif\u00f6ld<\/span><\/p>\n","protected":false},"excerpt":{"rendered":"<p>D\u00e9lkelet-\u00c1zsi\u00e1ban a mangoszt\u00e1nt kiv\u00e1l\u00f3 \u00edze \u00e9s t\u00e1panyagai miatt a &#8222;tr\u00f3pusi gy\u00fcm\u00f6lcs\u00f6k kir\u00e1lyn\u0151j\u00e9nek&#8221; tartj\u00e1k, a Karib-t\u00e9rs\u00e9gben pedig az &#8222;istenek t\u00e1pl\u00e1l\u00e9k\u00e1nak&#8221; nevezik. A mangoszt\u00e1n nagy mennyis\u00e9g\u0171 \u00e9lelmi rostot \u00e9s er\u0151teljes C-vitamin forr\u00e1st tartalmaz. Tartalmazza az eg\u00e9szs\u00e9ges n\u00f6veked\u00e9shez, fejl\u0151d\u00e9shez \u00e9s \u00e1ltal\u00e1nos t\u00e1pl\u00e1lkoz\u00e1si j\u00f3l\u00e9thez sz\u00fcks\u00e9ges \u00f6sszes kulcsfontoss\u00e1g\u00fa \u00f6sszetev\u0151t. A polifenolsavak, p\u00e9ld\u00e1ul a xantonok \u00e9s a tanninok a mangoszt\u00e1n h\u00e9j\u00e1ban tal\u00e1lhat\u00f3k, \u00e9s nagyon fontos antioxid\u00e1nsokat, katekineket \u00e9s epikatekineket biztos\u00edtanak. A xantonok gy\u00f3gyszer\u00e9szetileg fontos gyullad\u00e1sg\u00e1tl\u00f3 \u00e9s daganatellenes tulajdons\u00e1gokkal rendelkeznek.<\/p>\n<p>\ud83d\udc9a Magas gyullad\u00e1scs\u00f6kkent\u0151 \u00e9s antioxid\u00e1ns tulajdons\u00e1gokkal rendelkezik.<br \/>\n\ud83d\udc9a Cs\u00f6kkenti a v\u00e9rcukor- \u00e9s koleszterinszintet \u00e9s szab\u00e1lyozza a v\u00e9rnyom\u00e1st.<br \/>\n\ud83d\udc9a Daganatellenes \u00e9s antibakteri\u00e1lis hat\u00e1s\u00fa.<br \/>\n\ud83d\udc9a Seg\u00edt megsz\u00fcntetni az \u00edz\u00fcleti gyullad\u00e1st.<br \/>\n\ud83d\udc9a Hat\u00e9kony a h\u00fagy\u00fati fert\u0151z\u00e9sek ellen \u00e9s cs\u00f6kkenti az em\u00e9szt\u00e9si zavarokat.<\/p>\n","protected":false},"featured_media":6720,"comment_status":"open","ping_status":"closed","template":"","meta":{"_acf_changed":false},"product_brand":[],"product_cat":[224,225,195],"product_tag":[],"class_list":{"0":"post-6719","1":"product","2":"type-product","3":"status-publish","4":"has-post-thumbnail","6":"product_cat-ajanlat","7":"product_cat-minden-termek","8":"product_cat-szuperelelmiszer","10":"first","11":"outofstock","12":"taxable","13":"shipping-taxable","14":"purchasable","15":"product-type-simple"},"acf":[],"_links":{"self":[{"href":"https:\/\/fengchashop.com\/hu\/wp-json\/wp\/v2\/product\/6719","targetHints":{"allow":["GET"]}}],"collection":[{"href":"https:\/\/fengchashop.com\/hu\/wp-json\/wp\/v2\/product"}],"about":[{"href":"https:\/\/fengchashop.com\/hu\/wp-json\/wp\/v2\/types\/product"}],"replies":[{"embeddable":true,"href":"https:\/\/fengchashop.com\/hu\/wp-json\/wp\/v2\/comments?post=6719"}],"wp:featuredmedia":[{"embeddable":true,"href":"https:\/\/fengchashop.com\/hu\/wp-json\/wp\/v2\/media\/6720"}],"wp:attachment":[{"href":"https:\/\/fengchashop.com\/hu\/wp-json\/wp\/v2\/media?parent=6719"}],"wp:term":[{"taxonomy":"product_brand","embeddable":true,"href":"https:\/\/fengchashop.com\/hu\/wp-json\/wp\/v2\/product_brand?post=6719"},{"taxonomy":"product_cat","embeddable":true,"href":"https:\/\/fengchashop.com\/hu\/wp-json\/wp\/v2\/product_cat?post=6719"},{"taxonomy":"product_tag","embeddable":true,"href":"https:\/\/fengchashop.com\/hu\/wp-json\/wp\/v2\/product_tag?post=6719"}],"curies":[{"name":"wp","href":"https:\/\/api.w.org\/{rel}","templated":true}]}}