{"id":6707,"date":"2022-08-19T05:47:44","date_gmt":"2022-08-19T03:47:44","guid":{"rendered":"https:\/\/fengchashop.com\/hu\/product\/guayusa-bio-100-g\/"},"modified":"2026-05-08T16:17:13","modified_gmt":"2026-05-08T14:17:13","slug":"guayusa-bio","status":"publish","type":"product","link":"https:\/\/fengchashop.com\/hu\/product\/guayusa-bio\/","title":{"rendered":"Guayusa BIO 100 g"},"content":{"rendered":"<h2><span style=\"color: #000000\">Gyokuro BIO (zeleni \u010daj)<\/span><\/h2>\n<p><span style=\"color: #000000\">A kifejez\u00e9sben ghwy-you-sa kiejtve, a Guayusa jelent\u00e9se &#8222;\u00e9jszakai \u0151r&#8221;, mivel alkalmank\u00e9nt arra haszn\u00e1lj\u00e1k, hogy \u00e9jszaka \u00e9bren tarts\u00e1k az embereket. Ezt nevezik a kichva n\u00e9pek \u00f6r\u00f6kz\u00f6ld f\u00e1nak, amelynek leveleit teaf\u0151z\u00e9shez haszn\u00e1lj\u00e1k. A Guayusa f\u00e1k, m\u00e1s n\u00e9ven Ilex guayusa, 6-30 m\u00e9ter magasak, \u00e9s hossz\u00fak\u00e1s, f\u00e9nyes z\u00f6ld leveleik vannak.<\/span><\/p>\n<p><span style=\"color: #000000\">A legkor\u00e1bbi felfedez\u00e9sek azt bizony\u00edtj\u00e1k, hogy a bennsz\u00fcl\u00f6tt kichva n\u00e9p 1000 \u00e9vvel ezel\u0151tt kezdte el termeszteni Guayus\u00e1t. A Guayusa val\u00f3sz\u00edn\u0171leg a legt\u00f6bb koffeintartalm\u00fa tealev\u00e9l a vil\u00e1gon, ak\u00e1r 7,6 sz\u00e1zal\u00e9k koffeint tartalmaz!<\/span><\/p>\n<p><span style=\"color: #000000\">A Guayusa elterjedt az Amazonas dzsungel\u00e9ben, de leggyakrabban Ecuadorban termesztik. Leveleit hagyom\u00e1nyosan sz\u00fcretelik, sz\u00e1r\u00edtj\u00e1k \u00e9s gy\u00f3gyte\u00e1t k\u00e9sz\u00edtenek, amelyet magas koffein- \u00e9s antioxid\u00e1nstartalma miatt \u00e9rt\u00e9kelnek.<\/span><\/p>\n<p><span style=\"color: #000000\">Egyesek \u00fagy v\u00e9lik, hogy a guayus\u00e1nak tov\u00e1bbi el\u0151nyei vannak. Vitaminokban, aminosavakban \u00e9s antioxid\u00e1nsokban gazdag. Ezen k\u00edv\u00fcl olyan vegy\u00fcleteket is tartalmaz, mint a teobromin, amely a kaka\u00f3ban is megtal\u00e1lhat\u00f3, \u00e9s hangulatjav\u00edt\u00f3 tulajdons\u00e1gair\u00f3l ismert.<\/span><\/p>\n<h2><span style=\"color: #000000\">Mi az a guayusa tea<\/span><\/h2>\n<p><span style=\"color: #000000\">A Guayusa egy gy\u00f3gyn\u00f6v\u00e9nyital, amelyet gyakran eg\u00e9szs\u00e9gesebb energial\u00f6ketk\u00e9nt emlegetnek, mint a k\u00e1v\u00e9 \u00e9s az energiaitalok.<\/span><\/p>\n<p><span style=\"color: #000000\">Az \u0151slakos kichva n\u00e9p, aki az Amazonas es\u0151erd\u0151ire jellemz\u0151 bennsz\u00fcl\u00f6tt nyelvet besz\u00e9li, t\u00f6bb sz\u00e1z \u00e9ve iszik guayusa te\u00e1t ritu\u00e1lis vad\u00e1szati \u200b\u200bszertart\u00e1sok keret\u00e9ben, hogy lelki tiszt\u00e1nl\u00e1t\u00e1sra tegyen szert, \u00e9s fizikailag felk\u00e9sz\u00fclj\u00f6n az es\u0151erd\u0151 fizikailag megterhel\u0151 \u00e9let\u00e9re. Az ecuadori \u0151slakosok k\u00fcl\u00f6n\u00f6sen lefekv\u00e9s el\u0151tt haszn\u00e1lj\u00e1k, hogy kapcsolatba l\u00e9pjenek magasabb tudat\u00e1llapotokkal.<\/span><\/p>\n<p><span style=\"color: #000000\">Nincs keser\u0171s\u00e9ge \u00e9s cs\u00edp\u0151s \u00edze sem, hiszen szinte teljesen mentes a tanninokt\u00f3l, ami a levelek t\u00f6bbsz\u00f6ri \u00e1ztat\u00e1s\u00e1t is lehet\u0151v\u00e9 teszi. Ehelyett ropog\u00f3s, \u00e9des \u00edze van, amely \u00f6nmag\u00e1ban is csod\u00e1latos, vagy sz\u00f3ja-, rizs- vagy di\u00f3tejjel p\u00e1ros\u00edtva.<\/span><\/p>\n<h2><span style=\"color: #000000\">A guayusa hat\u00e1sai<\/span><\/h2>\n<p><span style=\"color: #000000\">A Guayusa tea \u00e9rdekes hat\u00e1s\u00fa: egyr\u00e9szt magas koffeintartalm\u00e1nak k\u00f6sz\u00f6nhet\u0151en serkent\u0151, m\u00e1sr\u00e9szt kellemes nyugalmat \u00e9s kiegyens\u00falyozotts\u00e1got biztos\u00edt, val\u00f3sz\u00edn\u0171leg az olyan k\u00eds\u00e9r\u0151 vegy\u00fcleteknek k\u00f6sz\u00f6nhet\u0151en, mint az L-teanin \u00e9s a teobromin.<\/span><\/p>\n<p><span style=\"color: #000000\">A Guayusa jav\u00edthatja ment\u00e1lis \u00e1llapot\u00e1t \u00e9s \u00f6sszpontos\u00edt\u00e1s\u00e1t. Sok koffeint tartalmaz, ami stimul\u00e1nsk\u00e9nt ismert. Szint\u00e9n jelen van a teobromin, a koffeinhez szerkezetileg hasonl\u00f3 alkaloid. Ezenk\u00edv\u00fcl a teobromin olyan \u00e9lelmiszerekben tal\u00e1lhat\u00f3, mint a csokol\u00e1d\u00e9 \u00e9s a kaka\u00f3por. Kimutatt\u00e1k, hogy a k\u00e1v\u00e9 \u00e9s a teobromin kombin\u00e1ci\u00f3ja jav\u00edtja a hangulatot, az \u00e9bers\u00e9get \u00e9s a koncentr\u00e1ci\u00f3t, valamint r\u00f6vid t\u00e1v\u00fa agym\u0171k\u00f6d\u00e9st is jav\u00edthat.<\/span><\/p>\n<p><span style=\"color: #000000\">A Guayusa sok antioxid\u00e1nst tartalmaz. A szabad gy\u00f6k\u00f6k elleni k\u00fczdelem r\u00e9v\u00e9n, amelyek instabil vegyi anyagok a szervezetben, cs\u00f6kkentik az oxidat\u00edv stresszt. \u00cdgy sz\u00e1mos kr\u00f3nikus betegs\u00e9g kialakul\u00e1s\u00e1nak kock\u00e1zat\u00e1t cs\u00f6kkenthetik. A guayasban magas a katekin nev\u0171 polifenolos antioxid\u00e1ns, amelyekr\u0151l \u00fagy gondolj\u00e1k, hogy v\u00e9denek a sz\u00edvbetegs\u00e9gek, a r\u00e1k, a 2-es t\u00edpus\u00fa cukorbetegs\u00e9g, az elh\u00edz\u00e1s, a bakteri\u00e1lis fert\u0151z\u00e9sek \u00e9s betegs\u00e9gek ellen, valamint cs\u00f6kkentik a koleszterinszintet \u00e9s szab\u00e1lyozz\u00e1k a pH-t.<\/span><\/p>\n<p><span style=\"color: #000000\">Ha szervezete nem tudja hat\u00e9konyan sz\u00e1ll\u00edtani a cukrot a v\u00e9rb\u0151l a sejtekbe, magas v\u00e9rcukorszint alakulhat ki. Ez a betegs\u00e9g v\u00e9g\u00fcl 2-es t\u00edpus\u00fa cukorbetegs\u00e9ghez vezethet, ha nem kezelik. A Guayusa seg\u00edthet cs\u00f6kkenteni a v\u00e9rcukorszintet.<\/span><\/p>\n<p><span style=\"color: #000000\">A koffein er\u0151s koncentr\u00e1ci\u00f3ja Guayus\u00e1ban seg\u00edthet a fogy\u00e1sban. A term\u00e9szetes stimul\u00e1nsok, mint a koffein, felp\u00f6rgetik az anyagcser\u00e9t \u00e9s n\u00f6velik a szervezeted \u00e1ltal el\u00e9getett kal\u00f3ri\u00e1k mennyis\u00e9g\u00e9t.<\/span><\/p>\n<h2><span style=\"color: #000000\">T\u00e1rol\u00e1s \u00e9s figyelmeztet\u00e9sek<\/span><\/h2>\n<p><span style=\"color: #000000\">Sz\u00e1raz, s\u00f6t\u00e9t \u00e9s h\u0171v\u00f6s helyen t\u00e1roland\u00f3. A sz\u00e1r\u00edtott leveleket felhaszn\u00e1l\u00e1sig l\u00e9gmentesen z\u00e1r\u00f3d\u00f3 tasakban vagy tart\u00e1lyban kell t\u00e1rolni.<\/span><\/p>\n<p><span style=\"color: #000000\">A Guayusa term\u00e9szetesen el\u0151fordul\u00f3 koffeint tartalmaz.<\/span><\/p>\n<h2><span style=\"color: #000000\">Csomagol\u00e1s<\/span><\/h2>\n<p><span style=\"color: #000000\">L\u00e9gmentesen z\u00e1r\u00f3d\u00f3 cipz\u00e1ras t\u00e1ska, ahol a term\u00e9k meg\u0151rzi minden frissess\u00e9g\u00e9t \u00e9s arom\u00e1j\u00e1t. A csomagol\u00e1s v\u00e9d a f\u00e9nyt\u0151l \u00e9s a leveg\u0151t\u0151l, mivel t\u00f6bb v\u00e9delmi r\u00e9tegb\u0151l \u00e1ll, amelyek meg\u0151rzik a tartalom tulajdons\u00e1gait.<\/span><\/p>\n<p><span style=\"color: #000000\">A csomagol\u00e1s nagyon praktikus \u00e9s lehet\u0151v\u00e9 teszi az \u00fajrahasznos\u00edt\u00e1st.<\/span><\/p>\n<h2><span style=\"color: #000000\">Sz\u00e1rmaz\u00e1s<\/span><\/h2>\n<p><span style=\"color: #000000\">Ecuador<\/span><\/p>\n","protected":false},"excerpt":{"rendered":"<p>Gy\u00f3gytea sok hat\u00f3anyaggal a hossz\u00fa, eg\u00e9szs\u00e9ges \u00e9s \u00e9leter\u0151s \u00e9let\u00e9rt. A kifejez\u00e9sben ghwy-you-sa kiejtve, a Guayusa jelent\u00e9se &#8222;\u00e9jszakai \u0151r&#8221;, mivel alkalmank\u00e9nt arra haszn\u00e1lj\u00e1k, hogy \u00e9jszaka \u00e9bren tarts\u00e1k az embereket. Val\u00f3sz\u00edn\u0171leg ez a legt\u00f6bb koffeintartalm\u00fa tealev\u00e9l a vil\u00e1gon, ak\u00e1r 7,6 sz\u00e1zal\u00e9k koffeint tartalmaz!<\/p>\n<p>\ud83d\udc9a Feldobja a hangulatot.<br \/>\n\ud83d\udc9a Sok vitamint, aminosavat \u00e9s antioxid\u00e1nst tartalmaz.<br \/>\n\ud83d\udc9a Eg\u00e9szs\u00e9gesebb energial\u00f6ket, mint a k\u00e1v\u00e9 \u00e9s az energiaitalok.<br \/>\n\ud83d\udc9a Jav\u00edtja ment\u00e1lis \u00e1llapot\u00e1t \u00e9s \u00f6sszpontos\u00edt\u00e1s\u00e1t.<\/p>\n","protected":false},"featured_media":6708,"comment_status":"open","ping_status":"closed","template":"","meta":{"_acf_changed":false},"product_brand":[],"product_cat":[224,225,239,205],"product_tag":[],"class_list":{"0":"post-6707","1":"product","2":"type-product","3":"status-publish","4":"has-post-thumbnail","6":"product_cat-ajanlat","7":"product_cat-minden-termek","8":"product_cat-tea","9":"product_cat-tea-es-etelek-es-fuszerek","11":"first","12":"instock","13":"taxable","14":"shipping-taxable","15":"purchasable","16":"product-type-simple"},"acf":[],"_links":{"self":[{"href":"https:\/\/fengchashop.com\/hu\/wp-json\/wp\/v2\/product\/6707","targetHints":{"allow":["GET"]}}],"collection":[{"href":"https:\/\/fengchashop.com\/hu\/wp-json\/wp\/v2\/product"}],"about":[{"href":"https:\/\/fengchashop.com\/hu\/wp-json\/wp\/v2\/types\/product"}],"replies":[{"embeddable":true,"href":"https:\/\/fengchashop.com\/hu\/wp-json\/wp\/v2\/comments?post=6707"}],"wp:featuredmedia":[{"embeddable":true,"href":"https:\/\/fengchashop.com\/hu\/wp-json\/wp\/v2\/media\/6708"}],"wp:attachment":[{"href":"https:\/\/fengchashop.com\/hu\/wp-json\/wp\/v2\/media?parent=6707"}],"wp:term":[{"taxonomy":"product_brand","embeddable":true,"href":"https:\/\/fengchashop.com\/hu\/wp-json\/wp\/v2\/product_brand?post=6707"},{"taxonomy":"product_cat","embeddable":true,"href":"https:\/\/fengchashop.com\/hu\/wp-json\/wp\/v2\/product_cat?post=6707"},{"taxonomy":"product_tag","embeddable":true,"href":"https:\/\/fengchashop.com\/hu\/wp-json\/wp\/v2\/product_tag?post=6707"}],"curies":[{"name":"wp","href":"https:\/\/api.w.org\/{rel}","templated":true}]}}