{"id":6700,"date":"2024-09-09T12:41:00","date_gmt":"2024-09-09T10:41:00","guid":{"rendered":"https:\/\/fengchashop.com\/hu\/product\/mini-merleg-200-g-001-g\/"},"modified":"2025-07-29T18:28:43","modified_gmt":"2025-07-29T16:28:43","slug":"mini-merleg","status":"publish","type":"product","link":"https:\/\/fengchashop.com\/hu\/product\/mini-merleg\/","title":{"rendered":"Mini m\u00e9rleg 200 g \/ 0,01 g"},"content":{"rendered":"<h2><span style=\"color: #000000;\">N\u00e9v<\/span><\/h2>\n<p><span style=\"color: #000000;\">Mini m\u00e9rleg 200 g \/ 0,01 g<\/span><\/p>\n<h2><span style=\"color: #000000;\">Le\u00edr\u00e1s<\/span><\/h2>\n<p><span style=\"color: #000000;\"><strong>A digit\u00e1lis mini m\u00e9rleg<\/strong> kiv\u00e1l\u00f3 eszk\u00f6z a szuper\u00e9telek \u00e9s \u00e9trend-kieg\u00e9sz\u00edt\u0151k m\u00e9r\u00e9s\u00e9re, <em>ahogyan a k\u00edn\u00e1latunkban tal\u00e1lhat\u00f3<\/em>.<\/span><\/p>\n<p><span style=\"color: #000000;\">Ez egy prec\u00edz \u00e9s cs\u00facstechnol\u00f3gi\u00e1s k\u00e9sz\u00fcl\u00e9k, olyan emberek sz\u00e1m\u00e1ra k\u00e9sz\u00fclt, akik kisebb mennyis\u00e9g\u0171 t\u00e1panyagot szeretn\u00e9nek pontosan adagolni. Egy ilyen m\u00e9rleg lehet\u0151v\u00e9 teszi a felhaszn\u00e1l\u00f3k sz\u00e1m\u00e1ra, hogy pontosan lem\u00e9rj\u00e9k az \u00e9trend-kieg\u00e9sz\u00edt\u0151ket, p\u00e9ld\u00e1ul porokat, magvakat, tablett\u00e1kat, kapszul\u00e1kat vagy folyad\u00e9kokat, valamint olyan szuper\u00e9teleket, mint a chia mag, spirulina, maca stb.<\/span><\/p>\n<h2><span style=\"color: #000000;\"><strong>A digit\u00e1lis m\u00e9rleg f\u0151bb jellemz\u0151i<\/strong><\/span><\/h2>\n<p><span style=\"color: #000000;\"><strong>\ud83d\udc9a Nagy pontoss\u00e1g:<\/strong> A m\u00e9rleget rendk\u00edv\u00fcli pontoss\u00e1ggal, ak\u00e1r 0,01 g-ig tervezt\u00e9k, ami nagyon fontos kis mennyis\u00e9g\u0171 szuper\u00e9lelmiszerek \u00e9s \u00e9trend-kieg\u00e9sz\u00edt\u0151k m\u00e9r\u00e9sekor, ahol a t\u00faladagol\u00e1s nem javasolt.<\/span><\/p>\n<p><span style=\"color: #000000;\"><strong>\ud83d\udc9a T\u00f6bb m\u00e9rt\u00e9kegys\u00e9g:<\/strong> A m\u00e9rleg haszn\u00e1l\u00f3i v\u00e1lthatnak a k\u00fcl\u00f6nb\u00f6z\u0151 m\u00e9rt\u00e9kegys\u00e9gek k\u00f6z\u00f6tt, ami lehet\u0151v\u00e9 teszi a m\u00e9rend\u0151 anyagok t\u00edpus\u00e1nak megfelel\u0151 egyszer\u0171 be\u00e1ll\u00edt\u00e1st.<\/span><\/p>\n<p><span style=\"color: #000000;\"><strong>\ud83d\udc9a T\u00e1ra funkci\u00f3:<\/strong> A t\u00e1ra funkci\u00f3 lehet\u0151v\u00e9 teszi, hogy a m\u00e9rleg figyelembe vegye a tart\u00e1ly vagy a csomagol\u00e1s s\u00faly\u00e1t, ami tov\u00e1bbi s\u00faly n\u00e9lk\u00fcl csak a tartalom pontos m\u00e9r\u00e9s\u00e9t teszi lehet\u0151v\u00e9.<\/span><\/p>\n<p><span style=\"color: #000000;\"><strong>\ud83d\udc9a K\u00f6nny\u0171 haszn\u00e1lat:<\/strong> A m\u00e9rleg LCD k\u00e9perny\u0151vel van felszerelve, amely egy\u00e9rtelm\u0171en \u00e9s olvashat\u00f3an mutatja a s\u00falyt. A gombokkal t\u00f6rt\u00e9n\u0151 egyszer\u0171 kezel\u00e9s lehet\u0151v\u00e9 teszi a gyors m\u00e9r\u00e9st, a m\u00e9rt\u00e9kegys\u00e9gek v\u00e1lt\u00e1s\u00e1t \u00e9s a t\u00e1ra haszn\u00e1lat\u00e1t.<\/span><\/p>\n<p><span style=\"color: #000000;\"><strong>\ud83d\udc9a Kompakt \u00e9s hordozhat\u00f3:<\/strong> Az \u00e9trend-kieg\u00e9sz\u00edt\u0151k \u00e9s szuper\u00e9telek mini digit\u00e1lis m\u00e9rlege kicsi \u00e9s k\u00f6nny\u0171, ami azt jelenti, hogy k\u00f6nnyen hordozhat\u00f3 \u00e9s k\u00fcl\u00f6nb\u00f6z\u0151 helyeken haszn\u00e1lhat\u00f3.<\/span><\/p>\n<p><span style=\"color: #000000;\"><strong>\ud83d\udc9a Speci\u00e1lis funkci\u00f3k:<\/strong> M\u00e9rleg\u00fcnk tov\u00e1bbi funkci\u00f3kkal is rendelkezik, mint p\u00e9ld\u00e1ul az automatikus kikapcsol\u00e1s az energiatakar\u00e9koss\u00e1g \u00e9rdek\u00e9ben \u00e9s az alacsony akkumul\u00e1tor t\u00f6lt\u00f6tts\u00e9gi szintje.<\/span><\/p>\n<p><span style=\"color: #000000;\"><strong>\ud83d\udc9a Higi\u00e9nikus anyagok:<\/strong> A m\u00e9rleg fel\u00fclete rozsdamentes ac\u00e9lb\u00f3l k\u00e9sz\u00fclt, ami fontos \u00e9lelmiszerekhez \u00e9s t\u00e1pl\u00e1l\u00e9kkieg\u00e9sz\u00edt\u0151kh\u00f6z val\u00f3 felhaszn\u00e1l\u00e1skor.<\/span><\/p>\n<p><span style=\"color: #000000;\"><span style=\"font-size: 12px;\"><br \/>\n<\/span>Ezek a mini digit\u00e1lis m\u00e9rlegek ide\u00e1lisak <strong>sportol\u00f3k, t\u00e1pl\u00e1lkoz\u00e1si szak\u00e9rt\u0151k, speci\u00e1lis di\u00e9t\u00e1t k\u00f6vet\u0151k \u00e9s mindenki sz\u00e1m\u00e1ra, aki pontos m\u00e9rleget szeretne szab\u00e1lyozza az elfogyasztott szuper\u00e9telek vagy \u00e9trend-kieg\u00e9sz\u00edt\u0151k mennyis\u00e9g\u00e9t<\/strong>hogy optim\u00e1lis eredm\u00e9nyeket \u00e9rjen el eg\u00e9szs\u00e9ge \u00e9rdek\u00e9ben.<\/span><\/p>\n<h2><span style=\"color: #000000;\">M\u0171szaki r\u00e9szletek<\/span><\/h2>\n<ul>\n<li><span style=\"color: #000000;\">Terhelhet\u0151s\u00e9g: 200 g<\/span><\/li>\n<li><span style=\"color: #000000;\">M\u00e9r\u00e9si pontoss\u00e1g: 0,01 g<\/span><\/li>\n<li><span style=\"color: #000000;\">Opcion\u00e1lis m\u00e9rt\u00e9kegys\u00e9gek (g\/ml\/oz)<\/span><\/li>\n<li><span style=\"color: #000000;\">Automatikus kikapcsol\u00e1s<\/span><\/li>\n<li><span style=\"color: #000000;\">Tiszta LCD-k\u00e9perny\u0151<\/span><\/li>\n<\/ul>\n<p><span style=\"color: #000000;\"><strong>Tartoz\u00e9kok:<\/strong> AAA 1,5 V-os elemek a csomagban.<\/span><\/p>\n","protected":false},"excerpt":{"rendered":"<p align=\"JUSTIFY\"><span class=\"jCAhz ChMk0b\"><span class=\"ryNqvb\">A digit\u00e1lis mini m\u00e9rleg kiv\u00e1l\u00f3 eszk\u00f6z <strong>szuper\u00e9lelmiszerek \u00e9s t\u00e1pl\u00e1l\u00e9kkieg\u00e9sz\u00edt\u0151k m\u00e9r\u00e9s\u00e9re<\/strong>, mint pl. aj\u00e1nlat. <\/span><\/span><span class=\"jCAhz ChMk0b\"><span class=\"ryNqvb\">Ez egy prec\u00edz \u00e9s cs\u00facstechnol\u00f3gi\u00e1s eszk\u00f6z.<\/span><\/span> <span class=\"jCAhz ChMk0b \">Egy ilyen m\u00e9rleg lehet\u0151v\u00e9 teszi a felhaszn\u00e1l\u00f3k sz\u00e1m\u00e1ra a t\u00e1pl\u00e1l\u00e9k-kieg\u00e9sz\u00edt\u0151k, p\u00e9ld\u00e1ul porok, magvak, tablett\u00e1k, kapszul\u00e1k vagy folyad\u00e9kok pontos lem\u00e9r\u00e9s\u00e9t. <\/span><\/p>\n<p align=\"JUSTIFY\"><span class=\"jCAhz ChMk0b\"><span class=\"ryNqvb\">\ud83d\udc9a Kiv\u00e9teles pontoss\u00e1g 0,01 g-ig. <\/span><\/span><\/p>\n<p align=\"JUSTIFY\"><span class=\"jCAhz ChMk0b\"><span class=\"ryNqvb\">\ud83d\udc9a Lehet\u0151s\u00e9g kis \u00e9s k\u00f6zepes mennyis\u00e9gek (500g-ig) m\u00e9r\u00e9s\u00e9re. <\/span><\/span><\/p>\n<p align=\"JUSTIFY\"><span class=\"jCAhz\"><span class=\"ryNqvb\">\ud83d\udc9a V\u00e1lt\u00e1s a k\u00fcl\u00f6nb\u00f6z\u0151 m\u00e9rt\u00e9kegys\u00e9gek k\u00f6z\u00f6tt. <\/span><\/span><\/p>\n<p align=\"JUSTIFY\"><span class=\"jCAhz ChMk0b\"><span class=\"ryNqvb\">\ud83d\udc9a Tara f\u00fcggv\u00e9ny. <\/span><\/span><\/p>\n<p align=\"JUSTIFY\"><span class=\"jCAhz ChMk0b\"><span class=\"ryNqvb\">\ud83d\udc9a K\u00f6nnyen haszn\u00e1lhat\u00f3 LCD-kijelz\u0151vel, amely tiszta \u00e9s olvashat\u00f3 s\u00falyt mutat.<\/span><\/span><\/p>\n<p align=\"JUSTIFY\"><span class=\"jCAhz ChMk0b\"><span class=\"ryNqvb\">\ud83d\udc9a Kicsi \u00e9s k\u00f6nny\u0171, k\u00f6nnyen hordozhat\u00f3. <\/span><\/span><\/p>\n<p align=\"JUSTIFY\"><span class=\"jCAhz ChMk0b\"><span class=\"ryNqvb\">\ud83d\udc9a Tov\u00e1bbi funkci\u00f3k az automatikus kikapcsol\u00e1shoz az energiatakar\u00e9koss\u00e1g \u00e9s az alacsony t\u00f6lt\u00f6tts\u00e9gi szint megjelen\u00edt\u00e9se \u00e9rdek\u00e9ben.<\/span><\/span><\/p>\n","protected":false},"featured_media":6701,"comment_status":"open","ping_status":"closed","template":"","meta":{"_acf_changed":false},"product_brand":[],"product_cat":[224,208,225],"product_tag":[],"class_list":{"0":"post-6700","1":"product","2":"type-product","3":"status-publish","4":"has-post-thumbnail","6":"product_cat-ajanlat","7":"product_cat-egyeb","8":"product_cat-minden-termek","10":"first","11":"outofstock","12":"taxable","13":"shipping-taxable","14":"purchasable","15":"product-type-simple"},"acf":[],"_links":{"self":[{"href":"https:\/\/fengchashop.com\/hu\/wp-json\/wp\/v2\/product\/6700","targetHints":{"allow":["GET"]}}],"collection":[{"href":"https:\/\/fengchashop.com\/hu\/wp-json\/wp\/v2\/product"}],"about":[{"href":"https:\/\/fengchashop.com\/hu\/wp-json\/wp\/v2\/types\/product"}],"replies":[{"embeddable":true,"href":"https:\/\/fengchashop.com\/hu\/wp-json\/wp\/v2\/comments?post=6700"}],"wp:featuredmedia":[{"embeddable":true,"href":"https:\/\/fengchashop.com\/hu\/wp-json\/wp\/v2\/media\/6701"}],"wp:attachment":[{"href":"https:\/\/fengchashop.com\/hu\/wp-json\/wp\/v2\/media?parent=6700"}],"wp:term":[{"taxonomy":"product_brand","embeddable":true,"href":"https:\/\/fengchashop.com\/hu\/wp-json\/wp\/v2\/product_brand?post=6700"},{"taxonomy":"product_cat","embeddable":true,"href":"https:\/\/fengchashop.com\/hu\/wp-json\/wp\/v2\/product_cat?post=6700"},{"taxonomy":"product_tag","embeddable":true,"href":"https:\/\/fengchashop.com\/hu\/wp-json\/wp\/v2\/product_tag?post=6700"}],"curies":[{"name":"wp","href":"https:\/\/api.w.org\/{rel}","templated":true}]}}