{"id":6690,"date":"2025-05-30T13:11:17","date_gmt":"2025-05-30T11:11:17","guid":{"rendered":"https:\/\/fengchashop.com\/hu\/product\/kokuszreszelek-bio-250-g\/"},"modified":"2025-11-30T21:30:33","modified_gmt":"2025-11-30T20:30:33","slug":"kokuszreszelek-bio","status":"publish","type":"product","link":"https:\/\/fengchashop.com\/hu\/product\/kokuszreszelek-bio\/","title":{"rendered":"K\u00f3kusz chips BIO 250 g"},"content":{"rendered":"<h2><span style=\"color: #000000;\">K\u00f3kusz chips BIO<\/span><\/h2>\n<p><span style=\"color: #000000;\">A k\u00f3kuszdi\u00f3 (Cocos nucifera) nev\u0171 finom szuper\u00e9tel boldog \u00e9s eg\u00e9szs\u00e9ges marad. Feh\u00e9rj\u00e9t, eg\u00e9szs\u00e9ges zs\u00edrokat, vitaminokat, \u00e1sv\u00e1nyi anyagokat \u00e9s egy\u00e9b olyan elemeket tartalmaz, amelyek j\u00f3t tesznek az \u00e1ltal\u00e1nos eg\u00e9szs\u00e9gnek. Ezenk\u00edv\u00fcl a k\u00f3kusz v\u00edrusellenes \u00e9s antibakteri\u00e1lis tulajdons\u00e1gokkal rendelkezik, amelyek er\u0151s\u00edtik az immunrendszert \u00e9s megakad\u00e1lyozz\u00e1k a k\u00fcl\u00f6nb\u00f6z\u0151 betegs\u00e9geket.<\/span><\/p>\n<p><span style=\"color: #000000;\">A nyers k\u00f3kusz \u00e1sv\u00e1nyianyag-tartalma igen magas. Gazdag k\u00e1liumban, magn\u00e9ziumban, cinkben \u00e9s vasban. B1-, B2-, B3- \u00e9s B6-vitamint is tartalmaz.<\/span><\/p>\n<p><span style=\"color: #000000;\">\u00dagy gondolj\u00e1k, hogy a k\u00f3kusz egy d\u00e9lnyugati csendes-\u00f3ce\u00e1ni szigetr\u0151l sz\u00e1rmazik, innen ered a mond\u00e1s: &#8222;Aki k\u00f3kuszf\u00e1t \u00fcltet, \u00e9telt \u00e9s italt \u00fcltet, \u00e9s \u00e9l\u0151helyet teremt mag\u00e1nak \u00e9s \u00f6r\u00f6ks\u00e9get ut\u00f3dainak&#8221;.<\/span><\/p>\n<p><span style=\"color: #000000;\">A F\u00fcl\u00f6p-szigeteken a k\u00f3kuszf\u00e1t az \u201e\u00e9let f\u00e1jak\u00e9nt\u201d, Mezopot\u00e1mi\u00e1ban az \u201eezer felhaszn\u00e1l\u00e1si ter\u00fclet f\u00e1jak\u00e9nt\u201d, Indi\u00e1ban pedig \u201eaz \u00e9lethez sz\u00fcks\u00e9ges f\u00e1nak\u201d nevezik.<\/span><\/p>\n<p><span style=\"color: #000000;\">A k\u00f3kuszchips kiv\u00e1l\u00f3an helyettes\u00edti az \u00f6sszes gyakran haszn\u00e1lt, de eg\u00e9szs\u00e9gtelen burgonya chipset. Biztosan seg\u00edt kiel\u00e9g\u00edteni hirtelen v\u00e1gy\u00e1t a t\u00e1pl\u00e1lkoz\u00e1s \u00e9s az \u00edz ide\u00e1lis kever\u00e9ke ir\u00e1nt. Lelkiismeret-furdal\u00e1sok n\u00e9lk\u00fcl is megengedheti mag\u00e1nak ezt a ropog\u00f3s finoms\u00e1got.<\/span><\/p>\n<p><span style=\"color: #000000;\">A k\u00f3kuszreszel\u00e9k a s\u00f3s \u00e9s az \u00e9des csod\u00e1latos egyens\u00falya. Kr\u00e9mes k\u00f3kuszh\u00fasb\u00f3l k\u00e9sz\u00fclnek, nedvess\u00e9gt\u0151l elt\u00e1vol\u00edtva \u00e9s term\u00e9szetesen sz\u00e1r\u00edtva.<\/span><\/p>\n<h2><span style=\"color: #000000;\">A K\u00f3kusz chips hat\u00e1sai<\/span><\/h2>\n<p><span style=\"color: #000000;\">Sz\u00e1mos tanulm\u00e1ny kimutatta, hogy a k\u00f3kusz v\u00edrusellenes, antibakteri\u00e1lis, gyullad\u00e1scs\u00f6kkent\u0151 \u00e9s antioxid\u00e1ns tulajdons\u00e1gai sz\u00e1mos betegs\u00e9g megel\u0151z\u00e9s\u00e9ben seg\u00edthetnek. A k\u00f3kuszreszel\u00e9k nemcsak rendk\u00edv\u00fcl \u00edzletes, de a koleszterin, a v\u00e9rcukor \u00e9s a v\u00e9rnyom\u00e1s szab\u00e1lyoz\u00e1s\u00e1ra is kiv\u00e1l\u00f3. Ez a magas kal\u00f3riatartalm\u00fa snack fokozza az anyagcser\u00e9t \u00e9s az energiaszintet a szervezetben.<\/span><\/p>\n<p><span style=\"color: #000000;\">A k\u00f3kuszdi\u00f3 gazdag \u00e1sv\u00e1nyi anyagokban, lipidekben, B-vitaminban \u00e9s m\u00e1s t\u00e1panyagokban. A laurinsav, a klorid, a vas \u00e9s a kulcsfontoss\u00e1g\u00fa elektrolitok, mint a k\u00e1lium, magn\u00e9zium \u00e9s kalcium, a k\u00f3kuszreszel\u00e9kben tal\u00e1lhat\u00f3 esszenci\u00e1lis \u00e1sv\u00e1nyi anyagok k\u00f6z\u00e9 tartoznak. Az elektrolitok j\u00f3 egyens\u00falya kulcsfontoss\u00e1g\u00fa, mivel el\u0151seg\u00edti az \u00e1ltal\u00e1nos eg\u00e9szs\u00e9get.<\/span><\/p>\n<h2><span style=\"color: #000000;\">T\u00e1rol\u00e1s \u00e9s figyelmeztet\u00e9sek<\/span><\/h2>\n<p>T\u00e1rolja h\u0171v\u00f6s \u00e9s sz\u00e1raz helyen. Tartsa a t\u00e1pl\u00e1l\u00e9k-kieg\u00e9sz\u00edt\u0151t gyermekekt\u0151l elz\u00e1rva!<\/p>\n<p><span style=\"color: #000000;\">N\u00e9h\u00e1ny ember allergi\u00e1s lehet a k\u00f3kuszra, b\u00e1r ez ritka. Abban az esetben, ha allergi\u00e1s t\u00fcnetei vannak, bele\u00e9rtve a b\u0151rviszket\u00e9st, a torokszorul\u00e1st, a t\u00fcssz\u00f6g\u00e9st, a zih\u00e1l\u00e1st, a gyomorpanaszokat stb., minden k\u00f3kuszterm\u00e9ket ki kell hagynia az \u00e9trendb\u0151l.<\/span><\/p>\n<p><span style=\"color: #000000;\">Ne feledkezz\u00fcnk meg a v\u00e1ltozatos \u00e9trend \u00e9s az eg\u00e9szs\u00e9ges \u00e9letm\u00f3d fontoss\u00e1g\u00e1r\u00f3l, a t\u00e1pl\u00e1l\u00e9k-kieg\u00e9sz\u00edt\u0151 teh\u00e1t nem helyettes\u00edti a kiegyens\u00falyozott \u00e9s v\u00e1ltozatos \u00e9trendet. Az aj\u00e1nlott napi mennyis\u00e9get vagy adagot nem szabad t\u00fall\u00e9pni.<\/span><\/p>\n<h2><span style=\"color: #000000;\">Csomagol\u00e1s<\/span><\/h2>\n<p><span style=\"color: #000000;\">L\u00e9gmentesen z\u00e1rhat\u00f3 tasak, amelyben a term\u00e9k meg\u0151rzi minden frissess\u00e9g\u00e9t \u00e9s arom\u00e1j\u00e1t. A csomagol\u00e1s v\u00e9d a f\u00e9nyt\u0151l \u00e9s a leveg\u0151t\u0151l, mivel t\u00f6bb v\u00e9d\u0151r\u00e9tegb\u0151l \u00e1ll, amelyek meg\u0151rzik a tartalom tulajdons\u00e1gait.<\/span><\/p>\n<p><span style=\"color: #000000;\">A csomagol\u00e1s nagyon praktikus \u00e9s \u00fajrahasznos\u00edthat\u00f3.<\/span><\/p>\n<h2><span style=\"color: #000000;\">Sz\u00e1rmaz\u00e1s<\/span><\/h2>\n<p><span style=\"color: #000000;\">Sri Lanka<\/span><\/p>\n","protected":false},"excerpt":{"rendered":"<p>A k\u00f3kusz (Cocos nucifera) nev\u0171 finom szuper\u00e9tel el\u00e9gedetts\u00e9get \u00e9s eg\u00e9szs\u00e9get biztos\u00edt. \u00dagy gondolj\u00e1k, hogy a k\u00f3kusz a Csendes-\u00f3ce\u00e1n d\u00e9lnyugati r\u00e9sz\u00e9nek egyik sziget\u00e9r\u0151l sz\u00e1rmazik, innen ered a mond\u00e1s: \u201eAki k\u00f3kuszf\u00e1t \u00fcltet, \u00e9telt \u00e9s italt \u00fcltet, \u00e9s \u00e9l\u0151helyet teremt mag\u00e1nak \u00e9s \u00f6r\u00f6ks\u00e9get a lesz\u00e1rmazottainak\u201d.<\/p>\n<p>\ud83d\udc9a A finom szuper\u00e9telek el\u00e9gedetts\u00e9get \u00e9s eg\u00e9szs\u00e9get biztos\u00edtanak.<br \/>\n\ud83d\udc9a Bio termel\u00e9sb\u0151l.<br \/>\n\ud83d\udc9a A s\u00f3s \u00e9s \u00e9des \u00edz csod\u00e1latos egyens\u00falya.<br \/>\n\ud83d\udc9a N\u00f6veli az anyagcser\u00e9t \u00e9s az energiaszintet a szervezetben.<\/p>\n","protected":false},"featured_media":6691,"comment_status":"open","ping_status":"closed","template":"","meta":{"_acf_changed":false},"product_brand":[],"product_cat":[224,225,205],"product_tag":[],"class_list":{"0":"post-6690","1":"product","2":"type-product","3":"status-publish","4":"has-post-thumbnail","6":"product_cat-ajanlat","7":"product_cat-minden-termek","8":"product_cat-tea-es-etelek-es-fuszerek","10":"first","11":"outofstock","12":"taxable","13":"shipping-taxable","14":"purchasable","15":"product-type-simple"},"acf":[],"_links":{"self":[{"href":"https:\/\/fengchashop.com\/hu\/wp-json\/wp\/v2\/product\/6690","targetHints":{"allow":["GET"]}}],"collection":[{"href":"https:\/\/fengchashop.com\/hu\/wp-json\/wp\/v2\/product"}],"about":[{"href":"https:\/\/fengchashop.com\/hu\/wp-json\/wp\/v2\/types\/product"}],"replies":[{"embeddable":true,"href":"https:\/\/fengchashop.com\/hu\/wp-json\/wp\/v2\/comments?post=6690"}],"wp:featuredmedia":[{"embeddable":true,"href":"https:\/\/fengchashop.com\/hu\/wp-json\/wp\/v2\/media\/6691"}],"wp:attachment":[{"href":"https:\/\/fengchashop.com\/hu\/wp-json\/wp\/v2\/media?parent=6690"}],"wp:term":[{"taxonomy":"product_brand","embeddable":true,"href":"https:\/\/fengchashop.com\/hu\/wp-json\/wp\/v2\/product_brand?post=6690"},{"taxonomy":"product_cat","embeddable":true,"href":"https:\/\/fengchashop.com\/hu\/wp-json\/wp\/v2\/product_cat?post=6690"},{"taxonomy":"product_tag","embeddable":true,"href":"https:\/\/fengchashop.com\/hu\/wp-json\/wp\/v2\/product_tag?post=6690"}],"curies":[{"name":"wp","href":"https:\/\/api.w.org\/{rel}","templated":true}]}}