{"id":6687,"date":"2024-02-28T16:11:53","date_gmt":"2024-02-28T15:11:53","guid":{"rendered":"https:\/\/fengchashop.com\/hu\/product\/chunmee-bio-100-g\/"},"modified":"2026-05-08T13:41:55","modified_gmt":"2026-05-08T11:41:55","slug":"chunmee-bio","status":"publish","type":"product","link":"https:\/\/fengchashop.com\/hu\/product\/chunmee-bio\/","title":{"rendered":"Chunmee BIO 100 g"},"content":{"rendered":"<h2><span style=\"color: #000000\">Chunmee BIO\u00a0<\/span><\/h2>\n<p><span style=\"color: #000000\">A Chunmee az egyik legn\u00e9pszer\u0171bb mindennapi tea K\u00edn\u00e1ban. Az organikus v\u00e1ltozatot finom \u00e9s kifinomult \u00edz jellemzi. A tealevelek t\u00f6m\u00f6rek \u00e9s puh\u00e1k. A leveleket el\u0151sz\u00f6r kis spir\u00e1lokk\u00e1 tekerik, amelyek forr\u00f3 v\u00edzzel \u00e9rintkezve azonnal kibontakoznak.<\/span><\/p>\n<h2><span style=\"color: #000000\">T\u00e1rol\u00e1s<\/span><\/h2>\n<p><span style=\"color: #000000\">T\u00e1rolja sz\u00e1raz, s\u00f6t\u00e9t \u00e9s h\u0171v\u00f6s helyen.<\/span><\/p>\n<h2><span style=\"color: #000000\">Csomagol\u00e1s<\/span><\/h2>\n<p><span style=\"color: #000000\">L\u00e9gmentesen z\u00e1rhat\u00f3 tasak, amelyben a term\u00e9k meg\u0151rzi minden frissess\u00e9g\u00e9t \u00e9s arom\u00e1j\u00e1t. A csomagol\u00e1s v\u00e9d a f\u00e9nyt\u0151l \u00e9s a leveg\u0151t\u0151l, mivel t\u00f6bb v\u00e9d\u0151r\u00e9tegb\u0151l \u00e1ll, amelyek meg\u0151rzik a tartalom tulajdons\u00e1gait.<\/span><\/p>\n<p><span style=\"color: #000000\">A csomagol\u00e1s nagyon praktikus \u00e9s \u00fajrahasznos\u00edthat\u00f3.<\/span><\/p>\n<h2><span style=\"color: #000000\">Sz\u00e1rmaz\u00e1s<\/span><\/h2>\n<p><span style=\"color: #000000\">K\u00edna<\/span><\/p>\n<p>Nagyon megb\u00edzhat\u00f3 besz\u00e1ll\u00edt\u00f3ink vannak, akik minden t\u00e9telhez r\u00e9szletes k\u00e9miai elemz\u00e9st k\u00fcldenek az \u00e9lelmiszerekr\u0151l. T\u00f6bb mint t\u00edz \u00e9v alatt nem volt visszah\u00edv\u00e1sunk vagy egy\u00e9b probl\u00e9ma sem ezzel a cikkel, sem az ugyanazon besz\u00e1ll\u00edt\u00f3t\u00f3l sz\u00e1rmaz\u00f3 egy\u00e9b cikkekkel.<\/p>\n<p>A cikk 100%-ban bio tan\u00fas\u00edtv\u00e1nnyal rendelkezik.<\/p>\n","protected":false},"excerpt":{"rendered":"<p>A Chunmee az egyik legn\u00e9pszer\u0171bb mindennapi tea. A bio v\u00e1ltozatot finom \u00e9s puha levelek jellemzik.<\/p>\n<p>\ud83d\udc9a Bio termel\u00e9sb\u0151l sz\u00e1rmazik.<br \/>\n\ud83d\udc9a Tea minden napra.<\/p>\n","protected":false},"featured_media":6688,"comment_status":"open","ping_status":"closed","template":"","meta":{"_acf_changed":false},"product_brand":[],"product_cat":[224,225,239,205],"product_tag":[],"class_list":{"0":"post-6687","1":"product","2":"type-product","3":"status-publish","4":"has-post-thumbnail","6":"product_cat-ajanlat","7":"product_cat-minden-termek","8":"product_cat-tea","9":"product_cat-tea-es-etelek-es-fuszerek","11":"first","12":"instock","13":"taxable","14":"shipping-taxable","15":"purchasable","16":"product-type-simple"},"acf":[],"_links":{"self":[{"href":"https:\/\/fengchashop.com\/hu\/wp-json\/wp\/v2\/product\/6687","targetHints":{"allow":["GET"]}}],"collection":[{"href":"https:\/\/fengchashop.com\/hu\/wp-json\/wp\/v2\/product"}],"about":[{"href":"https:\/\/fengchashop.com\/hu\/wp-json\/wp\/v2\/types\/product"}],"replies":[{"embeddable":true,"href":"https:\/\/fengchashop.com\/hu\/wp-json\/wp\/v2\/comments?post=6687"}],"wp:featuredmedia":[{"embeddable":true,"href":"https:\/\/fengchashop.com\/hu\/wp-json\/wp\/v2\/media\/6688"}],"wp:attachment":[{"href":"https:\/\/fengchashop.com\/hu\/wp-json\/wp\/v2\/media?parent=6687"}],"wp:term":[{"taxonomy":"product_brand","embeddable":true,"href":"https:\/\/fengchashop.com\/hu\/wp-json\/wp\/v2\/product_brand?post=6687"},{"taxonomy":"product_cat","embeddable":true,"href":"https:\/\/fengchashop.com\/hu\/wp-json\/wp\/v2\/product_cat?post=6687"},{"taxonomy":"product_tag","embeddable":true,"href":"https:\/\/fengchashop.com\/hu\/wp-json\/wp\/v2\/product_tag?post=6687"}],"curies":[{"name":"wp","href":"https:\/\/api.w.org\/{rel}","templated":true}]}}