{"id":6684,"date":"2023-12-14T18:38:09","date_gmt":"2023-12-14T17:38:09","guid":{"rendered":"https:\/\/fengchashop.com\/hu\/product\/sango-korallpor-250-g\/"},"modified":"2026-04-29T13:06:17","modified_gmt":"2026-04-29T11:06:17","slug":"sango-korallpor","status":"publish","type":"product","link":"https:\/\/fengchashop.com\/hu\/product\/sango-korallpor\/","title":{"rendered":"Sango korall por 250 g"},"content":{"rendered":"<h2><span style=\"color: #000000\">Sango korall por <\/span><\/h2>\n<p><span style=\"color: #000000\">A Sango tengeri korall egy milli\u00f3 \u00e9ves korallz\u00e1tonyb\u00f3l sz\u00e1rmazik, a jap\u00e1n Okinawa-sziget partjain\u00e1l. M\u00e9g maga Okinawa szigete is korallszikl\u00e1kon alakult ki \u2013 emiatt az es\u0151v\u00edz \u00e1tsziv\u00e1rog a csapad\u00e9kon, \u00e9s sz\u00e1mtalan \u00e1sv\u00e1nyi anyaggal \u00e9s nyomelemekkel gazdagodik, amelyek a fosszilis korallokban tal\u00e1lhat\u00f3k. Okinawa lak\u00f3i, akiknek gyakran a sz\u00e1z \u00e9v feletti \u00e9letkort tartj\u00e1k sz\u00e1mon, \u00edgy rendk\u00edv\u00fcl gazdag \u00e9s egyed\u00fcl\u00e1ll\u00f3, \u00e1sv\u00e1nyi anyagokkal teli vizet kapnak.<\/span><\/p>\n<h2><span style=\"color: #000000\">Mi\u00e9rt olyan k\u00fcl\u00f6nleges \u00e9s m\u00e1s a Sango korall por?<\/span><\/h2>\n<p><span style=\"color: #000000\">A Sango korallpor term\u00e9szetes forr\u00e1sa a kalciumnak \u00e9s m\u00e1s \u00e1sv\u00e1nyi anyagoknak, amelyek j\u00f3t\u00e9kony hat\u00e1ssal vannak az eg\u00e9szs\u00e9gre. A korallpor f\u0151leg kalciumot \u00e9s magn\u00e9ziumot tartalmaz, 2:1 ar\u00e1nyban, ami \u00e1ll\u00edt\u00f3lag ide\u00e1lis az emberi szervezet sz\u00e1m\u00e1ra, magas biohasznosul\u00e1s mellett. Ezen k\u00edv\u00fcl m\u00e1s nyomelemeket is tartalmazhat.<\/span><\/p>\n<h2><span style=\"color: #000000\">Hat\u00e1sok, amelyek pozit\u00edv hat\u00e1ssal vannak eg\u00e9szs\u00e9g\u00fcnkre \u00e9s szervezet\u00fcnkre<\/span><\/h2>\n<p><span style=\"color: #000000\">A Sango korallpornak sz\u00e1mos lehets\u00e9ges eg\u00e9szs\u00e9g\u00fcgyi el\u0151nye \u00e9s hat\u00e1sa van. N\u00e9h\u00e1ny f\u0151 el\u0151ny \u00e9s hat\u00e1s a k\u00f6vetkez\u0151k:<\/span><\/p>\n<p><span style=\"color: #000000\">\ud83d\udc9aT\u00e1mogatja az immunrendszert,<\/span><br \/>\n<span style=\"color: #000000\">\ud83d\udc9a t\u00e1mogatja a csontok, fogak \u00e9s izmok eg\u00e9szs\u00e9g\u00e9t,<\/span><br \/>\n<span style=\"color: #000000\">\ud83d\udc9a seg\u00edt megel\u0151zni az olyan csontbetegs\u00e9geket, mint a csontritkul\u00e1s,<\/span><br \/>\n<span style=\"color: #000000\">\ud83d\udc9a seg\u00edt szab\u00e1lyozni a pH-t a szervezetben \u00e9s cs\u00f6kkenti a savass\u00e1got,<\/span><br \/>\n<span style=\"color: #000000\">\ud83d\udc9a jav\u00edtja a sz\u00edv eg\u00e9szs\u00e9g\u00e9t \u00e9s az izomm\u0171k\u00f6d\u00e9st,<\/span><br \/>\n<span style=\"color: #000000\">\ud83d\udc9a seg\u00edti az em\u00e9szt\u00e9st \u00e9s a t\u00e1panyagok felsz\u00edv\u00f3d\u00e1s\u00e1t.<\/span><\/p>\n<h2><span style=\"color: #000000\">Csomagol\u00e1s<\/span><\/h2>\n<p><span style=\"color: #000000\">L\u00e9gmentesen z\u00e1rhat\u00f3 tasak, amelyben a term\u00e9k meg\u0151rzi minden frissess\u00e9g\u00e9t \u00e9s arom\u00e1j\u00e1t. A csomagol\u00e1s v\u00e9d a f\u00e9nyt\u0151l \u00e9s a leveg\u0151t\u0151l, mivel t\u00f6bb v\u00e9d\u0151r\u00e9tegb\u0151l \u00e1ll, amelyek meg\u0151rzik a tartalom tulajdons\u00e1gait.<\/span><\/p>\n<p><span style=\"color: #000000\">A csomagol\u00e1s nagyon praktikus \u00e9s \u00fajrahasznos\u00edthat\u00f3.<\/span><\/p>\n<h2><span style=\"color: #000000\">T\u00e1rol\u00e1s \u00e9s figyelmeztet\u00e9sek<\/span><\/h2>\n<p><span style=\"color: #000000\">H\u0171v\u00f6s, sz\u00e1raz helyen, legfeljebb 25 \u00b0C h\u0151m\u00e9rs\u00e9kleten t\u00e1rolja. Gyermekek el\u0151l elz\u00e1rva tartand\u00f3 \u00e9trend-kieg\u00e9sz\u00edt\u0151!<\/span><br \/>\n<span style=\"color: #000000\">Forduljon orvos\u00e1hoz, ha egyidej\u0171leg antibiotikumokat, csontritkul\u00e1s elleni gy\u00f3gyszereket vagy magas v\u00e9rnyom\u00e1s elleni gy\u00f3gyszereket is szed, mivel a magn\u00e9zium befoly\u00e1solhatja ezek hat\u00e1s\u00e1t.<\/span><br \/>\n<span style=\"color: #000000\">Ne feledje a v\u00e1ltozatos \u00e9trend \u00e9s az eg\u00e9szs\u00e9ges \u00e9letm\u00f3d fontoss\u00e1g\u00e1t, az \u00e9trend-kieg\u00e9sz\u00edt\u0151 nem helyettes\u00edti a kiegyens\u00falyozott \u00e9s v\u00e1ltozatos \u00e9trendet. Az aj\u00e1nlott napi mennyis\u00e9get vagy adagot nem szabad t\u00fall\u00e9pni. Terhes \u00e9s szoptat\u00f3 n\u0151k haszn\u00e1lat el\u0151tt k\u00e9rjenek tan\u00e1csot az orvosukt\u00f3l. Gyerekeknek nem adhat\u00f3.<\/span><\/p>\n<h2><span style=\"color: #000000\">Eredet<\/span><\/h2>\n<p><span style=\"color: #000000\">Jap\u00e1n<\/span><\/p>\n","protected":false},"excerpt":{"rendered":"<p>A Sango korallpornak sz\u00e1mos lehets\u00e9ges eg\u00e9szs\u00e9g\u00fcgyi el\u0151nye \u00e9s hat\u00e1sa van. N\u00e9h\u00e1ny f\u0151 el\u0151ny \u00e9s hat\u00e1s a k\u00f6vetkez\u0151k:<\/p>\n<p>\ud83d\udc9aT\u00e1mogatja az immunrendszert,<br \/>\n\ud83d\udc9a t\u00e1mogatja a csontok, fogak \u00e9s izmok eg\u00e9szs\u00e9g\u00e9t,<br \/>\n\ud83d\udc9a seg\u00edt megel\u0151zni az olyan csontbetegs\u00e9geket, mint a csontritkul\u00e1s,<br \/>\n\ud83d\udc9a seg\u00edt szab\u00e1lyozni a pH-t a szervezetben \u00e9s cs\u00f6kkenti a savass\u00e1got.<\/p>\n","protected":false},"featured_media":6685,"comment_status":"open","ping_status":"closed","template":"","meta":{"_acf_changed":false},"product_brand":[],"product_cat":[224,225],"product_tag":[],"class_list":{"0":"post-6684","1":"product","2":"type-product","3":"status-publish","4":"has-post-thumbnail","6":"product_cat-ajanlat","7":"product_cat-minden-termek","9":"first","10":"instock","11":"sale","12":"taxable","13":"shipping-taxable","14":"purchasable","15":"product-type-simple"},"acf":[],"_links":{"self":[{"href":"https:\/\/fengchashop.com\/hu\/wp-json\/wp\/v2\/product\/6684","targetHints":{"allow":["GET"]}}],"collection":[{"href":"https:\/\/fengchashop.com\/hu\/wp-json\/wp\/v2\/product"}],"about":[{"href":"https:\/\/fengchashop.com\/hu\/wp-json\/wp\/v2\/types\/product"}],"replies":[{"embeddable":true,"href":"https:\/\/fengchashop.com\/hu\/wp-json\/wp\/v2\/comments?post=6684"}],"wp:featuredmedia":[{"embeddable":true,"href":"https:\/\/fengchashop.com\/hu\/wp-json\/wp\/v2\/media\/6685"}],"wp:attachment":[{"href":"https:\/\/fengchashop.com\/hu\/wp-json\/wp\/v2\/media?parent=6684"}],"wp:term":[{"taxonomy":"product_brand","embeddable":true,"href":"https:\/\/fengchashop.com\/hu\/wp-json\/wp\/v2\/product_brand?post=6684"},{"taxonomy":"product_cat","embeddable":true,"href":"https:\/\/fengchashop.com\/hu\/wp-json\/wp\/v2\/product_cat?post=6684"},{"taxonomy":"product_tag","embeddable":true,"href":"https:\/\/fengchashop.com\/hu\/wp-json\/wp\/v2\/product_tag?post=6684"}],"curies":[{"name":"wp","href":"https:\/\/api.w.org\/{rel}","templated":true}]}}