{"id":6682,"date":"2023-12-07T18:37:57","date_gmt":"2023-12-07T17:37:57","guid":{"rendered":"https:\/\/fengchashop.com\/hu\/product\/nac-n-acetilcisztein-kapszulaban-120-kapszula\/"},"modified":"2026-05-11T23:32:02","modified_gmt":"2026-05-11T21:32:02","slug":"nac-n-acetilcisztein-kapszulaban","status":"publish","type":"product","link":"https:\/\/fengchashop.com\/hu\/product\/nac-n-acetilcisztein-kapszulaban\/","title":{"rendered":"NAC (N-acetilcisztein) kapszul\u00e1ban 120 kapszula"},"content":{"rendered":"<h2><span style=\"color: #000000\">NAC (N-acetilcisztein)<\/span><\/h2>\n<p><span style=\"color: #000000\">Az N-acetil-cisztein (N-acetilcisztein vagy NAC) a cisztein aminosav alap\u00fa \u00e9trend-kieg\u00e9sz\u00edt\u0151. A cisztein a feh\u00e9rje fontos \u00e9p\u00edt\u0151k\u00f6ve, \u00e9s sz\u00e1mos fontos szerepet t\u00f6lt be a szervezetben. A NAC egyed\u00fcl\u00e1ll\u00f3 tulajdons\u00e1gokkal rendelkezik, amelyek n\u00e9pszer\u0171v\u00e9 tett\u00e9k kieg\u00e9sz\u00edt\u0151k\u00e9nt, \u00e9s sz\u00e9les k\u00f6rben haszn\u00e1lj\u00e1k gy\u00f3gy\u00e1szatilag is. Ez egy olyan anyag, amely a szervezetben a glutation antioxid\u00e1ns enzim prekurzorak\u00e9nt m\u0171k\u00f6dik.<\/span><\/p>\n<h2><span style=\"color: #000000\">Mit\u0151l olyan k\u00fcl\u00f6nleges \u00e9s m\u00e1s a NAC?<\/span><\/h2>\n<p><span style=\"color: #000000\">Az N-acetil-ciszteint \u00e1ltal\u00e1ban az L-cisztein aminosavb\u00f3l \u00e1ll\u00edtj\u00e1k el\u0151, amely sz\u00e1mos feh\u00e9rjetartalm\u00fa \u00e9lelmiszerben tal\u00e1lhat\u00f3, p\u00e9ld\u00e1ul baromfiban, halban, toj\u00e1sban \u00e9s tejterm\u00e9kekben. A cisztein esszenci\u00e1lis aminosav, ami azt jelenti, hogy a szervezetnek sz\u00fcks\u00e9ge van r\u00e1 a norm\u00e1lis m\u0171k\u00f6d\u00e9shez, de m\u00e1s aminosavakb\u00f3l, p\u00e9ld\u00e1ul a metioninb\u00f3l is beszerezhet\u0151.<\/span><\/p>\n<p><span style=\"color: #000000\">A cisztein kulcsfontoss\u00e1g\u00fa \u00f6sszetev\u0151, amelyre szervezet\u00fcnknek sz\u00fcks\u00e9ge van, mivel sz\u00e1mos kulcsfontoss\u00e1g\u00fa folyamatban j\u00e1tszik fontos szerepet. Egyik k\u00f6zponti szerepe, hogy r\u00e9szt vegyen a glutation helyre\u00e1ll\u00edt\u00e1s\u00e1ban, amely szervezet\u00fcnk leger\u0151sebb antioxid\u00e1nsa. A glutation n\u00e9lk\u00fcl\u00f6zhetetlen a szervezet sejtjeinek a szabad gy\u00f6k\u00f6k okozta k\u00e1rosod\u00e1s\u00e1t\u00f3l val\u00f3 v\u00e9delm\u00e9hez \u00e9s a v\u00e9dekez\u0151 mechanizmusok teljes rendszer\u00e9nek fenntart\u00e1s\u00e1hoz.<\/span><\/p>\n<h2><span style=\"color: #000000\">Hat\u00e1sok, amelyek pozit\u00edv hat\u00e1ssal vannak eg\u00e9szs\u00e9g\u00fcnkre \u00e9s szervezet\u00fcnkre<\/span><\/h2>\n<p><span style=\"color: #000000\">A NAC sz\u00e1mos lehets\u00e9ges eg\u00e9szs\u00e9g\u00fcgyi el\u0151nnyel \u00e9s hat\u00e1ssal rendelkezik. N\u00e9h\u00e1ny f\u0151 el\u0151ny \u00e9s hat\u00e1s a k\u00f6vetkez\u0151k:<\/span><br \/>\n<span style=\"color: #000000\">\ud83d\udc9a Er\u0151teljes antioxid\u00e1ns, amely elt\u00e1vol\u00edtja a szabad gy\u00f6k\u00f6ket,<\/span><br \/>\n<span style=\"color: #000000\">\ud83d\udc9a pozit\u00edv hat\u00e1ssal van az immunrendszerre \u00e9s el\u0151seg\u00edti az immunrendszer eg\u00e9szs\u00e9g\u00e9t,<\/span><br \/>\n<span style=\"color: #000000\">\ud83d\udc9a cs\u00f6kkenti az influenza \u00e9s a megf\u00e1z\u00e1s t\u00fcneteinek el\u0151fordul\u00e1s\u00e1t \u00e9s s\u00falyoss\u00e1g\u00e1t, valamint ler\u00f6vid\u00edti a betegs\u00e9g id\u0151tartam\u00e1t,<\/span><br \/>\n<span style=\"color: #000000\">\ud83d\udc9a vastag ny\u00e1lka h\u00edg\u00edt\u00e1s\u00e1ra \u00e9s l\u00e9gz\u00e9si probl\u00e9m\u00e1k enyh\u00edt\u00e9s\u00e9re is haszn\u00e1lj\u00e1k l\u00e9g\u00fati betegs\u00e9gekben, p\u00e9ld\u00e1ul kr\u00f3nikus obstrukt\u00edv t\u00fcd\u0151betegs\u00e9gben (COPD) \u00e9s ciszt\u00e1s fibr\u00f3zisban,<\/span><br \/>\n<span style=\"color: #000000\">\ud83d\udc9a paracetamol m\u00e9rgez\u00e9s kezel\u00e9s\u00e9re,<\/span><br \/>\n<span style=\"color: #000000\">\ud83d\udc9a befoly\u00e1solja a ment\u00e1lis eg\u00e9szs\u00e9get, hasznos olyan rendelleness\u00e9gek kezel\u00e9s\u00e9ben, mint a r\u00f6geszm\u00e9s-k\u00e9nyszeres rendelleness\u00e9g (OCD) \u00e9s a depresszi\u00f3,<\/span><br \/>\n<span style=\"color: #000000\">\ud83d\udc9a cs\u00f6kkenti bizonyos neurol\u00f3giai rendelleness\u00e9gek t\u00fcneteit, mint p\u00e9ld\u00e1ul a skizofr\u00e9nia \u00e9s a hangulati zavarok,<\/span><br \/>\n<span style=\"color: #000000\">\ud83d\udc9a seg\u00edt a szenved\u00e9lybetegs\u00e9gek kezel\u00e9s\u00e9ben, mint az alkoholizmus, a doh\u00e1nyz\u00e1s \u00e9s a k\u00e1b\u00edt\u00f3szer-f\u00fcgg\u0151s\u00e9g,<\/span><br \/>\n<span style=\"color: #000000\">\ud83d\udc9a j\u00f3t\u00e9kony hat\u00e1ssal van bizonyos m\u00e1jbetegs\u00e9gekre, p\u00e9ld\u00e1ul m\u00e1jfibr\u00f3zisra,<\/span><br \/>\n<span style=\"color: #000000\">\ud83d\udc9aSeg\u00edt a m\u00e9regtelen\u00edt\u00e9sben \u00e9s a tiszt\u00edt\u00e1sban.<\/span><\/p>\n<h2><span style=\"color: #000000\">Csomagol\u00e1s<\/span><\/h2>\n<p><span style=\"color: #000000\">L\u00e9gmentesen z\u00e1rhat\u00f3 tasak, amelyben a term\u00e9k meg\u0151rzi minden frissess\u00e9g\u00e9t \u00e9s arom\u00e1j\u00e1t. A csomagol\u00e1s v\u00e9d a f\u00e9nyt\u0151l \u00e9s a leveg\u0151t\u0151l, mivel t\u00f6bb v\u00e9delmi r\u00e9tegb\u0151l \u00e1ll, amelyek meg\u0151rzik a tartalom tulajdons\u00e1gait.<\/span><\/p>\n<p><span style=\"color: #000000\">A csomagol\u00e1s nagyon praktikus \u00e9s lehet\u0151v\u00e9 teszi az \u00fajrahasznos\u00edt\u00e1st.<\/span><\/p>\n<h2 style=\"text-align: justify\"><span style=\"color: #000000\">T\u00e1rol\u00e1s \u00e9s figyelmeztet\u00e9sek<\/span><\/h2>\n<p style=\"text-align: justify\"><span style=\"color: #000000\">Sz\u00e1raz \u00e9s h\u0171v\u00f6s helyen, legfeljebb 25\u00b0C-on t\u00e1roland\u00f3. Az \u00e9trend-kieg\u00e9sz\u00edt\u0151t tartsa gyermekekt\u0151l t\u00e1vol!<\/span><\/p>\n<p style=\"text-align: justify\"><span style=\"color: #000000\">Besz\u00e9ljen kezel\u0151orvos\u00e1val, ha antibiotikumokat, csontritkul\u00e1s elleni gy\u00f3gyszereket vagy magas v\u00e9rnyom\u00e1s elleni gy\u00f3gyszereket is szed, mivel a magn\u00e9zium befoly\u00e1solhatja azok m\u0171k\u00f6d\u00e9s\u00e9t.<\/span><\/p>\n<p style=\"text-align: justify\"><span style=\"color: #000000\">Ne feledkezz\u00fcnk meg a v\u00e1ltozatos \u00e9trend \u00e9s az eg\u00e9szs\u00e9ges \u00e9letm\u00f3d fontoss\u00e1g\u00e1r\u00f3l, az \u00e9trend-kieg\u00e9sz\u00edt\u0151 ez\u00e9rt nem helyettes\u00edti a kiegyens\u00falyozott \u00e9s v\u00e1ltozatos \u00e9trendet. Az aj\u00e1nlott napi mennyis\u00e9get vagy adagot nem szabad t\u00fall\u00e9pni. Terhes \u00e9s szoptat\u00f3 any\u00e1knak mindig tan\u00e1csos orvoshoz fordulni haszn\u00e1lat el\u0151tt. Gyermekek sz\u00e1m\u00e1ra nem alkalmas.<\/span><\/p>\n","protected":false},"excerpt":{"rendered":"<p>Az N-acetil-cisztein (N-acetilcisztein vagy NAC) a cisztein aminosav alap\u00fa \u00e9trend-kieg\u00e9sz\u00edt\u0151. A cisztein a feh\u00e9rje fontos \u00e9p\u00edt\u0151k\u00f6ve, \u00e9s sz\u00e1mos fontos szerepet t\u00f6lt be a szervezetben. A NAC egyed\u00fcl\u00e1ll\u00f3 tulajdons\u00e1gokkal rendelkezik, amelyek n\u00e9pszer\u0171v\u00e9 tett\u00e9k kieg\u00e9sz\u00edt\u0151k\u00e9nt, \u00e9s sz\u00e9les k\u00f6rben haszn\u00e1lj\u00e1k gy\u00f3gy\u00e1szatilag is.<\/p>\n<p>\ud83d\udc9a Pozit\u00edv hat\u00e1ssal van az immunrendszerre.<br \/>\n\ud83d\udc9a Cs\u00f6kkenti az influenza \u00e9s a megf\u00e1z\u00e1s t\u00fcneteinek el\u0151fordul\u00e1s\u00e1t \u00e9s s\u00falyoss\u00e1g\u00e1t.<br \/>\n\ud83d\udc9a Cs\u00f6kkenti egyes neurol\u00f3giai rendelleness\u00e9gek t\u00fcneteit.<br \/>\n\ud83d\udc9a Seg\u00edt a szenved\u00e9lybetegs\u00e9gek kezel\u00e9s\u00e9ben.<br \/>\n\ud83d\udc9a Seg\u00edt a m\u00e9regtelen\u00edt\u00e9sben \u00e9s a tiszt\u00edt\u00e1sban.<\/p>\n","protected":false},"featured_media":6683,"comment_status":"open","ping_status":"closed","template":"","meta":{"_acf_changed":false},"product_brand":[],"product_cat":[224,203,228,225],"product_tag":[],"class_list":{"0":"post-6682","1":"product","2":"type-product","3":"status-publish","4":"has-post-thumbnail","6":"product_cat-ajanlat","7":"product_cat-asvanyi-anyagok-es-vitaminok","8":"product_cat-legkeresettebb","9":"product_cat-minden-termek","11":"first","12":"instock","13":"sale","14":"taxable","15":"shipping-taxable","16":"purchasable","17":"product-type-simple"},"acf":[],"_links":{"self":[{"href":"https:\/\/fengchashop.com\/hu\/wp-json\/wp\/v2\/product\/6682","targetHints":{"allow":["GET"]}}],"collection":[{"href":"https:\/\/fengchashop.com\/hu\/wp-json\/wp\/v2\/product"}],"about":[{"href":"https:\/\/fengchashop.com\/hu\/wp-json\/wp\/v2\/types\/product"}],"replies":[{"embeddable":true,"href":"https:\/\/fengchashop.com\/hu\/wp-json\/wp\/v2\/comments?post=6682"}],"wp:featuredmedia":[{"embeddable":true,"href":"https:\/\/fengchashop.com\/hu\/wp-json\/wp\/v2\/media\/6683"}],"wp:attachment":[{"href":"https:\/\/fengchashop.com\/hu\/wp-json\/wp\/v2\/media?parent=6682"}],"wp:term":[{"taxonomy":"product_brand","embeddable":true,"href":"https:\/\/fengchashop.com\/hu\/wp-json\/wp\/v2\/product_brand?post=6682"},{"taxonomy":"product_cat","embeddable":true,"href":"https:\/\/fengchashop.com\/hu\/wp-json\/wp\/v2\/product_cat?post=6682"},{"taxonomy":"product_tag","embeddable":true,"href":"https:\/\/fengchashop.com\/hu\/wp-json\/wp\/v2\/product_tag?post=6682"}],"curies":[{"name":"wp","href":"https:\/\/api.w.org\/{rel}","templated":true}]}}