{"id":6678,"date":"2023-05-26T08:42:08","date_gmt":"2023-05-26T06:42:08","guid":{"rendered":"https:\/\/fengchashop.com\/hu\/product\/suma-gyoker-por-250-g\/"},"modified":"2026-04-04T10:15:50","modified_gmt":"2026-04-04T08:15:50","slug":"suma-gyoker-por-250-g","status":"publish","type":"product","link":"https:\/\/fengchashop.com\/hu\/product\/suma-gyoker-por-250-g\/","title":{"rendered":"Suma gy\u00f6k\u00e9r por 250 g"},"content":{"rendered":"<h2>Suma gy\u00f6k\u00e9r por<\/h2>\n<div>\n<p><span style=\"color: #000000\">A summa gy\u00f6k\u00e9r egy tudom\u00e1nyosan Pfaffia paniculata n\u00e9ven ismert n\u00f6v\u00e9ny, amely D\u00e9l-Amerik\u00e1ban, f\u0151k\u00e9nt az Amazonas es\u0151erd\u0151ben \u0151shonos. &#8222;Brazil ginzeng&#8221; vagy &#8222;Para Todo&#8221; n\u00e9ven is ismert, ami azt jelenti, hogy &#8222;mindenki sz\u00e1m\u00e1ra&#8221;. A summa gy\u00f6k\u00e9r nagy gy\u00f6kerekkel rendelkez\u0151 \u00e9vel\u0151 n\u00f6v\u00e9ny, amelyet hagyom\u00e1nyosan a gy\u00f3gyn\u00f6v\u00e9nyes gy\u00f3gy\u00e1szatban haszn\u00e1lnak.<\/span><\/p>\n<p><span style=\"color: #000000\">A summa gy\u00f6k\u00e9r sz\u00e1mos biol\u00f3giailag akt\u00edv vegy\u00fcletet tartalmaz, p\u00e9ld\u00e1ul ekdiszteroidokat, poliszacharidokat, fitoszterolokat, glikozidokat \u00e9s sok m\u00e1s fitokemik\u00e1li\u00e1t. \u00d6sszet\u00e9tele miatt adaptog\u00e9n n\u00f6v\u00e9nynek min\u0151s\u00fcl, ami azt jelenti, hogy seg\u00edt a szervezetnek megbirk\u00f3zni a stresszel \u00e9s helyre\u00e1ll\u00edtani az egyens\u00falyt.<\/span><\/p>\n<h2><span style=\"color: #000000\">Melyek a Summa gy\u00f6k\u00e9r fontos hat\u00f3anyagai?<\/span><\/h2>\n<\/div>\n<div>\n<div>\n<p><span style=\"color: #000000\">A Summa gy\u00f6k\u00e9r sz\u00e1mos fontos t\u00e1panyagot \u00e9s bioakt\u00edv vegy\u00fcletet tartalmaz, amelyek el\u0151ny\u00f6sek lehetnek az eg\u00e9szs\u00e9gre.<\/span><\/p>\n<p><span style=\"color: #000000\"> Az ecdisteroidok olyan vegy\u00fcletek, amelyek hasonl\u00f3 szerkezettel rendelkeznek, mint az egyes rovarokban tal\u00e1lhat\u00f3 term\u00e9szetes ekdisteroid hormon. A Suma gy\u00f6k\u00e9rben tal\u00e1lhat\u00f3 ecdisteroidok sz\u00e1mos j\u00f3t\u00e9kony hat\u00e1ssal rendelkeznek, bele\u00e9rtve az \u00e1ll\u00f3k\u00e9pess\u00e9g n\u00f6vel\u00e9s\u00e9t, az izomt\u00f3nus jav\u00edt\u00e1s\u00e1t \u00e9s az edz\u00e9s ut\u00e1ni regener\u00e1l\u00f3d\u00e1s el\u0151seg\u00edt\u00e9s\u00e9t.<\/span><\/p>\n<p><span style=\"color: #000000\">A Summa gy\u00f6k\u00e9r poliszacharidokat <strong>tartalmaz<\/strong>, amelyek \u00f6sszetett sz\u00e9nhidr\u00e1tok. A poliszacharidok t\u00e1mogatj\u00e1k az immunrendszert, el\u0151seg\u00edtik az em\u00e9szt\u0151rendszer eg\u00e9szs\u00e9g\u00e9t \u00e9s hozz\u00e1j\u00e1rulnak a szervezet \u00e1ltal\u00e1nos eg\u00e9szs\u00e9g\u00e9hez.<\/span><\/p>\n<p><span style=\"color: #000000\">A Summa gy\u00f6k\u00e9r <strong>fitoszterolokat tartalmaz<\/strong>, amelyek seg\u00edthetnek <strong>a szervezet koleszterinszintj\u00e9nek szab\u00e1lyoz\u00e1s\u00e1ban<\/strong> \u00e9s <strong>a sz\u00edv eg\u00e9szs\u00e9g\u00e9nek t\u00e1mogat\u00e1s\u00e1ban<\/strong>.<\/span><\/p>\n<p><span style=\"color: #000000\">A summa gy\u00f6k\u00e9r glikozidokat is tartalmaz, amelyek cukorb\u00f3l \u00e9s m\u00e1s molekul\u00e1ris r\u00e9szekb\u0151l \u00e1ll\u00f3 vegy\u00fcletek. A summa gy\u00f6k\u00e9rben tal\u00e1lhat\u00f3 egyes glikozidok j\u00f3t\u00e9kony hat\u00e1ssal lehetnek az eg\u00e9szs\u00e9gre, p\u00e9ld\u00e1ul el\u0151seg\u00edthetik az eg\u00e9szs\u00e9ges v\u00e9rkering\u00e9st.<\/span><\/p>\n<p><span style=\"color: #000000\">Ezen t\u00e1panyagok \u00e9s vegy\u00fcletek mellett a Summa gy\u00f6k\u00e9r <strong>\u00e1sv\u00e1nyi anyagokat, vitaminokat \u00e9s antioxid\u00e1nsokat is tartalmaz<\/strong>, amelyek t\u00e1mogatj\u00e1k az \u00e1ltal\u00e1nos eg\u00e9szs\u00e9get \u00e9s j\u00f3l\u00e9tet.<\/span><\/p>\n<h2><span style=\"color: #000000\">Pozit\u00edv hat\u00e1sok az eg\u00e9szs\u00e9g\u00fcnkre \u00e9s a test\u00fcnkre<\/span><\/h2>\n<\/div>\n<\/div>\n<div>\n<p><span style=\"color: #000000\">A Summa gy\u00f6keret gyakran haszn\u00e1lj\u00e1k \u00e9trend-kieg\u00e9sz\u00edt\u0151k\u00e9nt olyan potenci\u00e1lis eg\u00e9szs\u00e9g\u00fcgyi el\u0151ny\u00f6k miatt, mint az energia n\u00f6vel\u00e9se, az \u00e1ll\u00f3k\u00e9pess\u00e9g jav\u00edt\u00e1sa, az immunrendszer stimul\u00e1l\u00e1sa, a hormonok szab\u00e1lyoz\u00e1sa, a szexu\u00e1lis eg\u00e9szs\u00e9g t\u00e1mogat\u00e1sa \u00e9s az \u00e1ltal\u00e1nos k\u00f6z\u00e9rzet jav\u00edt\u00e1sa.<\/span><\/p>\n<p><span style=\"color: #000000\"><em><strong>A Summa gy\u00f6k\u00e9r hat\u00e1sai k\u00f6z\u00e9 a k\u00f6vetkez\u0151k tartoznak:<\/strong><\/em><\/span><\/p>\n<\/div>\n<div>\n<p><span style=\"color: #000000\">\ud83d\udc9a n\u00f6veli az energi\u00e1t, cs\u00f6kkenti a f\u00e1radts\u00e1got \u00e9s jav\u00edtja az \u00e1ll\u00f3k\u00e9pess\u00e9get,<\/span><br \/>\n<span style=\"color: #000000\">\ud83d\udc9a seg\u00edt a szervezetnek megbirk\u00f3zni a stresszel \u00e9s helyre\u00e1ll\u00edtani az egyens\u00falyt,<\/span><br \/>\n<span style=\"color: #000000\">\ud83d\udc9a nyugtat\u00f3 tulajdons\u00e1gokkal rendelkezik,<\/span><br \/>\n<span style=\"color: #000000\">\ud83d\udc9a t\u00e1mogatja az immunrendszer m\u0171k\u00f6d\u00e9s\u00e9t,<\/span><br \/>\n<span style=\"color: #000000\">\ud83d\udc9a seg\u00edt a szervezet v\u00e9dekez\u0151 rendszer\u00e9nek jav\u00edt\u00e1s\u00e1ban, <\/span><br \/>\n<span style=\"color: #000000\">\ud83d\udc9a t\u00e1mogatja a szexu\u00e1lis eg\u00e9szs\u00e9get \u00e9s a libid\u00f3t,<\/span><br \/>\n<span style=\"color: #000000\">\ud83d\udc9a jav\u00edtja az \u00e1ltal\u00e1nos k\u00f6z\u00e9rzetet, a koncentr\u00e1ci\u00f3t \u00e9s a vitalit\u00e1st.<\/span><\/p>\n<\/div>\n<h2 style=\"text-align: justify\"><span style=\"color: #000000\">T\u00e1rol\u00e1s \u00e9s figyelmeztet\u00e9sek<\/span><\/h2>\n<p><span style=\"color: #000000\">Sz\u00e1raz \u00e9s h\u0171v\u00f6s helyen, legfeljebb 25 \u00b0C h\u0151m\u00e9rs\u00e9kleten t\u00e1roland\u00f3. A t\u00e1pl\u00e1l\u00e9k-kieg\u00e9sz\u00edt\u0151t gyermekekt\u0151l elz\u00e1rva kell tartani!<\/span><\/p>\n<p><span style=\"color: #000000\">Ne feledkezz\u00fcnk meg a v\u00e1ltozatos \u00e9trend \u00e9s az eg\u00e9szs\u00e9ges \u00e9letm\u00f3d fontoss\u00e1g\u00e1r\u00f3l, az \u00e9trend-kieg\u00e9sz\u00edt\u0151 ez\u00e9rt nem helyettes\u00edti a kiegyens\u00falyozott \u00e9s v\u00e1ltozatos \u00e9trendet. Az aj\u00e1nlott napi mennyis\u00e9get vagy adagot nem szabad t\u00fall\u00e9pni.<\/span><\/p>\n<p><span style=\"color: #000000\">Terhes \u00e9s szoptat\u00f3 n\u0151knek nem aj\u00e1nlott a haszn\u00e1lata. A Summa gy\u00f6k\u00e9r fogyaszt\u00e1sa nem aj\u00e1nlott specifikus betegs\u00e9gekben, p\u00e9ld\u00e1ul hormonf\u00fcgg\u0151 r\u00e1kban, autoimmun betegs\u00e9gekben, epilepszi\u00e1ban, v\u00e9rz\u00e9sben vagy b\u00e1rmely m\u00e1s s\u00falyos betegs\u00e9gben szenved\u0151knek. Ha allergi\u00e1s m\u00e1s n\u00f6v\u00e9nyekre, vagy ismert t\u00fal\u00e9rz\u00e9kenys\u00e9ge van, ker\u00fclje a Summa gy\u00f6k\u00e9r haszn\u00e1lat\u00e1t. Javasoljuk, hogy b\u00e1rmilyen eg\u00e9szs\u00e9g\u00fcgyi probl\u00e9ma eset\u00e9n forduljon orvos\u00e1hoz tov\u00e1bbi inform\u00e1ci\u00f3k\u00e9rt.<\/span><\/p>\n<h2><span style=\"color: #000000\">Csomagol\u00e1s<\/span><\/h2>\n<p style=\"text-align: justify\"><span style=\"color: #000000\">L\u00e9gmentesen z\u00e1rhat\u00f3 tasak, amelyben a term\u00e9k meg\u0151rzi minden frissess\u00e9g\u00e9t \u00e9s arom\u00e1j\u00e1t. A csomagol\u00e1s v\u00e9d a f\u00e9nyt\u0151l \u00e9s a leveg\u0151t\u0151l, mivel t\u00f6bb v\u00e9delmi r\u00e9tegb\u0151l \u00e1ll, amelyek meg\u0151rzik a tartalom tulajdons\u00e1gait.<\/span><\/p>\n<p style=\"text-align: justify\"><span style=\"color: #000000\">A csomagol\u00e1s nagyon praktikus \u00e9s \u00fajrahasznos\u00edthat\u00f3.<\/span><\/p>\n<h2 style=\"text-align: justify\"><span style=\"color: #000000\">Sz\u00e1rmaz\u00e1s<\/span><\/h2>\n<p style=\"text-align: justify\"><span style=\"color: #000000\">Braz\u00edlia<\/span><\/p>\n","protected":false},"excerpt":{"rendered":"<p>A Summa gy\u00f6k\u00e9r egy tudom\u00e1nyosan Pfaffia paniculata n\u00e9ven ismert n\u00f6v\u00e9ny, amely D\u00e9l-Amerik\u00e1ban, f\u0151k\u00e9nt az Amazonas es\u0151erd\u0151ben \u0151shonos. &#8222;Brazil ginzeng&#8221; vagy &#8222;Para Todo&#8221; n\u00e9ven is ismert, ami azt jelenti, hogy &#8222;mindenki sz\u00e1m\u00e1ra&#8221;. Nagy gy\u00f6kerekkel rendelkez\u0151 \u00e9vel\u0151 n\u00f6v\u00e9ny, amelyet hagyom\u00e1nyosan a gy\u00f3gyn\u00f6v\u00e9nyes gy\u00f3gy\u00e1szatban haszn\u00e1lnak. Gyakran haszn\u00e1lj\u00e1k \u00e9trend-kieg\u00e9sz\u00edt\u0151k\u00e9nt olyan potenci\u00e1lis eg\u00e9szs\u00e9g\u00fcgyi el\u0151ny\u00f6k miatt, mint az energia n\u00f6vel\u00e9se, az \u00e1ll\u00f3k\u00e9pess\u00e9g jav\u00edt\u00e1sa, az immunrendszer stimul\u00e1l\u00e1sa, a hormonok szab\u00e1lyoz\u00e1sa, a szexu\u00e1lis eg\u00e9szs\u00e9g t\u00e1mogat\u00e1sa \u00e9s az \u00e1ltal\u00e1nos k\u00f6z\u00e9rzet jav\u00edt\u00e1sa.<\/p>\n<p>\ud83d\udc9a Az \u00e1ltal\u00e1nos k\u00f6z\u00e9rzet, a koncentr\u00e1ci\u00f3 \u00e9s a vitalit\u00e1s jav\u00edt\u00e1sa.<br \/>\n\ud83d\udc9a Seg\u00edt a szervezetnek megbirk\u00f3zni a stresszel \u00e9s helyre\u00e1ll\u00edtani az egyens\u00falyt.<br \/>\n\ud83d\udc9a T\u00e1mogatja a szexu\u00e1lis eg\u00e9szs\u00e9get \u00e9s a libid\u00f3t.<br \/>\n\ud83d\udc9a N\u00f6veli az energi\u00e1t, cs\u00f6kkenti a f\u00e1radts\u00e1got \u00e9s jav\u00edtja az \u00e1ll\u00f3k\u00e9pess\u00e9get.<\/p>\n","protected":false},"featured_media":6679,"comment_status":"open","ping_status":"closed","template":"","meta":{"_acf_changed":false},"product_brand":[],"product_cat":[224,225,195],"product_tag":[],"class_list":{"0":"post-6678","1":"product","2":"type-product","3":"status-publish","4":"has-post-thumbnail","6":"product_cat-ajanlat","7":"product_cat-minden-termek","8":"product_cat-szuperelelmiszer","10":"first","11":"instock","12":"sale","13":"taxable","14":"shipping-taxable","15":"purchasable","16":"product-type-simple"},"acf":[],"_links":{"self":[{"href":"https:\/\/fengchashop.com\/hu\/wp-json\/wp\/v2\/product\/6678","targetHints":{"allow":["GET"]}}],"collection":[{"href":"https:\/\/fengchashop.com\/hu\/wp-json\/wp\/v2\/product"}],"about":[{"href":"https:\/\/fengchashop.com\/hu\/wp-json\/wp\/v2\/types\/product"}],"replies":[{"embeddable":true,"href":"https:\/\/fengchashop.com\/hu\/wp-json\/wp\/v2\/comments?post=6678"}],"wp:featuredmedia":[{"embeddable":true,"href":"https:\/\/fengchashop.com\/hu\/wp-json\/wp\/v2\/media\/6679"}],"wp:attachment":[{"href":"https:\/\/fengchashop.com\/hu\/wp-json\/wp\/v2\/media?parent=6678"}],"wp:term":[{"taxonomy":"product_brand","embeddable":true,"href":"https:\/\/fengchashop.com\/hu\/wp-json\/wp\/v2\/product_brand?post=6678"},{"taxonomy":"product_cat","embeddable":true,"href":"https:\/\/fengchashop.com\/hu\/wp-json\/wp\/v2\/product_cat?post=6678"},{"taxonomy":"product_tag","embeddable":true,"href":"https:\/\/fengchashop.com\/hu\/wp-json\/wp\/v2\/product_tag?post=6678"}],"curies":[{"name":"wp","href":"https:\/\/api.w.org\/{rel}","templated":true}]}}