{"id":6676,"date":"2023-04-25T08:55:03","date_gmt":"2023-04-25T06:55:03","guid":{"rendered":"https:\/\/fengchashop.com\/hu\/product\/senna-por-bio-250-g\/"},"modified":"2026-03-24T06:09:26","modified_gmt":"2026-03-24T05:09:26","slug":"senna-por-bio","status":"publish","type":"product","link":"https:\/\/fengchashop.com\/hu\/product\/senna-por-bio\/","title":{"rendered":"Szenna (Senna) por BIO 250 g"},"content":{"rendered":"<h2 style=\"text-align: justify\"><span style=\"color: #000000\">Szenna BIO<\/span><\/h2>\n<p style=\"text-align: justify\"><span style=\"color: #000000\">A Szenna az arab t\u00e1jakr\u00f3l sz\u00e1rmazik, pontosabban Egyiptomb\u00f3l, mivel eredetileg az arab orvosi k\u00f6nyvekben eml\u00edtik a <strong>kr. ut\u00e1ni 9. sz\u00e1zadban<\/strong>. El\u0151sz\u00f6r az \u00f3kori g\u00f6r\u00f6g \u00e9s ayuverikus gy\u00f3gy\u00e1szatban haszn\u00e1lt\u00e1k. Ma a Senna sz\u00e9les k\u00f6rben elterjedt a N\u00edlus ment\u00e9n, valamint Indi\u00e1ban, K\u00edn\u00e1ban, Ceylonban \u00e9s Marokk\u00f3ban.<\/span><\/p>\n<h2 style=\"text-align: justify\"><span style=\"color: #000000\">Mi az a Senna?<\/span><\/h2>\n<p style=\"text-align: justify\"><span style=\"color: #000000\">A Senna a<strong> Senna alexandrina <\/strong>n\u00f6v\u00e9ny <strong>term\u00e9se (h\u00fcvelye),<\/strong> \u00e9s a bors\u00f3f\u00e9l\u00e9k csal\u00e1dj\u00e1ba tartozik. Ez egy kis bokor, amely hossz\u00fa, el\u00e1gaz\u00f3 \u00e1gakkal \u00e9s s\u00e1rga vir\u00e1gokkal rendelkezik, amelyb\u0151l t\u00e9glalap alak\u00fa, lapos gy\u00fcm\u00f6lcs\u00f6k n\u0151nek. A leveleket \u00e1ltal\u00e1ban a vir\u00e1gz\u00e1s el\u0151tt vagy alatt sz\u00fcretelik, m\u00edg a h\u00fcvelyeket \u00e1ltal\u00e1ban \u0151sszel sz\u00fcretelik, amikor \u00e9rnek. Gy\u00f3gyhat\u00e1s\u00e1nak k\u00f6sz\u00f6nhet\u0151en a Senna leveleit \u00e9s h\u00fcvelyeit nagyon r\u00e9g\u00f3ta haszn\u00e1lj\u00e1k a hagyom\u00e1nyos orvosl\u00e1sban. A levelekr\u0151l azt mondj\u00e1k, hogy er\u0151sebbek, mint a h\u00fcvelyek, \u00e9s alkalmank\u00e9nt <strong>enyhe hashajt\u00f3 tulajdons\u00e1gaik miatt haszn\u00e1lj\u00e1k \u0151ket<\/strong>. A Szenn\u00e1t a m\u00faltban m\u00e1s vermifuga (fokhagyma, \u00fcr\u00f6m, fekete di\u00f3 \u00e9s szegf\u0171szeg) \u00e9s katartikus (aloe capsicum, cascara sagrada, barberis \u00e9s t\u00f6r\u00f6k rebarbara) gy\u00f3gyn\u00f6v\u00e9nyekkel egy\u00fctt alkalmazt\u00e1k, amelyekr\u0151l ismert, hogy <strong>seg\u00edtenek elt\u00e1vol\u00edtani a f\u00e9rgeket \u00e9s a parazit\u00e1kat, k\u00fcl\u00f6n\u00f6sen a b\u00e9lb\u0151l<\/strong>.<\/span><\/p>\n<p style=\"text-align: justify\"><span style=\"color: #000000\">A Szenn\u00e1t az Egyes\u00fclt \u00c1llamokban <strong>az FDA hashajt\u00f3k\u00e9nt hagyta j\u00f3v\u00e1 a r\u00f6vid t\u00e1v\u00fa sz\u00e9kreked\u00e9s kezel\u00e9s\u00e9re<\/strong>. Gy\u00f3gyn\u00f6v\u00e9nyk\u00e9nt mag\u00e1ban kell szedni, \u00e9s csak addig, am\u00edg az akut sz\u00e9kreked\u00e9s megsz\u00fcntet\u00e9s\u00e9hez sz\u00fcks\u00e9ges. A Szenn\u00e1t az ayurv\u00e9d\u00e1ban is haszn\u00e1lj\u00e1k a m\u00e1j, a b\u0151r \u00e9s a v\u00e9r k\u00fcl\u00f6nb\u00f6z\u0151 egyens\u00falyhi\u00e1nyainak kezel\u00e9s\u00e9re.<\/span><\/p>\n<h2 style=\"text-align: justify\"><span style=\"color: #000000\">Hat\u00e1sok<\/span><\/h2>\n<p style=\"text-align: justify\"><span style=\"color: #000000\">A Szenna <strong>katartikus \u00e9s purgat\u00edv tulajdons\u00e1gair\u00f3l ismert<\/strong>, amelyek felgyors\u00edtj\u00e1k a sz\u00e9klet elvezet\u00e9s\u00e9t. <strong>Antrakinon-sz\u00e1rmaz\u00e9kokat <\/strong>\u00e9s azok <strong>gl\u00fckozidjait <\/strong>tartalmazza , amelyekr\u0151l ismert, hogy gerjesztik a vastagb\u00e9l <strong>idegeit<\/strong> \u00e9s serkentik az <strong>er\u0151s b\u00e9lmozg\u00e1sokat<\/strong>. Ezek az anyagok jelen vannak a kaskar\u00e1ban, az aloe ver\u00e1ban \u00e9s a rebarbar\u00e1ban is. A Szenn\u00e1ban gl\u00fckozid-\u00f6sszetev\u0151k tal\u00e1lhat\u00f3k, amelyeket szennozidoknak neveznek. A szennozidok f\u0151 funkci\u00f3ja <strong>a vastagb\u00e9l ny\u00e1lkah\u00e1rty\u00e1j\u00e1nak szelekt\u00edv irrit\u00e1ci\u00f3ja<\/strong>, amely kiv\u00e1ltja a simaizmok perisztaltikus mozg\u00e1s\u00e1t, \u00e9s a sz\u00e9klet b\u00e9lben t\u00f6rt\u00e9n\u0151 \u00e1thalad\u00e1s\u00e1t okozza. Seg\u00edt az \u00e1tmeneti folyad\u00e9kretenci\u00f3 eset\u00e9n is a vastagb\u00e9lben, <strong>megk\u00f6nny\u00edtve a sz\u00e9klet\u00fcr\u00edt\u00e9st<\/strong>.<\/span><\/p>\n<p><span style=\"color: #000000\">A Szenna<\/span><\/p>\n<p style=\"text-align: justify\"><span style=\"color: #000000\">levelek <strong>mikrot\u00e1panyagokat tartalmaznak<\/strong>, p\u00e9ld\u00e1ul glikozidokat, bele\u00e9rtve az A \u00e9s B szennozidokat, valamint fitokemik\u00e1li\u00e1kat, antrakinon-sz\u00e1rmaz\u00e9kokat (palmitinsav \u00e9s sztearinsav, gyantatartalm\u00fa anyagok, antranol, krizofanol, aloemodin, canferrol \u00e9s a miristil alkohol).<\/span><\/p>\n<h2 style=\"text-align: justify\"><span style=\"color: #000000\">A Szenna legf\u0151bb tulajdons\u00e1gai<\/span><\/h2>\n<p style=\"text-align: justify\"><span style=\"color: #000000\">A sz\u00e9kreked\u00e9s kezel\u00e9se mellett a Szenna seg\u00edt a belek tiszt\u00edt\u00e1s\u00e1ban is az olyan elj\u00e1r\u00e1sokra val\u00f3 el\u0151k\u00e9sz\u00fcletk\u00e9nt, mint a <strong>kolonoszk\u00f3pia<\/strong>. A Szenn\u00e1t az emberek irrit\u00e1bilis b\u00e9l szindr\u00f3ma \u00e9s arany\u00e9r kezel\u00e9s\u00e9re is haszn\u00e1lj\u00e1k.<\/span><\/p>\n<p style=\"text-align: justify\"><span style=\"color: #000000\">A kolonoszk\u00f3pi\u00e1s elj\u00e1r\u00e1s el\u0151tt a kolonoszk\u00f3pi\u00e1t v\u00e9gz\u0151orvos speci\u00e1lis elj\u00e1r\u00e1st \u00edr el\u0151 a vastagb\u00e9l \u00fcr\u00edt\u00e9s\u00e9re, amelyet a betegnek be kell tartania. A Szenna or\u00e1lis bevitele ugyanolyan hat\u00e9kony a b\u00e9l tiszt\u00edt\u00e1s\u00e1ban, mint a ricinusolaj \u00e9s a biscodil, \u00e9s seg\u00edt a <strong>vastagb\u00e9l ki\u00fcr\u00edt\u00e9s\u00e9ben kolonoszk\u00f3pia el\u0151tt<\/strong>.<\/span><\/p>\n<p style=\"text-align: justify\"><span style=\"color: #000000\">A Szenna a sz\u00e9kreked\u00e9s <strong>r\u00f6vid t\u00e1v\u00fa kezel\u00e9s\u00e9re is hasznos<\/strong>. A Szenna ugyanolyan hasznosnak t\u0171nik a sz\u00e9kreked\u00e9s enyh\u00edt\u00e9s\u00e9ben az opioidokat vagy loperamidot szed\u0151 emberekn\u00e9l, mint a laktul\u00f3z, a psillium \u00e9s a dox\u00e1t. Az is ismert, hogy a Szenna \u00e9s a psilium hat\u00e9konyabbak, mint a laktul\u00f3z az id\u0151sek tart\u00f3s sz\u00e9kreked\u00e9s\u00e9nek kezel\u00e9s\u00e9ben.<\/span><\/p>\n<p style=\"text-align: justify\"><span style=\"color: #000000\"><em><strong>Egy\u00e9b hat\u00e1sok:<\/strong><\/em><\/span><\/p>\n<p><span style=\"color: #000000\">\ud83d\udc9a t\u00e1mogatja az eg\u00e9szs\u00e9ges b\u00e9lmozg\u00e1st,<\/span><br \/>\n<span style=\"color: #000000\">\ud83d\udc9a t\u00e1mogatja a b\u0151r eg\u00e9szs\u00e9g\u00e9t,<\/span><br \/>\n<span style=\"color: #000000\">\ud83d\udc9a t\u00e1mogatja a m\u00e1j eg\u00e9szs\u00e9g\u00e9t.<\/span><\/p>\n<p style=\"text-align: justify\"><span style=\"color: #000000\">A Szenn\u00e1t azonban nem csak gy\u00f3gy\u00e1szati c\u00e9lokra haszn\u00e1lj\u00e1k, egyesek term\u00e9szetes hajfest\u00e9kk\u00e9nt vagy haj\u00e1pol\u00e1si term\u00e9kk\u00e9nt haszn\u00e1lj\u00e1k, mivel a Szenna selymes tapint\u00e1st, ragyog\u00e1st \u00e9s volument k\u00f6lcs\u00f6n\u00f6z a hajnak.<\/span><\/p>\n<h2 style=\"text-align: justify\"><span style=\"color: #000000\">T\u00e1rol\u00e1s \u00e9s figyelmeztet\u00e9sek<\/span><\/h2>\n<p style=\"text-align: justify\"><span style=\"color: #000000\">Sz\u00e1raz \u00e9s h\u0171v\u00f6s helyen, legfeljebb 25\u00b0C-on t\u00e1roland\u00f3. Az \u00e9trend-kieg\u00e9sz\u00edt\u0151t tartsa gyermekekt\u0151l t\u00e1vol!<\/span><\/p>\n<p style=\"text-align: justify\"><span style=\"color: #000000\">Ne feledkezz\u00fcnk meg a v\u00e1ltozatos \u00e9trend \u00e9s az eg\u00e9szs\u00e9ges \u00e9letm\u00f3d fontoss\u00e1g\u00e1r\u00f3l, az \u00e9trend-kieg\u00e9sz\u00edt\u0151 ez\u00e9rt nem helyettes\u00edti a kiegyens\u00falyozott \u00e9s v\u00e1ltozatos \u00e9trendet. Az aj\u00e1nlott napi mennyis\u00e9get vagy adagot nem szabad t\u00fall\u00e9pni.<\/span><\/p>\n<p style=\"text-align: justify\"><span style=\"color: #000000\">Terhes \u00e9s szoptat\u00f3 n\u0151knek nem aj\u00e1nlott a haszn\u00e1lata. <\/span><\/p>\n<p style=\"text-align: justify\"><span style=\"color: #000000\">F\u00e1jdalom vagy hasmen\u00e9s eset\u00e9n a Szenna haszn\u00e1lata nem aj\u00e1nlott. Hasmen\u00e9s vagy vizes sz\u00e9klet eset\u00e9n azonnal hagyja abba a Szenna haszn\u00e1lat\u00e1t.<\/span><\/p>\n<p style=\"text-align: justify\"><span style=\"color: #000000\">Ha b\u00e1rmilyen eg\u00e9szs\u00e9g\u00fcgyi probl\u00e9m\u00e1ja van, javasoljuk, hogy tov\u00e1bbi inform\u00e1ci\u00f3k\u00e9rt forduljon kezel\u0151orvos\u00e1hoz, k\u00fcl\u00f6n\u00f6sen, ha egyidej\u0171leg b\u00e1rmilyen gy\u00f3gyszert szed.<\/span><\/p>\n<h2 style=\"text-align: justify\"><span style=\"color: #000000\">Csomagol\u00e1s<\/span><\/h2>\n<p style=\"text-align: justify\"><span style=\"color: #000000\">L\u00e9gmentesen z\u00e1rhat\u00f3 tasak, amelyben a term\u00e9k meg\u0151rzi minden frissess\u00e9g\u00e9t \u00e9s arom\u00e1j\u00e1t. A csomagol\u00e1s v\u00e9d a f\u00e9nyt\u0151l \u00e9s a leveg\u0151t\u0151l, mivel t\u00f6bb v\u00e9delmi r\u00e9tegb\u0151l \u00e1ll, amelyek meg\u0151rzik a tartalom tulajdons\u00e1gait.<\/span><\/p>\n<p style=\"text-align: justify\"><span style=\"color: #000000\">A csomagol\u00e1s nagyon praktikus \u00e9s \u00fajrahasznos\u00edthat\u00f3.<\/span><\/p>\n<h2 style=\"text-align: justify\"><span style=\"color: #000000\">Sz\u00e1rmaz\u00e1s<\/span><\/h2>\n<p style=\"text-align: justify\"><span style=\"color: #000000\">India<\/span><\/p>\n","protected":false},"excerpt":{"rendered":"<p>A Szenna az arab f\u00f6ldekr\u0151l sz\u00e1rmazik, pontosabban Egyiptomb\u00f3l, a Senna alexandrina n\u00f6v\u00e9ny levele vagy gy\u00fcm\u00f6lcse (h\u00fcvelye), \u00e9s a bors\u00f3f\u00e9l\u00e9k csal\u00e1dj\u00e1ba tartozik. A Szenna katartikus \u00e9s purgat\u00edv tulajdons\u00e1gair\u00f3l ismert, amelyek felgyors\u00edtj\u00e1k a sz\u00e9klet elvezet\u00e9s\u00e9t. Antrakinon-sz\u00e1rmaz\u00e9kokat \u00e9s azok gl\u00fckozidjait tartalmazza, amelyekr\u0151l ismert, hogy gerjesztik a vastagb\u00e9l idegeit \u00e9s serkentik az er\u0151s b\u00e9lmozg\u00e1sokat.<\/p>\n<p>\ud83d\udc9a hasznos a sz\u00e9kreked\u00e9s r\u00f6vid t\u00e1v\u00fa kezel\u00e9s\u00e9re,<br \/>\n\ud83d\udc9a egyesek a Szenn\u00e1t term\u00e9szetes hajfest\u00e9kk\u00e9nt haszn\u00e1lj\u00e1k,<br \/>\n\ud83d\udc9a t\u00e1mogatja az eg\u00e9szs\u00e9ges b\u00e9lmozg\u00e1st,<br \/>\n\ud83d\udc9a katartikus \u00e9s purgat\u00edv tulajdons\u00e1gair\u00f3l ismert, amelyek felgyors\u00edtj\u00e1k a sz\u00e9klet elvezet\u00e9s\u00e9t.<\/p>\n","protected":false},"featured_media":6677,"comment_status":"open","ping_status":"closed","template":"","meta":{"_acf_changed":false},"product_brand":[],"product_cat":[224,194,225,195],"product_tag":[],"class_list":{"0":"post-6676","1":"product","2":"type-product","3":"status-publish","4":"has-post-thumbnail","6":"product_cat-ajanlat","7":"product_cat-ajurveda","8":"product_cat-minden-termek","9":"product_cat-szuperelelmiszer","11":"first","12":"outofstock","13":"taxable","14":"shipping-taxable","15":"purchasable","16":"product-type-simple"},"acf":[],"_links":{"self":[{"href":"https:\/\/fengchashop.com\/hu\/wp-json\/wp\/v2\/product\/6676","targetHints":{"allow":["GET"]}}],"collection":[{"href":"https:\/\/fengchashop.com\/hu\/wp-json\/wp\/v2\/product"}],"about":[{"href":"https:\/\/fengchashop.com\/hu\/wp-json\/wp\/v2\/types\/product"}],"replies":[{"embeddable":true,"href":"https:\/\/fengchashop.com\/hu\/wp-json\/wp\/v2\/comments?post=6676"}],"wp:featuredmedia":[{"embeddable":true,"href":"https:\/\/fengchashop.com\/hu\/wp-json\/wp\/v2\/media\/6677"}],"wp:attachment":[{"href":"https:\/\/fengchashop.com\/hu\/wp-json\/wp\/v2\/media?parent=6676"}],"wp:term":[{"taxonomy":"product_brand","embeddable":true,"href":"https:\/\/fengchashop.com\/hu\/wp-json\/wp\/v2\/product_brand?post=6676"},{"taxonomy":"product_cat","embeddable":true,"href":"https:\/\/fengchashop.com\/hu\/wp-json\/wp\/v2\/product_cat?post=6676"},{"taxonomy":"product_tag","embeddable":true,"href":"https:\/\/fengchashop.com\/hu\/wp-json\/wp\/v2\/product_tag?post=6676"}],"curies":[{"name":"wp","href":"https:\/\/api.w.org\/{rel}","templated":true}]}}