{"id":6668,"date":"2023-06-13T08:47:12","date_gmt":"2023-06-13T06:47:12","guid":{"rendered":"https:\/\/fengchashop.com\/hu\/product\/jiaogulan-gynostemma-por-250-g\/"},"modified":"2026-04-29T11:05:27","modified_gmt":"2026-04-29T09:05:27","slug":"jiaogulan-gynostemma-por","status":"publish","type":"product","link":"https:\/\/fengchashop.com\/hu\/product\/jiaogulan-gynostemma-por\/","title":{"rendered":"Jiaogulan Gynostemma por 250 g"},"content":{"rendered":"<h2 style=\"text-align: justify\"><span style=\"color: #000000\">Mi az a\u00a0Jiaogulan \u00e9s honnan sz\u00e1rmazik?<\/span><\/h2>\n<div style=\"text-align: justify\">\n<p><span style=\"color: #000000\">A Jiaogulan, m\u00e1s n\u00e9ven <strong>Gynostemma vagy Jiao Gu Lan<\/strong> egy K\u00edn\u00e1ban, Burm\u00e1ban, \u00c9szak-Thaif\u00f6ld\u00f6n, Kore\u00e1ban \u00e9s Jap\u00e1nban \u0151shonos n\u00f6v\u00e9ny. A hagyom\u00e1nyos k\u00ednai orvosl\u00e1sban \u00e9vsz\u00e1zadok \u00f3ta haszn\u00e1lj\u00e1k <strong>gy\u00f3gy\u00e1szati tulajdons\u00e1gai miatt<\/strong>. A &#8222;<strong>halhatatlans\u00e1g n\u00f6v\u00e9ny\u00e9nek<\/strong>&#8221; is nevezik, mivel sz\u00e1mos olyan hat\u00f3anyagot tartalmaz, amelyek <strong>fontosak a hossz\u00fa \u00e9lethez<\/strong>.<\/span><\/p>\n<p><span style=\"color: #000000\">A Jiaogulan Gynostemma egy tudom\u00e1nyosan alaposan kutatott gy\u00f3gyn\u00f6v\u00e9ny, melynek sz\u00e1mos pozit\u00edv hat\u00e1s tulajdon\u00edthat\u00f3. Mindenekel\u0151tt <strong>hat a gyullad\u00e1sok ellen, m\u00e9regtelen\u00edt \u00e9s \u00f6reged\u00e9sg\u00e1tl\u00f3 hat\u00e1s\u00fa<\/strong>. A jiaogulan <strong>er\u0151s antioxid\u00e1ns<\/strong> is. <strong>N\u00f6veli az energi\u00e1t<\/strong>, <strong>Egyens\u00falyba<\/strong> helyezi a testet \u00e9s jav\u00edtja az \u00e1ltal\u00e1nos k\u00f6z\u00e9rzetet. A hagyom\u00e1nyos k\u00ednai orvosl\u00e1s szerint j\u00f3t\u00e9kony hat\u00e1ssal van a kr\u00f3nikus f\u00e1radts\u00e1g szindr\u00f3m\u00e1ra \u00e9s a sz\u00edvdobog\u00e1s\u00e9rz\u00e9sre (mellkasi dobog\u00f3 \u00e9rz\u00e9s, palpit\u00e1ci\u00f3). Gyakran haszn\u00e1lj\u00e1k a <strong>cukorbetegs\u00e9g<\/strong> \u00e9s a<strong>magas koleszterin<\/strong> enyh\u00edt\u00e9s\u00e9re, valamint a stressz k\u00f6vetkezm\u00e9nyeinek megel\u0151z\u00e9s\u00e9re, amelyek <strong>szorong\u00e1shoz<\/strong> vezetnek. Rendszeres haszn\u00e1lat\u00e1val teljesen kihaszn\u00e1lhatja a gy\u00f3gytea hat\u00e1sait, m\u00edg a m\u00e9rt\u00e9kletess\u00e9g biztons\u00e1gos fogyaszt\u00e1st is biztos\u00edt mell\u00e9k- \u00e9s nemk\u00edv\u00e1natos hat\u00e1sok n\u00e9lk\u00fcl.<\/span><\/p>\n<h2 style=\"text-align: justify\"><span style=\"color: #000000\">Seg\u00edt egyens\u00falyban tartani a szervezetet<\/span><\/h2>\n<div style=\"text-align: justify\">\n<p><span style=\"color: #000000\">A Jiaogulan <strong>adaptog\u00e9n is<\/strong>. Az adaptog\u00e9n n\u00f6v\u00e9nyek seg\u00edtik a szervezetet alkalmazkodni a k\u00fcl\u00f6nf\u00e9le negat\u00edv k\u00f6rnyezeti t\u00e9nyez\u0151kh\u00f6z. K\u00e9pesek szab\u00e1lyozni \u00e9s ir\u00e1ny\u00edtani a mirigy- \u00e9s hormonrendszereket, az ideg-, sz\u00edv- \u00e9s \u00e9rrendszert, valamint az izmokat.<\/span><\/p>\n<p><span style=\"color: #000000\">Az adaptog\u00e9nek gondoskodnak a l\u00e9tfontoss\u00e1g\u00fa szervek eg\u00e9szs\u00e9g\u00e9r\u0151l \u00e9s seg\u00edtenek a v\u00e9rcukorszint szab\u00e1lyoz\u00e1s\u00e1ban, jav\u00edtj\u00e1k a m\u00e1j, a gyomor-b\u00e9l traktus \u00e9s a b\u0151r m\u0171k\u00f6d\u00e9s\u00e9t. Er\u0151s\u00edtik \u00e9s energiz\u00e1lj\u00e1k a testet. Emellett serkentik a mell\u00e9kvese m\u0171k\u00f6d\u00e9s\u00e9t, \u00e9s ez\u00e1ltal seg\u00edtik a szervezetet hat\u00e9konyan megbirk\u00f3zni a stresszel, amely fizikai t\u00e9nyez\u0151k (fert\u0151z\u00e9sek, s\u00e9r\u00fcl\u00e9sek, el\u00e9gtelen alv\u00e1s) vagy pszich\u00e9s t\u00e9nyez\u0151k (szorong\u00e1s) k\u00f6vetkezm\u00e9nye.<\/span><\/p>\n<h2 style=\"text-align: justify\"><span style=\"color: #000000\">Melyek a legfontosabb el\u0151ny\u00f6k, amelyeket a Jiaogulan Gynostemma k\u00edn\u00e1l nek\u00fcnk?<\/span><\/h2>\n<div style=\"text-align: justify\">\n<p><span style=\"color: #000000\"><em><strong>A hagyom\u00e1nyos k\u00ednai orvosl\u00e1sban a jiaogulant k\u00fcl\u00f6nb\u00f6z\u0151 c\u00e9lokra haszn\u00e1lj\u00e1k:<\/strong><\/em><\/span><\/p>\n<p><span style=\"color: #000000\">\ud83d\udc9a er\u0151s\u00edti az immunrendszer<strong> m\u0171k\u00f6d\u00e9s\u00e9t,<\/strong><\/span><br \/>\n<span style=\"color: #000000\">\ud83d\udc9a <strong>a v\u00e9rnyom\u00e1s \u00e9s a v\u00e9rcukorszint szab\u00e1lyoz\u00e1sa<\/strong>,<\/span><br \/>\n<span style=\"color: #000000\">\ud83d\udc9a <strong>koleszterinszint szab\u00e1lyoz\u00e1sa<\/strong>,<\/span><br \/>\n<span style=\"color: #000000\">\ud83d\udc9a <strong>gyullad\u00e1scs\u00f6kkent\u00e9s<\/strong>,<\/span><br \/>\n<span style=\"color: #000000\">\ud83d\udc9a <strong>seg\u00edt megbirk\u00f3zni a szorong\u00e1ssal<\/strong>,<\/span><br \/>\n<span style=\"color: #000000\">\ud83d\udc9a<strong> jav\u00edtja az em\u00e9szt\u00e9st<\/strong>,<\/span><br \/>\n<span style=\"color: #000000\">\ud83d\udc9a <strong>a sz\u00edv eg\u00e9szs\u00e9g\u00e9nek t\u00e1mogat\u00e1sa<\/strong>.<\/span><\/p>\n<p><span style=\"color: #000000\">A Jiaogulan sz\u00e1mos <strong>bioakt\u00edv vegy\u00fcletet<\/strong> tartalmaz, p\u00e9ld\u00e1ul glikozidokat, flavonoidokat, poliszacharidokat, vitaminokat \u00e9s \u00e1sv\u00e1nyi anyagokat, amelyek <strong>hozz\u00e1j\u00e1rulnak gy\u00f3gy\u00edt\u00f3 hat\u00e1s\u00e1hoz<\/strong>.<\/span><\/p>\n<h2><span style=\"color: #000000\">\u00cdz \u00e9s aroma<\/span><\/h2>\n<p><span style=\"color: #000000\">A mi jiaogulanunkat \u00e9rintetlen term\u00e9szet\u0171 vad \u00e9l\u0151helyekr\u0151l takar\u00edtj\u00e1k be. \u00c9rdekes \u00e9des \u00edze van, nagyon hasonl\u00edt a ginzenghez. A Jiaogulan hat\u00e1rozottan \u00edzletes, de mindenekel\u0151tt eg\u00e9szs\u00e9ges v\u00e1laszt\u00e1s a gy\u00f3gyte\u00e1k szerelmeseinek.<\/span><\/p>\n<div style=\"text-align: justify\">\n<h2 style=\"text-align: justify\"><span style=\"color: #000000\">T\u00e1rol\u00e1s \u00e9s figyelmeztet\u00e9sek<\/span><\/h2>\n<p style=\"text-align: justify\"><span style=\"color: #000000\">Sz\u00e1raz \u00e9s h\u0171v\u00f6s helyen, legfeljebb 25\u00b0C-on t\u00e1roland\u00f3. Az \u00e9trend-kieg\u00e9sz\u00edt\u0151t tartsa gyermekekt\u0151l t\u00e1vol!<\/span><\/p>\n<p style=\"text-align: justify\"><span style=\"color: #000000\">Ne feledkezz\u00fcnk meg a v\u00e1ltozatos \u00e9trend \u00e9s az eg\u00e9szs\u00e9ges \u00e9letm\u00f3d fontoss\u00e1g\u00e1r\u00f3l, az \u00e9trend-kieg\u00e9sz\u00edt\u0151 ez\u00e9rt nem helyettes\u00edti a kiegyens\u00falyozott \u00e9s v\u00e1ltozatos \u00e9trendet. Az aj\u00e1nlott napi mennyis\u00e9get vagy adagot nem szabad t\u00fall\u00e9pni.<\/span><\/p>\n<h2 style=\"text-align: justify\"><span style=\"color: #000000\">Csomagol\u00e1s<\/span><\/h2>\n<p style=\"text-align: justify\"><span style=\"color: #000000\">L\u00e9gmentesen z\u00e1rhat\u00f3 tasak, amelyben a term\u00e9k meg\u0151rzi minden frissess\u00e9g\u00e9t \u00e9s arom\u00e1j\u00e1t. A csomagol\u00e1s v\u00e9d a f\u00e9nyt\u0151l \u00e9s a leveg\u0151t\u0151l, mivel t\u00f6bb v\u00e9delmi r\u00e9tegb\u0151l \u00e1ll, amelyek meg\u0151rzik a tartalom tulajdons\u00e1gait.<\/span><\/p>\n<p style=\"text-align: justify\"><span style=\"color: #000000\">A csomagol\u00e1s nagyon praktikus \u00e9s \u00fajrahasznos\u00edthat\u00f3.<\/span><\/p>\n<h2 style=\"text-align: justify\"><span style=\"color: #000000\">Sz\u00e1rmaz\u00e1s<\/span><\/h2>\n<p style=\"text-align: justify\"><span style=\"color: #000000\">K\u00edna<\/span><\/p>\n<\/div>\n<\/div>\n<\/div>\n<\/div>\n","protected":false},"excerpt":{"rendered":"<p><span style=\"color: #000000\">A Jiaogulan, m\u00e1s n\u00e9ven <strong>Gynostemma vagy Jiao Gu Lan<\/strong> egy K\u00edn\u00e1ban, Burm\u00e1ban, \u00c9szak-Thaif\u00f6ld\u00f6n, Kore\u00e1ban \u00e9s Jap\u00e1nban \u0151shonos n\u00f6v\u00e9ny. A hagyom\u00e1nyos k\u00ednai orvosl\u00e1sban \u00e9vsz\u00e1zadok \u00f3ta haszn\u00e1lj\u00e1k <strong>gy\u00f3gy\u00e1szati tulajdons\u00e1gai miatt<\/strong>. A &#8222;<strong>halhatatlans\u00e1g n\u00f6v\u00e9ny\u00e9nek<\/strong>&#8221; is nevezik, mivel sz\u00e1mos olyan hat\u00f3anyagot tartalmaz, amelyek <strong>fontosak a hossz\u00fa \u00e9lethez<\/strong>.<\/span><\/p>\n<p><span style=\"color: #000000\">\ud83d\udc9a Szab\u00e1lyozza a <strong>koleszterinszintet<\/strong>.<\/span><br \/>\n<span style=\"color: #000000\">\ud83d\udc9a <strong>Seg\u00edt megbirk\u00f3zni a szorong\u00e1ssal<\/strong>,<\/span><br \/>\n<span style=\"color: #000000\">\ud83d\udc9a <strong>Gyullad\u00e1scs\u00f6kkent\u0151<\/strong>,<\/span><br \/>\n<span style=\"color: #000000\">\ud83d\udc9a Er\u0151s\u00edti<strong> az immunrendszert<\/strong>,<\/span><br \/>\n<span style=\"color: #000000\">\ud83d\udc9a<\/span>Egyens\u00falyba hozza a testet \u00e9s <strong>jav\u00edtja az \u00e1ltal\u00e1nos k\u00f6z\u00e9rzetet<\/strong>.<\/p>\n","protected":false},"featured_media":6669,"comment_status":"open","ping_status":"closed","template":"","meta":{"_acf_changed":false},"product_brand":[],"product_cat":[224,225,195],"product_tag":[],"class_list":{"0":"post-6668","1":"product","2":"type-product","3":"status-publish","4":"has-post-thumbnail","6":"product_cat-ajanlat","7":"product_cat-minden-termek","8":"product_cat-szuperelelmiszer","10":"first","11":"instock","12":"sale","13":"taxable","14":"shipping-taxable","15":"purchasable","16":"product-type-simple"},"acf":[],"_links":{"self":[{"href":"https:\/\/fengchashop.com\/hu\/wp-json\/wp\/v2\/product\/6668","targetHints":{"allow":["GET"]}}],"collection":[{"href":"https:\/\/fengchashop.com\/hu\/wp-json\/wp\/v2\/product"}],"about":[{"href":"https:\/\/fengchashop.com\/hu\/wp-json\/wp\/v2\/types\/product"}],"replies":[{"embeddable":true,"href":"https:\/\/fengchashop.com\/hu\/wp-json\/wp\/v2\/comments?post=6668"}],"wp:featuredmedia":[{"embeddable":true,"href":"https:\/\/fengchashop.com\/hu\/wp-json\/wp\/v2\/media\/6669"}],"wp:attachment":[{"href":"https:\/\/fengchashop.com\/hu\/wp-json\/wp\/v2\/media?parent=6668"}],"wp:term":[{"taxonomy":"product_brand","embeddable":true,"href":"https:\/\/fengchashop.com\/hu\/wp-json\/wp\/v2\/product_brand?post=6668"},{"taxonomy":"product_cat","embeddable":true,"href":"https:\/\/fengchashop.com\/hu\/wp-json\/wp\/v2\/product_cat?post=6668"},{"taxonomy":"product_tag","embeddable":true,"href":"https:\/\/fengchashop.com\/hu\/wp-json\/wp\/v2\/product_tag?post=6668"}],"curies":[{"name":"wp","href":"https:\/\/api.w.org\/{rel}","templated":true}]}}