{"id":6664,"date":"2022-11-25T07:45:21","date_gmt":"2022-11-25T06:45:21","guid":{"rendered":"https:\/\/fengchashop.com\/hu\/product\/dong-quai-angyalgyoker-por-bio-250-g\/"},"modified":"2026-04-24T19:12:01","modified_gmt":"2026-04-24T17:12:01","slug":"dong-quai-angyalgyoker-por-bio","status":"publish","type":"product","link":"https:\/\/fengchashop.com\/hu\/product\/dong-quai-angyalgyoker-por-bio\/","title":{"rendered":"Dong Quai (angyalgy\u00f6k\u00e9r) por BIO 250 g"},"content":{"rendered":"<h2 style=\"text-align: justify\"><span style=\"color: #000000\">Mi az a Dong Quai \u00e9s honnan sz\u00e1rmazik?<\/span><\/h2>\n<p style=\"text-align: justify\"><span style=\"color: #000000\">A Dong Quai egy \u0151si k\u00ednai gy\u00f3gyn\u00f6v\u00e9ny, m\u00e1s n\u00e9ven <strong>Angelica sinensis<\/strong> (k\u00ednai angyalgy\u00f6k\u00e9r) vagy <strong>Dang Gui<\/strong> (kiejtve tang Kuei), \u00e9s az egyik legfontosabb gy\u00f3gyn\u00f6v\u00e9ny a nyugati vil\u00e1gban.<\/span><\/p>\n<p style=\"text-align: justify\"><span style=\"color: #000000\">A Dong Quia a hegyvid\u00e9keken, <strong>Jap\u00e1n, Korea \u00e9s K\u00edna hideg \u00e9s p\u00e1r\u00e1s r\u00e9gi\u00f3iban n\u0151<\/strong>. Ez egy tart\u00f3s \u00e9vel\u0151, amely el\u00e9rheti a k\u00e9t m\u00e9ter magass\u00e1got is. Sima lila sz\u00e1rakkal, tollas elrendez\u00e9s\u0171 levelekkel \u00e9s kis feh\u00e9r vagy z\u00f6ld vir\u00e1gokkal rendelkezik, amelyek f\u00fcrdszer\u0171 alakzatba csoportosulnak. A Dong Qui gy\u00f3gy\u00edt\u00f3 r\u00e9sze a s\u00e1rg\u00e1sbarna el\u00e1gaz\u00f3 gy\u00f6kerek, amelyeket sz\u00e1r\u00edtanak, v\u00e1gnak \u00e9s <strong>gy\u00f3gy\u00e1szati c\u00e9lokra haszn\u00e1lnak<\/strong>. A gy\u00f6k\u00e9r egyes r\u00e9szei k\u00fcl\u00f6nb\u00f6z\u0151ek, ez\u00e9rt <strong>hat\u00e1suk is elt\u00e9r\u0151<\/strong>.<\/span><\/p>\n<p style=\"text-align: justify\"><span style=\"color: #000000\">A sz\u00e1r\u00edtott angyalgy\u00f6kereket els\u0151sorban a hagyom\u00e1nyos k\u00ednai orvosl\u00e1sban haszn\u00e1lj\u00e1k <strong>n\u0151gy\u00f3gy\u00e1szati probl\u00e9m\u00e1k<\/strong>,<strong> m\u00e9rs\u00e9kelt v\u00e9rszeg\u00e9nys\u00e9g<\/strong>,<strong> magas v\u00e9rnyom\u00e1s<\/strong> \u00e9s <strong>f\u00e1radts\u00e1g kezel\u00e9s\u00e9re<\/strong>.<\/span><\/p>\n<p style=\"text-align: justify\"><span style=\"color: #000000\">A Dong Quai gy\u00f3gyn\u00f6v\u00e9ny <strong>&#8222;n\u0151i ginzeng&#8221; n\u00e9ven is ismert,<\/strong> \u00e9s az \u0151si gy\u00f3gy\u00edt\u00f3k nagyra \u00e9rt\u00e9kelt\u00e9k kiv\u00e9teles k\u00e9pess\u00e9g\u00e9t a reprodukci\u00f3s probl\u00e9m\u00e1kkal k\u00fczd\u0151 n\u0151k gy\u00f3gy\u00edt\u00e1sa sor\u00e1n. \u00c1zsi\u00e1ban a Dong Quai a m\u00e1sodik leggyakrabban haszn\u00e1lt gy\u00f3gyn\u00f6v\u00e9ny a ginzeng ut\u00e1n, \u00e9s hagyom\u00e1nyosan <strong>a n\u0151k probl\u00e9m\u00e1inak \u00e9s betegs\u00e9geinek kezel\u00e9s\u00e9re haszn\u00e1lj\u00e1k<\/strong>.<\/span><\/p>\n<p style=\"text-align: justify\"><span style=\"color: #000000\">A Dong Quai-t a m\u00faltban medd\u0151s\u00e9g ellni gy\u00f3gyszerek\u00e9nt rekl\u00e1mozt\u00e1k. Amellett, hogy seg\u00edt a n\u0151i medd\u0151s\u00e9gi probl\u00e9m\u00e1k kezel\u00e9s\u00e9ben, a Dong Quai a menopauza \u00e9s a menstru\u00e1ci\u00f3s probl\u00e9m\u00e1k kezel\u00e9s\u00e9ben is seg\u00edt. <strong>A f\u00e9rfi term\u00e9kenys\u00e9gre is pozit\u00edv hat\u00e1ssal van<\/strong>.<\/span><\/p>\n<h2 style=\"text-align: justify\"><span style=\"color: #000000\">Melyek a Dong Quaia fontos \u00f6sszetev\u0151i?<\/span><\/h2>\n<p style=\"text-align: justify\"><span style=\"color: #000000\">A Dong Quai sok <strong>folsavat, folinsavat \u00e9s nikotinsavat tartalmaz<\/strong>, <strong>B12-vitaminban gazdag<\/strong> \u00e9s sok <strong>A- \u00e9sE-vitamint, karotint, biotint<\/strong> \u00e9s <strong>pantot\u00e9nsavat is tartalmaz<\/strong>. A premenstru\u00e1ci\u00f3s t\u00fcnetek \u00e9s a menopauza kezel\u00e9s\u00e9re alkalmazz\u00e1k, mivel olyan anyagokat tartalmaz, amelyek enyh\u00edthetik a kellemetlen \u00e9rz\u00e9st, kit\u00e1g\u00edthatj\u00e1k az ereket \u00e9s ellaz\u00edthatj\u00e1k a m\u00e9hizmokat. A <strong>kobalt<\/strong>, amely az angyalgy\u00f6k\u00e9rben is megtal\u00e1lhat\u00f3, a B12-vitaminnal kombin\u00e1lva seg\u00edt a v\u00e9r er\u0151s\u00edt\u00e9s\u00e9ben.<\/span><\/p>\n<p style=\"text-align: justify\"><span style=\"color: #000000\">A n\u0151i hormonok egyens\u00faly\u00e1nak legfontosabb eleme az \u00f6sztrog\u00e9n hormon, amelyet <strong>a fito\u00f6sztrog\u00e9neknek<\/strong> nevezett vegyi anyagok csoportja helyettes\u00edthet. Az angyalgy\u00f6k\u00e9r sok fito\u00f6sztrog\u00e9nt tartalmaz. Ezenk\u00edv\u00fcl a vizsg\u00e1latok azt mutatj\u00e1k, hogy a Dong Quai k\u00e9tir\u00e1ny\u00fa szab\u00e1lyoz\u00f3k\u00e9nt m\u0171k\u00f6dik, mert g\u00e1tolja a t\u00falzott \u00f6sztrog\u00e9nszekr\u00e9ci\u00f3t, vagy el\u0151seg\u00edti az el\u00e9gtelen \u00f6sztrog\u00e9nszekr\u00e9ci\u00f3t.<\/span><\/p>\n<p style=\"text-align: justify\"><span style=\"color: #000000\">A Dong Quai <strong>sz\u00e9p\u00edti a b\u0151rt<\/strong>, mivel el\u0151seg\u00edti a v\u00e9r \u00e1raml\u00e1s\u00e1t a b\u0151rben, \u00e9s gy\u00f6ny\u00f6r\u0171 \u00e9s ragyog\u00f3 arcsz\u00ednt eredm\u00e9nyez. Seg\u00edt a neurodermatitis, alopecia, csal\u00e1nki\u00fct\u00e9s, ekc\u00e9ma, viszket\u00e9s kezel\u00e9s\u00e9ben, elt\u00e1vol\u00edtja a b\u0151r\u00f6n l\u00e9v\u0151 foltokat\u2026<\/span><\/p>\n<p style=\"text-align: justify\"><span style=\"color: #000000\">Tanulm\u00e1nyok kimutatt\u00e1k, hogy a Dong Quai \u00e9s az Astragalus kombin\u00e1ci\u00f3ja k\u00fcl\u00f6n\u00f6sen pozit\u00edv hat\u00e1s\u00fa, mivel egyszerre cs\u00f6kkenti a rossz koleszterin szintj\u00e9t \u00e9s az emelkedett koleszterinszintet.<\/span><\/p>\n<h2 style=\"text-align: justify\"><span style=\"color: #000000\">Melyek a legfontosabb el\u0151ny\u00f6k, amelyeket a Dong Quai k\u00edn\u00e1l nek\u00fcnk?<\/span><\/h2>\n<p><span style=\"color: #000000\">\u00a0 \u00a0 \u00a0\ud83d\udc9a er\u0151s <strong>antioxid\u00e1ns<\/strong>,<\/span><\/p>\n<p><span style=\"color: #000000\">\u00a0 \u00a0 \u00a0\ud83d\udc9a <strong>gyullad\u00e1scs\u00f6kkent\u0151 hat\u00e1s\u00fa<\/strong><\/span><\/p>\n<p><span style=\"color: #000000\">\u00a0 \u00a0 \u00a0\ud83d\udc9a szab\u00e1lyozza a <strong>n\u0151i hormonokat<\/strong>,<\/span><\/p>\n<p><span style=\"color: #000000\">\u00a0 \u00a0 \u00a0\ud83d\udc9a enyh\u00edti a <strong>premenstru\u00e1ci\u00f3s t\u00fcneteket<\/strong>,<\/span><\/p>\n<p><span style=\"color: #000000\">\u00a0 \u00a0 \u00a0\ud83d\udc9a jav\u00edtja a <strong>v\u00e9rkering\u00e9st<\/strong>,<\/span><\/p>\n<p><span style=\"color: #000000\">\u00a0 \u00a0 \u00a0\ud83d\udc9a prevent\u00edven hat a<strong>sz\u00edvroham<\/strong> \u00e9s a <strong>magas v\u00e9rnyom\u00e1s ellen<\/strong>,<\/span><\/p>\n<p><span style=\"color: #000000\">\u00a0 \u00a0 \u00a0\ud83d\udc9a cs\u00f6kkenti a <strong>sz\u00edvbetegs\u00e9gek kock\u00e1zat\u00e1t<\/strong>,<\/span><\/p>\n<p><span style=\"color: #000000\">\u00a0 \u00a0 \u00a0\ud83d\udc9a szab\u00e1lyozza <strong>a koleszterint<\/strong> \u00e9s <strong>a v\u00e9rnyom\u00e1st<\/strong>,<\/span><\/p>\n<p><span style=\"color: #000000\">\u00a0 \u00a0 \u00a0\ud83d\udc9a seg\u00edt a <strong>v\u00e9rszeg\u00e9nys\u00e9gben<\/strong>,<\/span><\/p>\n<p><span style=\"color: #000000\">\u00a0 \u00a0 \u00a0\ud83d\udc9a seg\u00edt a <strong>fejf\u00e1j\u00e1s kezelel\u00e9s\u00e9ben<\/strong>,<\/span><\/p>\n<p><span style=\"color: #000000\">\u00a0 \u00a0 \u00a0\ud83d\udc9a seg\u00edt a <strong>m\u00e9regtelen\u00edt\u00e9sben<\/strong>.<\/span><\/p>\n<p><span style=\"color: #000000\">\u00a0 \u00a0 \u00a0\ud83d\udc9a <strong>gyullad\u00e1scs\u00f6kkent\u0151 hat\u00e1s\u00fa<\/strong><\/span><\/p>\n<p><span style=\"color: #000000\">\u00a0 \u00a0 \u00a0\ud83d\udc9a el\u0151seg\u00edti a <strong>f\u00e9rfi term\u00e9kenys\u00e9get<\/strong>,<\/span><\/p>\n<p><span style=\"color: #000000\">\u00a0 \u00a0 \u00a0\ud83d\udc9a n\u00f6veli <strong>az energi\u00e1t<\/strong>,<\/span><\/p>\n<p><span style=\"color: #000000\">\u00a0 \u00a0 \u00a0\ud83d\udc9a megel\u0151zi a <strong>csontritkul\u00e1s kialakul\u00e1s\u00e1t<\/strong>, mivel er\u0151s\u00edti a csontokat,<\/span><\/p>\n<p><span style=\"color: #000000\">\u00a0 \u00a0 \u00a0\ud83d\udc9a cs\u00f6kkenti az \u00edz\u00fcleti <strong>f\u00e1jdalmat<\/strong>,<\/span><\/p>\n<p><span style=\"color: #000000\">\u00a0 \u00a0 \u00a0\ud83d\udc9a megakad\u00e1lyozza a gyomor-b\u00e9l traktus <strong>kr\u00f3nikus gyullad\u00e1s\u00e1t<\/strong>,<\/span><\/p>\n<p><span style=\"color: #000000\">\u00a0 \u00a0 \u00a0\ud83d\udc9a seg\u00edt az idegrendszer h\u00e1l\u00f3j\u00e1nak<strong> \u00e1llapot\u00e1nak jav\u00edt\u00e1s\u00e1ban<\/strong> (p\u00e9ld\u00e1ul neurodermatitis eset\u00e9n),<\/span><\/p>\n<p><span style=\"color: #000000\">\u00a0 \u00a0 \u00a0\ud83d\udc9a jav\u00edtja a <strong>b\u0151r \u00e1llapot\u00e1t<\/strong>.<\/span><\/p>\n<h2 style=\"text-align: justify\"><span style=\"color: #000000\">T\u00e1rol\u00e1s \u00e9s figyelmeztet\u00e9sek<\/span><\/h2>\n<p style=\"text-align: justify\"><span style=\"color: #000000\">Sz\u00e1raz \u00e9s h\u0171v\u00f6s helyen, legfeljebb 25\u00b0C-on t\u00e1roland\u00f3. Az \u00e9trend-kieg\u00e9sz\u00edt\u0151t tartsa gyermekekt\u0151l t\u00e1vol!<\/span><\/p>\n<p style=\"text-align: justify\"><span style=\"color: #000000\">Ne feledkezz\u00fcnk meg a v\u00e1ltozatos \u00e9trend \u00e9s az eg\u00e9szs\u00e9ges \u00e9letm\u00f3d fontoss\u00e1g\u00e1r\u00f3l, az \u00e9trend-kieg\u00e9sz\u00edt\u0151 ez\u00e9rt nem helyettes\u00edti a kiegyens\u00falyozott \u00e9s v\u00e1ltozatos \u00e9trendet. Az aj\u00e1nlott napi mennyis\u00e9get vagy adagot nem szabad t\u00fall\u00e9pni. A b\u0151r t\u00falzottan \u00e9rz\u00e9kenny\u00e9 v\u00e1lhat a napsugarakra, ha a t\u00e1pl\u00e1l\u00e9k-kieg\u00e9sz\u00edt\u0151t nagy mennyis\u00e9gben fogyasztj\u00e1k.<\/span><\/p>\n<p style=\"text-align: justify\"><span style=\"color: #000000\">Terhes \u00e9s szoptat\u00f3 n\u0151knek nem aj\u00e1nlott a haszn\u00e1lata. Nem aj\u00e1nlott a haszn\u00e1lata olyan gy\u00f3gyszer szed\u00e9se eset\u00e9n, amely g\u00e1tolja a v\u00e9ralvad\u00e1st. Javasoljuk, hogy b\u00e1rmilyen eg\u00e9szs\u00e9g\u00fcgyi probl\u00e9ma eset\u00e9n forduljon orvos\u00e1hoz tov\u00e1bbi inform\u00e1ci\u00f3k\u00e9rt.<\/span><\/p>\n<h2 style=\"text-align: justify\"><span style=\"color: #000000\">Csomagol\u00e1s<\/span><\/h2>\n<p style=\"text-align: justify\"><span style=\"color: #000000\">L\u00e9gmentesen z\u00e1rhat\u00f3 tasak, amelyben a term\u00e9k meg\u0151rzi minden frissess\u00e9g\u00e9t \u00e9s arom\u00e1j\u00e1t. A csomagol\u00e1s v\u00e9d a f\u00e9nyt\u0151l \u00e9s a leveg\u0151t\u0151l, mivel t\u00f6bb v\u00e9delmi r\u00e9tegb\u0151l \u00e1ll, amelyek meg\u0151rzik a tartalom tulajdons\u00e1gait.<\/span><\/p>\n<p style=\"text-align: justify\"><span style=\"color: #000000\">A csomagol\u00e1s nagyon praktikus \u00e9s \u00fajrahasznos\u00edthat\u00f3.<\/span><\/p>\n<h2 style=\"text-align: justify\"><span style=\"color: #000000\">Sz\u00e1rmaz\u00e1s<\/span><\/h2>\n<p style=\"text-align: justify\"><span style=\"color: #000000\">K\u00edna<\/span><\/p>\n<p><span style=\"color: #000000\">Nagyon megb\u00edzhat\u00f3 besz\u00e1ll\u00edt\u00f3ink vannak, akik minden t\u00e9telhez r\u00e9szletes k\u00e9miai elemz\u00e9st k\u00fcldenek az \u00e9lelmiszerekr\u0151l. T\u00f6bb mint t\u00edz \u00e9v alatt nem volt visszah\u00edv\u00e1sunk vagy egy\u00e9b probl\u00e9ma sem ezzel a cikkel, sem az ugyanazon besz\u00e1ll\u00edt\u00f3t\u00f3l sz\u00e1rmaz\u00f3 egy\u00e9b cikkekkel.<\/span><\/p>\n<p><span style=\"color: #000000\">A cikk 100%-ban bio tan\u00fas\u00edtv\u00e1nnyal rendelkezik.<\/span><\/p>\n","protected":false},"excerpt":{"rendered":"<p>A Dong Quai egy \u0151si k\u00ednai gy\u00f3gyn\u00f6v\u00e9ny, m\u00e1s n\u00e9ven Angelica sinensis (k\u00ednai angyalgy\u00f6k\u00e9r) vagy Dang Gui (kiejtve tang Kuei), \u00e9s az egyik legfontosabb gy\u00f3gyn\u00f6v\u00e9ny a nyugati vil\u00e1gban. A sz\u00e1r\u00edtott angyalgy\u00f6kereket els\u0151sorban a hagyom\u00e1nyos k\u00ednai orvosl\u00e1sban haszn\u00e1lj\u00e1k n\u0151gy\u00f3gy\u00e1szati probl\u00e9m\u00e1k, m\u00e9rs\u00e9kelt v\u00e9rszeg\u00e9nys\u00e9g, magas v\u00e9rnyom\u00e1s \u00e9s f\u00e1radts\u00e1g kezel\u00e9s\u00e9re.<\/p>\n<p>\ud83d\udc9a Gyullad\u00e1scs\u00f6kkent\u0151.<br \/>\n\ud83d\udc9a Cs\u00f6kkenti a sz\u00edvbetegs\u00e9gek kock\u00e1zat\u00e1t<br \/>\n\ud83d\udc9a Jav\u00edtja a b\u0151r \u00e1llapot\u00e1t<br \/>\n\ud83d\udc9a Megakad\u00e1lyozza a gyomor-b\u00e9l traktus kr\u00f3nikus gyullad\u00e1s\u00e1t<br \/>\n\ud83d\udc9a Enyh\u00edti a premenstru\u00e1ci\u00f3s t\u00fcneteket<\/p>\n","protected":false},"featured_media":6665,"comment_status":"open","ping_status":"closed","template":"","meta":{"_acf_changed":false},"product_brand":[],"product_cat":[224,225,195],"product_tag":[],"class_list":{"0":"post-6664","1":"product","2":"type-product","3":"status-publish","4":"has-post-thumbnail","6":"product_cat-ajanlat","7":"product_cat-minden-termek","8":"product_cat-szuperelelmiszer","10":"first","11":"instock","12":"sale","13":"taxable","14":"shipping-taxable","15":"purchasable","16":"product-type-simple"},"acf":[],"_links":{"self":[{"href":"https:\/\/fengchashop.com\/hu\/wp-json\/wp\/v2\/product\/6664","targetHints":{"allow":["GET"]}}],"collection":[{"href":"https:\/\/fengchashop.com\/hu\/wp-json\/wp\/v2\/product"}],"about":[{"href":"https:\/\/fengchashop.com\/hu\/wp-json\/wp\/v2\/types\/product"}],"replies":[{"embeddable":true,"href":"https:\/\/fengchashop.com\/hu\/wp-json\/wp\/v2\/comments?post=6664"}],"wp:featuredmedia":[{"embeddable":true,"href":"https:\/\/fengchashop.com\/hu\/wp-json\/wp\/v2\/media\/6665"}],"wp:attachment":[{"href":"https:\/\/fengchashop.com\/hu\/wp-json\/wp\/v2\/media?parent=6664"}],"wp:term":[{"taxonomy":"product_brand","embeddable":true,"href":"https:\/\/fengchashop.com\/hu\/wp-json\/wp\/v2\/product_brand?post=6664"},{"taxonomy":"product_cat","embeddable":true,"href":"https:\/\/fengchashop.com\/hu\/wp-json\/wp\/v2\/product_cat?post=6664"},{"taxonomy":"product_tag","embeddable":true,"href":"https:\/\/fengchashop.com\/hu\/wp-json\/wp\/v2\/product_tag?post=6664"}],"curies":[{"name":"wp","href":"https:\/\/api.w.org\/{rel}","templated":true}]}}