{"id":6660,"date":"2022-10-01T08:26:55","date_gmt":"2022-10-01T06:26:55","guid":{"rendered":"https:\/\/fengchashop.com\/hu\/product\/shilajit-por-125-g\/"},"modified":"2026-04-29T22:23:59","modified_gmt":"2026-04-29T20:23:59","slug":"shilajit-por","status":"publish","type":"product","link":"https:\/\/fengchashop.com\/hu\/product\/shilajit-por\/","title":{"rendered":"Shilajit por 125 g"},"content":{"rendered":"<h2 style=\"text-align: justify\"><span style=\"color: #000000\">Shilajit (M\u00famij\u00f3)<\/span><\/h2>\n<h2 style=\"text-align: justify\"><span style=\"color: #000000\">Mi az a shilajit \u00e9s honnan sz\u00e1rmazik?<\/span><\/h2>\n<p style=\"text-align: justify\"><span style=\"color: #000000\"> A Shilajit vagy m\u00e1sn\u00e9ven <strong>Mumio<\/strong> egy <strong>\u00e1sv\u00e1nyi anyagokban gazdag szerves anyag<\/strong>, amely a ny\u00e1ri h\u00f3napokban <strong>az \u00e9szakkelet-indiai hegyvid\u00e9ki vil\u00e1g szikl\u00e1i, \u00c1zsia m\u00e1s r\u00e9szei \u00e9s a Himal\u00e1ja d\u00e9lkeleti r\u00e9szei k\u00f6z\u00f6tti szikl\u00e1kon \u00e9s reped\u00e9seken kereszt\u00fcl \u00e1ramlik.<\/strong>A Shilajit egy <strong>hegyi gyanta<\/strong>, amelyr\u0151l azt mondj\u00e1k, hogy t\u00f6bb mint 50 milli\u00f3 \u00e9vvel ezel\u0151tt alakult ki, amikor \u00c1zsia \u00f6ssze\u00fctk\u00f6z\u00f6tt az indiai kontinenssel. Aszfaltk\u00e9nt \u00e9s \u00e1sv\u00e1nyi gyantak\u00e9nt is ismert. A Himal\u00e1ja d\u00e9lkeleti r\u00e9sz\u00e9n a shilajitot az \u0151shonos lakosok m\u00e1r <strong>\u00e9vezredek \u00f3ta haszn\u00e1lj\u00e1k csodaszerk\u00e9nt minden betegs\u00e9g kezel\u00e9s\u00e9re \u00e9s az \u00f6r\u00f6k fiatals\u00e1g titkos kulcsak\u00e9nt<\/strong>. A hegyi gyanta sz\u00e1mos k\u00fcl\u00f6nb\u00f6z\u0151 \u00e1rnyalatban megtal\u00e1lhat\u00f3, nevezetesen aranyban, ez\u00fcstben, r\u00e9zben \u00e9s fekete sz\u00ednben. Az ayurv\u00e9dikus gy\u00f3gy\u00e1szat leggyakrabban a fekete sz\u00edn\u0171t haszn\u00e1lja.<\/span><\/p>\n<p style=\"text-align: justify\"><span style=\"color: #000000\">A Shilajitot r\u00e9g\u00f3ta haszn\u00e1lj\u00e1k az indiai ayurv\u00e9d\u00e1ban sz\u00e1mos betegs\u00e9g kezel\u00e9s\u00e9re, bele\u00e9rtve az \u00edz\u00fcleti gyullad\u00e1st, a magas v\u00e9rnyom\u00e1st, az elh\u00edz\u00e1st, a v\u00e9rcukorszint stabilit\u00e1s\u00e1t, a libid\u00f3t. Jav\u00edtja az agy m\u0171k\u00f6d\u00e9s\u00e9t, megfiatal\u00edtja a h\u00fagyutakat \u00e9s m\u00e1s szerveket.<\/span><\/p>\n<h2 style=\"text-align: justify\"><span style=\"color: #000000\">Hogyan nyerik ki a shilajitot?<\/span><\/h2>\n<p style=\"text-align: justify\"><span style=\"color: #000000\">Az ayurv\u00e9dikus gy\u00f3gy\u00e1szatban a shilajitot <strong>t\u00f6bb mint 3000 \u00e9ve<\/strong>haszn\u00e1lj\u00e1k k\u00fcl\u00f6nb\u00f6z\u0151 eg\u00e9szs\u00e9g\u00fcgyi probl\u00e9m\u00e1k orvosl\u00e1s\u00e1ra. A shilajit gyanta <strong>k\u00fcl\u00f6nb\u00f6z\u0151 gyant\u00e1kb\u00f3l, \u00fcled\u00e9kekb\u0151l \u00e9s egy\u00e9b anyagokb\u00f3l \u00e1ll \u00f6ssze<\/strong>, amelyeket a hegyekben gy\u0171jtenek \u00f6ssze legal\u00e1bb 3000 m tengerszint feletti magass\u00e1gban.<\/span><\/p>\n<p style=\"text-align: justify\"><span style=\"color: #000000\">A shilajit megszerz\u00e9s\u00e9nek folyamata nagyon ig\u00e9nyes, mert betakar\u00edt\u00e1s ut\u00e1n el\u0151sz\u00f6r <strong>organikus folyamatokkal megtiszt\u00edtj\u00e1k<\/strong>, majd extrud\u00e1l\u00e1ssal <strong>koncentr\u00e1lt, kiv\u00e1l\u00f3 min\u0151s\u00e9g\u0171 kivonatot kapunk<\/strong>. A shilajit egy speci\u00e1lis m\u00f3dszerrel k\u00e9sz\u00fcl, amely <strong>meg\u0151rzi a shilajit term\u00e9szetes \u00f6sszet\u00e9tel\u00e9t \u00e9s tisztas\u00e1g\u00e1t<\/strong>. <strong>A kulcsfontoss\u00e1g\u00fa t\u00e1panyagok megmaradnak,<\/strong> \u00e9s energi\u00e1ja nem veszik el. Az \u00e9trend-kieg\u00e9sz\u00edt\u0151k\u00e9nt haszn\u00e1lt gyanta az egyik legjobb t\u00edpus, mivel <strong>szigor\u00fa tiszt\u00edt\u00e1si folyamaton megy kereszt\u00fcl, biztos\u00edtva, hogy fogyaszt\u00e1sra alkalmas legyen<\/strong>.<\/span><\/p>\n<h2 style=\"text-align: justify\"><span style=\"color: #000000\">Melyek a legfontosabb el\u0151ny\u00f6k, amelyeket a shilajit k\u00edn\u00e1l nek\u00fcnk?<\/span><\/h2>\n<p style=\"text-align: justify\"><span style=\"color: #000000\">A shilajit term\u00e9szetes anyagb\u00f3l, nevezetesen humuszb\u00f3l k\u00e9sz\u00fcl, amely akkor keletkezik, amikor a mikroorganizmusok lebontj\u00e1k a n\u00f6v\u00e9nyi \u00e9s \u00e1llati hullad\u00e9kot. Sok <strong>antioxid\u00e1nst, aminosavat, fitokemik\u00e1li\u00e1t \u00e9s t\u00e1panyagot tartalmaz<\/strong>, gombaellenes, v\u00edrusellenes \u00e9s antibakteri\u00e1lis tulajdons\u00e1gokkal rendelkezik. <strong>A szel\u00e9n is nagyon fontos szerepet j\u00e1tszik a shilajitban<\/strong>, amely hozz\u00e1j\u00e1rul az emberi test megfelel\u0151 m\u0171k\u00f6d\u00e9s\u00e9hez. A<strong> kalcium<\/strong> sz\u00e1mos alapvet\u0151 \u00e9letfolyamat m\u0171k\u00f6d\u00e9s\u00e9ben kulcsfontoss\u00e1g\u00fa. <strong>A k\u00e1lium \u00e9s a mang\u00e1n<\/strong> pedig rendk\u00edv\u00fcl fontosak az idegrendszer norm\u00e1lis m\u0171k\u00f6d\u00e9s\u00e9hez.<\/span><\/p>\n<p style=\"text-align: justify\"><span style=\"color: #000000\">A sok szerves \u00e1sv\u00e1nyi anyag mellett a shilajit huminsavat \u00e9s fulvosavat is <strong>tartalmaz<\/strong>. A fulvosav az egyik <strong>leger\u0151sebb antioxid\u00e1ns \u00e9s elektrolit a term\u00e9szetben<\/strong>, mert n\u00f6veli a sejtmembr\u00e1nok \u00e1tereszt\u0151 k\u00e9pess\u00e9g\u00e9t, \u00e9s felgyors\u00edthatja a ves\u00e9k, a kapill\u00e1ris erek \u00e9s a gyomor-b\u00e9l traktus falainak \u00e1tereszt\u0151 k\u00e9pess\u00e9g\u00e9t is, \u00e9s nagym\u00e9rt\u00e9kben n\u00f6veli az \u00e1sv\u00e1nyi anyagokhoz val\u00f3 hozz\u00e1f\u00e9r\u00e9st, amelyekre <strong>szervezet\u00fcnknek sz\u00fcks\u00e9ge van az optim\u00e1lis m\u0171k\u00f6d\u00e9shez<\/strong>. A fulvosav a sejtanyagcsere minden szakasz\u00e1ban jelen van, \u00e9s <strong>seg\u00edt a k\u00e1rosodott sejteknek helyre\u00e1ll\u00edtani az elektrolit-egyens\u00falyt<\/strong>. A fulvosav legfontosabb funkci\u00f3ja, hogy <strong>semleges\u00edti a toxinokat<\/strong> \u00e9s gyullad\u00e1scs\u00f6kkent\u0151 <strong>hat\u00e1s\u00fa<\/strong>.<\/span><\/p>\n<p style=\"text-align: justify\"><span style=\"color: #000000\">A shilajitban is megtal\u00e1lhat\u00f3 <strong>huminsav<\/strong> szint\u00e9n fontos, mivel szint\u00e9n <strong>gyullad\u00e1scs\u00f6kkent\u0151 hat\u00e1s\u00fa \u00e9s er\u0151s\u00edti az immunrendszert<\/strong>.<\/span><\/p>\n<p style=\"text-align: justify\"><span style=\"color: #000000\">A shilajit j\u00f3t\u00e9kony hat\u00e1ssal van test\u00fcnkre \u00e9s eg\u00e9szs\u00e9g\u00fcnkre. Legt\u00f6bben <strong>adaptog\u00e9n tulajdons\u00e1gai miatt haszn\u00e1lj\u00e1k<\/strong>. A shilajit haszn\u00e1lata id\u0151seknek aj\u00e1nlott, akik <strong>\u00e1lland\u00f3an kimer\u00fcltek<\/strong>. <strong>Stresszold\u00f3 hat\u00e1sa van, szab\u00e1lyozza a koleszterint \u00e9s a v\u00e9rcukorszintet<\/strong>. A Shilajit <strong>pozit\u00edv hat\u00e1ssal van a l\u00e9gutakra \u00e9s a h\u00fagyutakra is<\/strong>. <strong>Jav\u00edtja a libid\u00f3t<\/strong> \u00e9s <strong>n\u00f6veli a szexu\u00e1lis energi\u00e1t<\/strong>.<\/span><\/p>\n<p style=\"text-align: justify\"><span style=\"color: #000000\"><em><strong>Pozit\u00edv hat\u00e1sok az eg\u00e9szs\u00e9g\u00fcnkre \u00e9s a test\u00fcnkre:<\/strong><\/em><\/span><\/p>\n<p><span style=\"color: #000000\">\ud83d\udc9a er\u0151s\u00edti<strong> az immunrendszert<\/strong>,<\/span><\/p>\n<p><span style=\"color: #000000\">\ud83d\udc9a megsz\u00fcnteti <strong>a stresszt \u00e9s a szorong\u00e1st<\/strong>,<\/span><\/p>\n<p><span style=\"color: #000000\">\ud83d\udc9a cs\u00f6kkenti <strong> a gyullad\u00e1sos reakci\u00f3kat<\/strong>,<\/span><\/p>\n<p><span style=\"color: #000000\"> \ud83d\udc9a <strong>fiatal\u00edt\u00f3 hat\u00e1s\u00fa<\/strong>,<\/span><\/p>\n<p><span style=\"color: #000000\">\ud83d\udc9a jav\u00edtja <strong>a fizikai teljes\u00edtm\u00e9nyt, az energiaszintet \u00e9s a regener\u00e1ci\u00f3t<\/strong>,<\/span><\/p>\n<p><span style=\"color: #000000\">\ud83d\udc9a jav\u00edtja <strong>a sz\u00edv- \u00e9s \u00e9rrendszer m\u0171k\u00f6d\u00e9s\u00e9t<\/strong>,<\/span><\/p>\n<p><span style=\"color: #000000\">\ud83d\udc9a szab\u00e1lyozza <strong>a v\u00e9rcukorszintet \u00e9s a koleszterint<\/strong>,<\/span><\/p>\n<p><span style=\"color: #000000\">\ud83d\udc9a jav\u00edtja az <strong>em\u00e9szt\u00e9st<\/strong>,<\/span><\/p>\n<p><span style=\"color: #000000\">\ud83d\udc9a enyh\u00edti <strong>a kr\u00f3nikus f\u00e1radts\u00e1g \u00e9s \u00e1lmatlans\u00e1g t\u00fcneteit<\/strong>,<\/span><\/p>\n<p><span style=\"color: #000000\"><strong>\ud83d\udc9a m\u00e9regtelen\u00edti a testet<\/strong>,<\/span><\/p>\n<p><span style=\"color: #000000\">\ud83d\udc9a el\u0151seg\u00edti a <strong>hormon\u00e1lis egyens\u00falyt<\/strong>,<\/span><\/p>\n<p><span style=\"color: #000000\">\ud83d\udc9a jav\u00edtja a <strong>szexualit\u00e1st \u00e9s a libid\u00f3t<\/strong>,<\/span><\/p>\n<p><span style=\"color: #000000\">\ud83d\udc9a n\u00f6veli a <strong>term\u00e9kenys\u00e9get<\/strong>,<\/span><\/p>\n<p><span style=\"color: #000000\">\ud83d\udc9a fenntartja a <strong>menstru\u00e1ci\u00f3s ciklust<\/strong>,<\/span><\/p>\n<p><span style=\"color: #000000\">\ud83d\udc9a cs\u00f6kkenti <strong> a gyullad\u00e1sos reakci\u00f3kat<\/strong>,<\/span><\/p>\n<p><span style=\"color: #000000\">\ud83d\udc9a el\u0151seg\u00edti a fogy\u00e1st \u00e9s a <strong>t\u00falzott zs\u00edrt\u00f6meg elleni k\u00fczdelmet<\/strong>\u2026<\/span><\/p>\n<h2 style=\"text-align: justify\"><span style=\"color: #000000\">T\u00e1rol\u00e1s \u00e9s figyelmeztet\u00e9sek<\/span><\/h2>\n<p style=\"text-align: justify\"><span style=\"color: #000000\">Sz\u00e1raz \u00e9s h\u0171v\u00f6s helyen, legfeljebb 25\u00b0C-on t\u00e1roland\u00f3. Az \u00e9trend-kieg\u00e9sz\u00edt\u0151t tartsa gyermekekt\u0151l t\u00e1vol!<\/span><\/p>\n<p style=\"text-align: justify\"><span style=\"color: #000000\">Ne feledkezz\u00fcnk meg a v\u00e1ltozatos \u00e9trend \u00e9s az eg\u00e9szs\u00e9ges \u00e9letm\u00f3d fontoss\u00e1g\u00e1r\u00f3l, az \u00e9trend-kieg\u00e9sz\u00edt\u0151 ez\u00e9rt nem helyettes\u00edti a kiegyens\u00falyozott \u00e9s v\u00e1ltozatos \u00e9trendet. Az aj\u00e1nlott napi mennyis\u00e9get vagy adagot nem szabad t\u00fall\u00e9pni. Terhes \u00e9s szoptat\u00f3 n\u0151knek nem aj\u00e1nlott a haszn\u00e1lata.<\/span><\/p>\n<p style=\"text-align: justify\"><span style=\"color: #000000\">Cs\u00f6kkentse a shilajit bevitel\u00e9t, ha b\u00e1rmilyen negat\u00edv mell\u00e9khat\u00e1st \u00e9szlel. Igyon t\u00f6bb vizet.<\/span><\/p>\n<p style=\"text-align: justify\"><span style=\"color: #000000\">A shilajit egy \u00e1sv\u00e1nyi anyagokban gazdag vegy\u00fclet, ez\u00e9rt fenn\u00e1ll a test bizonyos \u00e1sv\u00e1nyi anyagokkal t\u00f6rt\u00e9n\u0151 t\u00falterhel\u00e9s\u00e9nek vesz\u00e9lye, mint p\u00e9ld\u00e1ul a vas-t\u00falterhel\u00e9s, k\u00fcl\u00f6n\u00f6sen akkor, ha ugyanazokat az \u00e1sv\u00e1nyi anyagokat tartalmaz\u00f3 \u00e9trend-kieg\u00e9sz\u00edt\u0151ket is szed egyidej\u0171leg. Ez\u00e9rt mindig tan\u00e1csos orvoshoz fordulni tov\u00e1bbi inform\u00e1ci\u00f3k\u00e9rt.<\/span><\/p>\n<h2 style=\"text-align: justify\"><span style=\"color: #000000\">Csomagol\u00e1s<\/span><\/h2>\n<p style=\"text-align: justify\"><span style=\"color: #000000\">L\u00e9gmentesen z\u00e1rhat\u00f3 tasak, amelyben a term\u00e9k meg\u0151rzi minden frissess\u00e9g\u00e9t \u00e9s arom\u00e1j\u00e1t. A csomagol\u00e1s v\u00e9d a f\u00e9nyt\u0151l \u00e9s a leveg\u0151t\u0151l, mivel t\u00f6bb v\u00e9delmi r\u00e9tegb\u0151l \u00e1ll, amelyek meg\u0151rzik a tartalom tulajdons\u00e1gait.<\/span><\/p>\n<p style=\"text-align: justify\"><span style=\"color: #000000\">A csomagol\u00e1s nagyon praktikus \u00e9s \u00fajrahasznos\u00edthat\u00f3.<\/span><\/p>\n<h2 style=\"text-align: justify\"><span style=\"color: #000000\">Sz\u00e1rmaz\u00e1s<\/span><\/h2>\n<p style=\"text-align: justify\"><span style=\"color: #000000\">India<\/span><\/p>\n","protected":false},"excerpt":{"rendered":"<p align=\"JUSTIFY\">A shilajit vagy m\u00e1sn\u00e9ven M\u00famij\u00f3 egy \u00e1sv\u00e1nyi anyagokban gazdag hegyi gyanta. Sok antioxid\u00e1nst, aminosavat, fitokemik\u00e1li\u00e1t \u00e9s t\u00e1panyagot tartalmaz, gombaellenes, v\u00edrusellenes \u00e9s antibakteri\u00e1lis hat\u00e1s\u00fa. A szel\u00e9nnek, a kalciumnak, a k\u00e1liumnak \u00e9s a mang\u00e1nnak is fontos funkci\u00f3ja van, ez ut\u00f3bbi rendk\u00edv\u00fcl fontos az idegrendszer norm\u00e1lis m\u0171k\u00f6d\u00e9s\u00e9hez. A Shilajit huminsavat \u00e9s fulvosavat is tartalmaz.\u00a0A fulvosav\u00a0az egyik\u00a0leger\u0151sebb antioxid\u00e1ns \u00e9s elektrolit a term\u00e9szetben, m\u00edg a huminsav\u00a0gyullad\u00e1scs\u00f6kkent\u0151\u00a0hat\u00e1s\u00fa \u00e9s er\u0151s\u00edti az immunrendszert. Test\u00fcnkre gyakorolt pozit\u00edv hat\u00e1sok:<\/p>\n<p>\ud83d\udc9a er\u0151s\u00edti az <strong>immunrendszert<\/strong>,<br \/>\n\ud83d\udc9a <strong>fiatal\u00edt\u00f3 hat\u00e1s\u00fa<\/strong>,<br \/>\n\ud83d\udc9a n\u00f6veli <strong>a fizikai teljes\u00edtm\u00e9nyt, az energiaszintet \u00e9s a regener\u00e1ci\u00f3t<\/strong>,<br \/>\n\ud83d\udc9a jav\u00edtja <strong>a sz\u00edv \u00e9s az \u00e9rrendszer m\u0171k\u00f6d\u00e9s\u00e9t<\/strong>, szab\u00e1lyozza <strong>a v\u00e9rcukorszintet \u00e9s a koleszterint<\/strong>,<br \/>\n\ud83d\udc9a jav\u00edtja az<strong> em\u00e9szt\u00e9st<\/strong>,<br \/>\n\ud83d\udc9a jav\u00edtja <strong>a szexualit\u00e1st \u00e9s a libid\u00f3t<\/strong>&#8230;<\/p>\n","protected":false},"featured_media":6661,"comment_status":"open","ping_status":"closed","template":"","meta":{"_acf_changed":false},"product_brand":[],"product_cat":[224,194,225,195],"product_tag":[],"class_list":{"0":"post-6660","1":"product","2":"type-product","3":"status-publish","4":"has-post-thumbnail","6":"product_cat-ajanlat","7":"product_cat-ajurveda","8":"product_cat-minden-termek","9":"product_cat-szuperelelmiszer","11":"first","12":"instock","13":"sale","14":"taxable","15":"shipping-taxable","16":"purchasable","17":"product-type-simple"},"acf":[],"_links":{"self":[{"href":"https:\/\/fengchashop.com\/hu\/wp-json\/wp\/v2\/product\/6660","targetHints":{"allow":["GET"]}}],"collection":[{"href":"https:\/\/fengchashop.com\/hu\/wp-json\/wp\/v2\/product"}],"about":[{"href":"https:\/\/fengchashop.com\/hu\/wp-json\/wp\/v2\/types\/product"}],"replies":[{"embeddable":true,"href":"https:\/\/fengchashop.com\/hu\/wp-json\/wp\/v2\/comments?post=6660"}],"wp:featuredmedia":[{"embeddable":true,"href":"https:\/\/fengchashop.com\/hu\/wp-json\/wp\/v2\/media\/6661"}],"wp:attachment":[{"href":"https:\/\/fengchashop.com\/hu\/wp-json\/wp\/v2\/media?parent=6660"}],"wp:term":[{"taxonomy":"product_brand","embeddable":true,"href":"https:\/\/fengchashop.com\/hu\/wp-json\/wp\/v2\/product_brand?post=6660"},{"taxonomy":"product_cat","embeddable":true,"href":"https:\/\/fengchashop.com\/hu\/wp-json\/wp\/v2\/product_cat?post=6660"},{"taxonomy":"product_tag","embeddable":true,"href":"https:\/\/fengchashop.com\/hu\/wp-json\/wp\/v2\/product_tag?post=6660"}],"curies":[{"name":"wp","href":"https:\/\/api.w.org\/{rel}","templated":true}]}}