{"id":6656,"date":"2023-04-05T07:55:40","date_gmt":"2023-04-05T05:55:40","guid":{"rendered":"https:\/\/fengchashop.com\/hu\/product\/magnezium-biszglicinat-kapszulaban-120-kapszula\/"},"modified":"2026-05-12T13:19:11","modified_gmt":"2026-05-12T11:19:11","slug":"magnezium-biszglicinat-kapszulaban","status":"publish","type":"product","link":"https:\/\/fengchashop.com\/hu\/product\/magnezium-biszglicinat-kapszulaban\/","title":{"rendered":"Magn\u00e9zium-biszglicin\u00e1t kapszul\u00e1ban 120 kapszula"},"content":{"rendered":"<h2><span style=\"color: #000000\">Magn\u00e9zium-biszkiglin\u00e1t<\/span><\/h2>\n<p style=\"text-align: justify\"><span style=\"color: #000000\">A magn\u00e9zium egy nagyon fontos\u00a0<strong>\u00e1sv\u00e1nyi anyag<\/strong>, amely t\u00f6bb mint 300 metabolikus reakci\u00f3\u00e9rt felel\u0151s az emberi szervezetben. A szak\u00e9rt\u0151k gyakran az &#8222;\u00e1sv\u00e1nyok kir\u00e1ly\u00e1nak&#8221; nevezik. Nagyon fontos szerepet j\u00e1tszik a csontok, az izmok \u00e9s az idegrendszer megfelel\u0151 m\u0171k\u00f6d\u00e9s\u00e9nek biztos\u00edt\u00e1s\u00e1ban. Gyakran haszn\u00e1lj\u00e1k <strong>g\u00f6rcs\u00f6k (a v\u00e1dliban), f\u00e1radts\u00e1g, kimer\u00fclts\u00e9g megel\u0151z\u00e9s\u00e9re \u00e9s a norm\u00e1lis ment\u00e1lis funkcion\u00e1l\u00e1sra. <\/strong> A modern \u00e9letm\u00f3d \u2013 alv\u00e1shi\u00e1ny, stressz, \u00e9trend \u2013 miatt gyakran folyamodunk magn\u00e9ziumtartalm\u00fa \u00e9trend-kieg\u00e9sz\u00edt\u0151kh\u00f6z. \u00c9s b\u00e1r nagy mennyis\u00e9gben megtal\u00e1lhat\u00f3 a z\u00f6ld z\u00f6lds\u00e9gekben, halakban, napraforg\u00f3- \u00e9s t\u00f6kmagokban, gy\u00fcm\u00f6lcs\u00f6kben \u00e9s di\u00f3f\u00e9l\u00e9kben, egyszer\u0171en t\u00f6bbet haszn\u00e1lunk fel bel\u0151le, mint amennyit elfogyasztunk. A sportol\u00f3k \u00e9s a nagyon akt\u00edv emberek, a terhes n\u0151k \u00e9s az id\u0151sek fokozott magn\u00e9ziumsz\u00fcks\u00e9glettel rendelkeznek. A term\u00e9szetben a magn\u00e9zium mindig m\u00e1s vegy\u00fclethez k\u00f6t\u0151dik, ami specifikus tulajdons\u00e1gokat ad neki, k\u00fcl\u00f6n\u00f6sen a felsz\u00edv\u00f3d\u00e1s \u00e9s a tov\u00e1bbi hat\u00e1sok tekintet\u00e9ben. Ez\u00e9rt fontos, hogy az ig\u00e9nyeinknek megfelel\u0151 magn\u00e9ziumot v\u00e1lasszuk.<\/span><\/p>\n<p style=\"text-align: justify\"><span style=\"color: #000000\">A magn\u00e9zium-biszglicin\u00e1t form\u00e1ban l\u00e9v\u0151 magn\u00e9zium az egyik <b>leg\u00fajabb \u00e9s legjobb<\/b> magn\u00e9ziumforma a piacon. A magn\u00e9ziumnak t\u00f6bb mint egy tucat k\u00fcl\u00f6nb\u00f6z\u0151 form\u00e1j\u00e1t ismerj\u00fck, \u00e9s egyes form\u00e1it nem is javasoljuk (pl. magn\u00e9zium-aszpart\u00e1t \u00e9s magn\u00e9zium-glutam\u00e1t). Nem minden magn\u00e9zium el\u00e9g\u00edti ki sz\u00fcks\u00e9gleteinket. V\u00e1lassza az \u00d6nnek megfelel\u0151, kiv\u00e1l\u00f3 min\u0151s\u00e9g\u0171 magn\u00e9ziumform\u00e1kat.<\/span><\/p>\n<p style=\"text-align: justify\"><span style=\"color: #000000\">A magn\u00e9ziumhi\u00e1ny sz\u00e1mos probl\u00e9m\u00e1val j\u00e1r, mint p\u00e9ld\u00e1ul a migr\u00e9n, a kr\u00f3nikus f\u00e1radts\u00e1g, a magas v\u00e9rnyom\u00e1s, a szorong\u00e1s \u00e9s m\u00e1s ment\u00e1lis zavarok. A magn\u00e9zium k\u00f6zvetve gondoskodik a s\u00e9r\u00fclt sejtek helyre\u00e1ll\u00edt\u00e1s\u00e1r\u00f3l, ami megakad\u00e1lyozza a<strong> sejtk\u00e1rosod\u00e1ssal<\/strong> \u00f6sszef\u00fcgg\u0151 betegs\u00e9gek kialakul\u00e1s\u00e1t \u2013 ilyen p\u00e9ld\u00e1ul a r\u00e1k is. A magn\u00e9ziumhi\u00e1ny ugyanakkor cs\u00f6kkenti a fontos D-vitamin hat\u00e1s\u00e1t.<\/span><\/p>\n<p style=\"text-align: justify\"><span style=\"color: #000000\">Magn\u00e9zium-biszglicin\u00e1tunk pr\u00e9mium min\u0151s\u00e9g\u0171.<\/span><\/p>\n<h2 style=\"text-align: justify\"><span style=\"color: #000000\">Mi\u00e9rt v\u00e1lassza a magn\u00e9zium-biszglicin\u00e1tot?<\/span><\/h2>\n<p style=\"text-align: justify\"><span style=\"color: #000000\">A magn\u00e9zium-biszglicin\u00e1t form\u00e1j\u00e1ban\u00a0<strong>l\u00e9v\u0151 magn\u00e9zium <\/strong>\u00a0<b>gyorsabban<\/b>,<b> k\u00f6nnyebben <\/b>\u00e9s<b> jobban felsz\u00edv\u00f3dik, mint a magn\u00e9zium m\u00e1s form\u00e1i<\/b>. Ez az \u00e9trend-kieg\u00e9sz\u00edt\u0151 magn\u00e9ziumok egyik \u00fajabb form\u00e1ja, amely a legjobb hat\u00e9konys\u00e1gra t\u00f6rekszik mell\u00e9khat\u00e1sok (pl. hashajt\u00f3 hat\u00e1s) n\u00e9lk\u00fcl. Jelenleg a magn\u00e9ziumtartalm\u00fa \u00e9trend-kieg\u00e9sz\u00edt\u0151k legjobbjak\u00e9nt ismert. Ez k\u00fcl\u00f6n\u00f6sen nagy el\u0151ny azok sz\u00e1m\u00e1ra, akiknek az em\u00e9szt\u00e9se \u00e9rz\u00e9keny a magn\u00e9ziumos \u00e9trend-kieg\u00e9sz\u00edt\u0151kre, de a szervezet\u00fcknek sz\u00fcks\u00e9ge van r\u00e1.<\/span><\/p>\n<p style=\"text-align: justify\"><span style=\"color: #000000\">A magn\u00e9zium-biszglicin\u00e1t lehet\u0151v\u00e9 teszi <b>a magn\u00e9zium legjobb hasznos\u00edt\u00e1s\u00e1t<\/b> a szervezetben, mivel ak\u00e1r 80% -ban, vagy m\u00e9g ann\u00e1l is nagyobb ar\u00e1nyban sz\u00edv\u00f3dik fel. Mivel nincs hashajt\u00f3 hat\u00e1sa, ez a magn\u00e9zium v\u00e1ltozat a legalkalmasabb <b>hossz\u00fa t\u00e1v\u00fa haszn\u00e1latra<\/b>. A hashajt\u00f3 hat\u00e1s nem mindig el\u0151ny\u00f6s, mivel elszeg\u00e9ny\u00edtheti m\u00e1s t\u00e1panyagok felsz\u00edv\u00f3d\u00e1s\u00e1t \u00e9s irrit\u00e1lhatja az \u00e9rz\u00e9keny beleket.<\/span><\/p>\n<p style=\"text-align: justify\"><span style=\"color: #000000\">A magn\u00e9zium-biszglicin\u00e1tban val\u00f3j\u00e1ban k\u00e9t glicin\u00e1t aminosav van egy helyett, ami nagyobb v\u00e9delmet jelent a gyomorsav ellen. \u00cdgy eljut a v\u00e9kony b\u00e9lhez, ahol a lehet\u0151 legszervesebb form\u00e1ban sz\u00edv\u00f3dik fel a v\u00e9r\u00e1ramba.<\/span><\/p>\n<h2 style=\"text-align: justify\"><span style=\"color: #000000\">Milyen hat\u00e1ssal van szervezet\u00fcnkre a magn\u00e9ziumfogyaszt\u00e1s?<\/span><\/h2>\n<p style=\"text-align: justify\"><span style=\"color: #000000\">A magn\u00e9zium fogyaszt\u00e1sa a k\u00f6vetkez\u0151 orvosilag is elismert pozit\u00edv tulajdons\u00e1gokat ny\u00fajtja:<\/span><\/p>\n<p><span style=\"color: #000000\">\ud83d\udc9a hozz\u00e1j\u00e1rul a f\u00e1radts\u00e1g \u00e9s a kimer\u00fclts\u00e9g cs\u00f6kkent\u00e9s\u00e9hez,<\/span><br \/>\n<span style=\"color: #000000\">\ud83d\udc9a t\u00e1mogatja az elektrolit-egyens\u00falyt, amelyre k\u00fcl\u00f6n\u00f6sen fizikai megterhel\u00e9skor van sz\u00fcks\u00e9g\u00fcnk,<\/span><br \/>\n<span style=\"color: #000000\">\ud83d\udc9a hozz\u00e1j\u00e1rul\u00a0 az energia felszabadul\u00e1s\u00e1hoz\u00a0 az\u00a0 anyagcsere sor\u00e1n,<\/span><br \/>\n<span style=\"color: #000000\">\ud83d\udc9a j\u00f3t\u00e9kony hat\u00e1ssal van az idegrendszerre,<\/span><br \/>\n<span style=\"color: #000000\">\ud83d\udc9a hozz\u00e1j\u00e1rul a norm\u00e1l izomm\u0171k\u00f6d\u00e9shez, norm\u00e1l pszichol\u00f3giai funkcion\u00e1l\u00e1shoz,<\/span><br \/>\n<span style=\"color: #000000\">\ud83d\udc9a szerepet j\u00e1tszik a\u00a0 feh\u00e9rjeszint\u00e9zisben,<\/span><br \/>\n<span style=\"color: #000000\">\ud83d\udc9a meg\u0151rzi a csontok \u00e9s a fogak eg\u00e9szs\u00e9g\u00e9t.<\/span><br \/>\n<span style=\"color: #000000\">\ud83d\udc9a R\u00e9szt vesz a sejtoszt\u00f3d\u00e1sban.<\/span><\/p>\n<p style=\"text-align: justify\"><span style=\"color: #000000\">Az el\u00e9gedett felhaszn\u00e1l\u00f3k a magn\u00e9zium pr\u00e9mium min\u0151s\u00e9g\u0171 \u00e9trend-kieg\u00e9sz\u00edt\u0151 form\u00e1ban t\u00f6rt\u00e9n\u0151 fogyaszt\u00e1s\u00e1nak egy\u00e9b el\u0151nyeir\u0151l is besz\u00e1molnak.\u00a0\u00a0<\/span><\/p>\n<h2><span style=\"color: #000000\">Csomagol\u00e1s<\/span><\/h2>\n<p><span style=\"color: #000000\">L\u00e9gmentesen z\u00e1rhat\u00f3 tasak, amelyben a term\u00e9k meg\u0151rzi minden frissess\u00e9g\u00e9t \u00e9s arom\u00e1j\u00e1t. A csomagol\u00e1s v\u00e9d a f\u00e9nyt\u0151l \u00e9s a leveg\u0151t\u0151l, mivel t\u00f6bb v\u00e9delmi r\u00e9tegb\u0151l \u00e1ll, amelyek meg\u0151rzik a tartalom tulajdons\u00e1gait.<\/span><\/p>\n<p><span style=\"color: #000000\">A csomagol\u00e1s nagyon praktikus \u00e9s lehet\u0151v\u00e9 teszi az \u00fajrahasznos\u00edt\u00e1st.<\/span><\/p>\n<h2 style=\"text-align: justify\"><span style=\"color: #000000\">T\u00e1rol\u00e1s \u00e9s figyelmeztet\u00e9sek<\/span><\/h2>\n<p style=\"text-align: justify\"><span style=\"color: #000000\">Sz\u00e1raz \u00e9s h\u0171v\u00f6s helyen, legfeljebb 25\u00b0C-on t\u00e1roland\u00f3. Az \u00e9trend-kieg\u00e9sz\u00edt\u0151t tartsa gyermekekt\u0151l t\u00e1vol!<\/span><\/p>\n<p style=\"text-align: justify\"><span style=\"color: #000000\">Besz\u00e9ljen kezel\u0151orvos\u00e1val, ha antibiotikumokat, csontritkul\u00e1s elleni gy\u00f3gyszereket vagy magas v\u00e9rnyom\u00e1s elleni gy\u00f3gyszereket is szed, mivel a magn\u00e9zium befoly\u00e1solhatja azok m\u0171k\u00f6d\u00e9s\u00e9t.<\/span><\/p>\n<p style=\"text-align: justify\"><span style=\"color: #000000\">Ne feledkezz\u00fcnk meg a v\u00e1ltozatos \u00e9trend \u00e9s az eg\u00e9szs\u00e9ges \u00e9letm\u00f3d fontoss\u00e1g\u00e1r\u00f3l, az \u00e9trend-kieg\u00e9sz\u00edt\u0151 ez\u00e9rt nem helyettes\u00edti a kiegyens\u00falyozott \u00e9s v\u00e1ltozatos \u00e9trendet. Az aj\u00e1nlott napi mennyis\u00e9get vagy adagot nem szabad t\u00fall\u00e9pni. Terhes \u00e9s szoptat\u00f3 any\u00e1knak mindig tan\u00e1csos orvoshoz fordulni haszn\u00e1lat el\u0151tt. Gyermekek sz\u00e1m\u00e1ra nem alkalmas.<\/span><\/p>\n","protected":false},"excerpt":{"rendered":"<p>A magn\u00e9zium egy nagyon fontos \u00e1sv\u00e1nyi anyag, amely t\u00f6bb mint 300 anyagcsere-reakci\u00f3\u00e9rt felel\u0151s az emberi szervezetben. A szak\u00e9rt\u0151k gyakran az &#8222;\u00e1sv\u00e1nyok kir\u00e1ly\u00e1nak&#8221; nevezik. Nagyon fontos szerepet j\u00e1tszik a csontok, az izmok \u00e9s az idegrendszer megfelel\u0151 m\u0171k\u00f6d\u00e9s\u00e9nek biztos\u00edt\u00e1s\u00e1ban.<\/p>\n<p>\ud83d\udc9a Hozz\u00e1j\u00e1rul a f\u00e1radts\u00e1g \u00e9s a kimer\u00fclts\u00e9g cs\u00f6kkent\u00e9s\u00e9hez.<br \/>\n\ud83d\udc9a Hozz\u00e1j\u00e1rul az energia felszabadul\u00e1s\u00e1hoz anyagcsere sor\u00e1n.<br \/>\n\ud83d\udc9a J\u00f3t\u00e9kony hat\u00e1ssal van az idegrendszerre.<br \/>\n\ud83d\udc9a Hozz\u00e1j\u00e1rul a norm\u00e1l izomm\u0171k\u00f6d\u00e9shez, a norm\u00e1l pszichol\u00f3giai funkci\u00f3khoz.<br \/>\n\ud83d\udc9a Meg\u0151rzi a csontok \u00e9s a fogak eg\u00e9szs\u00e9g\u00e9t.<\/p>\n","protected":false},"featured_media":6657,"comment_status":"open","ping_status":"closed","template":"","meta":{"_acf_changed":false},"product_brand":[],"product_cat":[224,203,242,225],"product_tag":[],"class_list":{"0":"post-6656","1":"product","2":"type-product","3":"status-publish","4":"has-post-thumbnail","6":"product_cat-ajanlat","7":"product_cat-asvanyi-anyagok-es-vitaminok","8":"product_cat-jo-ajanlatok","9":"product_cat-minden-termek","11":"first","12":"instock","13":"sale","14":"taxable","15":"shipping-taxable","16":"purchasable","17":"product-type-simple"},"acf":[],"_links":{"self":[{"href":"https:\/\/fengchashop.com\/hu\/wp-json\/wp\/v2\/product\/6656","targetHints":{"allow":["GET"]}}],"collection":[{"href":"https:\/\/fengchashop.com\/hu\/wp-json\/wp\/v2\/product"}],"about":[{"href":"https:\/\/fengchashop.com\/hu\/wp-json\/wp\/v2\/types\/product"}],"replies":[{"embeddable":true,"href":"https:\/\/fengchashop.com\/hu\/wp-json\/wp\/v2\/comments?post=6656"}],"wp:featuredmedia":[{"embeddable":true,"href":"https:\/\/fengchashop.com\/hu\/wp-json\/wp\/v2\/media\/6657"}],"wp:attachment":[{"href":"https:\/\/fengchashop.com\/hu\/wp-json\/wp\/v2\/media?parent=6656"}],"wp:term":[{"taxonomy":"product_brand","embeddable":true,"href":"https:\/\/fengchashop.com\/hu\/wp-json\/wp\/v2\/product_brand?post=6656"},{"taxonomy":"product_cat","embeddable":true,"href":"https:\/\/fengchashop.com\/hu\/wp-json\/wp\/v2\/product_cat?post=6656"},{"taxonomy":"product_tag","embeddable":true,"href":"https:\/\/fengchashop.com\/hu\/wp-json\/wp\/v2\/product_tag?post=6656"}],"curies":[{"name":"wp","href":"https:\/\/api.w.org\/{rel}","templated":true}]}}