{"id":6650,"date":"2022-06-15T09:02:24","date_gmt":"2022-06-15T07:02:24","guid":{"rendered":"https:\/\/fengchashop.com\/hu\/product\/vad-yam-por-250-g\/"},"modified":"2026-05-12T07:53:20","modified_gmt":"2026-05-12T05:53:20","slug":"vad-yam-por","status":"publish","type":"product","link":"https:\/\/fengchashop.com\/hu\/product\/vad-yam-por\/","title":{"rendered":"Vad yam por 250 g"},"content":{"rendered":"<h2><span style=\"color: #000000\">Vad yam por <\/span><\/h2>\n<p><span style=\"color: #000000\">A vad yam (Dioscorea polystachya) egy magas k\u00fasz\u00f3n\u00f6v\u00e9ny, amely K\u00f6z\u00e9p-Amerik\u00e1b\u00f3l sz\u00e1rmazik. Gy\u00f6ny\u00f6r\u0171, sz\u00edv alak\u00fa z\u00f6ld levelei vannak, titka a megny\u00falt gy\u00f6k\u00e9rben rejlik, amelynek kifejezetten feh\u00e9r h\u00fas\u00fa r\u00e9sze. N\u00e9ha mexik\u00f3i vad yamnak vagy dioscore\u00e1nak is nevezik.<\/span><\/p>\n<p><span style=\"color: #000000\">Bizony\u00edtottan szab\u00e1lyozza a progeszteron \u00e9s az \u00f6sztrog\u00e9n hormon\u00e1lis egyens\u00falyhi\u00e1ny\u00e1t f\u00e9rfiakban \u00e9s n\u0151kben. Ennek k\u00f6sz\u00f6nhet\u0151en m\u00e1jprobl\u00e9m\u00e1k, menstru\u00e1ci\u00f3s f\u00e1jdalmak, anyagcsere- \u00e9s pajzsmirigy probl\u00e9m\u00e1k, koleszterin \u00e9s v\u00e9rcukorszint eset\u00e9n is seg\u00edthet.<\/span><\/p>\n<p><span style=\"color: #000000\">A vad jam egy \u00f6sztrog\u00e9nszer\u0171 anyagot (fito\u00f6sztrog\u00e9nt) tartalmaz, az \u00fagynevezett diosgenint. Ez egy teljesen term\u00e9szetes \u00f6sszetev\u0151, amely helyettes\u00edtheti a hormon hi\u00e1ny\u00e1t a szervezetben. A progeszteron hi\u00e1ny leggyakrabban 30 \u00e9ves kor ut\u00e1n jelentkezik ill k\u00e9s\u0151bb a menopauz\u00e1ban, \u00e9s a korai menopauza oka is lehet.<\/span><\/p>\n<p><span style=\"color: #000000\">A diosgenin k\u00e9miailag nagyon hasonl\u00f3 a koleszterinhez, a progeszteronhoz \u00e9s a DHEA hormonhoz. A szervezetben a progeszteron hormon tev\u00e9kenys\u00e9g\u00e9t ut\u00e1nozza, \u00e9s pozit\u00edv hat\u00e1ssal van a hormonh\u00e1ztart\u00e1sra.<\/span><\/p>\n<p><span style=\"color: #000000\">Haz\u00e1nkban \u00e9vek \u00f3ta n\u00e9pszer\u0171 a vad jam tabletta \u00e9s kr\u00e9m form\u00e1j\u00e1ban. Rendszeres gyakorlat a herbalizmusban, hiszen a hormonh\u00e1ztart\u00e1sra gyakorolt \u200b\u200bpozit\u00edv hat\u00e1sa tudom\u00e1nyosan is igazolt.<\/span><\/p>\n<h2><span style=\"color: #000000\">Kinek aj\u00e1nljuk elvinni<\/span><\/h2>\n<p><span style=\"color: #000000\">Manaps\u00e1g a vad yamot leggyakrabban mindenf\u00e9le gyullad\u00e1sra, izomg\u00f6rcsre, ingerl\u00e9kenys\u00e9gre \u00e9s energiahi\u00e1nyra haszn\u00e1lj\u00e1k. A n\u0151k leggyakrabban f\u00e1jdalmas menstru\u00e1ci\u00f3s \u00e9s PMS-probl\u00e9m\u00e1k eset\u00e9n veszik ig\u00e9nybe, valamint gyakori probl\u00e9m\u00e1k eset\u00e9n, amelyek az \u00e1tmenet \u00e9s a menopauza sor\u00e1n jelentkeznek.<\/span><\/p>\n<p><span style=\"color: #000000\">R\u00e9gebben em\u00e9szt\u00e9si zavarok kezel\u00e9s\u00e9re is haszn\u00e1lt\u00e1k. Ezek k\u00f6z\u00e9 tartozik az epeh\u00f3lyag-gyullad\u00e1s \u00e9s az irrit\u00e1bilis b\u00e9l szindr\u00f3ma. Seg\u00edtenie kell a h\u00fagy\u00fati probl\u00e9m\u00e1k eset\u00e9n is.<\/span><\/p>\n<h2><span style=\"color: #000000\">Milyen el\u0151ny\u00f6kkel j\u00e1r a szed\u00e9se<\/span><\/h2>\n<p><span style=\"color: #000000\">A vad yam a fentieken k\u00edv\u00fcl m\u00e9g:<\/span><\/p>\n<p><span style=\"color: #000000\">\ud83d\udc9a N\u00e9pszer\u0171 t\u00e1pl\u00e1l\u00e9k-kieg\u00e9sz\u00edt\u0151 a menopauz\u00e1ban l\u00e9v\u0151 n\u0151k sz\u00e1m\u00e1ra (h\u0151hull\u00e1mok, f\u00e1radts\u00e1g, szorong\u00e1s), valamint olyan n\u0151k sz\u00e1m\u00e1ra, akiknek PMS-probl\u00e9m\u00e1kkal k\u00fczdenek (irrit\u00e1ci\u00f3 \u00e9s s\u00falyos f\u00e1jdalom).<\/span><br \/>\n<span style=\"color: #000000\">\ud83d\udc9a Enyh\u00edti az er\u0151s v\u00e9rz\u00e9st a menstru\u00e1ci\u00f3s ciklus alatt.<\/span><br \/>\n<span style=\"color: #000000\">\ud83d\udc9a Gyakran haszn\u00e1lj\u00e1k autoimmun betegs\u00e9gek kezel\u00e9s\u00e9re is.<\/span><br \/>\n<span style=\"color: #000000\">\ud83d\udc9a A hormon\u00e1lis egyens\u00falyhi\u00e1ny k\u00f6vetkezm\u00e9nyek\u00e9nt a b\u0151r- \u00e9s hajsz\u00e1razs\u00e1g, a t\u00f6r\u00e9keny k\u00f6rm\u00f6k \u00e9s a narancsb\u0151r is megnyilv\u00e1nul, f\u0151leg a n\u0151k szedik m\u00e9g ezekkel a probl\u00e9m\u00e1kkal is.<\/span><br \/>\n<span style=\"color: #000000\">\ud83d\udc9a A vad yam hormonszer\u0171 anyagokat tartalmaz, amelyek progeszteronk\u00e9nt hatnak a szervezetben; 30 \u00e9ves kora ut\u00e1n minden n\u0151n\u00e9l drasztikusan cs\u00f6kkenni kezd. Kezdenek megjelenni a progeszteronhi\u00e1ny t\u00fcnetei, p\u00e9ld\u00e1ul cs\u00f6kkent libid\u00f3, s\u00falygyarapod\u00e1s \u00e9s pszich\u00e9s probl\u00e9m\u00e1k, bele\u00e9rtve a depresszi\u00f3t is.<\/span><br \/>\n<span style=\"color: #000000\">\ud83d\udc9a J\u00f3t\u00e9kony hat\u00e1ssal van gyullad\u00e1sokra, \u00edz\u00fcleti gyullad\u00e1sokra \u00e9s egy\u00e9b reum\u00e1s betegs\u00e9gekre, allergi\u00e1kra.<\/span><\/p>\n<h2><span style=\"color: #000000\">T\u00e1rol\u00e1s \u00e9s figyelmeztet\u00e9sek<\/span><\/h2>\n<p><span style=\"color: #000000\">H\u0171v\u00f6s, sz\u00e1raz helyen t\u00e1roland\u00f3. Gyermekek el\u0151l elz\u00e1rva tartand\u00f3 \u00e9trend-kieg\u00e9sz\u00edt\u0151!<\/span><\/p>\n<p style=\"text-align: justify\"><span style=\"color: #000000\">Ne feledje a v\u00e1ltozatos \u00e9trend \u00e9s az eg\u00e9szs\u00e9ges \u00e9letm\u00f3d fontoss\u00e1g\u00e1t, az \u00e9trend-kieg\u00e9sz\u00edt\u0151 nem helyettes\u00edti a kiegyens\u00falyozott \u00e9s v\u00e1ltozatos \u00e9trendet. Az aj\u00e1nlott napi mennyis\u00e9get vagy adagot nem szabad t\u00fall\u00e9pni. A vad jam nem alkalmas terhes n\u0151k, szoptat\u00f3 any\u00e1k \u00e9s gyermekek sz\u00e1m\u00e1ra. Azt sem tan\u00e1csoljuk, hogy olyan n\u0151k haszn\u00e1lj\u00e1k, akik hormon\u00e1lis betegs\u00e9gben szenvednek, p\u00e9ld\u00e1ul endometri\u00f3zisban, petef\u00e9szek-, eml\u0151-, m\u00e9hr\u00e1kban stb. Szint\u00e9n nem aj\u00e1nlott prosztatar\u00e1kos f\u00e9rfiaknak.<\/span><\/p>\n<h2><span style=\"color: #000000\">Csomagol\u00e1s<\/span><\/h2>\n<p><span style=\"color: #000000\">L\u00e9gmentesen z\u00e1rhat\u00f3 tasak, amelyben a term\u00e9k meg\u0151rzi minden frissess\u00e9g\u00e9t \u00e9s arom\u00e1j\u00e1t. A csomagol\u00e1s v\u00e9d a f\u00e9nyt\u0151l \u00e9s a leveg\u0151t\u0151l, mivel t\u00f6bb v\u00e9d\u0151r\u00e9tegb\u0151l \u00e1ll, amelyek meg\u0151rzik a tartalom tulajdons\u00e1gait.<\/span><\/p>\n<p><span style=\"color: #000000\">A csomagol\u00e1s nagyon praktikus \u00e9s \u00fajrahasznos\u00edthat\u00f3.<\/span><\/p>\n<h2><span style=\"color: #000000\">Sz\u00e1rmaz\u00e1si orsz\u00e1g<\/span><\/h2>\n<p><span style=\"color: #000000\">K\u00edna. Nagyon megb\u00edzhat\u00f3 besz\u00e1ll\u00edt\u00f3ink vannak, akik minden t\u00e9telhez r\u00e9szletes k\u00e9miai elemz\u00e9st k\u00fcldenek az \u00e9lelmiszerekr\u0151l. T\u00f6bb mint t\u00edz \u00e9v alatt nem kaptunk semmilyen reklam\u00e1ci\u00f3t vagy panaszt sem ezzel, sem az ugyanazon besz\u00e1ll\u00edt\u00f3t\u00f3l sz\u00e1rmaz\u00f3 egy\u00e9b term\u00e9kekkel kapcsolatban.<\/span><\/p>\n","protected":false},"excerpt":{"rendered":"<p>Bizony\u00edtottan szab\u00e1lyozza a progeszteron \u00e9s az \u00f6sztrog\u00e9n hormon\u00e1lis egyens\u00falyhi\u00e1ny\u00e1t f\u00e9rfiakban \u00e9s n\u0151kben. Ennek k\u00f6sz\u00f6nhet\u0151en m\u00e1jprobl\u00e9m\u00e1k, menstru\u00e1ci\u00f3s f\u00e1jdalmak, anyagcsere- \u00e9s pajzsmirigy probl\u00e9m\u00e1k, koleszterin \u00e9s v\u00e9rcukorszint eset\u00e9n is seg\u00edthet. A vad jam egy \u00f6sztrog\u00e9nszer\u0171 anyagot (fito\u00f6sztrog\u00e9nt) tartalmaz, az \u00fagynevezett diosgenint. Ez egy teljesen term\u00e9szetes \u00f6sszetev\u0151, amely helyettes\u00edtheti a hormon hi\u00e1ny\u00e1t a szervezetben. A progeszteron hi\u00e1ny leggyakrabban 30 \u00e9ves kor ut\u00e1n jelentkezik ill k\u00e9s\u0151bb a menopauz\u00e1ban, \u00e9s a korai menopauza oka is lehet.<\/p>\n<p>\ud83d\udc9a Gyullad\u00e1scs\u00f6kkent\u0151 hat\u00e1sa van.<br \/>\n\ud83d\udc9a Menopauz\u00e1ban l\u00e9v\u0151 n\u0151knek \u00e9s PMS-probl\u00e9m\u00e1kkal k\u00fczd\u0151 n\u0151knek.<br \/>\n\ud83d\udc9a Enyh\u00edti a menstru\u00e1ci\u00f3s probl\u00e9m\u00e1kat.<\/p>\n","protected":false},"featured_media":6651,"comment_status":"open","ping_status":"closed","template":"","meta":{"_acf_changed":false},"product_brand":[],"product_cat":[224,225,205],"product_tag":[],"class_list":{"0":"post-6650","1":"product","2":"type-product","3":"status-publish","4":"has-post-thumbnail","6":"product_cat-ajanlat","7":"product_cat-minden-termek","8":"product_cat-tea-es-etelek-es-fuszerek","10":"first","11":"instock","12":"taxable","13":"shipping-taxable","14":"purchasable","15":"product-type-simple"},"acf":[],"_links":{"self":[{"href":"https:\/\/fengchashop.com\/hu\/wp-json\/wp\/v2\/product\/6650","targetHints":{"allow":["GET"]}}],"collection":[{"href":"https:\/\/fengchashop.com\/hu\/wp-json\/wp\/v2\/product"}],"about":[{"href":"https:\/\/fengchashop.com\/hu\/wp-json\/wp\/v2\/types\/product"}],"replies":[{"embeddable":true,"href":"https:\/\/fengchashop.com\/hu\/wp-json\/wp\/v2\/comments?post=6650"}],"wp:featuredmedia":[{"embeddable":true,"href":"https:\/\/fengchashop.com\/hu\/wp-json\/wp\/v2\/media\/6651"}],"wp:attachment":[{"href":"https:\/\/fengchashop.com\/hu\/wp-json\/wp\/v2\/media?parent=6650"}],"wp:term":[{"taxonomy":"product_brand","embeddable":true,"href":"https:\/\/fengchashop.com\/hu\/wp-json\/wp\/v2\/product_brand?post=6650"},{"taxonomy":"product_cat","embeddable":true,"href":"https:\/\/fengchashop.com\/hu\/wp-json\/wp\/v2\/product_cat?post=6650"},{"taxonomy":"product_tag","embeddable":true,"href":"https:\/\/fengchashop.com\/hu\/wp-json\/wp\/v2\/product_tag?post=6650"}],"curies":[{"name":"wp","href":"https:\/\/api.w.org\/{rel}","templated":true}]}}