{"id":6618,"date":"2022-02-06T20:15:00","date_gmt":"2022-02-06T19:15:00","guid":{"rendered":"https:\/\/fengchashop.com\/hu\/product\/bach-cseppek\/"},"modified":"2026-01-21T18:17:06","modified_gmt":"2026-01-21T17:17:06","slug":"bach-cseppek","status":"publish","type":"product","link":"https:\/\/fengchashop.com\/hu\/product\/bach-cseppek\/","title":{"rendered":"Bach cseppek"},"content":{"rendered":"<h2><span style=\"color: #000000;\">Bach-cseppek \u2013 k\u00e9sz\u00edtsd el saj\u00e1t magad<\/span><\/h2>\n<p><span style=\"color: #000000;\">\u00c1t akarod venni az <strong>ir\u00e1ny\u00edt\u00e1st \u00e9rzelmeid felett, harm\u00f3ni\u00e1ra \u00e9s bels\u0151 b\u00e9k\u00e9re lelni<\/strong>?<\/span><\/p>\n<p><span style=\"color: #000000;\">Dr. Edvard Bach 38 vir\u00e1gesszenci\u00e1t fedezett fel, amelyek k\u00fcl\u00f6nf\u00e9le \u00e9rzelmi \u00e1llapotokra hatnak. A Bach-cseppek hat\u00e9konyan hatnak az egy\u00e9n k\u00fcl\u00f6nf\u00e9le \u00e9rzelmi neh\u00e9zs\u00e9gei ellen. A cseppeknek nincs mell\u00e9khat\u00e1suk, \u00e9s k\u00f6nnyen haszn\u00e1lhat\u00f3k. Seg\u00edtenek k\u00fcl\u00f6nf\u00e9le kr\u00edzisekben \u00e9s neh\u00e9z \u00e9lethelyzetekben. Seg\u00edtenek megnyugodni is meg\u0151rizni a nyugalmat. Hatnak \u00e9rzelmi \u00e1llapotunkra \u00e9s seg\u00edtenek annak harmoniz\u00e1l\u00e1s\u00e1ban.<\/span><\/p>\n<p><span style=\"color: #000000;\">\ud83d\udc9a Minden ember (terhes n\u0151k, id\u0151sek, gyerekek&#8230;) \u00e9s \u00e1llat sz\u00e1m\u00e1ra alkalmasak.<\/span><\/p>\n<p><span style=\"color: #000000;\">\ud83d\udc9a Nincsenek mell\u00e9khat\u00e1saik, nem okoznak f\u00fcgg\u0151s\u00e9get \u00e9s nem lehet t\u00faladagolni.<\/span><\/p>\n<p><span style=\"color: #000000;\">\ud83d\udc9a M\u00e1r n\u00e9h\u00e1ny nap vagy h\u00e9t ut\u00e1n \u00e9szre lehet venni az els\u0151 eredm\u00e9nyeket, ez egy\u00e9nt\u0151l f\u00fcgg.<\/span><\/p>\n<p><span style=\"color: #000000;\">\ud83d\udc9a Nincs hat\u00e1ssal m\u00e1s gy\u00f3gyszerekre.<\/span><\/p>\n<p><span style=\"color: #000000;\">\ud83d\udc9a A cseppeket k\u00e9zzel, a sz\u00e1ll\u00edt\u00e1s napj\u00e1n a helysz\u00ednen csomagoljuk.<\/span><\/p>\n<p><span style=\"color: #000000;\">A Bach-cseppek seg\u00edts\u00e9g\u00e9vel \u00fajb\u00f3l uralkodunk \u00e9rzelmeink felett, megtal\u00e1ljuk a harm\u00f3ni\u00e1t \u00e9s a bels\u0151 b\u00e9k\u00e9t. A Bach cseppek kever\u00e9keit Dr. Bach m\u00f3dszere szerint k\u00e9sz\u00edtj\u00fck <strong>eredeti Bach-esszenci\u00e1kkal<\/strong>.<\/span><\/p>\n<p>Ha nem tudod, melyik esszenci\u00e1k illenek hozz\u00e1d, v\u00e1laszd a <a href=\"https:\/\/hu.fengchashop.com\/product\/bach-cseppek-tanacsadas\/\">Bach konzult\u00e1ci\u00f3s<\/a> szolg\u00e1ltat\u00e1s\u00e1t.<\/p>\n<h2><span style=\"color: #000000;\">A cseppek kiv\u00e1laszt\u00e1sa<\/span><\/h2>\n<p>Kiv\u00e1laszthatja saj\u00e1t Bach-vir\u00e1gkever\u00e9k\u00e9t aktu\u00e1lis \u00e9rzelmi \u00e1llapota alapj\u00e1n. V\u00e1lasszon ki legfeljebb <strong data-start=\"2873\" data-end=\"2899\">7 k\u00fcl\u00f6nb\u00f6z\u0151 esszenci\u00e1t<\/strong> az al\u00e1bbi list\u00e1b\u00f3l. K\u00e9rj\u00fck, sorolja fel \u0151ket a <strong data-start=\"2949\" data-end=\"2973\">megjegyz\u00e9sek mez\u0151ben<\/strong> a rendel\u00e9s lead\u00e1sakor. A rendel\u00e9s be\u00e9rkez\u00e9se ut\u00e1n elk\u00e9sz\u00edtj\u00fck szem\u00e9lyre szabott kever\u00e9k\u00e9t.<\/p>\n<h2><span style=\"color: #000000;\">Mennyis\u00e9g<\/span><\/h2>\n<p><span style=\"color: #000000;\">30 ml (egy h\u00f3napig elegend\u0151).<\/span><\/p>\n<h2><span style=\"color: #000000;\">Bach-vir\u00e1gesszenci\u00e1k list\u00e1ja<\/span><\/h2>\n<p><span style=\"color: #000000;\"><strong>AGRIMONY (FEH\u00c9R RETEK):<\/strong> fesz\u00fclts\u00e9g \u00e9s nyugtalans\u00e1g a testben, hamis mosoly, maszk, nem mutatja ki \u00e9rzelmeit, f\u00fcgg\u0151s\u00e9g<\/span><\/p>\n<p><span style=\"color: #000000;\"><strong>ASPEN (NY\u00c1RFA)<\/strong>: ismeretlen f\u00e9lelmek, rossz el\u0151\u00e9rzetek, r\u00e9m\u00e1lmok, f\u00e9l\u00e9nks\u00e9g, szorong\u00e1s \u00e9s fesz\u00fclts\u00e9g<\/span><\/p>\n<p><span style=\"color: #000000;\"><strong>BEECH (B\u00dcKKFA):<\/strong> t\u00falzott kritika, t\u00fcrelmetlens\u00e9g, arrogancia, el\u0151\u00edt\u00e9let<\/span><\/p>\n<p><span style=\"color: #000000;\"><strong>CENTAURY (EZERJ\u00d3F\u0170):<\/strong> t\u00fal alkalmazkod\u00f3, nem tud nemet mondani, nem tud hat\u00e1rokat szabni \u00e9s nem tud ki\u00e1llni \u00f6nmag\u00e1\u00e9rt<\/span><\/p>\n<p><span style=\"color: #000000;\"><strong>CERATO (SZENTJ\u00c1NOSKENY\u00c9R):<\/strong> hat\u00e1rozatlans\u00e1g a saj\u00e1t v\u00e9lem\u00e9ny\u00e9be vetett bizalom hi\u00e1nya miatt, folyamatosan m\u00e1sokt\u00f3l k\u00e9r tan\u00e1csot<\/span><\/p>\n<p><span style=\"color: #000000;\"><strong>CHERRY PLUM (CSERESZNYESZILVA):<\/strong> f\u00e9lelem a kontroll elvesz\u00edt\u00e9s\u00e9t\u0151l \u00e9s att\u00f3l, hogy \u00e1rtunk magunknak vagy m\u00e1soknak, bels\u0151 fesz\u00fclts\u00e9g, d\u00fchkit\u00f6r\u00e9sek<\/span><\/p>\n<p><span style=\"color: #000000;\"><strong>CHESTNUT BUD (GESTENYE BIMB\u00d3):<\/strong> ugyanazon hib\u00e1k \u00e9s rossz szok\u00e1sok ism\u00e9tl\u00e9se, \u00e9rdekl\u0151d\u00e9s hi\u00e1nya <\/span><\/p>\n<p><span style=\"color: #000000;\"><strong>CHICORY (CIK\u00d3RIA):<\/strong> manipul\u00e1ci\u00f3, zsarol\u00e1s, birtokl\u00e1si k\u00e9nyszer, heves f\u00e9lt\u00e9kenys\u00e9g<\/span><\/p>\n<p><span style=\"color: #000000;\"><strong>CLEMATIS (KLEM\u00c1TISZ):<\/strong> \u00e1lmodoz\u00e1s, zavarts\u00e1g, figyelmetlens\u00e9g, ment\u00e1lis figyelemzavar, koncentr\u00e1l\u00e1si neh\u00e9zs\u00e9g <\/span><\/p>\n<p><span style=\"color: #000000;\"><strong>CRAB APPLE (VADALMA):<\/strong> sz\u00e9gyen, koszoss\u00e1g \u00e9rz\u00e9se, perfekcionizmus, k\u00e9nyszeres tisztas\u00e1gig\u00e9ny<\/span><\/p>\n<p><span style=\"color: #000000;\"><strong>ELM (SZIL):<\/strong> hirtelen energiacs\u00f6kken\u00e9s amikor m\u00e1soknak dolgozol, stressz, t\u00falterhel\u00e9s<\/span><\/p>\n<p><span style=\"color: #000000;\"><strong>GENTIAN (T\u00c1RNICS):<\/strong> pesszimizmus, ismert eredet\u0171 szomor\u00fas\u00e1g, enyhe depresszi\u00f3<\/span><\/p>\n<p><span style=\"color: #000000;\"><strong>GORSE (S\u00dcNZAN\u00d3T):<\/strong> k\u00e9ts\u00e9gbees\u00e9s, m\u00e1r semminek nincs \u00e9rtelme<\/span><\/p>\n<p><span style=\"color: #000000;\"><strong>HEATHER (HANGA):<\/strong> mindig mag\u00e1r\u00f3l \u00e9s probl\u00e9m\u00e1ir\u00f3l besz\u00e9l, monol\u00f3gok, \u00f6nsajn\u00e1ltat\u00e1s, a figyelem k\u00f6z\u00e9ppontj\u00e1ban akar lenni<\/span><\/p>\n<p><span style=\"color: #000000;\"><strong>HOLLY (MAGYAL):<\/strong> f\u00e9lt\u00e9kenys\u00e9g, akt\u00edv harag, kifel\u00e9 mutat\u00f3 harag, bizalmatlans\u00e1g, gy\u0171l\u00f6let<\/span><\/p>\n<p><span style=\"color: #000000;\"><strong>HONEYSUCKLE (LONC):<\/strong> a m\u00faltban \u00e9l, szomor\u00fas\u00e1g, nosztalgia, melank\u00f3lia<\/span><\/p>\n<p><span style=\"color: #000000;\"><strong>HORNBEAM (GYERTY\u00c1N):<\/strong> szellemi \u00e9s ment\u00e1lis kimer\u00fclts\u00e9g, ment\u00e1lis f\u00e1radts\u00e1g, energiahi\u00e1ny, reggeli f\u00e1radts\u00e1g, unalom \u00e9s rutin<\/span><\/p>\n<p><span style=\"color: #000000;\"><strong>IMPATIENS (NEB\u00c1NCSVIR\u00c1G):<\/strong> t\u00fcrelmetlens\u00e9g, impulzivit\u00e1s, fesz\u00fclts\u00e9g, ingerl\u00e9kenys\u00e9g, intolerancia<\/span><\/p>\n<p><span style=\"color: #000000;\"><strong>LARCH (V\u00d6R\u00d6SFENY\u0150):<\/strong> \u00f6nbizalomhi\u00e1ny, kisebbrend\u0171s\u00e9g \u00e9rz\u00e9se, nyom\u00e1s alatti felad\u00e1s, vizsg\u00e1k \u00e9s fell\u00e9p\u00e9sek el\u0151tti idegess\u00e9g<\/span><\/p>\n<p><span style=\"color: #000000;\"><strong>MIMULUS (BOH\u00d3CVIR\u00c1G):<\/strong> ismert f\u00e9lelmekre, ijedts\u00e9gre, f\u00e9l\u00e9nks\u00e9gre, t\u00fal\u00e9rz\u00e9kenys\u00e9gre<\/span><\/p>\n<p><span style=\"color: #000000;\"><strong>MUSTARD (MUST\u00c1R):<\/strong> ismeretlen ok\u00fa depresszi\u00f3, visszat\u00e9r\u0151, ok n\u00e9lk\u00fcli szomor\u00fas\u00e1g id\u0151szakai<\/span><\/p>\n<p><span style=\"color: #000000;\"><strong>OAK (T\u00d6LGY):<\/strong> soha nem \u00e1ll le, nem tud pihenni, ki\u00e9g\u00e9s, mag\u00e1ra veszi m\u00e1sok terheit, \u00f6nfel\u00e1ldoz\u00e1s<\/span><\/p>\n<p><span style=\"color: #000000;\"><strong>OLIVE (OLAJFA)<\/strong> szellemi \u00e9s fizikai kimer\u00fclts\u00e9g, f\u00e1radts\u00e1g, t\u00falterhel\u00e9s, gyenges\u00e9g <\/span><\/p>\n<p><span style=\"color: #000000;\"><strong>PINE (FENY\u0150):<\/strong> b\u0171ntudat, mindig bocs\u00e1natot k\u00e9r \u00e9s t\u00fal gyakran k\u00f6sz\u00f6ni meg a dolgokat, t\u00falzott \u00f6nkritika<\/span><\/p>\n<p><span style=\"color: #000000;\"><strong>RED CHESTNUT (V\u00d6R\u00d6S GESZTENYE):<\/strong> szerettei ir\u00e1nti aggodalom, t\u00falzott k\u00f6t\u0151d\u00e9s k\u00f6zeli emberekhez<\/span><\/p>\n<p><span style=\"color: #000000;\"><strong>ROCKROSE (SZUHAR):<\/strong> p\u00e1nik, r\u00e9m\u00fclet, rendk\u00edv\u00fcli f\u00e9lelem<\/span><\/p>\n<p><span style=\"color: #000000;\"><strong>ROCK WATER (FORR\u00c1SV\u00cdZ):<\/strong> fesz\u00fclts\u00e9g, merevs\u00e9g, perfekcionizmus<\/span><\/p>\n<p><span style=\"color: #000000;\"><strong>SCLERANTHUS (EGYNY\u00c1RI SZIK\u00c1RKA):<\/strong> hat\u00e1rozatlans\u00e1g, instabilit\u00e1s, ment\u00e1lis megosztotts\u00e1g k\u00e9t lehet\u0151s\u00e9g k\u00f6z\u00f6tt, \u00e1lland\u00f3 v\u00e9lem\u00e9ny- \u00e9s hangulatv\u00e1lt\u00e1s<\/span><\/p>\n<p><span style=\"color: #000000;\"><strong>STAR OF BETHLEHEM (BETHLEHEM CSILLAGA):<\/strong> fizikai \u00e9s lelki megr\u00e1zk\u00f3dtat\u00e1sok, sokkok, m\u00faltbeli \u00e9s jelenlegi traum\u00e1k, seg\u00edt talpra \u00e1llni minden megpr\u00f3b\u00e1ltat\u00e1s ut\u00e1n<\/span><\/p>\n<p><span style=\"color: #000000;\"><strong>SWEET CHESTNUT (SZEL\u00cdDGESZTENYE):<\/strong> s\u00falyos megpr\u00f3b\u00e1ltat\u00e1s eset\u00e9n, amelyen nem tudjuk t\u00fal tenni magunkat, gy\u00e1sz<\/span><\/p>\n<p><span style=\"color: #000000;\"><strong>VERVAIN (VASF\u0170):<\/strong> t\u00falzott lelkesed\u00e9s, fanatizmus, meggy\u0151z m\u00e1sokat arr\u00f3l, hogy az \u0151 \u00f6tletei a legjobbak<\/span><\/p>\n<p><span style=\"color: #000000;\"><strong>VINE (SZ\u0150L\u0150T\u0150KE):<\/strong> vezet\u00e9si k\u00e9nyszer, parancsol\u00e1s, zsarnoks\u00e1g, tekint\u00e9ly megk\u00f6vetel\u00e9se, szigor\u00fas\u00e1g<\/span><\/p>\n<p><span style=\"color: #000000;\"><strong>WALNUT (DI\u00d3):<\/strong> az \u00e9let \u00faj szakaszaihoz (v\u00e1l\u00e1s, k\u00f6lt\u00f6z\u00e9s, nyugd\u00edjba vonul\u00e1s, puberta, \u00e9letk\u00f6z\u00e9pi v\u00e1ls\u00e1g, menopauza&#8230;), a jobb alv\u00e1s\u00e9rt, seg\u00edt megtal\u00e1lni a saj\u00e1t bioritmust<\/span><\/p>\n<p><span style=\"color: #000000;\"><strong>WATER VIOLET (B\u00c9KALILIOM):<\/strong> \u00f6nel\u00e9g\u00fclt embereknek, akik szeretnek egyed\u00fcl lenni<\/span><\/p>\n<p><span style=\"color: #000000;\"><strong>WHITE CHESTNUT (FEH\u00c9R VADGESZTENYE):<\/strong> gondolatok, amelyekt\u0151l nem tudunk megszabadulni, koncentr\u00e1ci\u00f3s probl\u00e9m\u00e1k \u00e9s \u00e1lmatlans\u00e1g<\/span><\/p>\n<p><span style=\"color: #000000;\"><strong>WILD OAT (ROZSNOK):<\/strong> nem tal\u00e1lja \u00e9lete \u00e9rtelm\u00e9t, c\u00e9ltalans\u00e1g<\/span><\/p>\n<p><span style=\"color: #000000;\"><strong>WILD ROSE (VADR\u00d3ZSA):<\/strong> sorsba vetett hit, k\u00f6z\u00f6mb\u00f6ss\u00e9g, ap\u00e1tia (\u00e9rdekl\u0151d\u00e9s, t\u00f6r\u0151d\u00e9s hi\u00e1nya)<\/span><\/p>\n<p><span style=\"color: #000000;\"><strong>WILLOW (F\u0170ZFA):<\/strong> elfojtott harag, \u00e1ldozat szerepe, mindig m\u00e1sokat hib\u00e1ztat, nem v\u00e1llal felel\u0151ss\u00e9get tettei\u00e9rt, keser\u0171s\u00e9g, s\u00e9rt\u0151d\u00e9s, el\u00e9gedetlens\u00e9g<\/span><\/p>\n","protected":false},"excerpt":{"rendered":"<p>A Bach-cseppek k\u00fcl\u00f6nf\u00e9le kr\u00edzisekben \u00e9s neh\u00e9z \u00e9lethelyzetekben. Seg\u00edtenek megnyugodni is meg\u0151rizni a nyugalmat. Hatnak \u00e9rzelmi \u00e1llapotunkra \u00e9s seg\u00edtenek annak harmoniz\u00e1l\u00e1s\u00e1ban.<\/p>\n<p><span style=\"color: #000000;\">\ud83d\udc9a A cseppeket k\u00e9zzel, a sz\u00e1ll\u00edt\u00e1s napj\u00e1n a helysz\u00ednen csomagoljuk.<\/span><br \/>\n<span style=\"color: #000000;\">\ud83d\udc9a Minden ember (terhes n\u0151k, id\u0151sek, gyerekek&#8230;) \u00e9s \u00e1llat sz\u00e1m\u00e1ra alkalmasak.<\/span><br \/>\n<span style=\"color: #000000;\">\ud83d\udc9a Nincsenek mell\u00e9khat\u00e1saik, nem okoznak f\u00fcgg\u0151s\u00e9get \u00e9s nem lehet t\u00faladagolni.<\/span><br \/>\n<span style=\"color: #000000;\">\ud83d\udc9a M\u00e1r n\u00e9h\u00e1ny nap vagy h\u00e9t ut\u00e1n \u00e9szre lehet venni az els\u0151 eredm\u00e9nyeket, ez egy\u00e9nt\u0151l f\u00fcgg.<\/span><br \/>\n<span style=\"color: #000000;\">\ud83d\udc9a Nincs hat\u00e1ssal m\u00e1s gy\u00f3gyszerekre.<\/span><\/p>\n","protected":false},"featured_media":6619,"comment_status":"open","ping_status":"closed","template":"","meta":{"_acf_changed":false},"product_brand":[],"product_cat":[224,241,225],"product_tag":[],"class_list":{"0":"post-6618","1":"product","2":"type-product","3":"status-publish","4":"has-post-thumbnail","6":"product_cat-ajanlat","7":"product_cat-bach-cseppek","8":"product_cat-minden-termek","10":"first","11":"instock","12":"taxable","13":"shipping-taxable","14":"purchasable","15":"product-type-simple"},"acf":[],"_links":{"self":[{"href":"https:\/\/fengchashop.com\/hu\/wp-json\/wp\/v2\/product\/6618","targetHints":{"allow":["GET"]}}],"collection":[{"href":"https:\/\/fengchashop.com\/hu\/wp-json\/wp\/v2\/product"}],"about":[{"href":"https:\/\/fengchashop.com\/hu\/wp-json\/wp\/v2\/types\/product"}],"replies":[{"embeddable":true,"href":"https:\/\/fengchashop.com\/hu\/wp-json\/wp\/v2\/comments?post=6618"}],"wp:featuredmedia":[{"embeddable":true,"href":"https:\/\/fengchashop.com\/hu\/wp-json\/wp\/v2\/media\/6619"}],"wp:attachment":[{"href":"https:\/\/fengchashop.com\/hu\/wp-json\/wp\/v2\/media?parent=6618"}],"wp:term":[{"taxonomy":"product_brand","embeddable":true,"href":"https:\/\/fengchashop.com\/hu\/wp-json\/wp\/v2\/product_brand?post=6618"},{"taxonomy":"product_cat","embeddable":true,"href":"https:\/\/fengchashop.com\/hu\/wp-json\/wp\/v2\/product_cat?post=6618"},{"taxonomy":"product_tag","embeddable":true,"href":"https:\/\/fengchashop.com\/hu\/wp-json\/wp\/v2\/product_tag?post=6618"}],"curies":[{"name":"wp","href":"https:\/\/api.w.org\/{rel}","templated":true}]}}